{"id":112,"date":"2024-05-07T13:11:55","date_gmt":"2024-05-07T11:11:55","guid":{"rendered":"https:\/\/www.rockarena.sk\/?post_type=product&#038;p=112"},"modified":"2024-05-07T13:14:17","modified_gmt":"2024-05-07T11:14:17","slug":"yes-close-to-the-edge-na-samem-kraji-utesu","status":"publish","type":"product","link":"https:\/\/www.rockarena.sk\/?product=yes-close-to-the-edge-na-samem-kraji-utesu","title":{"rendered":"Yes \u2013 Close To The Edge (Na sam\u00e9m kraji \u00fatesu)"},"content":{"rendered":"<h3><strong>Info<\/strong><\/h3>\n<p><strong>\u017d\u00e1ner:<\/strong> <a href=\"https:\/\/www.mediamarkett.sk\/product-tag\/rock\/\">Rock<\/a><\/p>\n<p><strong>Rok vydania:<\/strong> 1972<\/p>\n<p><strong>Vydavate\u013e:<\/strong> Atlantic Records\/Supraphon<\/p>\n<h3><strong>Stav<\/strong><\/h3>\n<p><strong>Obal:<\/strong> Very good<\/p>\n<p><strong>Doska:<\/strong> Excellent<\/p>\n<h3>Track List<\/h3>\n<p>&nbsp;<\/p>\n<table class=\"tracklist\">\n<tbody>\n<tr>\n<td>A1<\/td>\n<td>Close To The Edge<\/td>\n<\/tr>\n<tr>\n<td>1.<\/td>\n<td>The Solid Time Of Change<\/td>\n<\/tr>\n<tr>\n<td>2.<\/td>\n<td>Total Mass Retain<\/td>\n<\/tr>\n<tr>\n<td>3.<\/td>\n<td>I Get Up I Get Down<\/td>\n<\/tr>\n<tr>\n<td>4.<\/td>\n<td>Seasons Of Man<\/td>\n<\/tr>\n<tr>\n<td>B1<\/td>\n<td>And You And I<\/td>\n<\/tr>\n<tr>\n<td>1.<\/td>\n<td>Cord Of Life<\/td>\n<\/tr>\n<tr>\n<td>2.<\/td>\n<td>Eclipse<\/td>\n<\/tr>\n<tr>\n<td>3.<\/td>\n<td>The Preacher The Teacher<\/td>\n<\/tr>\n<tr>\n<td>4.<\/td>\n<td>The Apocalypse<\/td>\n<\/tr>\n<tr>\n<td>B2<\/td>\n<td>Siberian Khatru<\/td>\n<\/tr>\n<\/tbody>\n<\/table>\n","protected":false},"excerpt":{"rendered":"<p>Info \u017d\u00e1ner: Rock Rok vydania: 1972 Vydavate\u013e: Atlantic Records\/Supraphon Stav Obal: Very good Doska: Excellent Track List &nbsp; A1 Close To The Edge 1. The Solid Time Of Change 2. Total Mass Retain 3. I Get Up I Get Down 4. Seasons Of Man B1 And You And I 1. Cord Of Life 2. Eclipse [&hellip;]<\/p>\n","protected":false},"featured_media":250,"comment_status":"open","ping_status":"closed","template":"","meta":[],"product_brand":[],"product_cat":[20],"product_tag":[32,53],"class_list":{"0":"post-112","1":"product","2":"type-product","3":"status-publish","4":"has-post-thumbnail","6":"product_cat-platne-bazar","7":"product_tag-rock","8":"product_tag-yes","9":"product_shipping_class-platne","11":"first","12":"instock","13":"sale","14":"sold-individually","15":"shipping-taxable","16":"purchasable","17":"product-type-simple"},"yoast_head":"<!-- This site is optimized with the Yoast SEO plugin v26.9 - https:\/\/yoast.com\/product\/yoast-seo-wordpress\/ -->\n<title>Yes \u2013 Close To The Edge (Na sam\u00e9m kraji \u00fatesu) - RockArena - Fan web<\/title>\n<meta name=\"robots\" content=\"index, follow, max-snippet:-1, max-image-preview:large, max-video-preview:-1\" \/>\n<link rel=\"canonical\" href=\"https:\/\/www.rockarena.sk\/?product=yes-close-to-the-edge-na-samem-kraji-utesu\" \/>\n<meta property=\"og:locale\" content=\"sk_SK\" \/>\n<meta property=\"og:type\" content=\"article\" \/>\n<meta property=\"og:title\" content=\"Yes \u2013 Close To The Edge (Na sam\u00e9m kraji \u00fatesu) - RockArena - Fan web\" \/>\n<meta property=\"og:description\" content=\"Info \u017d\u00e1ner: Rock Rok vydania: 1972 Vydavate\u013e: Atlantic Records\/Supraphon Stav Obal: Very good Doska: Excellent Track List &nbsp; A1 Close To The Edge 1. The Solid Time Of Change 2. Total Mass Retain 3. I Get Up I Get Down 4. Seasons Of Man B1 And You And I 1. Cord Of Life 2. Eclipse [&hellip;]\" \/>\n<meta property=\"og:url\" content=\"https:\/\/www.rockarena.sk\/?product=yes-close-to-the-edge-na-samem-kraji-utesu\" \/>\n<meta property=\"og:site_name\" content=\"RockArena - Fan web\" \/>\n<meta property=\"article:modified_time\" content=\"2024-05-07T11:14:17+00:00\" \/>\n<meta name=\"twitter:card\" content=\"summary_large_image\" \/>\n<script type=\"application\/ld+json\" class=\"yoast-schema-graph\">{\"@context\":\"https:\/\/schema.org\",\"@graph\":[{\"@type\":\"WebPage\",\"@id\":\"https:\/\/www.rockarena.sk\/?product=yes-close-to-the-edge-na-samem-kraji-utesu\",\"url\":\"https:\/\/www.rockarena.sk\/?product=yes-close-to-the-edge-na-samem-kraji-utesu\",\"name\":\"Yes \u2013 Close To The Edge (Na sam\u00e9m kraji \u00fatesu) - RockArena - Fan web\",\"isPartOf\":{\"@id\":\"https:\/\/www.rockarena.sk\/#website\"},\"primaryImageOfPage\":{\"@id\":\"https:\/\/www.rockarena.sk\/?product=yes-close-to-the-edge-na-samem-kraji-utesu#primaryimage\"},\"image\":{\"@id\":\"https:\/\/www.rockarena.sk\/?product=yes-close-to-the-edge-na-samem-kraji-utesu#primaryimage\"},\"thumbnailUrl\":\"https:\/\/www.rockarena.sk\/wp-content\/uploads\/2024\/05\/Yes-\u2013-Close-To-The-Edge-Na-samem-kraji-utesu-obal-pred.jpeg\",\"datePublished\":\"2024-05-07T11:11:55+00:00\",\"dateModified\":\"2024-05-07T11:14:17+00:00\",\"breadcrumb\":{\"@id\":\"https:\/\/www.rockarena.sk\/?product=yes-close-to-the-edge-na-samem-kraji-utesu#breadcrumb\"},\"inLanguage\":\"sk-SK\",\"potentialAction\":[{\"@type\":\"ReadAction\",\"target\":[\"https:\/\/www.rockarena.sk\/?product=yes-close-to-the-edge-na-samem-kraji-utesu\"]}]},{\"@type\":\"ImageObject\",\"inLanguage\":\"sk-SK\",\"@id\":\"https:\/\/www.rockarena.sk\/?product=yes-close-to-the-edge-na-samem-kraji-utesu#primaryimage\",\"url\":\"https:\/\/www.rockarena.sk\/wp-content\/uploads\/2024\/05\/Yes-\u2013-Close-To-The-Edge-Na-samem-kraji-utesu-obal-pred.jpeg\",\"contentUrl\":\"https:\/\/www.rockarena.sk\/wp-content\/uploads\/2024\/05\/Yes-\u2013-Close-To-The-Edge-Na-samem-kraji-utesu-obal-pred.jpeg\",\"width\":734,\"height\":736},{\"@type\":\"BreadcrumbList\",\"@id\":\"https:\/\/www.rockarena.sk\/?product=yes-close-to-the-edge-na-samem-kraji-utesu#breadcrumb\",\"itemListElement\":[{\"@type\":\"ListItem\",\"position\":1,\"name\":\"Domovsk\u00e1 str\u00e1nka\",\"item\":\"https:\/\/www.rockarena.sk\/\"},{\"@type\":\"ListItem\",\"position\":2,\"name\":\"Obchod\",\"item\":\"https:\/\/www.rockarena.sk\/\"},{\"@type\":\"ListItem\",\"position\":3,\"name\":\"Yes \u2013 Close To The Edge (Na sam\u00e9m kraji \u00fatesu)\"}]},{\"@type\":\"WebSite\",\"@id\":\"https:\/\/www.rockarena.sk\/#website\",\"url\":\"https:\/\/www.rockarena.sk\/\",\"name\":\"RockArena - Fan web\",\"description\":\"Online baz\u00e1r LP platn\u00ed a hifi techniky\",\"publisher\":{\"@id\":\"https:\/\/www.rockarena.sk\/#organization\"},\"potentialAction\":[{\"@type\":\"SearchAction\",\"target\":{\"@type\":\"EntryPoint\",\"urlTemplate\":\"https:\/\/www.rockarena.sk\/?s={search_term_string}\"},\"query-input\":{\"@type\":\"PropertyValueSpecification\",\"valueRequired\":true,\"valueName\":\"search_term_string\"}}],\"inLanguage\":\"sk-SK\"},{\"@type\":\"Organization\",\"@id\":\"https:\/\/www.rockarena.sk\/#organization\",\"name\":\"RockArena - Fan web\",\"url\":\"https:\/\/www.rockarena.sk\/\",\"logo\":{\"@type\":\"ImageObject\",\"inLanguage\":\"sk-SK\",\"@id\":\"https:\/\/www.rockarena.sk\/#\/schema\/logo\/image\/\",\"url\":\"https:\/\/www.rockarena.sk\/wp-content\/uploads\/2024\/09\/cropped-rockarena-logo.png\",\"contentUrl\":\"https:\/\/www.rockarena.sk\/wp-content\/uploads\/2024\/09\/cropped-rockarena-logo.png\",\"width\":500,\"height\":500,\"caption\":\"RockArena - Fan web\"},\"image\":{\"@id\":\"https:\/\/www.rockarena.sk\/#\/schema\/logo\/image\/\"}}]}<\/script>\n<!-- \/ Yoast SEO plugin. -->","yoast_head_json":{"title":"Yes \u2013 Close To The Edge (Na sam\u00e9m kraji \u00fatesu) - RockArena - Fan web","robots":{"index":"index","follow":"follow","max-snippet":"max-snippet:-1","max-image-preview":"max-image-preview:large","max-video-preview":"max-video-preview:-1"},"canonical":"https:\/\/www.rockarena.sk\/?product=yes-close-to-the-edge-na-samem-kraji-utesu","og_locale":"sk_SK","og_type":"article","og_title":"Yes \u2013 Close To The Edge (Na sam\u00e9m kraji \u00fatesu) - RockArena - Fan web","og_description":"Info \u017d\u00e1ner: Rock Rok vydania: 1972 Vydavate\u013e: Atlantic Records\/Supraphon Stav Obal: Very good Doska: Excellent Track List &nbsp; A1 Close To The Edge 1. The Solid Time Of Change 2. Total Mass Retain 3. I Get Up I Get Down 4. Seasons Of Man B1 And You And I 1. Cord Of Life 2. Eclipse [&hellip;]","og_url":"https:\/\/www.rockarena.sk\/?product=yes-close-to-the-edge-na-samem-kraji-utesu","og_site_name":"RockArena - Fan web","article_modified_time":"2024-05-07T11:14:17+00:00","twitter_card":"summary_large_image","schema":{"@context":"https:\/\/schema.org","@graph":[{"@type":"WebPage","@id":"https:\/\/www.rockarena.sk\/?product=yes-close-to-the-edge-na-samem-kraji-utesu","url":"https:\/\/www.rockarena.sk\/?product=yes-close-to-the-edge-na-samem-kraji-utesu","name":"Yes \u2013 Close To The Edge (Na sam\u00e9m kraji \u00fatesu) - RockArena - Fan web","isPartOf":{"@id":"https:\/\/www.rockarena.sk\/#website"},"primaryImageOfPage":{"@id":"https:\/\/www.rockarena.sk\/?product=yes-close-to-the-edge-na-samem-kraji-utesu#primaryimage"},"image":{"@id":"https:\/\/www.rockarena.sk\/?product=yes-close-to-the-edge-na-samem-kraji-utesu#primaryimage"},"thumbnailUrl":"https:\/\/www.rockarena.sk\/wp-content\/uploads\/2024\/05\/Yes-\u2013-Close-To-The-Edge-Na-samem-kraji-utesu-obal-pred.jpeg","datePublished":"2024-05-07T11:11:55+00:00","dateModified":"2024-05-07T11:14:17+00:00","breadcrumb":{"@id":"https:\/\/www.rockarena.sk\/?product=yes-close-to-the-edge-na-samem-kraji-utesu#breadcrumb"},"inLanguage":"sk-SK","potentialAction":[{"@type":"ReadAction","target":["https:\/\/www.rockarena.sk\/?product=yes-close-to-the-edge-na-samem-kraji-utesu"]}]},{"@type":"ImageObject","inLanguage":"sk-SK","@id":"https:\/\/www.rockarena.sk\/?product=yes-close-to-the-edge-na-samem-kraji-utesu#primaryimage","url":"https:\/\/www.rockarena.sk\/wp-content\/uploads\/2024\/05\/Yes-\u2013-Close-To-The-Edge-Na-samem-kraji-utesu-obal-pred.jpeg","contentUrl":"https:\/\/www.rockarena.sk\/wp-content\/uploads\/2024\/05\/Yes-\u2013-Close-To-The-Edge-Na-samem-kraji-utesu-obal-pred.jpeg","width":734,"height":736},{"@type":"BreadcrumbList","@id":"https:\/\/www.rockarena.sk\/?product=yes-close-to-the-edge-na-samem-kraji-utesu#breadcrumb","itemListElement":[{"@type":"ListItem","position":1,"name":"Domovsk\u00e1 str\u00e1nka","item":"https:\/\/www.rockarena.sk\/"},{"@type":"ListItem","position":2,"name":"Obchod","item":"https:\/\/www.rockarena.sk\/"},{"@type":"ListItem","position":3,"name":"Yes \u2013 Close To The Edge (Na sam\u00e9m kraji \u00fatesu)"}]},{"@type":"WebSite","@id":"https:\/\/www.rockarena.sk\/#website","url":"https:\/\/www.rockarena.sk\/","name":"RockArena - Fan web","description":"Online baz\u00e1r LP platn\u00ed a hifi techniky","publisher":{"@id":"https:\/\/www.rockarena.sk\/#organization"},"potentialAction":[{"@type":"SearchAction","target":{"@type":"EntryPoint","urlTemplate":"https:\/\/www.rockarena.sk\/?s={search_term_string}"},"query-input":{"@type":"PropertyValueSpecification","valueRequired":true,"valueName":"search_term_string"}}],"inLanguage":"sk-SK"},{"@type":"Organization","@id":"https:\/\/www.rockarena.sk\/#organization","name":"RockArena - Fan web","url":"https:\/\/www.rockarena.sk\/","logo":{"@type":"ImageObject","inLanguage":"sk-SK","@id":"https:\/\/www.rockarena.sk\/#\/schema\/logo\/image\/","url":"https:\/\/www.rockarena.sk\/wp-content\/uploads\/2024\/09\/cropped-rockarena-logo.png","contentUrl":"https:\/\/www.rockarena.sk\/wp-content\/uploads\/2024\/09\/cropped-rockarena-logo.png","width":500,"height":500,"caption":"RockArena - Fan web"},"image":{"@id":"https:\/\/www.rockarena.sk\/#\/schema\/logo\/image\/"}}]}},"_links":{"self":[{"href":"https:\/\/www.rockarena.sk\/index.php?rest_route=\/wp\/v2\/product\/112","targetHints":{"allow":["GET"]}}],"collection":[{"href":"https:\/\/www.rockarena.sk\/index.php?rest_route=\/wp\/v2\/product"}],"about":[{"href":"https:\/\/www.rockarena.sk\/index.php?rest_route=\/wp\/v2\/types\/product"}],"replies":[{"embeddable":true,"href":"https:\/\/www.rockarena.sk\/index.php?rest_route=%2Fwp%2Fv2%2Fcomments&post=112"}],"wp:featuredmedia":[{"embeddable":true,"href":"https:\/\/www.rockarena.sk\/index.php?rest_route=\/wp\/v2\/media\/250"}],"wp:attachment":[{"href":"https:\/\/www.rockarena.sk\/index.php?rest_route=%2Fwp%2Fv2%2Fmedia&parent=112"}],"wp:term":[{"taxonomy":"product_brand","embeddable":true,"href":"https:\/\/www.rockarena.sk\/index.php?rest_route=%2Fwp%2Fv2%2Fproduct_brand&post=112"},{"taxonomy":"product_cat","embeddable":true,"href":"https:\/\/www.rockarena.sk\/index.php?rest_route=%2Fwp%2Fv2%2Fproduct_cat&post=112"},{"taxonomy":"product_tag","embeddable":true,"href":"https:\/\/www.rockarena.sk\/index.php?rest_route=%2Fwp%2Fv2%2Fproduct_tag&post=112"}],"curies":[{"name":"wp","href":"https:\/\/api.w.org\/{rel}","templated":true}]}}