{"id":115,"date":"2024-05-07T13:11:55","date_gmt":"2024-05-07T11:11:55","guid":{"rendered":"https:\/\/www.rockarena.sk\/?post_type=product&#038;p=115"},"modified":"2026-03-28T23:28:32","modified_gmt":"2026-03-28T22:28:32","slug":"bob-dylan-hard-rain","status":"publish","type":"product","link":"https:\/\/www.rockarena.sk\/?product=bob-dylan-hard-rain","title":{"rendered":"Bob Dylan \u2013 Hard Rain"},"content":{"rendered":"<h3><strong>Info<\/strong><\/h3>\n<p><strong>\u017d\u00e1ner:<\/strong> <a href=\"https:\/\/www.mediamarkett.sk\/product-tag\/folk\/\">Folk<\/a><\/p>\n<p><strong>Rok vydania:<\/strong> 1976<\/p>\n<p><strong>Vydavate\u013e:<\/strong> Columbia Records\/CBS<\/p>\n<h3><strong>Stav<\/strong><\/h3>\n<p><strong>Obal:<\/strong> Excellent<\/p>\n<p><strong>Doska:<\/strong> Near mint<\/p>\n<h3>Track List<\/h3>\n<table class=\"tracklist\">\n<tbody>\n<tr>\n<td>A1<\/td>\n<td>Maggie&#8217;s Farm<\/td>\n<\/tr>\n<tr>\n<td>A2<\/td>\n<td>One Too Many Mornings<\/td>\n<\/tr>\n<tr>\n<td>A3<\/td>\n<td>Stuck Inside Of Mobile With The Memphis Blues Again<\/td>\n<\/tr>\n<tr>\n<td>A4<\/td>\n<td>Oh, Sister<\/td>\n<\/tr>\n<tr>\n<td>A5<\/td>\n<td>Lay, Lady, Lay<\/td>\n<\/tr>\n<tr>\n<td>B1<\/td>\n<td>Shelter From The Storm<\/td>\n<\/tr>\n<tr>\n<td>B2<\/td>\n<td>You&#8217;re A Big Girl Now<\/td>\n<\/tr>\n<tr>\n<td>B3<\/td>\n<td>I Threw It All Away<\/td>\n<\/tr>\n<tr>\n<td>B4<\/td>\n<td>Idiot Wind<\/td>\n<\/tr>\n<\/tbody>\n<\/table>\n","protected":false},"excerpt":{"rendered":"<p>Info \u017d\u00e1ner: Folk Rok vydania: 1976 Vydavate\u013e: Columbia Records\/CBS Stav Obal: Excellent Doska: Near mint Track List A1 Maggie&#8217;s Farm A2 One Too Many Mornings A3 Stuck Inside Of Mobile With The Memphis Blues Again A4 Oh, Sister A5 Lay, Lady, Lay B1 Shelter From The Storm B2 You&#8217;re A Big Girl Now B3 I [&hellip;]<\/p>\n","protected":false},"featured_media":269,"comment_status":"open","ping_status":"closed","template":"","meta":[],"product_brand":[],"product_cat":[20],"product_tag":[56,23],"class_list":{"0":"post-115","1":"product","2":"type-product","3":"status-publish","4":"has-post-thumbnail","6":"product_cat-platne-bazar","7":"product_tag-bob-dylan","8":"product_tag-folk","9":"product_shipping_class-platne","11":"first","12":"instock","13":"sale","14":"sold-individually","15":"shipping-taxable","16":"purchasable","17":"product-type-simple"},"yoast_head":"<!-- This site is optimized with the Yoast SEO plugin v26.9 - https:\/\/yoast.com\/product\/yoast-seo-wordpress\/ -->\n<title>Bob Dylan \u2013 Hard Rain - RockArena - Fan web<\/title>\n<meta name=\"robots\" content=\"index, follow, max-snippet:-1, max-image-preview:large, max-video-preview:-1\" \/>\n<link rel=\"canonical\" href=\"https:\/\/www.rockarena.sk\/?product=bob-dylan-hard-rain\" \/>\n<meta property=\"og:locale\" content=\"sk_SK\" \/>\n<meta property=\"og:type\" content=\"article\" \/>\n<meta property=\"og:title\" content=\"Bob Dylan \u2013 Hard Rain - RockArena - Fan web\" \/>\n<meta property=\"og:description\" content=\"Info \u017d\u00e1ner: Folk Rok vydania: 1976 Vydavate\u013e: Columbia Records\/CBS Stav Obal: Excellent Doska: Near mint Track List A1 Maggie&#8217;s Farm A2 One Too Many Mornings A3 Stuck Inside Of Mobile With The Memphis Blues Again A4 Oh, Sister A5 Lay, Lady, Lay B1 Shelter From The Storm B2 You&#8217;re A Big Girl Now B3 I [&hellip;]\" \/>\n<meta property=\"og:url\" content=\"https:\/\/www.rockarena.sk\/?product=bob-dylan-hard-rain\" \/>\n<meta property=\"og:site_name\" content=\"RockArena - Fan web\" \/>\n<meta property=\"article:modified_time\" content=\"2026-03-28T22:28:32+00:00\" \/>\n<meta name=\"twitter:card\" content=\"summary_large_image\" \/>\n<script type=\"application\/ld+json\" class=\"yoast-schema-graph\">{\"@context\":\"https:\/\/schema.org\",\"@graph\":[{\"@type\":\"WebPage\",\"@id\":\"https:\/\/www.rockarena.sk\/?product=bob-dylan-hard-rain\",\"url\":\"https:\/\/www.rockarena.sk\/?product=bob-dylan-hard-rain\",\"name\":\"Bob Dylan \u2013 Hard Rain - RockArena - Fan web\",\"isPartOf\":{\"@id\":\"https:\/\/www.rockarena.sk\/#website\"},\"primaryImageOfPage\":{\"@id\":\"https:\/\/www.rockarena.sk\/?product=bob-dylan-hard-rain#primaryimage\"},\"image\":{\"@id\":\"https:\/\/www.rockarena.sk\/?product=bob-dylan-hard-rain#primaryimage\"},\"thumbnailUrl\":\"https:\/\/www.rockarena.sk\/wp-content\/uploads\/2024\/05\/Bob-Dylan-\u2013-Hard-Rain-obal-pred.jpeg\",\"datePublished\":\"2024-05-07T11:11:55+00:00\",\"dateModified\":\"2026-03-28T22:28:32+00:00\",\"breadcrumb\":{\"@id\":\"https:\/\/www.rockarena.sk\/?product=bob-dylan-hard-rain#breadcrumb\"},\"inLanguage\":\"sk-SK\",\"potentialAction\":[{\"@type\":\"ReadAction\",\"target\":[\"https:\/\/www.rockarena.sk\/?product=bob-dylan-hard-rain\"]}]},{\"@type\":\"ImageObject\",\"inLanguage\":\"sk-SK\",\"@id\":\"https:\/\/www.rockarena.sk\/?product=bob-dylan-hard-rain#primaryimage\",\"url\":\"https:\/\/www.rockarena.sk\/wp-content\/uploads\/2024\/05\/Bob-Dylan-\u2013-Hard-Rain-obal-pred.jpeg\",\"contentUrl\":\"https:\/\/www.rockarena.sk\/wp-content\/uploads\/2024\/05\/Bob-Dylan-\u2013-Hard-Rain-obal-pred.jpeg\",\"width\":706,\"height\":702},{\"@type\":\"BreadcrumbList\",\"@id\":\"https:\/\/www.rockarena.sk\/?product=bob-dylan-hard-rain#breadcrumb\",\"itemListElement\":[{\"@type\":\"ListItem\",\"position\":1,\"name\":\"Domovsk\u00e1 str\u00e1nka\",\"item\":\"https:\/\/www.rockarena.sk\/\"},{\"@type\":\"ListItem\",\"position\":2,\"name\":\"Obchod\",\"item\":\"https:\/\/www.rockarena.sk\/\"},{\"@type\":\"ListItem\",\"position\":3,\"name\":\"Bob Dylan \u2013 Hard Rain\"}]},{\"@type\":\"WebSite\",\"@id\":\"https:\/\/www.rockarena.sk\/#website\",\"url\":\"https:\/\/www.rockarena.sk\/\",\"name\":\"RockArena - Fan web\",\"description\":\"Online baz\u00e1r LP platn\u00ed a hifi techniky\",\"publisher\":{\"@id\":\"https:\/\/www.rockarena.sk\/#organization\"},\"potentialAction\":[{\"@type\":\"SearchAction\",\"target\":{\"@type\":\"EntryPoint\",\"urlTemplate\":\"https:\/\/www.rockarena.sk\/?s={search_term_string}\"},\"query-input\":{\"@type\":\"PropertyValueSpecification\",\"valueRequired\":true,\"valueName\":\"search_term_string\"}}],\"inLanguage\":\"sk-SK\"},{\"@type\":\"Organization\",\"@id\":\"https:\/\/www.rockarena.sk\/#organization\",\"name\":\"RockArena - Fan web\",\"url\":\"https:\/\/www.rockarena.sk\/\",\"logo\":{\"@type\":\"ImageObject\",\"inLanguage\":\"sk-SK\",\"@id\":\"https:\/\/www.rockarena.sk\/#\/schema\/logo\/image\/\",\"url\":\"https:\/\/www.rockarena.sk\/wp-content\/uploads\/2024\/09\/cropped-rockarena-logo.png\",\"contentUrl\":\"https:\/\/www.rockarena.sk\/wp-content\/uploads\/2024\/09\/cropped-rockarena-logo.png\",\"width\":500,\"height\":500,\"caption\":\"RockArena - Fan web\"},\"image\":{\"@id\":\"https:\/\/www.rockarena.sk\/#\/schema\/logo\/image\/\"}}]}<\/script>\n<!-- \/ Yoast SEO plugin. -->","yoast_head_json":{"title":"Bob Dylan \u2013 Hard Rain - RockArena - Fan web","robots":{"index":"index","follow":"follow","max-snippet":"max-snippet:-1","max-image-preview":"max-image-preview:large","max-video-preview":"max-video-preview:-1"},"canonical":"https:\/\/www.rockarena.sk\/?product=bob-dylan-hard-rain","og_locale":"sk_SK","og_type":"article","og_title":"Bob Dylan \u2013 Hard Rain - RockArena - Fan web","og_description":"Info \u017d\u00e1ner: Folk Rok vydania: 1976 Vydavate\u013e: Columbia Records\/CBS Stav Obal: Excellent Doska: Near mint Track List A1 Maggie&#8217;s Farm A2 One Too Many Mornings A3 Stuck Inside Of Mobile With The Memphis Blues Again A4 Oh, Sister A5 Lay, Lady, Lay B1 Shelter From The Storm B2 You&#8217;re A Big Girl Now B3 I [&hellip;]","og_url":"https:\/\/www.rockarena.sk\/?product=bob-dylan-hard-rain","og_site_name":"RockArena - Fan web","article_modified_time":"2026-03-28T22:28:32+00:00","twitter_card":"summary_large_image","schema":{"@context":"https:\/\/schema.org","@graph":[{"@type":"WebPage","@id":"https:\/\/www.rockarena.sk\/?product=bob-dylan-hard-rain","url":"https:\/\/www.rockarena.sk\/?product=bob-dylan-hard-rain","name":"Bob Dylan \u2013 Hard Rain - RockArena - Fan web","isPartOf":{"@id":"https:\/\/www.rockarena.sk\/#website"},"primaryImageOfPage":{"@id":"https:\/\/www.rockarena.sk\/?product=bob-dylan-hard-rain#primaryimage"},"image":{"@id":"https:\/\/www.rockarena.sk\/?product=bob-dylan-hard-rain#primaryimage"},"thumbnailUrl":"https:\/\/www.rockarena.sk\/wp-content\/uploads\/2024\/05\/Bob-Dylan-\u2013-Hard-Rain-obal-pred.jpeg","datePublished":"2024-05-07T11:11:55+00:00","dateModified":"2026-03-28T22:28:32+00:00","breadcrumb":{"@id":"https:\/\/www.rockarena.sk\/?product=bob-dylan-hard-rain#breadcrumb"},"inLanguage":"sk-SK","potentialAction":[{"@type":"ReadAction","target":["https:\/\/www.rockarena.sk\/?product=bob-dylan-hard-rain"]}]},{"@type":"ImageObject","inLanguage":"sk-SK","@id":"https:\/\/www.rockarena.sk\/?product=bob-dylan-hard-rain#primaryimage","url":"https:\/\/www.rockarena.sk\/wp-content\/uploads\/2024\/05\/Bob-Dylan-\u2013-Hard-Rain-obal-pred.jpeg","contentUrl":"https:\/\/www.rockarena.sk\/wp-content\/uploads\/2024\/05\/Bob-Dylan-\u2013-Hard-Rain-obal-pred.jpeg","width":706,"height":702},{"@type":"BreadcrumbList","@id":"https:\/\/www.rockarena.sk\/?product=bob-dylan-hard-rain#breadcrumb","itemListElement":[{"@type":"ListItem","position":1,"name":"Domovsk\u00e1 str\u00e1nka","item":"https:\/\/www.rockarena.sk\/"},{"@type":"ListItem","position":2,"name":"Obchod","item":"https:\/\/www.rockarena.sk\/"},{"@type":"ListItem","position":3,"name":"Bob Dylan \u2013 Hard Rain"}]},{"@type":"WebSite","@id":"https:\/\/www.rockarena.sk\/#website","url":"https:\/\/www.rockarena.sk\/","name":"RockArena - Fan web","description":"Online baz\u00e1r LP platn\u00ed a hifi techniky","publisher":{"@id":"https:\/\/www.rockarena.sk\/#organization"},"potentialAction":[{"@type":"SearchAction","target":{"@type":"EntryPoint","urlTemplate":"https:\/\/www.rockarena.sk\/?s={search_term_string}"},"query-input":{"@type":"PropertyValueSpecification","valueRequired":true,"valueName":"search_term_string"}}],"inLanguage":"sk-SK"},{"@type":"Organization","@id":"https:\/\/www.rockarena.sk\/#organization","name":"RockArena - Fan web","url":"https:\/\/www.rockarena.sk\/","logo":{"@type":"ImageObject","inLanguage":"sk-SK","@id":"https:\/\/www.rockarena.sk\/#\/schema\/logo\/image\/","url":"https:\/\/www.rockarena.sk\/wp-content\/uploads\/2024\/09\/cropped-rockarena-logo.png","contentUrl":"https:\/\/www.rockarena.sk\/wp-content\/uploads\/2024\/09\/cropped-rockarena-logo.png","width":500,"height":500,"caption":"RockArena - Fan web"},"image":{"@id":"https:\/\/www.rockarena.sk\/#\/schema\/logo\/image\/"}}]}},"_links":{"self":[{"href":"https:\/\/www.rockarena.sk\/index.php?rest_route=\/wp\/v2\/product\/115","targetHints":{"allow":["GET"]}}],"collection":[{"href":"https:\/\/www.rockarena.sk\/index.php?rest_route=\/wp\/v2\/product"}],"about":[{"href":"https:\/\/www.rockarena.sk\/index.php?rest_route=\/wp\/v2\/types\/product"}],"replies":[{"embeddable":true,"href":"https:\/\/www.rockarena.sk\/index.php?rest_route=%2Fwp%2Fv2%2Fcomments&post=115"}],"wp:featuredmedia":[{"embeddable":true,"href":"https:\/\/www.rockarena.sk\/index.php?rest_route=\/wp\/v2\/media\/269"}],"wp:attachment":[{"href":"https:\/\/www.rockarena.sk\/index.php?rest_route=%2Fwp%2Fv2%2Fmedia&parent=115"}],"wp:term":[{"taxonomy":"product_brand","embeddable":true,"href":"https:\/\/www.rockarena.sk\/index.php?rest_route=%2Fwp%2Fv2%2Fproduct_brand&post=115"},{"taxonomy":"product_cat","embeddable":true,"href":"https:\/\/www.rockarena.sk\/index.php?rest_route=%2Fwp%2Fv2%2Fproduct_cat&post=115"},{"taxonomy":"product_tag","embeddable":true,"href":"https:\/\/www.rockarena.sk\/index.php?rest_route=%2Fwp%2Fv2%2Fproduct_tag&post=115"}],"curies":[{"name":"wp","href":"https:\/\/api.w.org\/{rel}","templated":true}]}}