{"id":163,"date":"2024-05-07T13:12:43","date_gmt":"2024-05-07T11:12:43","guid":{"rendered":"https:\/\/www.rockarena.sk\/?post_type=product&#038;p=163"},"modified":"2026-03-04T18:41:53","modified_gmt":"2026-03-04T17:41:53","slug":"jeff-waynes-musical-version-of-the-war-of-the-worlds","status":"publish","type":"product","link":"https:\/\/www.rockarena.sk\/?product=jeff-waynes-musical-version-of-the-war-of-the-worlds","title":{"rendered":"Jeff Wayne&#8217;s Musical Version Of The War Of The Worlds"},"content":{"rendered":"<h3><strong>Info<\/strong><\/h3>\n<p><strong>\u017d\u00e1ner:<\/strong> <a href=\"https:\/\/www.mediamarkett.sk\/product-tag\/rock\/\">Rock<\/a><\/p>\n<p><strong>Rok vydania:<\/strong> 1978<\/p>\n<p><strong>Vydavate\u013e:<\/strong> CBS<\/p>\n<h3><strong>Stav<\/strong><\/h3>\n<p><strong>Obal:<\/strong> Excellent<\/p>\n<p><strong>Dosky:<\/strong> Near mint<\/p>\n<h3>Track List<\/h3>\n<table class=\"tracklist\">\n<tbody>\n<tr>\n<td>A1<\/td>\n<td>The Eve Of The War<\/td>\n<\/tr>\n<tr>\n<td>A2<\/td>\n<td>Horsell Common And The Heat Ray<\/td>\n<\/tr>\n<tr>\n<td>B1<\/td>\n<td>The Artilleryman And The Fighting Machine<\/td>\n<\/tr>\n<tr>\n<td>B2<\/td>\n<td>Forever Autumn<\/td>\n<\/tr>\n<tr>\n<td>B3<\/td>\n<td>Thunder Child<\/td>\n<\/tr>\n<tr>\n<td>C1<\/td>\n<td>The Red Weed (Part 1)<\/td>\n<\/tr>\n<tr>\n<td>C2<\/td>\n<td>The Spirit Of Man<\/td>\n<\/tr>\n<tr>\n<td>C3<\/td>\n<td>The Red Weed (Part 2)<\/td>\n<\/tr>\n<tr>\n<td>D1<\/td>\n<td>Brave New World<\/td>\n<\/tr>\n<tr>\n<td>D2<\/td>\n<td>Dead London<\/td>\n<\/tr>\n<tr>\n<td>D3<\/td>\n<td>Epilogue (Part 1)<\/td>\n<\/tr>\n<tr>\n<td>D4<\/td>\n<td>Epilogue (Part 2) (NASA)<\/td>\n<\/tr>\n<\/tbody>\n<\/table>\n","protected":false},"excerpt":{"rendered":"<p>Info \u017d\u00e1ner: Rock Rok vydania: 1978 Vydavate\u013e: CBS Stav Obal: Excellent Dosky: Near mint Track List A1 The Eve Of The War A2 Horsell Common And The Heat Ray B1 The Artilleryman And The Fighting Machine B2 Forever Autumn B3 Thunder Child C1 The Red Weed (Part 1) C2 The Spirit Of Man C3 The [&hellip;]<\/p>\n","protected":false},"featured_media":313,"comment_status":"open","ping_status":"closed","template":"","meta":[],"product_brand":[],"product_cat":[20],"product_tag":[63,32,59],"class_list":{"0":"post-163","1":"product","2":"type-product","3":"status-publish","4":"has-post-thumbnail","6":"product_cat-platne-bazar","7":"product_tag-jeff-wayne","8":"product_tag-rock","9":"product_tag-soundtrack","10":"product_shipping_class-platne","12":"first","13":"outofstock","14":"sale","15":"sold-individually","16":"shipping-taxable","17":"purchasable","18":"product-type-simple"},"yoast_head":"<!-- This site is optimized with the Yoast SEO plugin v26.9 - https:\/\/yoast.com\/product\/yoast-seo-wordpress\/ -->\n<title>Jeff Wayne&#039;s Musical Version Of The War Of The Worlds - RockArena - Fan web<\/title>\n<meta name=\"robots\" content=\"index, follow, max-snippet:-1, max-image-preview:large, max-video-preview:-1\" \/>\n<link rel=\"canonical\" href=\"https:\/\/www.rockarena.sk\/?product=jeff-waynes-musical-version-of-the-war-of-the-worlds\" \/>\n<meta property=\"og:locale\" content=\"sk_SK\" \/>\n<meta property=\"og:type\" content=\"article\" \/>\n<meta property=\"og:title\" content=\"Jeff Wayne&#039;s Musical Version Of The War Of The Worlds - RockArena - Fan web\" \/>\n<meta property=\"og:description\" content=\"Info \u017d\u00e1ner: Rock Rok vydania: 1978 Vydavate\u013e: CBS Stav Obal: Excellent Dosky: Near mint Track List A1 The Eve Of The War A2 Horsell Common And The Heat Ray B1 The Artilleryman And The Fighting Machine B2 Forever Autumn B3 Thunder Child C1 The Red Weed (Part 1) C2 The Spirit Of Man C3 The [&hellip;]\" \/>\n<meta property=\"og:url\" content=\"https:\/\/www.rockarena.sk\/?product=jeff-waynes-musical-version-of-the-war-of-the-worlds\" \/>\n<meta property=\"og:site_name\" content=\"RockArena - Fan web\" \/>\n<meta property=\"article:modified_time\" content=\"2026-03-04T17:41:53+00:00\" \/>\n<meta name=\"twitter:card\" content=\"summary_large_image\" \/>\n<script type=\"application\/ld+json\" class=\"yoast-schema-graph\">{\"@context\":\"https:\/\/schema.org\",\"@graph\":[{\"@type\":\"WebPage\",\"@id\":\"https:\/\/www.rockarena.sk\/?product=jeff-waynes-musical-version-of-the-war-of-the-worlds\",\"url\":\"https:\/\/www.rockarena.sk\/?product=jeff-waynes-musical-version-of-the-war-of-the-worlds\",\"name\":\"Jeff Wayne's Musical Version Of The War Of The Worlds - RockArena - Fan web\",\"isPartOf\":{\"@id\":\"https:\/\/www.rockarena.sk\/#website\"},\"primaryImageOfPage\":{\"@id\":\"https:\/\/www.rockarena.sk\/?product=jeff-waynes-musical-version-of-the-war-of-the-worlds#primaryimage\"},\"image\":{\"@id\":\"https:\/\/www.rockarena.sk\/?product=jeff-waynes-musical-version-of-the-war-of-the-worlds#primaryimage\"},\"thumbnailUrl\":\"https:\/\/www.rockarena.sk\/wp-content\/uploads\/2024\/05\/Jeff-Waynes-Musical-Version-Of-The-War-Of-The-Worlds-obal-pred.jpeg\",\"datePublished\":\"2024-05-07T11:12:43+00:00\",\"dateModified\":\"2026-03-04T17:41:53+00:00\",\"breadcrumb\":{\"@id\":\"https:\/\/www.rockarena.sk\/?product=jeff-waynes-musical-version-of-the-war-of-the-worlds#breadcrumb\"},\"inLanguage\":\"sk-SK\",\"potentialAction\":[{\"@type\":\"ReadAction\",\"target\":[\"https:\/\/www.rockarena.sk\/?product=jeff-waynes-musical-version-of-the-war-of-the-worlds\"]}]},{\"@type\":\"ImageObject\",\"inLanguage\":\"sk-SK\",\"@id\":\"https:\/\/www.rockarena.sk\/?product=jeff-waynes-musical-version-of-the-war-of-the-worlds#primaryimage\",\"url\":\"https:\/\/www.rockarena.sk\/wp-content\/uploads\/2024\/05\/Jeff-Waynes-Musical-Version-Of-The-War-Of-The-Worlds-obal-pred.jpeg\",\"contentUrl\":\"https:\/\/www.rockarena.sk\/wp-content\/uploads\/2024\/05\/Jeff-Waynes-Musical-Version-Of-The-War-Of-The-Worlds-obal-pred.jpeg\",\"width\":720,\"height\":720},{\"@type\":\"BreadcrumbList\",\"@id\":\"https:\/\/www.rockarena.sk\/?product=jeff-waynes-musical-version-of-the-war-of-the-worlds#breadcrumb\",\"itemListElement\":[{\"@type\":\"ListItem\",\"position\":1,\"name\":\"Domovsk\u00e1 str\u00e1nka\",\"item\":\"https:\/\/www.rockarena.sk\/\"},{\"@type\":\"ListItem\",\"position\":2,\"name\":\"Obchod\",\"item\":\"https:\/\/www.rockarena.sk\/\"},{\"@type\":\"ListItem\",\"position\":3,\"name\":\"Jeff Wayne&#8217;s Musical Version Of The War Of The Worlds\"}]},{\"@type\":\"WebSite\",\"@id\":\"https:\/\/www.rockarena.sk\/#website\",\"url\":\"https:\/\/www.rockarena.sk\/\",\"name\":\"RockArena - Fan web\",\"description\":\"Online baz\u00e1r LP platn\u00ed a hifi techniky\",\"publisher\":{\"@id\":\"https:\/\/www.rockarena.sk\/#organization\"},\"potentialAction\":[{\"@type\":\"SearchAction\",\"target\":{\"@type\":\"EntryPoint\",\"urlTemplate\":\"https:\/\/www.rockarena.sk\/?s={search_term_string}\"},\"query-input\":{\"@type\":\"PropertyValueSpecification\",\"valueRequired\":true,\"valueName\":\"search_term_string\"}}],\"inLanguage\":\"sk-SK\"},{\"@type\":\"Organization\",\"@id\":\"https:\/\/www.rockarena.sk\/#organization\",\"name\":\"RockArena - Fan web\",\"url\":\"https:\/\/www.rockarena.sk\/\",\"logo\":{\"@type\":\"ImageObject\",\"inLanguage\":\"sk-SK\",\"@id\":\"https:\/\/www.rockarena.sk\/#\/schema\/logo\/image\/\",\"url\":\"https:\/\/www.rockarena.sk\/wp-content\/uploads\/2024\/09\/cropped-rockarena-logo.png\",\"contentUrl\":\"https:\/\/www.rockarena.sk\/wp-content\/uploads\/2024\/09\/cropped-rockarena-logo.png\",\"width\":500,\"height\":500,\"caption\":\"RockArena - Fan web\"},\"image\":{\"@id\":\"https:\/\/www.rockarena.sk\/#\/schema\/logo\/image\/\"}}]}<\/script>\n<!-- \/ Yoast SEO plugin. -->","yoast_head_json":{"title":"Jeff Wayne's Musical Version Of The War Of The Worlds - RockArena - Fan web","robots":{"index":"index","follow":"follow","max-snippet":"max-snippet:-1","max-image-preview":"max-image-preview:large","max-video-preview":"max-video-preview:-1"},"canonical":"https:\/\/www.rockarena.sk\/?product=jeff-waynes-musical-version-of-the-war-of-the-worlds","og_locale":"sk_SK","og_type":"article","og_title":"Jeff Wayne's Musical Version Of The War Of The Worlds - RockArena - Fan web","og_description":"Info \u017d\u00e1ner: Rock Rok vydania: 1978 Vydavate\u013e: CBS Stav Obal: Excellent Dosky: Near mint Track List A1 The Eve Of The War A2 Horsell Common And The Heat Ray B1 The Artilleryman And The Fighting Machine B2 Forever Autumn B3 Thunder Child C1 The Red Weed (Part 1) C2 The Spirit Of Man C3 The [&hellip;]","og_url":"https:\/\/www.rockarena.sk\/?product=jeff-waynes-musical-version-of-the-war-of-the-worlds","og_site_name":"RockArena - Fan web","article_modified_time":"2026-03-04T17:41:53+00:00","twitter_card":"summary_large_image","schema":{"@context":"https:\/\/schema.org","@graph":[{"@type":"WebPage","@id":"https:\/\/www.rockarena.sk\/?product=jeff-waynes-musical-version-of-the-war-of-the-worlds","url":"https:\/\/www.rockarena.sk\/?product=jeff-waynes-musical-version-of-the-war-of-the-worlds","name":"Jeff Wayne's Musical Version Of The War Of The Worlds - RockArena - Fan web","isPartOf":{"@id":"https:\/\/www.rockarena.sk\/#website"},"primaryImageOfPage":{"@id":"https:\/\/www.rockarena.sk\/?product=jeff-waynes-musical-version-of-the-war-of-the-worlds#primaryimage"},"image":{"@id":"https:\/\/www.rockarena.sk\/?product=jeff-waynes-musical-version-of-the-war-of-the-worlds#primaryimage"},"thumbnailUrl":"https:\/\/www.rockarena.sk\/wp-content\/uploads\/2024\/05\/Jeff-Waynes-Musical-Version-Of-The-War-Of-The-Worlds-obal-pred.jpeg","datePublished":"2024-05-07T11:12:43+00:00","dateModified":"2026-03-04T17:41:53+00:00","breadcrumb":{"@id":"https:\/\/www.rockarena.sk\/?product=jeff-waynes-musical-version-of-the-war-of-the-worlds#breadcrumb"},"inLanguage":"sk-SK","potentialAction":[{"@type":"ReadAction","target":["https:\/\/www.rockarena.sk\/?product=jeff-waynes-musical-version-of-the-war-of-the-worlds"]}]},{"@type":"ImageObject","inLanguage":"sk-SK","@id":"https:\/\/www.rockarena.sk\/?product=jeff-waynes-musical-version-of-the-war-of-the-worlds#primaryimage","url":"https:\/\/www.rockarena.sk\/wp-content\/uploads\/2024\/05\/Jeff-Waynes-Musical-Version-Of-The-War-Of-The-Worlds-obal-pred.jpeg","contentUrl":"https:\/\/www.rockarena.sk\/wp-content\/uploads\/2024\/05\/Jeff-Waynes-Musical-Version-Of-The-War-Of-The-Worlds-obal-pred.jpeg","width":720,"height":720},{"@type":"BreadcrumbList","@id":"https:\/\/www.rockarena.sk\/?product=jeff-waynes-musical-version-of-the-war-of-the-worlds#breadcrumb","itemListElement":[{"@type":"ListItem","position":1,"name":"Domovsk\u00e1 str\u00e1nka","item":"https:\/\/www.rockarena.sk\/"},{"@type":"ListItem","position":2,"name":"Obchod","item":"https:\/\/www.rockarena.sk\/"},{"@type":"ListItem","position":3,"name":"Jeff Wayne&#8217;s Musical Version Of The War Of The Worlds"}]},{"@type":"WebSite","@id":"https:\/\/www.rockarena.sk\/#website","url":"https:\/\/www.rockarena.sk\/","name":"RockArena - Fan web","description":"Online baz\u00e1r LP platn\u00ed a hifi techniky","publisher":{"@id":"https:\/\/www.rockarena.sk\/#organization"},"potentialAction":[{"@type":"SearchAction","target":{"@type":"EntryPoint","urlTemplate":"https:\/\/www.rockarena.sk\/?s={search_term_string}"},"query-input":{"@type":"PropertyValueSpecification","valueRequired":true,"valueName":"search_term_string"}}],"inLanguage":"sk-SK"},{"@type":"Organization","@id":"https:\/\/www.rockarena.sk\/#organization","name":"RockArena - Fan web","url":"https:\/\/www.rockarena.sk\/","logo":{"@type":"ImageObject","inLanguage":"sk-SK","@id":"https:\/\/www.rockarena.sk\/#\/schema\/logo\/image\/","url":"https:\/\/www.rockarena.sk\/wp-content\/uploads\/2024\/09\/cropped-rockarena-logo.png","contentUrl":"https:\/\/www.rockarena.sk\/wp-content\/uploads\/2024\/09\/cropped-rockarena-logo.png","width":500,"height":500,"caption":"RockArena - Fan web"},"image":{"@id":"https:\/\/www.rockarena.sk\/#\/schema\/logo\/image\/"}}]}},"_links":{"self":[{"href":"https:\/\/www.rockarena.sk\/index.php?rest_route=\/wp\/v2\/product\/163","targetHints":{"allow":["GET"]}}],"collection":[{"href":"https:\/\/www.rockarena.sk\/index.php?rest_route=\/wp\/v2\/product"}],"about":[{"href":"https:\/\/www.rockarena.sk\/index.php?rest_route=\/wp\/v2\/types\/product"}],"replies":[{"embeddable":true,"href":"https:\/\/www.rockarena.sk\/index.php?rest_route=%2Fwp%2Fv2%2Fcomments&post=163"}],"wp:featuredmedia":[{"embeddable":true,"href":"https:\/\/www.rockarena.sk\/index.php?rest_route=\/wp\/v2\/media\/313"}],"wp:attachment":[{"href":"https:\/\/www.rockarena.sk\/index.php?rest_route=%2Fwp%2Fv2%2Fmedia&parent=163"}],"wp:term":[{"taxonomy":"product_brand","embeddable":true,"href":"https:\/\/www.rockarena.sk\/index.php?rest_route=%2Fwp%2Fv2%2Fproduct_brand&post=163"},{"taxonomy":"product_cat","embeddable":true,"href":"https:\/\/www.rockarena.sk\/index.php?rest_route=%2Fwp%2Fv2%2Fproduct_cat&post=163"},{"taxonomy":"product_tag","embeddable":true,"href":"https:\/\/www.rockarena.sk\/index.php?rest_route=%2Fwp%2Fv2%2Fproduct_tag&post=163"}],"curies":[{"name":"wp","href":"https:\/\/api.w.org\/{rel}","templated":true}]}}