{"id":182,"date":"2024-05-07T13:13:03","date_gmt":"2024-05-07T11:13:03","guid":{"rendered":"https:\/\/www.rockarena.sk\/?post_type=product&#038;p=182"},"modified":"2024-05-07T13:15:31","modified_gmt":"2024-05-07T11:15:31","slug":"jaromir-nohavica-darmodej","status":"publish","type":"product","link":"https:\/\/www.rockarena.sk\/?product=jaromir-nohavica-darmodej","title":{"rendered":"Jarom\u00edr Nohavica \u2013 Darmod\u011bj"},"content":{"rendered":"<h3><strong>Info<\/strong><\/h3>\n<p><strong>\u017d\u00e1ner:<\/strong> <a href=\"https:\/\/www.mediamarkett.sk\/product-tag\/folk\/\">Folk<\/a><\/p>\n<p><strong>Rok vydania:<\/strong> 1989<\/p>\n<p><strong>Vydavate\u013e:<\/strong> Panton<\/p>\n<h3><strong>Stav<\/strong><\/h3>\n<p><strong>Obal:<\/strong> Near mint<\/p>\n<p><strong>Doska:<\/strong> Near mint<\/p>\n<h3>Track List<\/h3>\n<table class=\"tracklist\">\n<tbody>\n<tr>\n<td>A1<\/td>\n<td>Darmod\u011bj<\/td>\n<\/tr>\n<tr>\n<td>A2<\/td>\n<td>Ahoj, Slunko<\/td>\n<\/tr>\n<tr>\n<td>A3<\/td>\n<td>Krajina Po Bitv\u011b<\/td>\n<\/tr>\n<tr>\n<td>A4<\/td>\n<td>Mo\u017en\u00e1 \u017de Se M\u00fdl\u00edm<\/td>\n<\/tr>\n<tr>\n<td>A5<\/td>\n<td>He\u0159m\u00e1nkov\u00e9 \u0160t\u011bst\u00ed<\/td>\n<\/tr>\n<tr>\n<td>A6<\/td>\n<td>My\u0161 Na Konci L\u00e9ta<\/td>\n<\/tr>\n<tr>\n<td>B1<\/td>\n<td>Husita<\/td>\n<\/tr>\n<tr>\n<td>B2<\/td>\n<td>P\u0159\u00edtel<\/td>\n<\/tr>\n<tr>\n<td>B3<\/td>\n<td>Z\u00edtra R\u00e1no V P\u011bt<\/td>\n<\/tr>\n<tr>\n<td>B4<\/td>\n<td>Spat\u0159il Jsem Kometu<\/td>\n<\/tr>\n<tr>\n<td>B5<\/td>\n<td>Dokud Se Zp\u00edv\u00e1<\/td>\n<\/tr>\n<tr>\n<td>B6<\/td>\n<td>Ukol\u00e9bavka<\/td>\n<\/tr>\n<\/tbody>\n<\/table>\n","protected":false},"excerpt":{"rendered":"<p>Info \u017d\u00e1ner: Folk Rok vydania: 1989 Vydavate\u013e: Panton Stav Obal: Near mint Doska: Near mint Track List A1 Darmod\u011bj A2 Ahoj, Slunko A3 Krajina Po Bitv\u011b A4 Mo\u017en\u00e1 \u017de Se M\u00fdl\u00edm A5 He\u0159m\u00e1nkov\u00e9 \u0160t\u011bst\u00ed A6 My\u0161 Na Konci L\u00e9ta B1 Husita B2 P\u0159\u00edtel B3 Z\u00edtra R\u00e1no V P\u011bt B4 Spat\u0159il Jsem Kometu B5 Dokud Se [&hellip;]<\/p>\n","protected":false},"featured_media":324,"comment_status":"open","ping_status":"closed","template":"","meta":[],"product_brand":[],"product_cat":[20],"product_tag":[23,66],"class_list":{"0":"post-182","1":"product","2":"type-product","3":"status-publish","4":"has-post-thumbnail","6":"product_cat-platne-bazar","7":"product_tag-folk","8":"product_tag-jaromir-nohavica","9":"product_shipping_class-platne","11":"first","12":"instock","13":"sale","14":"sold-individually","15":"shipping-taxable","16":"purchasable","17":"product-type-simple"},"yoast_head":"<!-- This site is optimized with the Yoast SEO plugin v26.9 - https:\/\/yoast.com\/product\/yoast-seo-wordpress\/ -->\n<title>Jarom\u00edr Nohavica \u2013 Darmod\u011bj - RockArena - Fan web<\/title>\n<meta name=\"robots\" content=\"index, follow, max-snippet:-1, max-image-preview:large, max-video-preview:-1\" \/>\n<link rel=\"canonical\" href=\"https:\/\/www.rockarena.sk\/?product=jaromir-nohavica-darmodej\" \/>\n<meta property=\"og:locale\" content=\"sk_SK\" \/>\n<meta property=\"og:type\" content=\"article\" \/>\n<meta property=\"og:title\" content=\"Jarom\u00edr Nohavica \u2013 Darmod\u011bj - RockArena - Fan web\" \/>\n<meta property=\"og:description\" content=\"Info \u017d\u00e1ner: Folk Rok vydania: 1989 Vydavate\u013e: Panton Stav Obal: Near mint Doska: Near mint Track List A1 Darmod\u011bj A2 Ahoj, Slunko A3 Krajina Po Bitv\u011b A4 Mo\u017en\u00e1 \u017de Se M\u00fdl\u00edm A5 He\u0159m\u00e1nkov\u00e9 \u0160t\u011bst\u00ed A6 My\u0161 Na Konci L\u00e9ta B1 Husita B2 P\u0159\u00edtel B3 Z\u00edtra R\u00e1no V P\u011bt B4 Spat\u0159il Jsem Kometu B5 Dokud Se [&hellip;]\" \/>\n<meta property=\"og:url\" content=\"https:\/\/www.rockarena.sk\/?product=jaromir-nohavica-darmodej\" \/>\n<meta property=\"og:site_name\" content=\"RockArena - Fan web\" \/>\n<meta property=\"article:modified_time\" content=\"2024-05-07T11:15:31+00:00\" \/>\n<meta name=\"twitter:card\" content=\"summary_large_image\" \/>\n<script type=\"application\/ld+json\" class=\"yoast-schema-graph\">{\"@context\":\"https:\/\/schema.org\",\"@graph\":[{\"@type\":\"WebPage\",\"@id\":\"https:\/\/www.rockarena.sk\/?product=jaromir-nohavica-darmodej\",\"url\":\"https:\/\/www.rockarena.sk\/?product=jaromir-nohavica-darmodej\",\"name\":\"Jarom\u00edr Nohavica \u2013 Darmod\u011bj - RockArena - Fan web\",\"isPartOf\":{\"@id\":\"https:\/\/www.rockarena.sk\/#website\"},\"primaryImageOfPage\":{\"@id\":\"https:\/\/www.rockarena.sk\/?product=jaromir-nohavica-darmodej#primaryimage\"},\"image\":{\"@id\":\"https:\/\/www.rockarena.sk\/?product=jaromir-nohavica-darmodej#primaryimage\"},\"thumbnailUrl\":\"https:\/\/www.rockarena.sk\/wp-content\/uploads\/2024\/05\/Jaromir-Nohavica-\u2013-Darmodej-obal-pred.jpeg\",\"datePublished\":\"2024-05-07T11:13:03+00:00\",\"dateModified\":\"2024-05-07T11:15:31+00:00\",\"breadcrumb\":{\"@id\":\"https:\/\/www.rockarena.sk\/?product=jaromir-nohavica-darmodej#breadcrumb\"},\"inLanguage\":\"sk-SK\",\"potentialAction\":[{\"@type\":\"ReadAction\",\"target\":[\"https:\/\/www.rockarena.sk\/?product=jaromir-nohavica-darmodej\"]}]},{\"@type\":\"ImageObject\",\"inLanguage\":\"sk-SK\",\"@id\":\"https:\/\/www.rockarena.sk\/?product=jaromir-nohavica-darmodej#primaryimage\",\"url\":\"https:\/\/www.rockarena.sk\/wp-content\/uploads\/2024\/05\/Jaromir-Nohavica-\u2013-Darmodej-obal-pred.jpeg\",\"contentUrl\":\"https:\/\/www.rockarena.sk\/wp-content\/uploads\/2024\/05\/Jaromir-Nohavica-\u2013-Darmodej-obal-pred.jpeg\",\"width\":697,\"height\":700},{\"@type\":\"BreadcrumbList\",\"@id\":\"https:\/\/www.rockarena.sk\/?product=jaromir-nohavica-darmodej#breadcrumb\",\"itemListElement\":[{\"@type\":\"ListItem\",\"position\":1,\"name\":\"Domovsk\u00e1 str\u00e1nka\",\"item\":\"https:\/\/www.rockarena.sk\/\"},{\"@type\":\"ListItem\",\"position\":2,\"name\":\"Obchod\",\"item\":\"https:\/\/www.rockarena.sk\/\"},{\"@type\":\"ListItem\",\"position\":3,\"name\":\"Jarom\u00edr Nohavica \u2013 Darmod\u011bj\"}]},{\"@type\":\"WebSite\",\"@id\":\"https:\/\/www.rockarena.sk\/#website\",\"url\":\"https:\/\/www.rockarena.sk\/\",\"name\":\"RockArena - Fan web\",\"description\":\"Online baz\u00e1r LP platn\u00ed a hifi techniky\",\"publisher\":{\"@id\":\"https:\/\/www.rockarena.sk\/#organization\"},\"potentialAction\":[{\"@type\":\"SearchAction\",\"target\":{\"@type\":\"EntryPoint\",\"urlTemplate\":\"https:\/\/www.rockarena.sk\/?s={search_term_string}\"},\"query-input\":{\"@type\":\"PropertyValueSpecification\",\"valueRequired\":true,\"valueName\":\"search_term_string\"}}],\"inLanguage\":\"sk-SK\"},{\"@type\":\"Organization\",\"@id\":\"https:\/\/www.rockarena.sk\/#organization\",\"name\":\"RockArena - Fan web\",\"url\":\"https:\/\/www.rockarena.sk\/\",\"logo\":{\"@type\":\"ImageObject\",\"inLanguage\":\"sk-SK\",\"@id\":\"https:\/\/www.rockarena.sk\/#\/schema\/logo\/image\/\",\"url\":\"https:\/\/www.rockarena.sk\/wp-content\/uploads\/2024\/09\/cropped-rockarena-logo.png\",\"contentUrl\":\"https:\/\/www.rockarena.sk\/wp-content\/uploads\/2024\/09\/cropped-rockarena-logo.png\",\"width\":500,\"height\":500,\"caption\":\"RockArena - Fan web\"},\"image\":{\"@id\":\"https:\/\/www.rockarena.sk\/#\/schema\/logo\/image\/\"}}]}<\/script>\n<!-- \/ Yoast SEO plugin. -->","yoast_head_json":{"title":"Jarom\u00edr Nohavica \u2013 Darmod\u011bj - RockArena - Fan web","robots":{"index":"index","follow":"follow","max-snippet":"max-snippet:-1","max-image-preview":"max-image-preview:large","max-video-preview":"max-video-preview:-1"},"canonical":"https:\/\/www.rockarena.sk\/?product=jaromir-nohavica-darmodej","og_locale":"sk_SK","og_type":"article","og_title":"Jarom\u00edr Nohavica \u2013 Darmod\u011bj - RockArena - Fan web","og_description":"Info \u017d\u00e1ner: Folk Rok vydania: 1989 Vydavate\u013e: Panton Stav Obal: Near mint Doska: Near mint Track List A1 Darmod\u011bj A2 Ahoj, Slunko A3 Krajina Po Bitv\u011b A4 Mo\u017en\u00e1 \u017de Se M\u00fdl\u00edm A5 He\u0159m\u00e1nkov\u00e9 \u0160t\u011bst\u00ed A6 My\u0161 Na Konci L\u00e9ta B1 Husita B2 P\u0159\u00edtel B3 Z\u00edtra R\u00e1no V P\u011bt B4 Spat\u0159il Jsem Kometu B5 Dokud Se [&hellip;]","og_url":"https:\/\/www.rockarena.sk\/?product=jaromir-nohavica-darmodej","og_site_name":"RockArena - Fan web","article_modified_time":"2024-05-07T11:15:31+00:00","twitter_card":"summary_large_image","schema":{"@context":"https:\/\/schema.org","@graph":[{"@type":"WebPage","@id":"https:\/\/www.rockarena.sk\/?product=jaromir-nohavica-darmodej","url":"https:\/\/www.rockarena.sk\/?product=jaromir-nohavica-darmodej","name":"Jarom\u00edr Nohavica \u2013 Darmod\u011bj - RockArena - Fan web","isPartOf":{"@id":"https:\/\/www.rockarena.sk\/#website"},"primaryImageOfPage":{"@id":"https:\/\/www.rockarena.sk\/?product=jaromir-nohavica-darmodej#primaryimage"},"image":{"@id":"https:\/\/www.rockarena.sk\/?product=jaromir-nohavica-darmodej#primaryimage"},"thumbnailUrl":"https:\/\/www.rockarena.sk\/wp-content\/uploads\/2024\/05\/Jaromir-Nohavica-\u2013-Darmodej-obal-pred.jpeg","datePublished":"2024-05-07T11:13:03+00:00","dateModified":"2024-05-07T11:15:31+00:00","breadcrumb":{"@id":"https:\/\/www.rockarena.sk\/?product=jaromir-nohavica-darmodej#breadcrumb"},"inLanguage":"sk-SK","potentialAction":[{"@type":"ReadAction","target":["https:\/\/www.rockarena.sk\/?product=jaromir-nohavica-darmodej"]}]},{"@type":"ImageObject","inLanguage":"sk-SK","@id":"https:\/\/www.rockarena.sk\/?product=jaromir-nohavica-darmodej#primaryimage","url":"https:\/\/www.rockarena.sk\/wp-content\/uploads\/2024\/05\/Jaromir-Nohavica-\u2013-Darmodej-obal-pred.jpeg","contentUrl":"https:\/\/www.rockarena.sk\/wp-content\/uploads\/2024\/05\/Jaromir-Nohavica-\u2013-Darmodej-obal-pred.jpeg","width":697,"height":700},{"@type":"BreadcrumbList","@id":"https:\/\/www.rockarena.sk\/?product=jaromir-nohavica-darmodej#breadcrumb","itemListElement":[{"@type":"ListItem","position":1,"name":"Domovsk\u00e1 str\u00e1nka","item":"https:\/\/www.rockarena.sk\/"},{"@type":"ListItem","position":2,"name":"Obchod","item":"https:\/\/www.rockarena.sk\/"},{"@type":"ListItem","position":3,"name":"Jarom\u00edr Nohavica \u2013 Darmod\u011bj"}]},{"@type":"WebSite","@id":"https:\/\/www.rockarena.sk\/#website","url":"https:\/\/www.rockarena.sk\/","name":"RockArena - Fan web","description":"Online baz\u00e1r LP platn\u00ed a hifi techniky","publisher":{"@id":"https:\/\/www.rockarena.sk\/#organization"},"potentialAction":[{"@type":"SearchAction","target":{"@type":"EntryPoint","urlTemplate":"https:\/\/www.rockarena.sk\/?s={search_term_string}"},"query-input":{"@type":"PropertyValueSpecification","valueRequired":true,"valueName":"search_term_string"}}],"inLanguage":"sk-SK"},{"@type":"Organization","@id":"https:\/\/www.rockarena.sk\/#organization","name":"RockArena - Fan web","url":"https:\/\/www.rockarena.sk\/","logo":{"@type":"ImageObject","inLanguage":"sk-SK","@id":"https:\/\/www.rockarena.sk\/#\/schema\/logo\/image\/","url":"https:\/\/www.rockarena.sk\/wp-content\/uploads\/2024\/09\/cropped-rockarena-logo.png","contentUrl":"https:\/\/www.rockarena.sk\/wp-content\/uploads\/2024\/09\/cropped-rockarena-logo.png","width":500,"height":500,"caption":"RockArena - Fan web"},"image":{"@id":"https:\/\/www.rockarena.sk\/#\/schema\/logo\/image\/"}}]}},"_links":{"self":[{"href":"https:\/\/www.rockarena.sk\/index.php?rest_route=\/wp\/v2\/product\/182","targetHints":{"allow":["GET"]}}],"collection":[{"href":"https:\/\/www.rockarena.sk\/index.php?rest_route=\/wp\/v2\/product"}],"about":[{"href":"https:\/\/www.rockarena.sk\/index.php?rest_route=\/wp\/v2\/types\/product"}],"replies":[{"embeddable":true,"href":"https:\/\/www.rockarena.sk\/index.php?rest_route=%2Fwp%2Fv2%2Fcomments&post=182"}],"wp:featuredmedia":[{"embeddable":true,"href":"https:\/\/www.rockarena.sk\/index.php?rest_route=\/wp\/v2\/media\/324"}],"wp:attachment":[{"href":"https:\/\/www.rockarena.sk\/index.php?rest_route=%2Fwp%2Fv2%2Fmedia&parent=182"}],"wp:term":[{"taxonomy":"product_brand","embeddable":true,"href":"https:\/\/www.rockarena.sk\/index.php?rest_route=%2Fwp%2Fv2%2Fproduct_brand&post=182"},{"taxonomy":"product_cat","embeddable":true,"href":"https:\/\/www.rockarena.sk\/index.php?rest_route=%2Fwp%2Fv2%2Fproduct_cat&post=182"},{"taxonomy":"product_tag","embeddable":true,"href":"https:\/\/www.rockarena.sk\/index.php?rest_route=%2Fwp%2Fv2%2Fproduct_tag&post=182"}],"curies":[{"name":"wp","href":"https:\/\/api.w.org\/{rel}","templated":true}]}}