{"id":186,"date":"2024-05-07T13:13:04","date_gmt":"2024-05-07T11:13:04","guid":{"rendered":"https:\/\/www.rockarena.sk\/?post_type=product&#038;p=186"},"modified":"2024-12-27T05:49:09","modified_gmt":"2024-12-27T04:49:09","slug":"michael-jackson-thriller","status":"publish","type":"product","link":"https:\/\/www.rockarena.sk\/?product=michael-jackson-thriller","title":{"rendered":"Michael Jackson \u2013 Thriller"},"content":{"rendered":"<h3><strong>Info<\/strong><\/h3>\n<p><strong>\u017d\u00e1ner:<\/strong> <a href=\"https:\/\/www.mediamarkett.sk\/product-tag\/pop\/\">Pop<\/a><\/p>\n<p><strong>Rok vydania:<\/strong> 1982<\/p>\n<p><strong>Vydavate\u013e:<\/strong> Epic Records<\/p>\n<h3><strong>Stav<\/strong><\/h3>\n<p><strong>Obal:<\/strong> Excellent<\/p>\n<p><strong>Doska:<\/strong> Near mint<\/p>\n<h3>Track List<\/h3>\n<table class=\"tracklist\">\n<tbody>\n<tr>\n<td>A1<\/td>\n<td>Wanna Be Startin&#8216; Somethin&#8216;<\/td>\n<\/tr>\n<tr>\n<td>A2<\/td>\n<td>Baby Be Mine<\/td>\n<\/tr>\n<tr>\n<td>A3<\/td>\n<td>The Girl Is Mine<\/td>\n<\/tr>\n<tr>\n<td>A4<\/td>\n<td>Thriller<\/td>\n<\/tr>\n<tr>\n<td>A5<\/td>\n<td>Beat It<\/td>\n<\/tr>\n<tr>\n<td>B1<\/td>\n<td>Billie Jean<\/td>\n<\/tr>\n<tr>\n<td>B2<\/td>\n<td>Human Nature<\/td>\n<\/tr>\n<tr>\n<td>B3<\/td>\n<td>P.Y.T. (Pretty Young Thing)<\/td>\n<\/tr>\n<tr>\n<td>B4<\/td>\n<td>The Lady In My Life<\/td>\n<\/tr>\n<\/tbody>\n<\/table>\n","protected":false},"excerpt":{"rendered":"<p>Info \u017d\u00e1ner: Pop Rok vydania: 1982 Vydavate\u013e: Epic Records Stav Obal: Excellent Doska: Near mint Track List A1 Wanna Be Startin&#8216; Somethin&#8216; A2 Baby Be Mine A3 The Girl Is Mine A4 Thriller A5 Beat It B1 Billie Jean B2 Human Nature B3 P.Y.T. (Pretty Young Thing) B4 The Lady In My Life<\/p>\n","protected":false},"featured_media":344,"comment_status":"open","ping_status":"closed","template":"","meta":[],"product_brand":[],"product_cat":[20],"product_tag":[71,28],"class_list":{"0":"post-186","1":"product","2":"type-product","3":"status-publish","4":"has-post-thumbnail","6":"product_cat-platne-bazar","7":"product_tag-michael-jackson","8":"product_tag-pop","9":"product_shipping_class-platne","11":"first","12":"outofstock","13":"sale","14":"sold-individually","15":"shipping-taxable","16":"purchasable","17":"product-type-simple"},"yoast_head":"<!-- This site is optimized with the Yoast SEO plugin v26.9 - https:\/\/yoast.com\/product\/yoast-seo-wordpress\/ -->\n<title>Michael Jackson \u2013 Thriller - RockArena - Fan web<\/title>\n<meta name=\"robots\" content=\"index, follow, max-snippet:-1, max-image-preview:large, max-video-preview:-1\" \/>\n<link rel=\"canonical\" href=\"https:\/\/www.rockarena.sk\/?product=michael-jackson-thriller\" \/>\n<meta property=\"og:locale\" content=\"sk_SK\" \/>\n<meta property=\"og:type\" content=\"article\" \/>\n<meta property=\"og:title\" content=\"Michael Jackson \u2013 Thriller - RockArena - Fan web\" \/>\n<meta property=\"og:description\" content=\"Info \u017d\u00e1ner: Pop Rok vydania: 1982 Vydavate\u013e: Epic Records Stav Obal: Excellent Doska: Near mint Track List A1 Wanna Be Startin&#8216; Somethin&#8216; A2 Baby Be Mine A3 The Girl Is Mine A4 Thriller A5 Beat It B1 Billie Jean B2 Human Nature B3 P.Y.T. (Pretty Young Thing) B4 The Lady In My Life\" \/>\n<meta property=\"og:url\" content=\"https:\/\/www.rockarena.sk\/?product=michael-jackson-thriller\" \/>\n<meta property=\"og:site_name\" content=\"RockArena - Fan web\" \/>\n<meta property=\"article:modified_time\" content=\"2024-12-27T04:49:09+00:00\" \/>\n<meta name=\"twitter:card\" content=\"summary_large_image\" \/>\n<script type=\"application\/ld+json\" class=\"yoast-schema-graph\">{\"@context\":\"https:\/\/schema.org\",\"@graph\":[{\"@type\":\"WebPage\",\"@id\":\"https:\/\/www.rockarena.sk\/?product=michael-jackson-thriller\",\"url\":\"https:\/\/www.rockarena.sk\/?product=michael-jackson-thriller\",\"name\":\"Michael Jackson \u2013 Thriller - RockArena - Fan web\",\"isPartOf\":{\"@id\":\"https:\/\/www.rockarena.sk\/#website\"},\"primaryImageOfPage\":{\"@id\":\"https:\/\/www.rockarena.sk\/?product=michael-jackson-thriller#primaryimage\"},\"image\":{\"@id\":\"https:\/\/www.rockarena.sk\/?product=michael-jackson-thriller#primaryimage\"},\"thumbnailUrl\":\"https:\/\/www.rockarena.sk\/wp-content\/uploads\/2024\/05\/Michael-Jackson-\u2013-Thriller-obal-pred.jpeg\",\"datePublished\":\"2024-05-07T11:13:04+00:00\",\"dateModified\":\"2024-12-27T04:49:09+00:00\",\"breadcrumb\":{\"@id\":\"https:\/\/www.rockarena.sk\/?product=michael-jackson-thriller#breadcrumb\"},\"inLanguage\":\"sk-SK\",\"potentialAction\":[{\"@type\":\"ReadAction\",\"target\":[\"https:\/\/www.rockarena.sk\/?product=michael-jackson-thriller\"]}]},{\"@type\":\"ImageObject\",\"inLanguage\":\"sk-SK\",\"@id\":\"https:\/\/www.rockarena.sk\/?product=michael-jackson-thriller#primaryimage\",\"url\":\"https:\/\/www.rockarena.sk\/wp-content\/uploads\/2024\/05\/Michael-Jackson-\u2013-Thriller-obal-pred.jpeg\",\"contentUrl\":\"https:\/\/www.rockarena.sk\/wp-content\/uploads\/2024\/05\/Michael-Jackson-\u2013-Thriller-obal-pred.jpeg\",\"width\":744,\"height\":743},{\"@type\":\"BreadcrumbList\",\"@id\":\"https:\/\/www.rockarena.sk\/?product=michael-jackson-thriller#breadcrumb\",\"itemListElement\":[{\"@type\":\"ListItem\",\"position\":1,\"name\":\"Domovsk\u00e1 str\u00e1nka\",\"item\":\"https:\/\/www.rockarena.sk\/\"},{\"@type\":\"ListItem\",\"position\":2,\"name\":\"Obchod\",\"item\":\"https:\/\/www.rockarena.sk\/\"},{\"@type\":\"ListItem\",\"position\":3,\"name\":\"Michael Jackson \u2013 Thriller\"}]},{\"@type\":\"WebSite\",\"@id\":\"https:\/\/www.rockarena.sk\/#website\",\"url\":\"https:\/\/www.rockarena.sk\/\",\"name\":\"RockArena - Fan web\",\"description\":\"Online baz\u00e1r LP platn\u00ed a hifi techniky\",\"publisher\":{\"@id\":\"https:\/\/www.rockarena.sk\/#organization\"},\"potentialAction\":[{\"@type\":\"SearchAction\",\"target\":{\"@type\":\"EntryPoint\",\"urlTemplate\":\"https:\/\/www.rockarena.sk\/?s={search_term_string}\"},\"query-input\":{\"@type\":\"PropertyValueSpecification\",\"valueRequired\":true,\"valueName\":\"search_term_string\"}}],\"inLanguage\":\"sk-SK\"},{\"@type\":\"Organization\",\"@id\":\"https:\/\/www.rockarena.sk\/#organization\",\"name\":\"RockArena - Fan web\",\"url\":\"https:\/\/www.rockarena.sk\/\",\"logo\":{\"@type\":\"ImageObject\",\"inLanguage\":\"sk-SK\",\"@id\":\"https:\/\/www.rockarena.sk\/#\/schema\/logo\/image\/\",\"url\":\"https:\/\/www.rockarena.sk\/wp-content\/uploads\/2024\/09\/cropped-rockarena-logo.png\",\"contentUrl\":\"https:\/\/www.rockarena.sk\/wp-content\/uploads\/2024\/09\/cropped-rockarena-logo.png\",\"width\":500,\"height\":500,\"caption\":\"RockArena - Fan web\"},\"image\":{\"@id\":\"https:\/\/www.rockarena.sk\/#\/schema\/logo\/image\/\"}}]}<\/script>\n<!-- \/ Yoast SEO plugin. -->","yoast_head_json":{"title":"Michael Jackson \u2013 Thriller - RockArena - Fan web","robots":{"index":"index","follow":"follow","max-snippet":"max-snippet:-1","max-image-preview":"max-image-preview:large","max-video-preview":"max-video-preview:-1"},"canonical":"https:\/\/www.rockarena.sk\/?product=michael-jackson-thriller","og_locale":"sk_SK","og_type":"article","og_title":"Michael Jackson \u2013 Thriller - RockArena - Fan web","og_description":"Info \u017d\u00e1ner: Pop Rok vydania: 1982 Vydavate\u013e: Epic Records Stav Obal: Excellent Doska: Near mint Track List A1 Wanna Be Startin&#8216; Somethin&#8216; A2 Baby Be Mine A3 The Girl Is Mine A4 Thriller A5 Beat It B1 Billie Jean B2 Human Nature B3 P.Y.T. (Pretty Young Thing) B4 The Lady In My Life","og_url":"https:\/\/www.rockarena.sk\/?product=michael-jackson-thriller","og_site_name":"RockArena - Fan web","article_modified_time":"2024-12-27T04:49:09+00:00","twitter_card":"summary_large_image","schema":{"@context":"https:\/\/schema.org","@graph":[{"@type":"WebPage","@id":"https:\/\/www.rockarena.sk\/?product=michael-jackson-thriller","url":"https:\/\/www.rockarena.sk\/?product=michael-jackson-thriller","name":"Michael Jackson \u2013 Thriller - RockArena - Fan web","isPartOf":{"@id":"https:\/\/www.rockarena.sk\/#website"},"primaryImageOfPage":{"@id":"https:\/\/www.rockarena.sk\/?product=michael-jackson-thriller#primaryimage"},"image":{"@id":"https:\/\/www.rockarena.sk\/?product=michael-jackson-thriller#primaryimage"},"thumbnailUrl":"https:\/\/www.rockarena.sk\/wp-content\/uploads\/2024\/05\/Michael-Jackson-\u2013-Thriller-obal-pred.jpeg","datePublished":"2024-05-07T11:13:04+00:00","dateModified":"2024-12-27T04:49:09+00:00","breadcrumb":{"@id":"https:\/\/www.rockarena.sk\/?product=michael-jackson-thriller#breadcrumb"},"inLanguage":"sk-SK","potentialAction":[{"@type":"ReadAction","target":["https:\/\/www.rockarena.sk\/?product=michael-jackson-thriller"]}]},{"@type":"ImageObject","inLanguage":"sk-SK","@id":"https:\/\/www.rockarena.sk\/?product=michael-jackson-thriller#primaryimage","url":"https:\/\/www.rockarena.sk\/wp-content\/uploads\/2024\/05\/Michael-Jackson-\u2013-Thriller-obal-pred.jpeg","contentUrl":"https:\/\/www.rockarena.sk\/wp-content\/uploads\/2024\/05\/Michael-Jackson-\u2013-Thriller-obal-pred.jpeg","width":744,"height":743},{"@type":"BreadcrumbList","@id":"https:\/\/www.rockarena.sk\/?product=michael-jackson-thriller#breadcrumb","itemListElement":[{"@type":"ListItem","position":1,"name":"Domovsk\u00e1 str\u00e1nka","item":"https:\/\/www.rockarena.sk\/"},{"@type":"ListItem","position":2,"name":"Obchod","item":"https:\/\/www.rockarena.sk\/"},{"@type":"ListItem","position":3,"name":"Michael Jackson \u2013 Thriller"}]},{"@type":"WebSite","@id":"https:\/\/www.rockarena.sk\/#website","url":"https:\/\/www.rockarena.sk\/","name":"RockArena - Fan web","description":"Online baz\u00e1r LP platn\u00ed a hifi techniky","publisher":{"@id":"https:\/\/www.rockarena.sk\/#organization"},"potentialAction":[{"@type":"SearchAction","target":{"@type":"EntryPoint","urlTemplate":"https:\/\/www.rockarena.sk\/?s={search_term_string}"},"query-input":{"@type":"PropertyValueSpecification","valueRequired":true,"valueName":"search_term_string"}}],"inLanguage":"sk-SK"},{"@type":"Organization","@id":"https:\/\/www.rockarena.sk\/#organization","name":"RockArena - Fan web","url":"https:\/\/www.rockarena.sk\/","logo":{"@type":"ImageObject","inLanguage":"sk-SK","@id":"https:\/\/www.rockarena.sk\/#\/schema\/logo\/image\/","url":"https:\/\/www.rockarena.sk\/wp-content\/uploads\/2024\/09\/cropped-rockarena-logo.png","contentUrl":"https:\/\/www.rockarena.sk\/wp-content\/uploads\/2024\/09\/cropped-rockarena-logo.png","width":500,"height":500,"caption":"RockArena - Fan web"},"image":{"@id":"https:\/\/www.rockarena.sk\/#\/schema\/logo\/image\/"}}]}},"_links":{"self":[{"href":"https:\/\/www.rockarena.sk\/index.php?rest_route=\/wp\/v2\/product\/186","targetHints":{"allow":["GET"]}}],"collection":[{"href":"https:\/\/www.rockarena.sk\/index.php?rest_route=\/wp\/v2\/product"}],"about":[{"href":"https:\/\/www.rockarena.sk\/index.php?rest_route=\/wp\/v2\/types\/product"}],"replies":[{"embeddable":true,"href":"https:\/\/www.rockarena.sk\/index.php?rest_route=%2Fwp%2Fv2%2Fcomments&post=186"}],"wp:featuredmedia":[{"embeddable":true,"href":"https:\/\/www.rockarena.sk\/index.php?rest_route=\/wp\/v2\/media\/344"}],"wp:attachment":[{"href":"https:\/\/www.rockarena.sk\/index.php?rest_route=%2Fwp%2Fv2%2Fmedia&parent=186"}],"wp:term":[{"taxonomy":"product_brand","embeddable":true,"href":"https:\/\/www.rockarena.sk\/index.php?rest_route=%2Fwp%2Fv2%2Fproduct_brand&post=186"},{"taxonomy":"product_cat","embeddable":true,"href":"https:\/\/www.rockarena.sk\/index.php?rest_route=%2Fwp%2Fv2%2Fproduct_cat&post=186"},{"taxonomy":"product_tag","embeddable":true,"href":"https:\/\/www.rockarena.sk\/index.php?rest_route=%2Fwp%2Fv2%2Fproduct_tag&post=186"}],"curies":[{"name":"wp","href":"https:\/\/api.w.org\/{rel}","templated":true}]}}