{"id":211,"date":"2024-05-07T13:13:30","date_gmt":"2024-05-07T11:13:30","guid":{"rendered":"https:\/\/www.rockarena.sk\/?post_type=product&#038;p=211"},"modified":"2025-01-22T20:19:17","modified_gmt":"2025-01-22T19:19:17","slug":"the-very-best-of-tom-jones","status":"publish","type":"product","link":"https:\/\/www.rockarena.sk\/?product=the-very-best-of-tom-jones","title":{"rendered":"The Very Best Of Tom Jones"},"content":{"rendered":"<h3><strong>Info<\/strong><\/h3>\n<p><strong>\u017d\u00e1ner:<\/strong> <a href=\"https:\/\/www.mediamarkett.sk\/product-tag\/pop\/\">Pop<\/a><\/p>\n<p><strong>Rok vydania:<\/strong> 1976<\/p>\n<p><strong>Vydavate\u013e:<\/strong> EMI Records\/Opus<\/p>\n<h3><strong>Stav<\/strong><\/h3>\n<p><strong>Obal:<\/strong> Excellent<\/p>\n<p><strong>Doska:<\/strong> Excellent<\/p>\n<h3>Track List<\/h3>\n<table class=\"tracklist\">\n<tbody>\n<tr>\n<td>A1<\/td>\n<td>Daughter Of Darkness<\/td>\n<\/tr>\n<tr>\n<td>A2<\/td>\n<td>If<\/td>\n<\/tr>\n<tr>\n<td>A3<\/td>\n<td>Letter To Lucille<\/td>\n<\/tr>\n<tr>\n<td>A4<\/td>\n<td>Brother Can You Spare Me A Dime<\/td>\n<\/tr>\n<tr>\n<td>A5<\/td>\n<td>If I Ruled The World<\/td>\n<\/tr>\n<tr>\n<td>A6<\/td>\n<td>My Way<\/td>\n<\/tr>\n<tr>\n<td>A7<\/td>\n<td>Try A Little Tenderness<\/td>\n<\/tr>\n<tr>\n<td>A8<\/td>\n<td>Puppet Man<\/td>\n<\/tr>\n<tr>\n<td>A9<\/td>\n<td>Proud Mary<\/td>\n<\/tr>\n<tr>\n<td>B1<\/td>\n<td>She&#8217;s A Lady<\/td>\n<\/tr>\n<tr>\n<td>B2<\/td>\n<td>Ebb Tide<\/td>\n<\/tr>\n<tr>\n<td>B3<\/td>\n<td>Ballad Of Billy Joe<\/td>\n<\/tr>\n<tr>\n<td>B4<\/td>\n<td>Nothing Rhymed<\/td>\n<\/tr>\n<tr>\n<td>B5<\/td>\n<td>The Young New Mexican Puppeteer<\/td>\n<\/tr>\n<tr>\n<td>B6<\/td>\n<td>The Resurrection Shuffle<\/td>\n<\/tr>\n<tr>\n<td>B7<\/td>\n<td>I (Who Have Nothing)<\/td>\n<\/tr>\n<tr>\n<td>B8<\/td>\n<td>The Impossible Dream<\/td>\n<\/tr>\n<tr>\n<td>B9<\/td>\n<td>Somethin&#8216; &#8218;Bout You Baby I Like<\/td>\n<\/tr>\n<\/tbody>\n<\/table>\n","protected":false},"excerpt":{"rendered":"<p>Info \u017d\u00e1ner: Pop Rok vydania: 1976 Vydavate\u013e: EMI Records\/Opus Stav Obal: Excellent Doska: Excellent Track List A1 Daughter Of Darkness A2 If A3 Letter To Lucille A4 Brother Can You Spare Me A Dime A5 If I Ruled The World A6 My Way A7 Try A Little Tenderness A8 Puppet Man A9 Proud Mary B1 [&hellip;]<\/p>\n","protected":false},"featured_media":369,"comment_status":"open","ping_status":"closed","template":"","meta":[],"product_brand":[],"product_cat":[20],"product_tag":[28,76],"class_list":{"0":"post-211","1":"product","2":"type-product","3":"status-publish","4":"has-post-thumbnail","6":"product_cat-platne-bazar","7":"product_tag-pop","8":"product_tag-tom-jones","9":"product_shipping_class-platne","11":"first","12":"outofstock","13":"sale","14":"sold-individually","15":"shipping-taxable","16":"purchasable","17":"product-type-simple"},"yoast_head":"<!-- This site is optimized with the Yoast SEO plugin v26.9 - https:\/\/yoast.com\/product\/yoast-seo-wordpress\/ -->\n<title>The Very Best Of Tom Jones - RockArena - Fan web<\/title>\n<meta name=\"robots\" content=\"index, follow, max-snippet:-1, max-image-preview:large, max-video-preview:-1\" \/>\n<link rel=\"canonical\" href=\"https:\/\/www.rockarena.sk\/?product=the-very-best-of-tom-jones\" \/>\n<meta property=\"og:locale\" content=\"sk_SK\" \/>\n<meta property=\"og:type\" content=\"article\" \/>\n<meta property=\"og:title\" content=\"The Very Best Of Tom Jones - RockArena - Fan web\" \/>\n<meta property=\"og:description\" content=\"Info \u017d\u00e1ner: Pop Rok vydania: 1976 Vydavate\u013e: EMI Records\/Opus Stav Obal: Excellent Doska: Excellent Track List A1 Daughter Of Darkness A2 If A3 Letter To Lucille A4 Brother Can You Spare Me A Dime A5 If I Ruled The World A6 My Way A7 Try A Little Tenderness A8 Puppet Man A9 Proud Mary B1 [&hellip;]\" \/>\n<meta property=\"og:url\" content=\"https:\/\/www.rockarena.sk\/?product=the-very-best-of-tom-jones\" \/>\n<meta property=\"og:site_name\" content=\"RockArena - Fan web\" \/>\n<meta property=\"article:modified_time\" content=\"2025-01-22T19:19:17+00:00\" \/>\n<meta name=\"twitter:card\" content=\"summary_large_image\" \/>\n<script type=\"application\/ld+json\" class=\"yoast-schema-graph\">{\"@context\":\"https:\/\/schema.org\",\"@graph\":[{\"@type\":\"WebPage\",\"@id\":\"https:\/\/www.rockarena.sk\/?product=the-very-best-of-tom-jones\",\"url\":\"https:\/\/www.rockarena.sk\/?product=the-very-best-of-tom-jones\",\"name\":\"The Very Best Of Tom Jones - RockArena - Fan web\",\"isPartOf\":{\"@id\":\"https:\/\/www.rockarena.sk\/#website\"},\"primaryImageOfPage\":{\"@id\":\"https:\/\/www.rockarena.sk\/?product=the-very-best-of-tom-jones#primaryimage\"},\"image\":{\"@id\":\"https:\/\/www.rockarena.sk\/?product=the-very-best-of-tom-jones#primaryimage\"},\"thumbnailUrl\":\"https:\/\/www.rockarena.sk\/wp-content\/uploads\/2024\/05\/The-Very-Best-Of-Tom-Jones-obal-pred.jpeg\",\"datePublished\":\"2024-05-07T11:13:30+00:00\",\"dateModified\":\"2025-01-22T19:19:17+00:00\",\"breadcrumb\":{\"@id\":\"https:\/\/www.rockarena.sk\/?product=the-very-best-of-tom-jones#breadcrumb\"},\"inLanguage\":\"sk-SK\",\"potentialAction\":[{\"@type\":\"ReadAction\",\"target\":[\"https:\/\/www.rockarena.sk\/?product=the-very-best-of-tom-jones\"]}]},{\"@type\":\"ImageObject\",\"inLanguage\":\"sk-SK\",\"@id\":\"https:\/\/www.rockarena.sk\/?product=the-very-best-of-tom-jones#primaryimage\",\"url\":\"https:\/\/www.rockarena.sk\/wp-content\/uploads\/2024\/05\/The-Very-Best-Of-Tom-Jones-obal-pred.jpeg\",\"contentUrl\":\"https:\/\/www.rockarena.sk\/wp-content\/uploads\/2024\/05\/The-Very-Best-Of-Tom-Jones-obal-pred.jpeg\",\"width\":735,\"height\":744},{\"@type\":\"BreadcrumbList\",\"@id\":\"https:\/\/www.rockarena.sk\/?product=the-very-best-of-tom-jones#breadcrumb\",\"itemListElement\":[{\"@type\":\"ListItem\",\"position\":1,\"name\":\"Domovsk\u00e1 str\u00e1nka\",\"item\":\"https:\/\/www.rockarena.sk\/\"},{\"@type\":\"ListItem\",\"position\":2,\"name\":\"Obchod\",\"item\":\"https:\/\/www.rockarena.sk\/\"},{\"@type\":\"ListItem\",\"position\":3,\"name\":\"The Very Best Of Tom Jones\"}]},{\"@type\":\"WebSite\",\"@id\":\"https:\/\/www.rockarena.sk\/#website\",\"url\":\"https:\/\/www.rockarena.sk\/\",\"name\":\"RockArena - Fan web\",\"description\":\"Online baz\u00e1r LP platn\u00ed a hifi techniky\",\"publisher\":{\"@id\":\"https:\/\/www.rockarena.sk\/#organization\"},\"potentialAction\":[{\"@type\":\"SearchAction\",\"target\":{\"@type\":\"EntryPoint\",\"urlTemplate\":\"https:\/\/www.rockarena.sk\/?s={search_term_string}\"},\"query-input\":{\"@type\":\"PropertyValueSpecification\",\"valueRequired\":true,\"valueName\":\"search_term_string\"}}],\"inLanguage\":\"sk-SK\"},{\"@type\":\"Organization\",\"@id\":\"https:\/\/www.rockarena.sk\/#organization\",\"name\":\"RockArena - Fan web\",\"url\":\"https:\/\/www.rockarena.sk\/\",\"logo\":{\"@type\":\"ImageObject\",\"inLanguage\":\"sk-SK\",\"@id\":\"https:\/\/www.rockarena.sk\/#\/schema\/logo\/image\/\",\"url\":\"https:\/\/www.rockarena.sk\/wp-content\/uploads\/2024\/09\/cropped-rockarena-logo.png\",\"contentUrl\":\"https:\/\/www.rockarena.sk\/wp-content\/uploads\/2024\/09\/cropped-rockarena-logo.png\",\"width\":500,\"height\":500,\"caption\":\"RockArena - Fan web\"},\"image\":{\"@id\":\"https:\/\/www.rockarena.sk\/#\/schema\/logo\/image\/\"}}]}<\/script>\n<!-- \/ Yoast SEO plugin. -->","yoast_head_json":{"title":"The Very Best Of Tom Jones - RockArena - Fan web","robots":{"index":"index","follow":"follow","max-snippet":"max-snippet:-1","max-image-preview":"max-image-preview:large","max-video-preview":"max-video-preview:-1"},"canonical":"https:\/\/www.rockarena.sk\/?product=the-very-best-of-tom-jones","og_locale":"sk_SK","og_type":"article","og_title":"The Very Best Of Tom Jones - RockArena - Fan web","og_description":"Info \u017d\u00e1ner: Pop Rok vydania: 1976 Vydavate\u013e: EMI Records\/Opus Stav Obal: Excellent Doska: Excellent Track List A1 Daughter Of Darkness A2 If A3 Letter To Lucille A4 Brother Can You Spare Me A Dime A5 If I Ruled The World A6 My Way A7 Try A Little Tenderness A8 Puppet Man A9 Proud Mary B1 [&hellip;]","og_url":"https:\/\/www.rockarena.sk\/?product=the-very-best-of-tom-jones","og_site_name":"RockArena - Fan web","article_modified_time":"2025-01-22T19:19:17+00:00","twitter_card":"summary_large_image","schema":{"@context":"https:\/\/schema.org","@graph":[{"@type":"WebPage","@id":"https:\/\/www.rockarena.sk\/?product=the-very-best-of-tom-jones","url":"https:\/\/www.rockarena.sk\/?product=the-very-best-of-tom-jones","name":"The Very Best Of Tom Jones - RockArena - Fan web","isPartOf":{"@id":"https:\/\/www.rockarena.sk\/#website"},"primaryImageOfPage":{"@id":"https:\/\/www.rockarena.sk\/?product=the-very-best-of-tom-jones#primaryimage"},"image":{"@id":"https:\/\/www.rockarena.sk\/?product=the-very-best-of-tom-jones#primaryimage"},"thumbnailUrl":"https:\/\/www.rockarena.sk\/wp-content\/uploads\/2024\/05\/The-Very-Best-Of-Tom-Jones-obal-pred.jpeg","datePublished":"2024-05-07T11:13:30+00:00","dateModified":"2025-01-22T19:19:17+00:00","breadcrumb":{"@id":"https:\/\/www.rockarena.sk\/?product=the-very-best-of-tom-jones#breadcrumb"},"inLanguage":"sk-SK","potentialAction":[{"@type":"ReadAction","target":["https:\/\/www.rockarena.sk\/?product=the-very-best-of-tom-jones"]}]},{"@type":"ImageObject","inLanguage":"sk-SK","@id":"https:\/\/www.rockarena.sk\/?product=the-very-best-of-tom-jones#primaryimage","url":"https:\/\/www.rockarena.sk\/wp-content\/uploads\/2024\/05\/The-Very-Best-Of-Tom-Jones-obal-pred.jpeg","contentUrl":"https:\/\/www.rockarena.sk\/wp-content\/uploads\/2024\/05\/The-Very-Best-Of-Tom-Jones-obal-pred.jpeg","width":735,"height":744},{"@type":"BreadcrumbList","@id":"https:\/\/www.rockarena.sk\/?product=the-very-best-of-tom-jones#breadcrumb","itemListElement":[{"@type":"ListItem","position":1,"name":"Domovsk\u00e1 str\u00e1nka","item":"https:\/\/www.rockarena.sk\/"},{"@type":"ListItem","position":2,"name":"Obchod","item":"https:\/\/www.rockarena.sk\/"},{"@type":"ListItem","position":3,"name":"The Very Best Of Tom Jones"}]},{"@type":"WebSite","@id":"https:\/\/www.rockarena.sk\/#website","url":"https:\/\/www.rockarena.sk\/","name":"RockArena - Fan web","description":"Online baz\u00e1r LP platn\u00ed a hifi techniky","publisher":{"@id":"https:\/\/www.rockarena.sk\/#organization"},"potentialAction":[{"@type":"SearchAction","target":{"@type":"EntryPoint","urlTemplate":"https:\/\/www.rockarena.sk\/?s={search_term_string}"},"query-input":{"@type":"PropertyValueSpecification","valueRequired":true,"valueName":"search_term_string"}}],"inLanguage":"sk-SK"},{"@type":"Organization","@id":"https:\/\/www.rockarena.sk\/#organization","name":"RockArena - Fan web","url":"https:\/\/www.rockarena.sk\/","logo":{"@type":"ImageObject","inLanguage":"sk-SK","@id":"https:\/\/www.rockarena.sk\/#\/schema\/logo\/image\/","url":"https:\/\/www.rockarena.sk\/wp-content\/uploads\/2024\/09\/cropped-rockarena-logo.png","contentUrl":"https:\/\/www.rockarena.sk\/wp-content\/uploads\/2024\/09\/cropped-rockarena-logo.png","width":500,"height":500,"caption":"RockArena - Fan web"},"image":{"@id":"https:\/\/www.rockarena.sk\/#\/schema\/logo\/image\/"}}]}},"_links":{"self":[{"href":"https:\/\/www.rockarena.sk\/index.php?rest_route=\/wp\/v2\/product\/211","targetHints":{"allow":["GET"]}}],"collection":[{"href":"https:\/\/www.rockarena.sk\/index.php?rest_route=\/wp\/v2\/product"}],"about":[{"href":"https:\/\/www.rockarena.sk\/index.php?rest_route=\/wp\/v2\/types\/product"}],"replies":[{"embeddable":true,"href":"https:\/\/www.rockarena.sk\/index.php?rest_route=%2Fwp%2Fv2%2Fcomments&post=211"}],"wp:featuredmedia":[{"embeddable":true,"href":"https:\/\/www.rockarena.sk\/index.php?rest_route=\/wp\/v2\/media\/369"}],"wp:attachment":[{"href":"https:\/\/www.rockarena.sk\/index.php?rest_route=%2Fwp%2Fv2%2Fmedia&parent=211"}],"wp:term":[{"taxonomy":"product_brand","embeddable":true,"href":"https:\/\/www.rockarena.sk\/index.php?rest_route=%2Fwp%2Fv2%2Fproduct_brand&post=211"},{"taxonomy":"product_cat","embeddable":true,"href":"https:\/\/www.rockarena.sk\/index.php?rest_route=%2Fwp%2Fv2%2Fproduct_cat&post=211"},{"taxonomy":"product_tag","embeddable":true,"href":"https:\/\/www.rockarena.sk\/index.php?rest_route=%2Fwp%2Fv2%2Fproduct_tag&post=211"}],"curies":[{"name":"wp","href":"https:\/\/api.w.org\/{rel}","templated":true}]}}