{"id":232,"date":"2024-05-07T13:13:52","date_gmt":"2024-05-07T11:13:52","guid":{"rendered":"https:\/\/www.rockarena.sk\/?post_type=product&#038;p=232"},"modified":"2024-05-07T13:16:29","modified_gmt":"2024-05-07T11:16:29","slug":"elvis-presley-rock-and-roll","status":"publish","type":"product","link":"https:\/\/www.rockarena.sk\/?product=elvis-presley-rock-and-roll","title":{"rendered":"Elvis Presley \u2013 Rock-And-Roll"},"content":{"rendered":"<h3><strong>Info<\/strong><\/h3>\n<p><strong>\u017d\u00e1ner:<\/strong> <a href=\"https:\/\/www.mediamarkett.sk\/product-tag\/rock\/\">Rock<\/a><\/p>\n<p><strong>Rok vydania:<\/strong> 1986<\/p>\n<p><strong>Vydavate\u013e:<\/strong> Balkanton<\/p>\n<h3><strong>Stav<\/strong><\/h3>\n<p><strong>Obal:<\/strong> Excellent<\/p>\n<p><strong>Doska:<\/strong> Near mint<\/p>\n<h3>Track List<\/h3>\n<table class=\"tracklist\">\n<tbody>\n<tr>\n<td>A1<\/td>\n<td>Teddy Bear<\/td>\n<\/tr>\n<tr>\n<td>A2<\/td>\n<td>Jailhouse Rock<\/td>\n<\/tr>\n<tr>\n<td>A3<\/td>\n<td>A Fool Such As I<\/td>\n<\/tr>\n<tr>\n<td>A4<\/td>\n<td>My Wish Came True<\/td>\n<\/tr>\n<tr>\n<td>A5<\/td>\n<td>Parthy<\/td>\n<\/tr>\n<tr>\n<td>A6<\/td>\n<td>It&#8217;s Now Or Never<\/td>\n<\/tr>\n<tr>\n<td>A7<\/td>\n<td>The Girl Of My Best Friend<\/td>\n<\/tr>\n<tr>\n<td>A8<\/td>\n<td>Are You Lonesome Tonight<\/td>\n<\/tr>\n<tr>\n<td>B1<\/td>\n<td>That&#8217;s All Right<\/td>\n<\/tr>\n<tr>\n<td>B2<\/td>\n<td>Love Me<\/td>\n<\/tr>\n<tr>\n<td>B3<\/td>\n<td>All Shock Up<\/td>\n<\/tr>\n<tr>\n<td>B4<\/td>\n<td>That&#8217;s When Your Heartaches Begin<\/td>\n<\/tr>\n<tr>\n<td>B5<\/td>\n<td>King Creole<\/td>\n<\/tr>\n<tr>\n<td>B6<\/td>\n<td>Don&#8217;t<\/td>\n<\/tr>\n<tr>\n<td>B7<\/td>\n<td>Wear My Ring Around Your Neck<\/td>\n<\/tr>\n<tr>\n<td>B8<\/td>\n<td>A Mess Of Blues<\/td>\n<\/tr>\n<\/tbody>\n<\/table>\n","protected":false},"excerpt":{"rendered":"<p>Info \u017d\u00e1ner: Rock Rok vydania: 1986 Vydavate\u013e: Balkanton Stav Obal: Excellent Doska: Near mint Track List A1 Teddy Bear A2 Jailhouse Rock A3 A Fool Such As I A4 My Wish Came True A5 Parthy A6 It&#8217;s Now Or Never A7 The Girl Of My Best Friend A8 Are You Lonesome Tonight B1 That&#8217;s All [&hellip;]<\/p>\n","protected":false},"featured_media":382,"comment_status":"open","ping_status":"closed","template":"","meta":[],"product_brand":[],"product_cat":[20],"product_tag":[78,32],"class_list":{"0":"post-232","1":"product","2":"type-product","3":"status-publish","4":"has-post-thumbnail","6":"product_cat-platne-bazar","7":"product_tag-elvis-presley","8":"product_tag-rock","9":"product_shipping_class-platne","11":"first","12":"instock","13":"sale","14":"sold-individually","15":"shipping-taxable","16":"purchasable","17":"product-type-simple"},"yoast_head":"<!-- This site is optimized with the Yoast SEO plugin v26.9 - https:\/\/yoast.com\/product\/yoast-seo-wordpress\/ -->\n<title>Elvis Presley \u2013 Rock-And-Roll - RockArena - Fan web<\/title>\n<meta name=\"robots\" content=\"index, follow, max-snippet:-1, max-image-preview:large, max-video-preview:-1\" \/>\n<link rel=\"canonical\" href=\"https:\/\/www.rockarena.sk\/?product=elvis-presley-rock-and-roll\" \/>\n<meta property=\"og:locale\" content=\"sk_SK\" \/>\n<meta property=\"og:type\" content=\"article\" \/>\n<meta property=\"og:title\" content=\"Elvis Presley \u2013 Rock-And-Roll - RockArena - Fan web\" \/>\n<meta property=\"og:description\" content=\"Info \u017d\u00e1ner: Rock Rok vydania: 1986 Vydavate\u013e: Balkanton Stav Obal: Excellent Doska: Near mint Track List A1 Teddy Bear A2 Jailhouse Rock A3 A Fool Such As I A4 My Wish Came True A5 Parthy A6 It&#8217;s Now Or Never A7 The Girl Of My Best Friend A8 Are You Lonesome Tonight B1 That&#8217;s All [&hellip;]\" \/>\n<meta property=\"og:url\" content=\"https:\/\/www.rockarena.sk\/?product=elvis-presley-rock-and-roll\" \/>\n<meta property=\"og:site_name\" content=\"RockArena - Fan web\" \/>\n<meta property=\"article:modified_time\" content=\"2024-05-07T11:16:29+00:00\" \/>\n<meta name=\"twitter:card\" content=\"summary_large_image\" \/>\n<script type=\"application\/ld+json\" class=\"yoast-schema-graph\">{\"@context\":\"https:\/\/schema.org\",\"@graph\":[{\"@type\":\"WebPage\",\"@id\":\"https:\/\/www.rockarena.sk\/?product=elvis-presley-rock-and-roll\",\"url\":\"https:\/\/www.rockarena.sk\/?product=elvis-presley-rock-and-roll\",\"name\":\"Elvis Presley \u2013 Rock-And-Roll - RockArena - Fan web\",\"isPartOf\":{\"@id\":\"https:\/\/www.rockarena.sk\/#website\"},\"primaryImageOfPage\":{\"@id\":\"https:\/\/www.rockarena.sk\/?product=elvis-presley-rock-and-roll#primaryimage\"},\"image\":{\"@id\":\"https:\/\/www.rockarena.sk\/?product=elvis-presley-rock-and-roll#primaryimage\"},\"thumbnailUrl\":\"https:\/\/www.rockarena.sk\/wp-content\/uploads\/2024\/05\/Elvis-Presley-\u2013-Rock-And-Roll-obal-pred.jpeg\",\"datePublished\":\"2024-05-07T11:13:52+00:00\",\"dateModified\":\"2024-05-07T11:16:29+00:00\",\"breadcrumb\":{\"@id\":\"https:\/\/www.rockarena.sk\/?product=elvis-presley-rock-and-roll#breadcrumb\"},\"inLanguage\":\"sk-SK\",\"potentialAction\":[{\"@type\":\"ReadAction\",\"target\":[\"https:\/\/www.rockarena.sk\/?product=elvis-presley-rock-and-roll\"]}]},{\"@type\":\"ImageObject\",\"inLanguage\":\"sk-SK\",\"@id\":\"https:\/\/www.rockarena.sk\/?product=elvis-presley-rock-and-roll#primaryimage\",\"url\":\"https:\/\/www.rockarena.sk\/wp-content\/uploads\/2024\/05\/Elvis-Presley-\u2013-Rock-And-Roll-obal-pred.jpeg\",\"contentUrl\":\"https:\/\/www.rockarena.sk\/wp-content\/uploads\/2024\/05\/Elvis-Presley-\u2013-Rock-And-Roll-obal-pred.jpeg\",\"width\":714,\"height\":712},{\"@type\":\"BreadcrumbList\",\"@id\":\"https:\/\/www.rockarena.sk\/?product=elvis-presley-rock-and-roll#breadcrumb\",\"itemListElement\":[{\"@type\":\"ListItem\",\"position\":1,\"name\":\"Domovsk\u00e1 str\u00e1nka\",\"item\":\"https:\/\/www.rockarena.sk\/\"},{\"@type\":\"ListItem\",\"position\":2,\"name\":\"Obchod\",\"item\":\"https:\/\/www.rockarena.sk\/\"},{\"@type\":\"ListItem\",\"position\":3,\"name\":\"Elvis Presley \u2013 Rock-And-Roll\"}]},{\"@type\":\"WebSite\",\"@id\":\"https:\/\/www.rockarena.sk\/#website\",\"url\":\"https:\/\/www.rockarena.sk\/\",\"name\":\"RockArena - Fan web\",\"description\":\"Online baz\u00e1r LP platn\u00ed a hifi techniky\",\"publisher\":{\"@id\":\"https:\/\/www.rockarena.sk\/#organization\"},\"potentialAction\":[{\"@type\":\"SearchAction\",\"target\":{\"@type\":\"EntryPoint\",\"urlTemplate\":\"https:\/\/www.rockarena.sk\/?s={search_term_string}\"},\"query-input\":{\"@type\":\"PropertyValueSpecification\",\"valueRequired\":true,\"valueName\":\"search_term_string\"}}],\"inLanguage\":\"sk-SK\"},{\"@type\":\"Organization\",\"@id\":\"https:\/\/www.rockarena.sk\/#organization\",\"name\":\"RockArena - Fan web\",\"url\":\"https:\/\/www.rockarena.sk\/\",\"logo\":{\"@type\":\"ImageObject\",\"inLanguage\":\"sk-SK\",\"@id\":\"https:\/\/www.rockarena.sk\/#\/schema\/logo\/image\/\",\"url\":\"https:\/\/www.rockarena.sk\/wp-content\/uploads\/2024\/09\/cropped-rockarena-logo.png\",\"contentUrl\":\"https:\/\/www.rockarena.sk\/wp-content\/uploads\/2024\/09\/cropped-rockarena-logo.png\",\"width\":500,\"height\":500,\"caption\":\"RockArena - Fan web\"},\"image\":{\"@id\":\"https:\/\/www.rockarena.sk\/#\/schema\/logo\/image\/\"}}]}<\/script>\n<!-- \/ Yoast SEO plugin. -->","yoast_head_json":{"title":"Elvis Presley \u2013 Rock-And-Roll - RockArena - Fan web","robots":{"index":"index","follow":"follow","max-snippet":"max-snippet:-1","max-image-preview":"max-image-preview:large","max-video-preview":"max-video-preview:-1"},"canonical":"https:\/\/www.rockarena.sk\/?product=elvis-presley-rock-and-roll","og_locale":"sk_SK","og_type":"article","og_title":"Elvis Presley \u2013 Rock-And-Roll - RockArena - Fan web","og_description":"Info \u017d\u00e1ner: Rock Rok vydania: 1986 Vydavate\u013e: Balkanton Stav Obal: Excellent Doska: Near mint Track List A1 Teddy Bear A2 Jailhouse Rock A3 A Fool Such As I A4 My Wish Came True A5 Parthy A6 It&#8217;s Now Or Never A7 The Girl Of My Best Friend A8 Are You Lonesome Tonight B1 That&#8217;s All [&hellip;]","og_url":"https:\/\/www.rockarena.sk\/?product=elvis-presley-rock-and-roll","og_site_name":"RockArena - Fan web","article_modified_time":"2024-05-07T11:16:29+00:00","twitter_card":"summary_large_image","schema":{"@context":"https:\/\/schema.org","@graph":[{"@type":"WebPage","@id":"https:\/\/www.rockarena.sk\/?product=elvis-presley-rock-and-roll","url":"https:\/\/www.rockarena.sk\/?product=elvis-presley-rock-and-roll","name":"Elvis Presley \u2013 Rock-And-Roll - RockArena - Fan web","isPartOf":{"@id":"https:\/\/www.rockarena.sk\/#website"},"primaryImageOfPage":{"@id":"https:\/\/www.rockarena.sk\/?product=elvis-presley-rock-and-roll#primaryimage"},"image":{"@id":"https:\/\/www.rockarena.sk\/?product=elvis-presley-rock-and-roll#primaryimage"},"thumbnailUrl":"https:\/\/www.rockarena.sk\/wp-content\/uploads\/2024\/05\/Elvis-Presley-\u2013-Rock-And-Roll-obal-pred.jpeg","datePublished":"2024-05-07T11:13:52+00:00","dateModified":"2024-05-07T11:16:29+00:00","breadcrumb":{"@id":"https:\/\/www.rockarena.sk\/?product=elvis-presley-rock-and-roll#breadcrumb"},"inLanguage":"sk-SK","potentialAction":[{"@type":"ReadAction","target":["https:\/\/www.rockarena.sk\/?product=elvis-presley-rock-and-roll"]}]},{"@type":"ImageObject","inLanguage":"sk-SK","@id":"https:\/\/www.rockarena.sk\/?product=elvis-presley-rock-and-roll#primaryimage","url":"https:\/\/www.rockarena.sk\/wp-content\/uploads\/2024\/05\/Elvis-Presley-\u2013-Rock-And-Roll-obal-pred.jpeg","contentUrl":"https:\/\/www.rockarena.sk\/wp-content\/uploads\/2024\/05\/Elvis-Presley-\u2013-Rock-And-Roll-obal-pred.jpeg","width":714,"height":712},{"@type":"BreadcrumbList","@id":"https:\/\/www.rockarena.sk\/?product=elvis-presley-rock-and-roll#breadcrumb","itemListElement":[{"@type":"ListItem","position":1,"name":"Domovsk\u00e1 str\u00e1nka","item":"https:\/\/www.rockarena.sk\/"},{"@type":"ListItem","position":2,"name":"Obchod","item":"https:\/\/www.rockarena.sk\/"},{"@type":"ListItem","position":3,"name":"Elvis Presley \u2013 Rock-And-Roll"}]},{"@type":"WebSite","@id":"https:\/\/www.rockarena.sk\/#website","url":"https:\/\/www.rockarena.sk\/","name":"RockArena - Fan web","description":"Online baz\u00e1r LP platn\u00ed a hifi techniky","publisher":{"@id":"https:\/\/www.rockarena.sk\/#organization"},"potentialAction":[{"@type":"SearchAction","target":{"@type":"EntryPoint","urlTemplate":"https:\/\/www.rockarena.sk\/?s={search_term_string}"},"query-input":{"@type":"PropertyValueSpecification","valueRequired":true,"valueName":"search_term_string"}}],"inLanguage":"sk-SK"},{"@type":"Organization","@id":"https:\/\/www.rockarena.sk\/#organization","name":"RockArena - Fan web","url":"https:\/\/www.rockarena.sk\/","logo":{"@type":"ImageObject","inLanguage":"sk-SK","@id":"https:\/\/www.rockarena.sk\/#\/schema\/logo\/image\/","url":"https:\/\/www.rockarena.sk\/wp-content\/uploads\/2024\/09\/cropped-rockarena-logo.png","contentUrl":"https:\/\/www.rockarena.sk\/wp-content\/uploads\/2024\/09\/cropped-rockarena-logo.png","width":500,"height":500,"caption":"RockArena - Fan web"},"image":{"@id":"https:\/\/www.rockarena.sk\/#\/schema\/logo\/image\/"}}]}},"_links":{"self":[{"href":"https:\/\/www.rockarena.sk\/index.php?rest_route=\/wp\/v2\/product\/232","targetHints":{"allow":["GET"]}}],"collection":[{"href":"https:\/\/www.rockarena.sk\/index.php?rest_route=\/wp\/v2\/product"}],"about":[{"href":"https:\/\/www.rockarena.sk\/index.php?rest_route=\/wp\/v2\/types\/product"}],"replies":[{"embeddable":true,"href":"https:\/\/www.rockarena.sk\/index.php?rest_route=%2Fwp%2Fv2%2Fcomments&post=232"}],"wp:featuredmedia":[{"embeddable":true,"href":"https:\/\/www.rockarena.sk\/index.php?rest_route=\/wp\/v2\/media\/382"}],"wp:attachment":[{"href":"https:\/\/www.rockarena.sk\/index.php?rest_route=%2Fwp%2Fv2%2Fmedia&parent=232"}],"wp:term":[{"taxonomy":"product_brand","embeddable":true,"href":"https:\/\/www.rockarena.sk\/index.php?rest_route=%2Fwp%2Fv2%2Fproduct_brand&post=232"},{"taxonomy":"product_cat","embeddable":true,"href":"https:\/\/www.rockarena.sk\/index.php?rest_route=%2Fwp%2Fv2%2Fproduct_cat&post=232"},{"taxonomy":"product_tag","embeddable":true,"href":"https:\/\/www.rockarena.sk\/index.php?rest_route=%2Fwp%2Fv2%2Fproduct_tag&post=232"}],"curies":[{"name":"wp","href":"https:\/\/api.w.org\/{rel}","templated":true}]}}