{"id":279,"date":"2024-05-07T13:14:40","date_gmt":"2024-05-07T11:14:40","guid":{"rendered":"https:\/\/www.rockarena.sk\/?post_type=product&#038;p=279"},"modified":"2024-05-07T13:17:17","modified_gmt":"2024-05-07T11:17:17","slug":"olivia-newton-john-olivia-newton-john","status":"publish","type":"product","link":"https:\/\/www.rockarena.sk\/?product=olivia-newton-john-olivia-newton-john","title":{"rendered":"Olivia Newton-John \u2013 Olivia Newton-John"},"content":{"rendered":"<h3><strong>Info<\/strong><\/h3>\n<p><strong>\u017d\u00e1ner:<\/strong> <a href=\"https:\/\/www.mediamarkett.sk\/product-tag\/folk\/\">Folk<\/a><\/p>\n<p><strong>Rok vydania:<\/strong> 1978<\/p>\n<p><strong>Vydavate\u013e:<\/strong> EMI\/Supraphon<\/p>\n<h3><strong>Stav<\/strong><\/h3>\n<p><strong>Obal:<\/strong> Excellent<\/p>\n<p><strong>Doska:<\/strong> Excellent<\/p>\n<h3>Track List<\/h3>\n<table class=\"tracklist\">\n<tbody>\n<tr>\n<td>A1<\/td>\n<td>If Not For You (Kdyby Nebylo Tebe)<\/td>\n<\/tr>\n<tr>\n<td>A2<\/td>\n<td>Banks Of The Ohio (N\u00e1kla\u010f\u00e1k)<\/td>\n<\/tr>\n<tr>\n<td>A3<\/td>\n<td>Take Me Home Country Roads (Ved Me Dal, Cesto Me)<\/td>\n<\/tr>\n<tr>\n<td>A4<\/td>\n<td>If You Love Me \/ Let Me Know (Miluje\u0161-li Mne, Dej Mi V\u011bd\u011bt)<\/td>\n<\/tr>\n<tr>\n<td>A5<\/td>\n<td>Let Me Be There (Tv\u016fj St\u00edn)<\/td>\n<\/tr>\n<tr>\n<td>A5<\/td>\n<td>Please Mr. Please (Pros\u00edm V\u00e1s)<\/td>\n<\/tr>\n<tr>\n<td>B1<\/td>\n<td>Something Better To Do (N\u011bco Lep\u0161\u00edho Na Pr\u00e1ci)<\/td>\n<\/tr>\n<tr>\n<td>B2<\/td>\n<td>Have You Never Been Mellow (Nebylo Ti Nikdy Smutno?)<\/td>\n<\/tr>\n<tr>\n<td>B3<\/td>\n<td>Come On Over (Poj\u010f Ke Mn\u011b)<\/td>\n<\/tr>\n<tr>\n<td>B4<\/td>\n<td>Don&#8217;t Stop Believin&#8216; (St\u00e1le V\u011b\u0159)<\/td>\n<\/tr>\n<tr>\n<td>B5<\/td>\n<td>Let It Shine (A\u0165 To Sv\u00edt\u00ed)<\/td>\n<\/tr>\n<tr>\n<td>B6<\/td>\n<td>He Ain&#8217;t Heavy, He&#8217;s My Brother (Nen\u00ed To \u0160patn\u00fd Kluk, Je To M\u016fj Bratr)<\/td>\n<\/tr>\n<\/tbody>\n<\/table>\n","protected":false},"excerpt":{"rendered":"<p>Info \u017d\u00e1ner: Folk Rok vydania: 1978 Vydavate\u013e: EMI\/Supraphon Stav Obal: Excellent Doska: Excellent Track List A1 If Not For You (Kdyby Nebylo Tebe) A2 Banks Of The Ohio (N\u00e1kla\u010f\u00e1k) A3 Take Me Home Country Roads (Ved Me Dal, Cesto Me) A4 If You Love Me \/ Let Me Know (Miluje\u0161-li Mne, Dej Mi V\u011bd\u011bt) A5 [&hellip;]<\/p>\n","protected":false},"featured_media":428,"comment_status":"open","ping_status":"closed","template":"","meta":[],"product_brand":[],"product_cat":[20],"product_tag":[23,90],"class_list":{"0":"post-279","1":"product","2":"type-product","3":"status-publish","4":"has-post-thumbnail","6":"product_cat-platne-bazar","7":"product_tag-folk","8":"product_tag-olivia-newton-john","9":"product_shipping_class-platne","11":"first","12":"instock","13":"sale","14":"sold-individually","15":"shipping-taxable","16":"purchasable","17":"product-type-simple"},"yoast_head":"<!-- This site is optimized with the Yoast SEO plugin v26.9 - https:\/\/yoast.com\/product\/yoast-seo-wordpress\/ -->\n<title>Olivia Newton-John \u2013 Olivia Newton-John - RockArena - Fan web<\/title>\n<meta name=\"robots\" content=\"index, follow, max-snippet:-1, max-image-preview:large, max-video-preview:-1\" \/>\n<link rel=\"canonical\" href=\"https:\/\/www.rockarena.sk\/?product=olivia-newton-john-olivia-newton-john\" \/>\n<meta property=\"og:locale\" content=\"sk_SK\" \/>\n<meta property=\"og:type\" content=\"article\" \/>\n<meta property=\"og:title\" content=\"Olivia Newton-John \u2013 Olivia Newton-John - RockArena - Fan web\" \/>\n<meta property=\"og:description\" content=\"Info \u017d\u00e1ner: Folk Rok vydania: 1978 Vydavate\u013e: EMI\/Supraphon Stav Obal: Excellent Doska: Excellent Track List A1 If Not For You (Kdyby Nebylo Tebe) A2 Banks Of The Ohio (N\u00e1kla\u010f\u00e1k) A3 Take Me Home Country Roads (Ved Me Dal, Cesto Me) A4 If You Love Me \/ Let Me Know (Miluje\u0161-li Mne, Dej Mi V\u011bd\u011bt) A5 [&hellip;]\" \/>\n<meta property=\"og:url\" content=\"https:\/\/www.rockarena.sk\/?product=olivia-newton-john-olivia-newton-john\" \/>\n<meta property=\"og:site_name\" content=\"RockArena - Fan web\" \/>\n<meta property=\"article:modified_time\" content=\"2024-05-07T11:17:17+00:00\" \/>\n<meta name=\"twitter:card\" content=\"summary_large_image\" \/>\n<meta name=\"twitter:label1\" content=\"Predpokladan\u00fd \u010das \u010d\u00edtania\" \/>\n\t<meta name=\"twitter:data1\" content=\"1 min\u00fata\" \/>\n<script type=\"application\/ld+json\" class=\"yoast-schema-graph\">{\"@context\":\"https:\/\/schema.org\",\"@graph\":[{\"@type\":\"WebPage\",\"@id\":\"https:\/\/www.rockarena.sk\/?product=olivia-newton-john-olivia-newton-john\",\"url\":\"https:\/\/www.rockarena.sk\/?product=olivia-newton-john-olivia-newton-john\",\"name\":\"Olivia Newton-John \u2013 Olivia Newton-John - RockArena - Fan web\",\"isPartOf\":{\"@id\":\"https:\/\/www.rockarena.sk\/#website\"},\"primaryImageOfPage\":{\"@id\":\"https:\/\/www.rockarena.sk\/?product=olivia-newton-john-olivia-newton-john#primaryimage\"},\"image\":{\"@id\":\"https:\/\/www.rockarena.sk\/?product=olivia-newton-john-olivia-newton-john#primaryimage\"},\"thumbnailUrl\":\"https:\/\/www.rockarena.sk\/wp-content\/uploads\/2024\/05\/Olivia-Newton-John-\u2013-Olivia-Newton-John-obal-pred.jpeg\",\"datePublished\":\"2024-05-07T11:14:40+00:00\",\"dateModified\":\"2024-05-07T11:17:17+00:00\",\"breadcrumb\":{\"@id\":\"https:\/\/www.rockarena.sk\/?product=olivia-newton-john-olivia-newton-john#breadcrumb\"},\"inLanguage\":\"sk-SK\",\"potentialAction\":[{\"@type\":\"ReadAction\",\"target\":[\"https:\/\/www.rockarena.sk\/?product=olivia-newton-john-olivia-newton-john\"]}]},{\"@type\":\"ImageObject\",\"inLanguage\":\"sk-SK\",\"@id\":\"https:\/\/www.rockarena.sk\/?product=olivia-newton-john-olivia-newton-john#primaryimage\",\"url\":\"https:\/\/www.rockarena.sk\/wp-content\/uploads\/2024\/05\/Olivia-Newton-John-\u2013-Olivia-Newton-John-obal-pred.jpeg\",\"contentUrl\":\"https:\/\/www.rockarena.sk\/wp-content\/uploads\/2024\/05\/Olivia-Newton-John-\u2013-Olivia-Newton-John-obal-pred.jpeg\",\"width\":667,\"height\":680},{\"@type\":\"BreadcrumbList\",\"@id\":\"https:\/\/www.rockarena.sk\/?product=olivia-newton-john-olivia-newton-john#breadcrumb\",\"itemListElement\":[{\"@type\":\"ListItem\",\"position\":1,\"name\":\"Domovsk\u00e1 str\u00e1nka\",\"item\":\"https:\/\/www.rockarena.sk\/\"},{\"@type\":\"ListItem\",\"position\":2,\"name\":\"Obchod\",\"item\":\"https:\/\/www.rockarena.sk\/\"},{\"@type\":\"ListItem\",\"position\":3,\"name\":\"Olivia Newton-John \u2013 Olivia Newton-John\"}]},{\"@type\":\"WebSite\",\"@id\":\"https:\/\/www.rockarena.sk\/#website\",\"url\":\"https:\/\/www.rockarena.sk\/\",\"name\":\"RockArena - Fan web\",\"description\":\"Online baz\u00e1r LP platn\u00ed a hifi techniky\",\"publisher\":{\"@id\":\"https:\/\/www.rockarena.sk\/#organization\"},\"potentialAction\":[{\"@type\":\"SearchAction\",\"target\":{\"@type\":\"EntryPoint\",\"urlTemplate\":\"https:\/\/www.rockarena.sk\/?s={search_term_string}\"},\"query-input\":{\"@type\":\"PropertyValueSpecification\",\"valueRequired\":true,\"valueName\":\"search_term_string\"}}],\"inLanguage\":\"sk-SK\"},{\"@type\":\"Organization\",\"@id\":\"https:\/\/www.rockarena.sk\/#organization\",\"name\":\"RockArena - Fan web\",\"url\":\"https:\/\/www.rockarena.sk\/\",\"logo\":{\"@type\":\"ImageObject\",\"inLanguage\":\"sk-SK\",\"@id\":\"https:\/\/www.rockarena.sk\/#\/schema\/logo\/image\/\",\"url\":\"https:\/\/www.rockarena.sk\/wp-content\/uploads\/2024\/09\/cropped-rockarena-logo.png\",\"contentUrl\":\"https:\/\/www.rockarena.sk\/wp-content\/uploads\/2024\/09\/cropped-rockarena-logo.png\",\"width\":500,\"height\":500,\"caption\":\"RockArena - Fan web\"},\"image\":{\"@id\":\"https:\/\/www.rockarena.sk\/#\/schema\/logo\/image\/\"}}]}<\/script>\n<!-- \/ Yoast SEO plugin. -->","yoast_head_json":{"title":"Olivia Newton-John \u2013 Olivia Newton-John - RockArena - Fan web","robots":{"index":"index","follow":"follow","max-snippet":"max-snippet:-1","max-image-preview":"max-image-preview:large","max-video-preview":"max-video-preview:-1"},"canonical":"https:\/\/www.rockarena.sk\/?product=olivia-newton-john-olivia-newton-john","og_locale":"sk_SK","og_type":"article","og_title":"Olivia Newton-John \u2013 Olivia Newton-John - RockArena - Fan web","og_description":"Info \u017d\u00e1ner: Folk Rok vydania: 1978 Vydavate\u013e: EMI\/Supraphon Stav Obal: Excellent Doska: Excellent Track List A1 If Not For You (Kdyby Nebylo Tebe) A2 Banks Of The Ohio (N\u00e1kla\u010f\u00e1k) A3 Take Me Home Country Roads (Ved Me Dal, Cesto Me) A4 If You Love Me \/ Let Me Know (Miluje\u0161-li Mne, Dej Mi V\u011bd\u011bt) A5 [&hellip;]","og_url":"https:\/\/www.rockarena.sk\/?product=olivia-newton-john-olivia-newton-john","og_site_name":"RockArena - Fan web","article_modified_time":"2024-05-07T11:17:17+00:00","twitter_card":"summary_large_image","twitter_misc":{"Predpokladan\u00fd \u010das \u010d\u00edtania":"1 min\u00fata"},"schema":{"@context":"https:\/\/schema.org","@graph":[{"@type":"WebPage","@id":"https:\/\/www.rockarena.sk\/?product=olivia-newton-john-olivia-newton-john","url":"https:\/\/www.rockarena.sk\/?product=olivia-newton-john-olivia-newton-john","name":"Olivia Newton-John \u2013 Olivia Newton-John - RockArena - Fan web","isPartOf":{"@id":"https:\/\/www.rockarena.sk\/#website"},"primaryImageOfPage":{"@id":"https:\/\/www.rockarena.sk\/?product=olivia-newton-john-olivia-newton-john#primaryimage"},"image":{"@id":"https:\/\/www.rockarena.sk\/?product=olivia-newton-john-olivia-newton-john#primaryimage"},"thumbnailUrl":"https:\/\/www.rockarena.sk\/wp-content\/uploads\/2024\/05\/Olivia-Newton-John-\u2013-Olivia-Newton-John-obal-pred.jpeg","datePublished":"2024-05-07T11:14:40+00:00","dateModified":"2024-05-07T11:17:17+00:00","breadcrumb":{"@id":"https:\/\/www.rockarena.sk\/?product=olivia-newton-john-olivia-newton-john#breadcrumb"},"inLanguage":"sk-SK","potentialAction":[{"@type":"ReadAction","target":["https:\/\/www.rockarena.sk\/?product=olivia-newton-john-olivia-newton-john"]}]},{"@type":"ImageObject","inLanguage":"sk-SK","@id":"https:\/\/www.rockarena.sk\/?product=olivia-newton-john-olivia-newton-john#primaryimage","url":"https:\/\/www.rockarena.sk\/wp-content\/uploads\/2024\/05\/Olivia-Newton-John-\u2013-Olivia-Newton-John-obal-pred.jpeg","contentUrl":"https:\/\/www.rockarena.sk\/wp-content\/uploads\/2024\/05\/Olivia-Newton-John-\u2013-Olivia-Newton-John-obal-pred.jpeg","width":667,"height":680},{"@type":"BreadcrumbList","@id":"https:\/\/www.rockarena.sk\/?product=olivia-newton-john-olivia-newton-john#breadcrumb","itemListElement":[{"@type":"ListItem","position":1,"name":"Domovsk\u00e1 str\u00e1nka","item":"https:\/\/www.rockarena.sk\/"},{"@type":"ListItem","position":2,"name":"Obchod","item":"https:\/\/www.rockarena.sk\/"},{"@type":"ListItem","position":3,"name":"Olivia Newton-John \u2013 Olivia Newton-John"}]},{"@type":"WebSite","@id":"https:\/\/www.rockarena.sk\/#website","url":"https:\/\/www.rockarena.sk\/","name":"RockArena - Fan web","description":"Online baz\u00e1r LP platn\u00ed a hifi techniky","publisher":{"@id":"https:\/\/www.rockarena.sk\/#organization"},"potentialAction":[{"@type":"SearchAction","target":{"@type":"EntryPoint","urlTemplate":"https:\/\/www.rockarena.sk\/?s={search_term_string}"},"query-input":{"@type":"PropertyValueSpecification","valueRequired":true,"valueName":"search_term_string"}}],"inLanguage":"sk-SK"},{"@type":"Organization","@id":"https:\/\/www.rockarena.sk\/#organization","name":"RockArena - Fan web","url":"https:\/\/www.rockarena.sk\/","logo":{"@type":"ImageObject","inLanguage":"sk-SK","@id":"https:\/\/www.rockarena.sk\/#\/schema\/logo\/image\/","url":"https:\/\/www.rockarena.sk\/wp-content\/uploads\/2024\/09\/cropped-rockarena-logo.png","contentUrl":"https:\/\/www.rockarena.sk\/wp-content\/uploads\/2024\/09\/cropped-rockarena-logo.png","width":500,"height":500,"caption":"RockArena - Fan web"},"image":{"@id":"https:\/\/www.rockarena.sk\/#\/schema\/logo\/image\/"}}]}},"_links":{"self":[{"href":"https:\/\/www.rockarena.sk\/index.php?rest_route=\/wp\/v2\/product\/279","targetHints":{"allow":["GET"]}}],"collection":[{"href":"https:\/\/www.rockarena.sk\/index.php?rest_route=\/wp\/v2\/product"}],"about":[{"href":"https:\/\/www.rockarena.sk\/index.php?rest_route=\/wp\/v2\/types\/product"}],"replies":[{"embeddable":true,"href":"https:\/\/www.rockarena.sk\/index.php?rest_route=%2Fwp%2Fv2%2Fcomments&post=279"}],"wp:featuredmedia":[{"embeddable":true,"href":"https:\/\/www.rockarena.sk\/index.php?rest_route=\/wp\/v2\/media\/428"}],"wp:attachment":[{"href":"https:\/\/www.rockarena.sk\/index.php?rest_route=%2Fwp%2Fv2%2Fmedia&parent=279"}],"wp:term":[{"taxonomy":"product_brand","embeddable":true,"href":"https:\/\/www.rockarena.sk\/index.php?rest_route=%2Fwp%2Fv2%2Fproduct_brand&post=279"},{"taxonomy":"product_cat","embeddable":true,"href":"https:\/\/www.rockarena.sk\/index.php?rest_route=%2Fwp%2Fv2%2Fproduct_cat&post=279"},{"taxonomy":"product_tag","embeddable":true,"href":"https:\/\/www.rockarena.sk\/index.php?rest_route=%2Fwp%2Fv2%2Fproduct_tag&post=279"}],"curies":[{"name":"wp","href":"https:\/\/api.w.org\/{rel}","templated":true}]}}