{"id":280,"date":"2024-05-07T13:14:40","date_gmt":"2024-05-07T11:14:40","guid":{"rendered":"https:\/\/www.rockarena.sk\/?post_type=product&#038;p=280"},"modified":"2024-05-07T13:17:21","modified_gmt":"2024-05-07T11:17:21","slug":"tight-fit-back-to-the-60s","status":"publish","type":"product","link":"https:\/\/www.rockarena.sk\/?product=tight-fit-back-to-the-60s","title":{"rendered":"Tight Fit \u2013 Back To The 60&#8217;s"},"content":{"rendered":"<h3><strong>Info<\/strong><\/h3>\n<p><strong>\u017d\u00e1ner:<\/strong> <a href=\"https:\/\/www.mediamarkett.sk\/product-tag\/pop\/\">Pop<\/a><\/p>\n<p><strong>Rok vydania:<\/strong> 1981<\/p>\n<p><strong>Vydavate\u013e:<\/strong> Music For Pleasure<\/p>\n<h3><strong>Stav<\/strong><\/h3>\n<p><strong>Obal:<\/strong> Excellent<\/p>\n<p><strong>Doska:<\/strong> Excellent<\/p>\n<h3>Track List<\/h3>\n<table class=\"tracklist\">\n<tbody>\n<tr>\n<td>A1<\/td>\n<td>Dancing In The Street<\/td>\n<\/tr>\n<tr>\n<td>A2<\/td>\n<td>(I Can&#8217;t Get No) Satisfaction<\/td>\n<\/tr>\n<tr>\n<td>A3<\/td>\n<td>You Really Got Me<\/td>\n<\/tr>\n<tr>\n<td>A4<\/td>\n<td>All Day And All Of The Night<\/td>\n<\/tr>\n<tr>\n<td>A5<\/td>\n<td>Doo Wah Diddy Diddy<\/td>\n<\/tr>\n<tr>\n<td>A6<\/td>\n<td>Pretty Flamingo<\/td>\n<\/tr>\n<tr>\n<td>A7<\/td>\n<td>Black Is Black<\/td>\n<\/tr>\n<tr>\n<td>A8<\/td>\n<td>Bend Me Shape Me<\/td>\n<\/tr>\n<tr>\n<td>A9<\/td>\n<td>High In The Sky<\/td>\n<\/tr>\n<tr>\n<td>A10<\/td>\n<td>Mr Tambourine Man<\/td>\n<\/tr>\n<tr>\n<td>A11<\/td>\n<td>Proud Mary<\/td>\n<\/tr>\n<tr>\n<td>A12<\/td>\n<td>Oh, Pretty Woman<\/td>\n<\/tr>\n<tr>\n<td>A13<\/td>\n<td>The Letter<\/td>\n<\/tr>\n<tr>\n<td>A14<\/td>\n<td>Baby Let Me Take You Home<\/td>\n<\/tr>\n<tr>\n<td>A15<\/td>\n<td>Baby Come Back<\/td>\n<\/tr>\n<tr>\n<td>A16<\/td>\n<td>How Do You Do It<\/td>\n<\/tr>\n<tr>\n<td>A17<\/td>\n<td>I Like It<\/td>\n<\/tr>\n<tr>\n<td>A18<\/td>\n<td>Tossing And Turning<\/td>\n<\/tr>\n<tr>\n<td>A19<\/td>\n<td>Hippy, Hippy Shake<\/td>\n<\/tr>\n<tr>\n<td>A20<\/td>\n<td>Mony Mony<\/td>\n<\/tr>\n<tr>\n<td>B1<\/td>\n<td>Let&#8217;s Hang On<\/td>\n<\/tr>\n<tr>\n<td>B2<\/td>\n<td>Sherry<\/td>\n<\/tr>\n<tr>\n<td>B3<\/td>\n<td>Big Girls Don&#8217;t Cry<\/td>\n<\/tr>\n<tr>\n<td>B4<\/td>\n<td>Walk Like A Man<\/td>\n<\/tr>\n<tr>\n<td>B5<\/td>\n<td>Rag Doll<\/td>\n<\/tr>\n<tr>\n<td>B6<\/td>\n<td>Dawn (Go Away)<\/td>\n<\/tr>\n<tr>\n<td>B7<\/td>\n<td>Yes I Will<\/td>\n<\/tr>\n<tr>\n<td>B8<\/td>\n<td>Stay<\/td>\n<\/tr>\n<tr>\n<td>B9<\/td>\n<td>Just One Look<\/td>\n<\/tr>\n<tr>\n<td>B10<\/td>\n<td>Here I Go Again<\/td>\n<\/tr>\n<tr>\n<td>B11<\/td>\n<td>I&#8217;m Alive<\/td>\n<\/tr>\n<tr>\n<td>B12<\/td>\n<td>There&#8217;s A Kind Of Hush (All Over The World)<\/td>\n<\/tr>\n<tr>\n<td>B13<\/td>\n<td>No Milk Today<\/td>\n<\/tr>\n<tr>\n<td>B14<\/td>\n<td>A Must To Avoid<\/td>\n<\/tr>\n<tr>\n<td>B15<\/td>\n<td>Hold Tight<\/td>\n<\/tr>\n<tr>\n<td>B16<\/td>\n<td>Legend Of Xanadu<\/td>\n<\/tr>\n<tr>\n<td>B17<\/td>\n<td>Sweets For My Sweet<\/td>\n<\/tr>\n<tr>\n<td>B18<\/td>\n<td>Sugar And Spice<\/td>\n<\/tr>\n<tr>\n<td>B19<\/td>\n<td>When You Walk In The Room<\/td>\n<\/tr>\n<tr>\n<td>B20<\/td>\n<td>Needles And Pins<\/td>\n<\/tr>\n<\/tbody>\n<\/table>\n<p>&nbsp;<\/p>\n","protected":false},"excerpt":{"rendered":"<p>Info \u017d\u00e1ner: Pop Rok vydania: 1981 Vydavate\u013e: Music For Pleasure Stav Obal: Excellent Doska: Excellent Track List A1 Dancing In The Street A2 (I Can&#8217;t Get No) Satisfaction A3 You Really Got Me A4 All Day And All Of The Night A5 Doo Wah Diddy Diddy A6 Pretty Flamingo A7 Black Is Black A8 Bend [&hellip;]<\/p>\n","protected":false},"featured_media":432,"comment_status":"open","ping_status":"closed","template":"","meta":[],"product_brand":[],"product_cat":[20],"product_tag":[28,91],"class_list":{"0":"post-280","1":"product","2":"type-product","3":"status-publish","4":"has-post-thumbnail","6":"product_cat-platne-bazar","7":"product_tag-pop","8":"product_tag-tight-fit","9":"product_shipping_class-platne","11":"first","12":"instock","13":"sale","14":"sold-individually","15":"shipping-taxable","16":"purchasable","17":"product-type-simple"},"yoast_head":"<!-- This site is optimized with the Yoast SEO plugin v26.9 - https:\/\/yoast.com\/product\/yoast-seo-wordpress\/ -->\n<title>Tight Fit \u2013 Back To The 60&#039;s - RockArena - Fan web<\/title>\n<meta name=\"robots\" content=\"index, follow, max-snippet:-1, max-image-preview:large, max-video-preview:-1\" \/>\n<link rel=\"canonical\" href=\"https:\/\/www.rockarena.sk\/?product=tight-fit-back-to-the-60s\" \/>\n<meta property=\"og:locale\" content=\"sk_SK\" \/>\n<meta property=\"og:type\" content=\"article\" \/>\n<meta property=\"og:title\" content=\"Tight Fit \u2013 Back To The 60&#039;s - RockArena - Fan web\" \/>\n<meta property=\"og:description\" content=\"Info \u017d\u00e1ner: Pop Rok vydania: 1981 Vydavate\u013e: Music For Pleasure Stav Obal: Excellent Doska: Excellent Track List A1 Dancing In The Street A2 (I Can&#8217;t Get No) Satisfaction A3 You Really Got Me A4 All Day And All Of The Night A5 Doo Wah Diddy Diddy A6 Pretty Flamingo A7 Black Is Black A8 Bend [&hellip;]\" \/>\n<meta property=\"og:url\" content=\"https:\/\/www.rockarena.sk\/?product=tight-fit-back-to-the-60s\" \/>\n<meta property=\"og:site_name\" content=\"RockArena - Fan web\" \/>\n<meta property=\"article:modified_time\" content=\"2024-05-07T11:17:21+00:00\" \/>\n<meta name=\"twitter:card\" content=\"summary_large_image\" \/>\n<meta name=\"twitter:label1\" content=\"Predpokladan\u00fd \u010das \u010d\u00edtania\" \/>\n\t<meta name=\"twitter:data1\" content=\"1 min\u00fata\" \/>\n<script type=\"application\/ld+json\" class=\"yoast-schema-graph\">{\"@context\":\"https:\/\/schema.org\",\"@graph\":[{\"@type\":\"WebPage\",\"@id\":\"https:\/\/www.rockarena.sk\/?product=tight-fit-back-to-the-60s\",\"url\":\"https:\/\/www.rockarena.sk\/?product=tight-fit-back-to-the-60s\",\"name\":\"Tight Fit \u2013 Back To The 60's - RockArena - Fan web\",\"isPartOf\":{\"@id\":\"https:\/\/www.rockarena.sk\/#website\"},\"primaryImageOfPage\":{\"@id\":\"https:\/\/www.rockarena.sk\/?product=tight-fit-back-to-the-60s#primaryimage\"},\"image\":{\"@id\":\"https:\/\/www.rockarena.sk\/?product=tight-fit-back-to-the-60s#primaryimage\"},\"thumbnailUrl\":\"https:\/\/www.rockarena.sk\/wp-content\/uploads\/2024\/05\/Tight-Fit-\u2013-Back-To-The-60s-obal-pred.jpeg\",\"datePublished\":\"2024-05-07T11:14:40+00:00\",\"dateModified\":\"2024-05-07T11:17:21+00:00\",\"breadcrumb\":{\"@id\":\"https:\/\/www.rockarena.sk\/?product=tight-fit-back-to-the-60s#breadcrumb\"},\"inLanguage\":\"sk-SK\",\"potentialAction\":[{\"@type\":\"ReadAction\",\"target\":[\"https:\/\/www.rockarena.sk\/?product=tight-fit-back-to-the-60s\"]}]},{\"@type\":\"ImageObject\",\"inLanguage\":\"sk-SK\",\"@id\":\"https:\/\/www.rockarena.sk\/?product=tight-fit-back-to-the-60s#primaryimage\",\"url\":\"https:\/\/www.rockarena.sk\/wp-content\/uploads\/2024\/05\/Tight-Fit-\u2013-Back-To-The-60s-obal-pred.jpeg\",\"contentUrl\":\"https:\/\/www.rockarena.sk\/wp-content\/uploads\/2024\/05\/Tight-Fit-\u2013-Back-To-The-60s-obal-pred.jpeg\",\"width\":697,\"height\":695},{\"@type\":\"BreadcrumbList\",\"@id\":\"https:\/\/www.rockarena.sk\/?product=tight-fit-back-to-the-60s#breadcrumb\",\"itemListElement\":[{\"@type\":\"ListItem\",\"position\":1,\"name\":\"Domovsk\u00e1 str\u00e1nka\",\"item\":\"https:\/\/www.rockarena.sk\/\"},{\"@type\":\"ListItem\",\"position\":2,\"name\":\"Obchod\",\"item\":\"https:\/\/www.rockarena.sk\/\"},{\"@type\":\"ListItem\",\"position\":3,\"name\":\"Tight Fit \u2013 Back To The 60&#8217;s\"}]},{\"@type\":\"WebSite\",\"@id\":\"https:\/\/www.rockarena.sk\/#website\",\"url\":\"https:\/\/www.rockarena.sk\/\",\"name\":\"RockArena - Fan web\",\"description\":\"Online baz\u00e1r LP platn\u00ed a hifi techniky\",\"publisher\":{\"@id\":\"https:\/\/www.rockarena.sk\/#organization\"},\"potentialAction\":[{\"@type\":\"SearchAction\",\"target\":{\"@type\":\"EntryPoint\",\"urlTemplate\":\"https:\/\/www.rockarena.sk\/?s={search_term_string}\"},\"query-input\":{\"@type\":\"PropertyValueSpecification\",\"valueRequired\":true,\"valueName\":\"search_term_string\"}}],\"inLanguage\":\"sk-SK\"},{\"@type\":\"Organization\",\"@id\":\"https:\/\/www.rockarena.sk\/#organization\",\"name\":\"RockArena - Fan web\",\"url\":\"https:\/\/www.rockarena.sk\/\",\"logo\":{\"@type\":\"ImageObject\",\"inLanguage\":\"sk-SK\",\"@id\":\"https:\/\/www.rockarena.sk\/#\/schema\/logo\/image\/\",\"url\":\"https:\/\/www.rockarena.sk\/wp-content\/uploads\/2024\/09\/cropped-rockarena-logo.png\",\"contentUrl\":\"https:\/\/www.rockarena.sk\/wp-content\/uploads\/2024\/09\/cropped-rockarena-logo.png\",\"width\":500,\"height\":500,\"caption\":\"RockArena - Fan web\"},\"image\":{\"@id\":\"https:\/\/www.rockarena.sk\/#\/schema\/logo\/image\/\"}}]}<\/script>\n<!-- \/ Yoast SEO plugin. -->","yoast_head_json":{"title":"Tight Fit \u2013 Back To The 60's - RockArena - Fan web","robots":{"index":"index","follow":"follow","max-snippet":"max-snippet:-1","max-image-preview":"max-image-preview:large","max-video-preview":"max-video-preview:-1"},"canonical":"https:\/\/www.rockarena.sk\/?product=tight-fit-back-to-the-60s","og_locale":"sk_SK","og_type":"article","og_title":"Tight Fit \u2013 Back To The 60's - RockArena - Fan web","og_description":"Info \u017d\u00e1ner: Pop Rok vydania: 1981 Vydavate\u013e: Music For Pleasure Stav Obal: Excellent Doska: Excellent Track List A1 Dancing In The Street A2 (I Can&#8217;t Get No) Satisfaction A3 You Really Got Me A4 All Day And All Of The Night A5 Doo Wah Diddy Diddy A6 Pretty Flamingo A7 Black Is Black A8 Bend [&hellip;]","og_url":"https:\/\/www.rockarena.sk\/?product=tight-fit-back-to-the-60s","og_site_name":"RockArena - Fan web","article_modified_time":"2024-05-07T11:17:21+00:00","twitter_card":"summary_large_image","twitter_misc":{"Predpokladan\u00fd \u010das \u010d\u00edtania":"1 min\u00fata"},"schema":{"@context":"https:\/\/schema.org","@graph":[{"@type":"WebPage","@id":"https:\/\/www.rockarena.sk\/?product=tight-fit-back-to-the-60s","url":"https:\/\/www.rockarena.sk\/?product=tight-fit-back-to-the-60s","name":"Tight Fit \u2013 Back To The 60's - RockArena - Fan web","isPartOf":{"@id":"https:\/\/www.rockarena.sk\/#website"},"primaryImageOfPage":{"@id":"https:\/\/www.rockarena.sk\/?product=tight-fit-back-to-the-60s#primaryimage"},"image":{"@id":"https:\/\/www.rockarena.sk\/?product=tight-fit-back-to-the-60s#primaryimage"},"thumbnailUrl":"https:\/\/www.rockarena.sk\/wp-content\/uploads\/2024\/05\/Tight-Fit-\u2013-Back-To-The-60s-obal-pred.jpeg","datePublished":"2024-05-07T11:14:40+00:00","dateModified":"2024-05-07T11:17:21+00:00","breadcrumb":{"@id":"https:\/\/www.rockarena.sk\/?product=tight-fit-back-to-the-60s#breadcrumb"},"inLanguage":"sk-SK","potentialAction":[{"@type":"ReadAction","target":["https:\/\/www.rockarena.sk\/?product=tight-fit-back-to-the-60s"]}]},{"@type":"ImageObject","inLanguage":"sk-SK","@id":"https:\/\/www.rockarena.sk\/?product=tight-fit-back-to-the-60s#primaryimage","url":"https:\/\/www.rockarena.sk\/wp-content\/uploads\/2024\/05\/Tight-Fit-\u2013-Back-To-The-60s-obal-pred.jpeg","contentUrl":"https:\/\/www.rockarena.sk\/wp-content\/uploads\/2024\/05\/Tight-Fit-\u2013-Back-To-The-60s-obal-pred.jpeg","width":697,"height":695},{"@type":"BreadcrumbList","@id":"https:\/\/www.rockarena.sk\/?product=tight-fit-back-to-the-60s#breadcrumb","itemListElement":[{"@type":"ListItem","position":1,"name":"Domovsk\u00e1 str\u00e1nka","item":"https:\/\/www.rockarena.sk\/"},{"@type":"ListItem","position":2,"name":"Obchod","item":"https:\/\/www.rockarena.sk\/"},{"@type":"ListItem","position":3,"name":"Tight Fit \u2013 Back To The 60&#8217;s"}]},{"@type":"WebSite","@id":"https:\/\/www.rockarena.sk\/#website","url":"https:\/\/www.rockarena.sk\/","name":"RockArena - Fan web","description":"Online baz\u00e1r LP platn\u00ed a hifi techniky","publisher":{"@id":"https:\/\/www.rockarena.sk\/#organization"},"potentialAction":[{"@type":"SearchAction","target":{"@type":"EntryPoint","urlTemplate":"https:\/\/www.rockarena.sk\/?s={search_term_string}"},"query-input":{"@type":"PropertyValueSpecification","valueRequired":true,"valueName":"search_term_string"}}],"inLanguage":"sk-SK"},{"@type":"Organization","@id":"https:\/\/www.rockarena.sk\/#organization","name":"RockArena - Fan web","url":"https:\/\/www.rockarena.sk\/","logo":{"@type":"ImageObject","inLanguage":"sk-SK","@id":"https:\/\/www.rockarena.sk\/#\/schema\/logo\/image\/","url":"https:\/\/www.rockarena.sk\/wp-content\/uploads\/2024\/09\/cropped-rockarena-logo.png","contentUrl":"https:\/\/www.rockarena.sk\/wp-content\/uploads\/2024\/09\/cropped-rockarena-logo.png","width":500,"height":500,"caption":"RockArena - Fan web"},"image":{"@id":"https:\/\/www.rockarena.sk\/#\/schema\/logo\/image\/"}}]}},"_links":{"self":[{"href":"https:\/\/www.rockarena.sk\/index.php?rest_route=\/wp\/v2\/product\/280","targetHints":{"allow":["GET"]}}],"collection":[{"href":"https:\/\/www.rockarena.sk\/index.php?rest_route=\/wp\/v2\/product"}],"about":[{"href":"https:\/\/www.rockarena.sk\/index.php?rest_route=\/wp\/v2\/types\/product"}],"replies":[{"embeddable":true,"href":"https:\/\/www.rockarena.sk\/index.php?rest_route=%2Fwp%2Fv2%2Fcomments&post=280"}],"wp:featuredmedia":[{"embeddable":true,"href":"https:\/\/www.rockarena.sk\/index.php?rest_route=\/wp\/v2\/media\/432"}],"wp:attachment":[{"href":"https:\/\/www.rockarena.sk\/index.php?rest_route=%2Fwp%2Fv2%2Fmedia&parent=280"}],"wp:term":[{"taxonomy":"product_brand","embeddable":true,"href":"https:\/\/www.rockarena.sk\/index.php?rest_route=%2Fwp%2Fv2%2Fproduct_brand&post=280"},{"taxonomy":"product_cat","embeddable":true,"href":"https:\/\/www.rockarena.sk\/index.php?rest_route=%2Fwp%2Fv2%2Fproduct_cat&post=280"},{"taxonomy":"product_tag","embeddable":true,"href":"https:\/\/www.rockarena.sk\/index.php?rest_route=%2Fwp%2Fv2%2Fproduct_tag&post=280"}],"curies":[{"name":"wp","href":"https:\/\/api.w.org\/{rel}","templated":true}]}}