{"id":353,"date":"2024-05-07T13:15:57","date_gmt":"2024-05-07T11:15:57","guid":{"rendered":"https:\/\/www.rockarena.sk\/?post_type=product&#038;p=353"},"modified":"2024-05-07T13:18:20","modified_gmt":"2024-05-07T11:18:20","slug":"sol-nad-zlato-zlatovlaska","status":"publish","type":"product","link":"https:\/\/www.rockarena.sk\/?product=sol-nad-zlato-zlatovlaska","title":{"rendered":"So\u013e Nad Zlato \/ Zlatovl\u00e1ska"},"content":{"rendered":"<h3><strong>Info<\/strong><\/h3>\n<p><strong>\u017d\u00e1ner:<\/strong> <a href=\"https:\/\/www.mediamarkett.sk\/product-tag\/hovorene\/\">Hovoren\u00e9<\/a>, <a href=\"https:\/\/www.mediamarkett.sk\/product-tag\/rozpravky\/\">rozpr\u00e1vky<\/a><\/p>\n<p><strong>Rok vydania:<\/strong> 1984<\/p>\n<p><strong>Vydavate\u013e:<\/strong> Opus<\/p>\n<h3><strong>Stav<\/strong><\/h3>\n<p><strong>Obal:<\/strong> Near mint<\/p>\n<p><strong>Doska:<\/strong> Near mint<\/p>\n<h3><strong>Popis<\/strong><\/h3>\n<p>Na n\u00e1met \u013eudovej rozpr\u00e1vky zo zbierky P. Dob\u0161insk\u00e9ho nap\u00edsal I. Stanislav<br \/>\nStrana 1 &#8211; So\u013e Nad Zlato<br \/>\nstrana 2 &#8211; Zlatovl\u00e1ska<\/p>\n","protected":false},"excerpt":{"rendered":"<p>Info \u017d\u00e1ner: Hovoren\u00e9, rozpr\u00e1vky Rok vydania: 1984 Vydavate\u013e: Opus Stav Obal: Near mint Doska: Near mint Popis Na n\u00e1met \u013eudovej rozpr\u00e1vky zo zbierky P. Dob\u0161insk\u00e9ho nap\u00edsal I. Stanislav Strana 1 &#8211; So\u013e Nad Zlato strana 2 &#8211; Zlatovl\u00e1ska<\/p>\n","protected":false},"featured_media":485,"comment_status":"open","ping_status":"closed","template":"","meta":[],"product_brand":[],"product_cat":[20],"product_tag":[45,35,46],"class_list":{"0":"post-353","1":"product","2":"type-product","3":"status-publish","4":"has-post-thumbnail","6":"product_cat-platne-bazar","7":"product_tag-hovorene","8":"product_tag-pre-deti","9":"product_tag-rozpravky","10":"product_shipping_class-platne","12":"first","13":"instock","14":"sale","15":"sold-individually","16":"shipping-taxable","17":"purchasable","18":"product-type-simple"},"yoast_head":"<!-- This site is optimized with the Yoast SEO plugin v26.9 - https:\/\/yoast.com\/product\/yoast-seo-wordpress\/ -->\n<title>So\u013e Nad Zlato \/ Zlatovl\u00e1ska - RockArena - Fan web<\/title>\n<meta name=\"robots\" content=\"index, follow, max-snippet:-1, max-image-preview:large, max-video-preview:-1\" \/>\n<link rel=\"canonical\" href=\"https:\/\/www.rockarena.sk\/?product=sol-nad-zlato-zlatovlaska\" \/>\n<meta property=\"og:locale\" content=\"sk_SK\" \/>\n<meta property=\"og:type\" content=\"article\" \/>\n<meta property=\"og:title\" content=\"So\u013e Nad Zlato \/ Zlatovl\u00e1ska - RockArena - Fan web\" \/>\n<meta property=\"og:description\" content=\"Info \u017d\u00e1ner: Hovoren\u00e9, rozpr\u00e1vky Rok vydania: 1984 Vydavate\u013e: Opus Stav Obal: Near mint Doska: Near mint Popis Na n\u00e1met \u013eudovej rozpr\u00e1vky zo zbierky P. Dob\u0161insk\u00e9ho nap\u00edsal I. Stanislav Strana 1 &#8211; So\u013e Nad Zlato strana 2 &#8211; Zlatovl\u00e1ska\" \/>\n<meta property=\"og:url\" content=\"https:\/\/www.rockarena.sk\/?product=sol-nad-zlato-zlatovlaska\" \/>\n<meta property=\"og:site_name\" content=\"RockArena - Fan web\" \/>\n<meta property=\"article:modified_time\" content=\"2024-05-07T11:18:20+00:00\" \/>\n<meta name=\"twitter:card\" content=\"summary_large_image\" \/>\n<script type=\"application\/ld+json\" class=\"yoast-schema-graph\">{\"@context\":\"https:\/\/schema.org\",\"@graph\":[{\"@type\":\"WebPage\",\"@id\":\"https:\/\/www.rockarena.sk\/?product=sol-nad-zlato-zlatovlaska\",\"url\":\"https:\/\/www.rockarena.sk\/?product=sol-nad-zlato-zlatovlaska\",\"name\":\"So\u013e Nad Zlato \/ Zlatovl\u00e1ska - RockArena - Fan web\",\"isPartOf\":{\"@id\":\"https:\/\/www.rockarena.sk\/#website\"},\"primaryImageOfPage\":{\"@id\":\"https:\/\/www.rockarena.sk\/?product=sol-nad-zlato-zlatovlaska#primaryimage\"},\"image\":{\"@id\":\"https:\/\/www.rockarena.sk\/?product=sol-nad-zlato-zlatovlaska#primaryimage\"},\"thumbnailUrl\":\"https:\/\/www.rockarena.sk\/wp-content\/uploads\/2024\/05\/Sol-Nad-Zlato-Zlatovlaska-obal-pred.jpeg\",\"datePublished\":\"2024-05-07T11:15:57+00:00\",\"dateModified\":\"2024-05-07T11:18:20+00:00\",\"breadcrumb\":{\"@id\":\"https:\/\/www.rockarena.sk\/?product=sol-nad-zlato-zlatovlaska#breadcrumb\"},\"inLanguage\":\"sk-SK\",\"potentialAction\":[{\"@type\":\"ReadAction\",\"target\":[\"https:\/\/www.rockarena.sk\/?product=sol-nad-zlato-zlatovlaska\"]}]},{\"@type\":\"ImageObject\",\"inLanguage\":\"sk-SK\",\"@id\":\"https:\/\/www.rockarena.sk\/?product=sol-nad-zlato-zlatovlaska#primaryimage\",\"url\":\"https:\/\/www.rockarena.sk\/wp-content\/uploads\/2024\/05\/Sol-Nad-Zlato-Zlatovlaska-obal-pred.jpeg\",\"contentUrl\":\"https:\/\/www.rockarena.sk\/wp-content\/uploads\/2024\/05\/Sol-Nad-Zlato-Zlatovlaska-obal-pred.jpeg\",\"width\":732,\"height\":741},{\"@type\":\"BreadcrumbList\",\"@id\":\"https:\/\/www.rockarena.sk\/?product=sol-nad-zlato-zlatovlaska#breadcrumb\",\"itemListElement\":[{\"@type\":\"ListItem\",\"position\":1,\"name\":\"Domovsk\u00e1 str\u00e1nka\",\"item\":\"https:\/\/www.rockarena.sk\/\"},{\"@type\":\"ListItem\",\"position\":2,\"name\":\"Obchod\",\"item\":\"https:\/\/www.rockarena.sk\/\"},{\"@type\":\"ListItem\",\"position\":3,\"name\":\"So\u013e Nad Zlato \/ Zlatovl\u00e1ska\"}]},{\"@type\":\"WebSite\",\"@id\":\"https:\/\/www.rockarena.sk\/#website\",\"url\":\"https:\/\/www.rockarena.sk\/\",\"name\":\"RockArena - Fan web\",\"description\":\"Online baz\u00e1r LP platn\u00ed a hifi techniky\",\"publisher\":{\"@id\":\"https:\/\/www.rockarena.sk\/#organization\"},\"potentialAction\":[{\"@type\":\"SearchAction\",\"target\":{\"@type\":\"EntryPoint\",\"urlTemplate\":\"https:\/\/www.rockarena.sk\/?s={search_term_string}\"},\"query-input\":{\"@type\":\"PropertyValueSpecification\",\"valueRequired\":true,\"valueName\":\"search_term_string\"}}],\"inLanguage\":\"sk-SK\"},{\"@type\":\"Organization\",\"@id\":\"https:\/\/www.rockarena.sk\/#organization\",\"name\":\"RockArena - Fan web\",\"url\":\"https:\/\/www.rockarena.sk\/\",\"logo\":{\"@type\":\"ImageObject\",\"inLanguage\":\"sk-SK\",\"@id\":\"https:\/\/www.rockarena.sk\/#\/schema\/logo\/image\/\",\"url\":\"https:\/\/www.rockarena.sk\/wp-content\/uploads\/2024\/09\/cropped-rockarena-logo.png\",\"contentUrl\":\"https:\/\/www.rockarena.sk\/wp-content\/uploads\/2024\/09\/cropped-rockarena-logo.png\",\"width\":500,\"height\":500,\"caption\":\"RockArena - Fan web\"},\"image\":{\"@id\":\"https:\/\/www.rockarena.sk\/#\/schema\/logo\/image\/\"}}]}<\/script>\n<!-- \/ Yoast SEO plugin. -->","yoast_head_json":{"title":"So\u013e Nad Zlato \/ Zlatovl\u00e1ska - RockArena - Fan web","robots":{"index":"index","follow":"follow","max-snippet":"max-snippet:-1","max-image-preview":"max-image-preview:large","max-video-preview":"max-video-preview:-1"},"canonical":"https:\/\/www.rockarena.sk\/?product=sol-nad-zlato-zlatovlaska","og_locale":"sk_SK","og_type":"article","og_title":"So\u013e Nad Zlato \/ Zlatovl\u00e1ska - RockArena - Fan web","og_description":"Info \u017d\u00e1ner: Hovoren\u00e9, rozpr\u00e1vky Rok vydania: 1984 Vydavate\u013e: Opus Stav Obal: Near mint Doska: Near mint Popis Na n\u00e1met \u013eudovej rozpr\u00e1vky zo zbierky P. Dob\u0161insk\u00e9ho nap\u00edsal I. Stanislav Strana 1 &#8211; So\u013e Nad Zlato strana 2 &#8211; Zlatovl\u00e1ska","og_url":"https:\/\/www.rockarena.sk\/?product=sol-nad-zlato-zlatovlaska","og_site_name":"RockArena - Fan web","article_modified_time":"2024-05-07T11:18:20+00:00","twitter_card":"summary_large_image","schema":{"@context":"https:\/\/schema.org","@graph":[{"@type":"WebPage","@id":"https:\/\/www.rockarena.sk\/?product=sol-nad-zlato-zlatovlaska","url":"https:\/\/www.rockarena.sk\/?product=sol-nad-zlato-zlatovlaska","name":"So\u013e Nad Zlato \/ Zlatovl\u00e1ska - RockArena - Fan web","isPartOf":{"@id":"https:\/\/www.rockarena.sk\/#website"},"primaryImageOfPage":{"@id":"https:\/\/www.rockarena.sk\/?product=sol-nad-zlato-zlatovlaska#primaryimage"},"image":{"@id":"https:\/\/www.rockarena.sk\/?product=sol-nad-zlato-zlatovlaska#primaryimage"},"thumbnailUrl":"https:\/\/www.rockarena.sk\/wp-content\/uploads\/2024\/05\/Sol-Nad-Zlato-Zlatovlaska-obal-pred.jpeg","datePublished":"2024-05-07T11:15:57+00:00","dateModified":"2024-05-07T11:18:20+00:00","breadcrumb":{"@id":"https:\/\/www.rockarena.sk\/?product=sol-nad-zlato-zlatovlaska#breadcrumb"},"inLanguage":"sk-SK","potentialAction":[{"@type":"ReadAction","target":["https:\/\/www.rockarena.sk\/?product=sol-nad-zlato-zlatovlaska"]}]},{"@type":"ImageObject","inLanguage":"sk-SK","@id":"https:\/\/www.rockarena.sk\/?product=sol-nad-zlato-zlatovlaska#primaryimage","url":"https:\/\/www.rockarena.sk\/wp-content\/uploads\/2024\/05\/Sol-Nad-Zlato-Zlatovlaska-obal-pred.jpeg","contentUrl":"https:\/\/www.rockarena.sk\/wp-content\/uploads\/2024\/05\/Sol-Nad-Zlato-Zlatovlaska-obal-pred.jpeg","width":732,"height":741},{"@type":"BreadcrumbList","@id":"https:\/\/www.rockarena.sk\/?product=sol-nad-zlato-zlatovlaska#breadcrumb","itemListElement":[{"@type":"ListItem","position":1,"name":"Domovsk\u00e1 str\u00e1nka","item":"https:\/\/www.rockarena.sk\/"},{"@type":"ListItem","position":2,"name":"Obchod","item":"https:\/\/www.rockarena.sk\/"},{"@type":"ListItem","position":3,"name":"So\u013e Nad Zlato \/ Zlatovl\u00e1ska"}]},{"@type":"WebSite","@id":"https:\/\/www.rockarena.sk\/#website","url":"https:\/\/www.rockarena.sk\/","name":"RockArena - Fan web","description":"Online baz\u00e1r LP platn\u00ed a hifi techniky","publisher":{"@id":"https:\/\/www.rockarena.sk\/#organization"},"potentialAction":[{"@type":"SearchAction","target":{"@type":"EntryPoint","urlTemplate":"https:\/\/www.rockarena.sk\/?s={search_term_string}"},"query-input":{"@type":"PropertyValueSpecification","valueRequired":true,"valueName":"search_term_string"}}],"inLanguage":"sk-SK"},{"@type":"Organization","@id":"https:\/\/www.rockarena.sk\/#organization","name":"RockArena - Fan web","url":"https:\/\/www.rockarena.sk\/","logo":{"@type":"ImageObject","inLanguage":"sk-SK","@id":"https:\/\/www.rockarena.sk\/#\/schema\/logo\/image\/","url":"https:\/\/www.rockarena.sk\/wp-content\/uploads\/2024\/09\/cropped-rockarena-logo.png","contentUrl":"https:\/\/www.rockarena.sk\/wp-content\/uploads\/2024\/09\/cropped-rockarena-logo.png","width":500,"height":500,"caption":"RockArena - Fan web"},"image":{"@id":"https:\/\/www.rockarena.sk\/#\/schema\/logo\/image\/"}}]}},"_links":{"self":[{"href":"https:\/\/www.rockarena.sk\/index.php?rest_route=\/wp\/v2\/product\/353","targetHints":{"allow":["GET"]}}],"collection":[{"href":"https:\/\/www.rockarena.sk\/index.php?rest_route=\/wp\/v2\/product"}],"about":[{"href":"https:\/\/www.rockarena.sk\/index.php?rest_route=\/wp\/v2\/types\/product"}],"replies":[{"embeddable":true,"href":"https:\/\/www.rockarena.sk\/index.php?rest_route=%2Fwp%2Fv2%2Fcomments&post=353"}],"wp:featuredmedia":[{"embeddable":true,"href":"https:\/\/www.rockarena.sk\/index.php?rest_route=\/wp\/v2\/media\/485"}],"wp:attachment":[{"href":"https:\/\/www.rockarena.sk\/index.php?rest_route=%2Fwp%2Fv2%2Fmedia&parent=353"}],"wp:term":[{"taxonomy":"product_brand","embeddable":true,"href":"https:\/\/www.rockarena.sk\/index.php?rest_route=%2Fwp%2Fv2%2Fproduct_brand&post=353"},{"taxonomy":"product_cat","embeddable":true,"href":"https:\/\/www.rockarena.sk\/index.php?rest_route=%2Fwp%2Fv2%2Fproduct_cat&post=353"},{"taxonomy":"product_tag","embeddable":true,"href":"https:\/\/www.rockarena.sk\/index.php?rest_route=%2Fwp%2Fv2%2Fproduct_tag&post=353"}],"curies":[{"name":"wp","href":"https:\/\/api.w.org\/{rel}","templated":true}]}}