{"id":354,"date":"2024-05-07T13:15:57","date_gmt":"2024-05-07T11:15:57","guid":{"rendered":"https:\/\/www.rockarena.sk\/?post_type=product&#038;p=354"},"modified":"2024-05-07T13:18:26","modified_gmt":"2024-05-07T11:18:26","slug":"vladimir-misik-etc-etc2","status":"publish","type":"product","link":"https:\/\/www.rockarena.sk\/?product=vladimir-misik-etc-etc2","title":{"rendered":"Vladim\u00edr Mi\u0161\u00edk, Etc\u2026 \u2013 Etc\u20262"},"content":{"rendered":"<h3><strong>Info<\/strong><\/h3>\n<p><strong>\u017d\u00e1ner:<\/strong> <a href=\"https:\/\/www.mediamarkett.sk\/product-tag\/jazz\/\">Jazz<\/a><\/p>\n<p><strong>Rok vydania:<\/strong> 1980<\/p>\n<p><strong>Vydavate\u013e:<\/strong> Supraphon<\/p>\n<h3><strong>Stav<\/strong><\/h3>\n<p><strong>Obal:<\/strong> Near mint<\/p>\n<p><strong>Doska:<\/strong> Near mint<\/p>\n<h3>Track List<\/h3>\n<table class=\"tracklist\">\n<tbody>\n<tr>\n<td>A1<\/td>\n<td>Nejlep\u0161\u00ed \u017densk\u00e1 Na\u0161ich Dn\u016f<\/td>\n<\/tr>\n<tr>\n<td>A2<\/td>\n<td>Ty II.<\/td>\n<\/tr>\n<tr>\n<td>A3<\/td>\n<td>V Hotelu Belveder Je Dnes Tanec<\/td>\n<\/tr>\n<tr>\n<td>A4<\/td>\n<td>Jam Session<\/td>\n<\/tr>\n<tr>\n<td>B1<\/td>\n<td>Tax\u016fvku Jsme Chytli<\/td>\n<\/tr>\n<tr>\n<td>B2<\/td>\n<td>Sochy<\/td>\n<\/tr>\n<tr>\n<td>B3<\/td>\n<td>Na Okraji<\/td>\n<\/tr>\n<tr>\n<td>B4<\/td>\n<td>Variace Na Renesan\u010dn\u00ed T\u00e9ma<\/td>\n<\/tr>\n<tr>\n<td>B5<\/td>\n<td>Sladk\u00e9 Je \u017d\u00edt<\/td>\n<\/tr>\n<\/tbody>\n<\/table>\n","protected":false},"excerpt":{"rendered":"<p>Info \u017d\u00e1ner: Jazz Rok vydania: 1980 Vydavate\u013e: Supraphon Stav Obal: Near mint Doska: Near mint Track List A1 Nejlep\u0161\u00ed \u017densk\u00e1 Na\u0161ich Dn\u016f A2 Ty II. A3 V Hotelu Belveder Je Dnes Tanec A4 Jam Session B1 Tax\u016fvku Jsme Chytli B2 Sochy B3 Na Okraji B4 Variace Na Renesan\u010dn\u00ed T\u00e9ma B5 Sladk\u00e9 Je \u017d\u00edt<\/p>\n","protected":false},"featured_media":493,"comment_status":"open","ping_status":"closed","template":"","meta":[],"product_brand":[],"product_cat":[20],"product_tag":[99,68,100],"class_list":{"0":"post-354","1":"product","2":"type-product","3":"status-publish","4":"has-post-thumbnail","6":"product_cat-platne-bazar","7":"product_tag-etc","8":"product_tag-jazz","9":"product_tag-vladimir-misik","10":"product_shipping_class-platne","12":"first","13":"instock","14":"sale","15":"sold-individually","16":"shipping-taxable","17":"purchasable","18":"product-type-simple"},"yoast_head":"<!-- This site is optimized with the Yoast SEO plugin v26.9 - https:\/\/yoast.com\/product\/yoast-seo-wordpress\/ -->\n<title>Vladim\u00edr Mi\u0161\u00edk, Etc\u2026 \u2013 Etc\u20262 - RockArena - Fan web<\/title>\n<meta name=\"robots\" content=\"index, follow, max-snippet:-1, max-image-preview:large, max-video-preview:-1\" \/>\n<link rel=\"canonical\" href=\"https:\/\/www.rockarena.sk\/?product=vladimir-misik-etc-etc2\" \/>\n<meta property=\"og:locale\" content=\"sk_SK\" \/>\n<meta property=\"og:type\" content=\"article\" \/>\n<meta property=\"og:title\" content=\"Vladim\u00edr Mi\u0161\u00edk, Etc\u2026 \u2013 Etc\u20262 - RockArena - Fan web\" \/>\n<meta property=\"og:description\" content=\"Info \u017d\u00e1ner: Jazz Rok vydania: 1980 Vydavate\u013e: Supraphon Stav Obal: Near mint Doska: Near mint Track List A1 Nejlep\u0161\u00ed \u017densk\u00e1 Na\u0161ich Dn\u016f A2 Ty II. A3 V Hotelu Belveder Je Dnes Tanec A4 Jam Session B1 Tax\u016fvku Jsme Chytli B2 Sochy B3 Na Okraji B4 Variace Na Renesan\u010dn\u00ed T\u00e9ma B5 Sladk\u00e9 Je \u017d\u00edt\" \/>\n<meta property=\"og:url\" content=\"https:\/\/www.rockarena.sk\/?product=vladimir-misik-etc-etc2\" \/>\n<meta property=\"og:site_name\" content=\"RockArena - Fan web\" \/>\n<meta property=\"article:modified_time\" content=\"2024-05-07T11:18:26+00:00\" \/>\n<meta name=\"twitter:card\" content=\"summary_large_image\" \/>\n<script type=\"application\/ld+json\" class=\"yoast-schema-graph\">{\"@context\":\"https:\/\/schema.org\",\"@graph\":[{\"@type\":\"WebPage\",\"@id\":\"https:\/\/www.rockarena.sk\/?product=vladimir-misik-etc-etc2\",\"url\":\"https:\/\/www.rockarena.sk\/?product=vladimir-misik-etc-etc2\",\"name\":\"Vladim\u00edr Mi\u0161\u00edk, Etc\u2026 \u2013 Etc\u20262 - RockArena - Fan web\",\"isPartOf\":{\"@id\":\"https:\/\/www.rockarena.sk\/#website\"},\"primaryImageOfPage\":{\"@id\":\"https:\/\/www.rockarena.sk\/?product=vladimir-misik-etc-etc2#primaryimage\"},\"image\":{\"@id\":\"https:\/\/www.rockarena.sk\/?product=vladimir-misik-etc-etc2#primaryimage\"},\"thumbnailUrl\":\"https:\/\/www.rockarena.sk\/wp-content\/uploads\/2024\/05\/Vladimir-Misik-Etc\u2026-\u2013-Etc\u20262-obal-pred.jpeg\",\"datePublished\":\"2024-05-07T11:15:57+00:00\",\"dateModified\":\"2024-05-07T11:18:26+00:00\",\"breadcrumb\":{\"@id\":\"https:\/\/www.rockarena.sk\/?product=vladimir-misik-etc-etc2#breadcrumb\"},\"inLanguage\":\"sk-SK\",\"potentialAction\":[{\"@type\":\"ReadAction\",\"target\":[\"https:\/\/www.rockarena.sk\/?product=vladimir-misik-etc-etc2\"]}]},{\"@type\":\"ImageObject\",\"inLanguage\":\"sk-SK\",\"@id\":\"https:\/\/www.rockarena.sk\/?product=vladimir-misik-etc-etc2#primaryimage\",\"url\":\"https:\/\/www.rockarena.sk\/wp-content\/uploads\/2024\/05\/Vladimir-Misik-Etc\u2026-\u2013-Etc\u20262-obal-pred.jpeg\",\"contentUrl\":\"https:\/\/www.rockarena.sk\/wp-content\/uploads\/2024\/05\/Vladimir-Misik-Etc\u2026-\u2013-Etc\u20262-obal-pred.jpeg\",\"width\":735,\"height\":739},{\"@type\":\"BreadcrumbList\",\"@id\":\"https:\/\/www.rockarena.sk\/?product=vladimir-misik-etc-etc2#breadcrumb\",\"itemListElement\":[{\"@type\":\"ListItem\",\"position\":1,\"name\":\"Domovsk\u00e1 str\u00e1nka\",\"item\":\"https:\/\/www.rockarena.sk\/\"},{\"@type\":\"ListItem\",\"position\":2,\"name\":\"Obchod\",\"item\":\"https:\/\/www.rockarena.sk\/\"},{\"@type\":\"ListItem\",\"position\":3,\"name\":\"Vladim\u00edr Mi\u0161\u00edk, Etc\u2026 \u2013 Etc\u20262\"}]},{\"@type\":\"WebSite\",\"@id\":\"https:\/\/www.rockarena.sk\/#website\",\"url\":\"https:\/\/www.rockarena.sk\/\",\"name\":\"RockArena - Fan web\",\"description\":\"Online baz\u00e1r LP platn\u00ed a hifi techniky\",\"publisher\":{\"@id\":\"https:\/\/www.rockarena.sk\/#organization\"},\"potentialAction\":[{\"@type\":\"SearchAction\",\"target\":{\"@type\":\"EntryPoint\",\"urlTemplate\":\"https:\/\/www.rockarena.sk\/?s={search_term_string}\"},\"query-input\":{\"@type\":\"PropertyValueSpecification\",\"valueRequired\":true,\"valueName\":\"search_term_string\"}}],\"inLanguage\":\"sk-SK\"},{\"@type\":\"Organization\",\"@id\":\"https:\/\/www.rockarena.sk\/#organization\",\"name\":\"RockArena - Fan web\",\"url\":\"https:\/\/www.rockarena.sk\/\",\"logo\":{\"@type\":\"ImageObject\",\"inLanguage\":\"sk-SK\",\"@id\":\"https:\/\/www.rockarena.sk\/#\/schema\/logo\/image\/\",\"url\":\"https:\/\/www.rockarena.sk\/wp-content\/uploads\/2024\/09\/cropped-rockarena-logo.png\",\"contentUrl\":\"https:\/\/www.rockarena.sk\/wp-content\/uploads\/2024\/09\/cropped-rockarena-logo.png\",\"width\":500,\"height\":500,\"caption\":\"RockArena - Fan web\"},\"image\":{\"@id\":\"https:\/\/www.rockarena.sk\/#\/schema\/logo\/image\/\"}}]}<\/script>\n<!-- \/ Yoast SEO plugin. -->","yoast_head_json":{"title":"Vladim\u00edr Mi\u0161\u00edk, Etc\u2026 \u2013 Etc\u20262 - RockArena - Fan web","robots":{"index":"index","follow":"follow","max-snippet":"max-snippet:-1","max-image-preview":"max-image-preview:large","max-video-preview":"max-video-preview:-1"},"canonical":"https:\/\/www.rockarena.sk\/?product=vladimir-misik-etc-etc2","og_locale":"sk_SK","og_type":"article","og_title":"Vladim\u00edr Mi\u0161\u00edk, Etc\u2026 \u2013 Etc\u20262 - RockArena - Fan web","og_description":"Info \u017d\u00e1ner: Jazz Rok vydania: 1980 Vydavate\u013e: Supraphon Stav Obal: Near mint Doska: Near mint Track List A1 Nejlep\u0161\u00ed \u017densk\u00e1 Na\u0161ich Dn\u016f A2 Ty II. A3 V Hotelu Belveder Je Dnes Tanec A4 Jam Session B1 Tax\u016fvku Jsme Chytli B2 Sochy B3 Na Okraji B4 Variace Na Renesan\u010dn\u00ed T\u00e9ma B5 Sladk\u00e9 Je \u017d\u00edt","og_url":"https:\/\/www.rockarena.sk\/?product=vladimir-misik-etc-etc2","og_site_name":"RockArena - Fan web","article_modified_time":"2024-05-07T11:18:26+00:00","twitter_card":"summary_large_image","schema":{"@context":"https:\/\/schema.org","@graph":[{"@type":"WebPage","@id":"https:\/\/www.rockarena.sk\/?product=vladimir-misik-etc-etc2","url":"https:\/\/www.rockarena.sk\/?product=vladimir-misik-etc-etc2","name":"Vladim\u00edr Mi\u0161\u00edk, Etc\u2026 \u2013 Etc\u20262 - RockArena - Fan web","isPartOf":{"@id":"https:\/\/www.rockarena.sk\/#website"},"primaryImageOfPage":{"@id":"https:\/\/www.rockarena.sk\/?product=vladimir-misik-etc-etc2#primaryimage"},"image":{"@id":"https:\/\/www.rockarena.sk\/?product=vladimir-misik-etc-etc2#primaryimage"},"thumbnailUrl":"https:\/\/www.rockarena.sk\/wp-content\/uploads\/2024\/05\/Vladimir-Misik-Etc\u2026-\u2013-Etc\u20262-obal-pred.jpeg","datePublished":"2024-05-07T11:15:57+00:00","dateModified":"2024-05-07T11:18:26+00:00","breadcrumb":{"@id":"https:\/\/www.rockarena.sk\/?product=vladimir-misik-etc-etc2#breadcrumb"},"inLanguage":"sk-SK","potentialAction":[{"@type":"ReadAction","target":["https:\/\/www.rockarena.sk\/?product=vladimir-misik-etc-etc2"]}]},{"@type":"ImageObject","inLanguage":"sk-SK","@id":"https:\/\/www.rockarena.sk\/?product=vladimir-misik-etc-etc2#primaryimage","url":"https:\/\/www.rockarena.sk\/wp-content\/uploads\/2024\/05\/Vladimir-Misik-Etc\u2026-\u2013-Etc\u20262-obal-pred.jpeg","contentUrl":"https:\/\/www.rockarena.sk\/wp-content\/uploads\/2024\/05\/Vladimir-Misik-Etc\u2026-\u2013-Etc\u20262-obal-pred.jpeg","width":735,"height":739},{"@type":"BreadcrumbList","@id":"https:\/\/www.rockarena.sk\/?product=vladimir-misik-etc-etc2#breadcrumb","itemListElement":[{"@type":"ListItem","position":1,"name":"Domovsk\u00e1 str\u00e1nka","item":"https:\/\/www.rockarena.sk\/"},{"@type":"ListItem","position":2,"name":"Obchod","item":"https:\/\/www.rockarena.sk\/"},{"@type":"ListItem","position":3,"name":"Vladim\u00edr Mi\u0161\u00edk, Etc\u2026 \u2013 Etc\u20262"}]},{"@type":"WebSite","@id":"https:\/\/www.rockarena.sk\/#website","url":"https:\/\/www.rockarena.sk\/","name":"RockArena - Fan web","description":"Online baz\u00e1r LP platn\u00ed a hifi techniky","publisher":{"@id":"https:\/\/www.rockarena.sk\/#organization"},"potentialAction":[{"@type":"SearchAction","target":{"@type":"EntryPoint","urlTemplate":"https:\/\/www.rockarena.sk\/?s={search_term_string}"},"query-input":{"@type":"PropertyValueSpecification","valueRequired":true,"valueName":"search_term_string"}}],"inLanguage":"sk-SK"},{"@type":"Organization","@id":"https:\/\/www.rockarena.sk\/#organization","name":"RockArena - Fan web","url":"https:\/\/www.rockarena.sk\/","logo":{"@type":"ImageObject","inLanguage":"sk-SK","@id":"https:\/\/www.rockarena.sk\/#\/schema\/logo\/image\/","url":"https:\/\/www.rockarena.sk\/wp-content\/uploads\/2024\/09\/cropped-rockarena-logo.png","contentUrl":"https:\/\/www.rockarena.sk\/wp-content\/uploads\/2024\/09\/cropped-rockarena-logo.png","width":500,"height":500,"caption":"RockArena - Fan web"},"image":{"@id":"https:\/\/www.rockarena.sk\/#\/schema\/logo\/image\/"}}]}},"_links":{"self":[{"href":"https:\/\/www.rockarena.sk\/index.php?rest_route=\/wp\/v2\/product\/354","targetHints":{"allow":["GET"]}}],"collection":[{"href":"https:\/\/www.rockarena.sk\/index.php?rest_route=\/wp\/v2\/product"}],"about":[{"href":"https:\/\/www.rockarena.sk\/index.php?rest_route=\/wp\/v2\/types\/product"}],"replies":[{"embeddable":true,"href":"https:\/\/www.rockarena.sk\/index.php?rest_route=%2Fwp%2Fv2%2Fcomments&post=354"}],"wp:featuredmedia":[{"embeddable":true,"href":"https:\/\/www.rockarena.sk\/index.php?rest_route=\/wp\/v2\/media\/493"}],"wp:attachment":[{"href":"https:\/\/www.rockarena.sk\/index.php?rest_route=%2Fwp%2Fv2%2Fmedia&parent=354"}],"wp:term":[{"taxonomy":"product_brand","embeddable":true,"href":"https:\/\/www.rockarena.sk\/index.php?rest_route=%2Fwp%2Fv2%2Fproduct_brand&post=354"},{"taxonomy":"product_cat","embeddable":true,"href":"https:\/\/www.rockarena.sk\/index.php?rest_route=%2Fwp%2Fv2%2Fproduct_cat&post=354"},{"taxonomy":"product_tag","embeddable":true,"href":"https:\/\/www.rockarena.sk\/index.php?rest_route=%2Fwp%2Fv2%2Fproduct_tag&post=354"}],"curies":[{"name":"wp","href":"https:\/\/api.w.org\/{rel}","templated":true}]}}