{"id":378,"date":"2024-05-07T13:16:23","date_gmt":"2024-05-07T11:16:23","guid":{"rendered":"https:\/\/www.rockarena.sk\/?post_type=product&#038;p=378"},"modified":"2026-04-19T07:46:16","modified_gmt":"2026-04-19T05:46:16","slug":"andreas-vollenweider-caverna-magica-under-the-tree-in-the-cave","status":"publish","type":"product","link":"https:\/\/www.rockarena.sk\/?product=andreas-vollenweider-caverna-magica-under-the-tree-in-the-cave","title":{"rendered":"Andreas Vollenweider \u2013 Caverna Magica (&#8230;Under The Tree &#8211; In The Cave&#8230;)"},"content":{"rendered":"<h3><strong>Info<\/strong><\/h3>\n<p><strong>\u017d\u00e1ner:<\/strong> <a href=\"https:\/\/www.mediamarkett.sk\/product-tag\/folk\/\">Folk<\/a><\/p>\n<p><strong>Rok vydania:<\/strong> 1983<\/p>\n<p><strong>Vydavate\u013e:<\/strong> CBS<\/p>\n<h3><strong>Stav<\/strong><\/h3>\n<p><strong>Obal:<\/strong> Very good<\/p>\n<p><strong>Doska:<\/strong> Near mint<\/p>\n<h3>Track List<\/h3>\n<table class=\"tracklist\">\n<tbody>\n<tr>\n<td>A1<\/td>\n<td>Caverna Magica<\/td>\n<\/tr>\n<tr>\n<td>A2<\/td>\n<td>Mandragora<\/td>\n<\/tr>\n<tr>\n<td>A3<\/td>\n<td>Lunar Pond<\/td>\n<\/tr>\n<tr>\n<td>A4<\/td>\n<td>Schajah Saretosh<\/td>\n<\/tr>\n<tr>\n<td>A5<\/td>\n<td>Sena Stanj\u00e9na?<\/td>\n<\/tr>\n<tr>\n<td>B1<\/td>\n<td>Belladonna<\/td>\n<\/tr>\n<tr>\n<td>B2<\/td>\n<td>Ang\u00f3h!<\/td>\n<\/tr>\n<tr>\n<td>B3<\/td>\n<td>Huiziopochtli<\/td>\n<\/tr>\n<tr>\n<td>B4<\/td>\n<td>Con Chiglia<\/td>\n<\/tr>\n<tr>\n<td>B5<\/td>\n<td>Geastrum Coronatum<\/td>\n<\/tr>\n<tr>\n<td>B6<\/td>\n<td>La Paix Verde<\/td>\n<\/tr>\n<\/tbody>\n<\/table>\n","protected":false},"excerpt":{"rendered":"<p>Info \u017d\u00e1ner: Folk Rok vydania: 1983 Vydavate\u013e: CBS Stav Obal: Very good Doska: Near mint Track List A1 Caverna Magica A2 Mandragora A3 Lunar Pond A4 Schajah Saretosh A5 Sena Stanj\u00e9na? B1 Belladonna B2 Ang\u00f3h! B3 Huiziopochtli B4 Con Chiglia B5 Geastrum Coronatum B6 La Paix Verde<\/p>\n","protected":false},"featured_media":509,"comment_status":"open","ping_status":"closed","template":"","meta":[],"product_brand":[],"product_cat":[20],"product_tag":[103,23],"class_list":{"0":"post-378","1":"product","2":"type-product","3":"status-publish","4":"has-post-thumbnail","6":"product_cat-platne-bazar","7":"product_tag-andreas-vollenweider","8":"product_tag-folk","9":"product_shipping_class-platne","11":"first","12":"instock","13":"sale","14":"sold-individually","15":"shipping-taxable","16":"purchasable","17":"product-type-simple"},"yoast_head":"<!-- This site is optimized with the Yoast SEO plugin v26.9 - https:\/\/yoast.com\/product\/yoast-seo-wordpress\/ -->\n<title>Andreas Vollenweider \u2013 Caverna Magica (...Under The Tree - In The Cave...) - RockArena - Fan web<\/title>\n<meta name=\"robots\" content=\"index, follow, max-snippet:-1, max-image-preview:large, max-video-preview:-1\" \/>\n<link rel=\"canonical\" href=\"https:\/\/www.rockarena.sk\/?product=andreas-vollenweider-caverna-magica-under-the-tree-in-the-cave\" \/>\n<meta property=\"og:locale\" content=\"sk_SK\" \/>\n<meta property=\"og:type\" content=\"article\" \/>\n<meta property=\"og:title\" content=\"Andreas Vollenweider \u2013 Caverna Magica (...Under The Tree - In The Cave...) - RockArena - Fan web\" \/>\n<meta property=\"og:description\" content=\"Info \u017d\u00e1ner: Folk Rok vydania: 1983 Vydavate\u013e: CBS Stav Obal: Very good Doska: Near mint Track List A1 Caverna Magica A2 Mandragora A3 Lunar Pond A4 Schajah Saretosh A5 Sena Stanj\u00e9na? B1 Belladonna B2 Ang\u00f3h! B3 Huiziopochtli B4 Con Chiglia B5 Geastrum Coronatum B6 La Paix Verde\" \/>\n<meta property=\"og:url\" content=\"https:\/\/www.rockarena.sk\/?product=andreas-vollenweider-caverna-magica-under-the-tree-in-the-cave\" \/>\n<meta property=\"og:site_name\" content=\"RockArena - Fan web\" \/>\n<meta property=\"article:modified_time\" content=\"2026-04-19T05:46:16+00:00\" \/>\n<meta name=\"twitter:card\" content=\"summary_large_image\" \/>\n<script type=\"application\/ld+json\" class=\"yoast-schema-graph\">{\"@context\":\"https:\/\/schema.org\",\"@graph\":[{\"@type\":\"WebPage\",\"@id\":\"https:\/\/www.rockarena.sk\/?product=andreas-vollenweider-caverna-magica-under-the-tree-in-the-cave\",\"url\":\"https:\/\/www.rockarena.sk\/?product=andreas-vollenweider-caverna-magica-under-the-tree-in-the-cave\",\"name\":\"Andreas Vollenweider \u2013 Caverna Magica (...Under The Tree - In The Cave...) - RockArena - Fan web\",\"isPartOf\":{\"@id\":\"https:\/\/www.rockarena.sk\/#website\"},\"primaryImageOfPage\":{\"@id\":\"https:\/\/www.rockarena.sk\/?product=andreas-vollenweider-caverna-magica-under-the-tree-in-the-cave#primaryimage\"},\"image\":{\"@id\":\"https:\/\/www.rockarena.sk\/?product=andreas-vollenweider-caverna-magica-under-the-tree-in-the-cave#primaryimage\"},\"thumbnailUrl\":\"https:\/\/www.rockarena.sk\/wp-content\/uploads\/2024\/05\/Andreas-Vollenweider-\u2013-Caverna-Magica-obal-pred.jpeg\",\"datePublished\":\"2024-05-07T11:16:23+00:00\",\"dateModified\":\"2026-04-19T05:46:16+00:00\",\"breadcrumb\":{\"@id\":\"https:\/\/www.rockarena.sk\/?product=andreas-vollenweider-caverna-magica-under-the-tree-in-the-cave#breadcrumb\"},\"inLanguage\":\"sk-SK\",\"potentialAction\":[{\"@type\":\"ReadAction\",\"target\":[\"https:\/\/www.rockarena.sk\/?product=andreas-vollenweider-caverna-magica-under-the-tree-in-the-cave\"]}]},{\"@type\":\"ImageObject\",\"inLanguage\":\"sk-SK\",\"@id\":\"https:\/\/www.rockarena.sk\/?product=andreas-vollenweider-caverna-magica-under-the-tree-in-the-cave#primaryimage\",\"url\":\"https:\/\/www.rockarena.sk\/wp-content\/uploads\/2024\/05\/Andreas-Vollenweider-\u2013-Caverna-Magica-obal-pred.jpeg\",\"contentUrl\":\"https:\/\/www.rockarena.sk\/wp-content\/uploads\/2024\/05\/Andreas-Vollenweider-\u2013-Caverna-Magica-obal-pred.jpeg\",\"width\":671,\"height\":671},{\"@type\":\"BreadcrumbList\",\"@id\":\"https:\/\/www.rockarena.sk\/?product=andreas-vollenweider-caverna-magica-under-the-tree-in-the-cave#breadcrumb\",\"itemListElement\":[{\"@type\":\"ListItem\",\"position\":1,\"name\":\"Domovsk\u00e1 str\u00e1nka\",\"item\":\"https:\/\/www.rockarena.sk\/\"},{\"@type\":\"ListItem\",\"position\":2,\"name\":\"Obchod\",\"item\":\"https:\/\/www.rockarena.sk\/\"},{\"@type\":\"ListItem\",\"position\":3,\"name\":\"Andreas Vollenweider \u2013 Caverna Magica (&#8230;Under The Tree &#8211; In The Cave&#8230;)\"}]},{\"@type\":\"WebSite\",\"@id\":\"https:\/\/www.rockarena.sk\/#website\",\"url\":\"https:\/\/www.rockarena.sk\/\",\"name\":\"RockArena - Fan web\",\"description\":\"Online baz\u00e1r LP platn\u00ed a hifi techniky\",\"publisher\":{\"@id\":\"https:\/\/www.rockarena.sk\/#organization\"},\"potentialAction\":[{\"@type\":\"SearchAction\",\"target\":{\"@type\":\"EntryPoint\",\"urlTemplate\":\"https:\/\/www.rockarena.sk\/?s={search_term_string}\"},\"query-input\":{\"@type\":\"PropertyValueSpecification\",\"valueRequired\":true,\"valueName\":\"search_term_string\"}}],\"inLanguage\":\"sk-SK\"},{\"@type\":\"Organization\",\"@id\":\"https:\/\/www.rockarena.sk\/#organization\",\"name\":\"RockArena - Fan web\",\"url\":\"https:\/\/www.rockarena.sk\/\",\"logo\":{\"@type\":\"ImageObject\",\"inLanguage\":\"sk-SK\",\"@id\":\"https:\/\/www.rockarena.sk\/#\/schema\/logo\/image\/\",\"url\":\"https:\/\/www.rockarena.sk\/wp-content\/uploads\/2024\/09\/cropped-rockarena-logo.png\",\"contentUrl\":\"https:\/\/www.rockarena.sk\/wp-content\/uploads\/2024\/09\/cropped-rockarena-logo.png\",\"width\":500,\"height\":500,\"caption\":\"RockArena - Fan web\"},\"image\":{\"@id\":\"https:\/\/www.rockarena.sk\/#\/schema\/logo\/image\/\"}}]}<\/script>\n<!-- \/ Yoast SEO plugin. -->","yoast_head_json":{"title":"Andreas Vollenweider \u2013 Caverna Magica (...Under The Tree - In The Cave...) - RockArena - Fan web","robots":{"index":"index","follow":"follow","max-snippet":"max-snippet:-1","max-image-preview":"max-image-preview:large","max-video-preview":"max-video-preview:-1"},"canonical":"https:\/\/www.rockarena.sk\/?product=andreas-vollenweider-caverna-magica-under-the-tree-in-the-cave","og_locale":"sk_SK","og_type":"article","og_title":"Andreas Vollenweider \u2013 Caverna Magica (...Under The Tree - In The Cave...) - RockArena - Fan web","og_description":"Info \u017d\u00e1ner: Folk Rok vydania: 1983 Vydavate\u013e: CBS Stav Obal: Very good Doska: Near mint Track List A1 Caverna Magica A2 Mandragora A3 Lunar Pond A4 Schajah Saretosh A5 Sena Stanj\u00e9na? B1 Belladonna B2 Ang\u00f3h! B3 Huiziopochtli B4 Con Chiglia B5 Geastrum Coronatum B6 La Paix Verde","og_url":"https:\/\/www.rockarena.sk\/?product=andreas-vollenweider-caverna-magica-under-the-tree-in-the-cave","og_site_name":"RockArena - Fan web","article_modified_time":"2026-04-19T05:46:16+00:00","twitter_card":"summary_large_image","schema":{"@context":"https:\/\/schema.org","@graph":[{"@type":"WebPage","@id":"https:\/\/www.rockarena.sk\/?product=andreas-vollenweider-caverna-magica-under-the-tree-in-the-cave","url":"https:\/\/www.rockarena.sk\/?product=andreas-vollenweider-caverna-magica-under-the-tree-in-the-cave","name":"Andreas Vollenweider \u2013 Caverna Magica (...Under The Tree - In The Cave...) - RockArena - Fan web","isPartOf":{"@id":"https:\/\/www.rockarena.sk\/#website"},"primaryImageOfPage":{"@id":"https:\/\/www.rockarena.sk\/?product=andreas-vollenweider-caverna-magica-under-the-tree-in-the-cave#primaryimage"},"image":{"@id":"https:\/\/www.rockarena.sk\/?product=andreas-vollenweider-caverna-magica-under-the-tree-in-the-cave#primaryimage"},"thumbnailUrl":"https:\/\/www.rockarena.sk\/wp-content\/uploads\/2024\/05\/Andreas-Vollenweider-\u2013-Caverna-Magica-obal-pred.jpeg","datePublished":"2024-05-07T11:16:23+00:00","dateModified":"2026-04-19T05:46:16+00:00","breadcrumb":{"@id":"https:\/\/www.rockarena.sk\/?product=andreas-vollenweider-caverna-magica-under-the-tree-in-the-cave#breadcrumb"},"inLanguage":"sk-SK","potentialAction":[{"@type":"ReadAction","target":["https:\/\/www.rockarena.sk\/?product=andreas-vollenweider-caverna-magica-under-the-tree-in-the-cave"]}]},{"@type":"ImageObject","inLanguage":"sk-SK","@id":"https:\/\/www.rockarena.sk\/?product=andreas-vollenweider-caverna-magica-under-the-tree-in-the-cave#primaryimage","url":"https:\/\/www.rockarena.sk\/wp-content\/uploads\/2024\/05\/Andreas-Vollenweider-\u2013-Caverna-Magica-obal-pred.jpeg","contentUrl":"https:\/\/www.rockarena.sk\/wp-content\/uploads\/2024\/05\/Andreas-Vollenweider-\u2013-Caverna-Magica-obal-pred.jpeg","width":671,"height":671},{"@type":"BreadcrumbList","@id":"https:\/\/www.rockarena.sk\/?product=andreas-vollenweider-caverna-magica-under-the-tree-in-the-cave#breadcrumb","itemListElement":[{"@type":"ListItem","position":1,"name":"Domovsk\u00e1 str\u00e1nka","item":"https:\/\/www.rockarena.sk\/"},{"@type":"ListItem","position":2,"name":"Obchod","item":"https:\/\/www.rockarena.sk\/"},{"@type":"ListItem","position":3,"name":"Andreas Vollenweider \u2013 Caverna Magica (&#8230;Under The Tree &#8211; In The Cave&#8230;)"}]},{"@type":"WebSite","@id":"https:\/\/www.rockarena.sk\/#website","url":"https:\/\/www.rockarena.sk\/","name":"RockArena - Fan web","description":"Online baz\u00e1r LP platn\u00ed a hifi techniky","publisher":{"@id":"https:\/\/www.rockarena.sk\/#organization"},"potentialAction":[{"@type":"SearchAction","target":{"@type":"EntryPoint","urlTemplate":"https:\/\/www.rockarena.sk\/?s={search_term_string}"},"query-input":{"@type":"PropertyValueSpecification","valueRequired":true,"valueName":"search_term_string"}}],"inLanguage":"sk-SK"},{"@type":"Organization","@id":"https:\/\/www.rockarena.sk\/#organization","name":"RockArena - Fan web","url":"https:\/\/www.rockarena.sk\/","logo":{"@type":"ImageObject","inLanguage":"sk-SK","@id":"https:\/\/www.rockarena.sk\/#\/schema\/logo\/image\/","url":"https:\/\/www.rockarena.sk\/wp-content\/uploads\/2024\/09\/cropped-rockarena-logo.png","contentUrl":"https:\/\/www.rockarena.sk\/wp-content\/uploads\/2024\/09\/cropped-rockarena-logo.png","width":500,"height":500,"caption":"RockArena - Fan web"},"image":{"@id":"https:\/\/www.rockarena.sk\/#\/schema\/logo\/image\/"}}]}},"_links":{"self":[{"href":"https:\/\/www.rockarena.sk\/index.php?rest_route=\/wp\/v2\/product\/378","targetHints":{"allow":["GET"]}}],"collection":[{"href":"https:\/\/www.rockarena.sk\/index.php?rest_route=\/wp\/v2\/product"}],"about":[{"href":"https:\/\/www.rockarena.sk\/index.php?rest_route=\/wp\/v2\/types\/product"}],"replies":[{"embeddable":true,"href":"https:\/\/www.rockarena.sk\/index.php?rest_route=%2Fwp%2Fv2%2Fcomments&post=378"}],"wp:featuredmedia":[{"embeddable":true,"href":"https:\/\/www.rockarena.sk\/index.php?rest_route=\/wp\/v2\/media\/509"}],"wp:attachment":[{"href":"https:\/\/www.rockarena.sk\/index.php?rest_route=%2Fwp%2Fv2%2Fmedia&parent=378"}],"wp:term":[{"taxonomy":"product_brand","embeddable":true,"href":"https:\/\/www.rockarena.sk\/index.php?rest_route=%2Fwp%2Fv2%2Fproduct_brand&post=378"},{"taxonomy":"product_cat","embeddable":true,"href":"https:\/\/www.rockarena.sk\/index.php?rest_route=%2Fwp%2Fv2%2Fproduct_cat&post=378"},{"taxonomy":"product_tag","embeddable":true,"href":"https:\/\/www.rockarena.sk\/index.php?rest_route=%2Fwp%2Fv2%2Fproduct_tag&post=378"}],"curies":[{"name":"wp","href":"https:\/\/api.w.org\/{rel}","templated":true}]}}