{"id":379,"date":"2024-05-07T13:16:23","date_gmt":"2024-05-07T11:16:23","guid":{"rendered":"https:\/\/www.rockarena.sk\/?post_type=product&#038;p=379"},"modified":"2024-05-07T13:18:53","modified_gmt":"2024-05-07T11:18:53","slug":"peter-maffay-steppenwolf","status":"publish","type":"product","link":"https:\/\/www.rockarena.sk\/?product=peter-maffay-steppenwolf","title":{"rendered":"Peter Maffay \u2013 Steppenwolf"},"content":{"rendered":"<h3><strong>Info<\/strong><\/h3>\n<p><strong>\u017d\u00e1ner:<\/strong> <a href=\"https:\/\/www.mediamarkett.sk\/product-tag\/rock\/\">Rock<\/a><\/p>\n<p><strong>Rok vydania:<\/strong> 1979<\/p>\n<p><strong>Vydavate\u013e:<\/strong> Telefunken<\/p>\n<h3><strong>Stav<\/strong><\/h3>\n<p><strong>Obal:<\/strong> Excellent<\/p>\n<p><strong>Doska:<\/strong> Near mint<\/p>\n<h3>Track List<\/h3>\n<table class=\"tracklist\">\n<tbody>\n<tr>\n<td>A1<\/td>\n<td>So Nicht<\/td>\n<\/tr>\n<tr>\n<td>A2<\/td>\n<td>Steppenwolf<\/td>\n<\/tr>\n<tr>\n<td>A3<\/td>\n<td>Auf Dem Weg Zu Mir<\/td>\n<\/tr>\n<tr>\n<td>A4<\/td>\n<td>Jane<\/td>\n<\/tr>\n<tr>\n<td>A5<\/td>\n<td>Mach&#8217;s Gut, Mein Freund<\/td>\n<\/tr>\n<tr>\n<td>A6<\/td>\n<td>Du Hattest Keine Tr\u00e4nen Mehr<\/td>\n<\/tr>\n<tr>\n<td>B1<\/td>\n<td>So Bist Du<\/td>\n<\/tr>\n<tr>\n<td>B2<\/td>\n<td>Spuren Einer Nacht<\/td>\n<\/tr>\n<tr>\n<td>B3<\/td>\n<td>Roadie<\/td>\n<\/tr>\n<tr>\n<td>B4<\/td>\n<td>Das Ist Mein Traum<\/td>\n<\/tr>\n<tr>\n<td>B5<\/td>\n<td>Liebling, Wach&#8216; Auf<\/td>\n<\/tr>\n<tr>\n<td>B6<\/td>\n<td>Wahrheit<\/td>\n<\/tr>\n<\/tbody>\n<\/table>\n","protected":false},"excerpt":{"rendered":"<p>Info \u017d\u00e1ner: Rock Rok vydania: 1979 Vydavate\u013e: Telefunken Stav Obal: Excellent Doska: Near mint Track List A1 So Nicht A2 Steppenwolf A3 Auf Dem Weg Zu Mir A4 Jane A5 Mach&#8217;s Gut, Mein Freund A6 Du Hattest Keine Tr\u00e4nen Mehr B1 So Bist Du B2 Spuren Einer Nacht B3 Roadie B4 Das Ist Mein Traum [&hellip;]<\/p>\n","protected":false},"featured_media":518,"comment_status":"open","ping_status":"closed","template":"","meta":[],"product_brand":[],"product_cat":[20],"product_tag":[104,32],"class_list":{"0":"post-379","1":"product","2":"type-product","3":"status-publish","4":"has-post-thumbnail","6":"product_cat-platne-bazar","7":"product_tag-peter-maffay","8":"product_tag-rock","9":"product_shipping_class-platne","11":"first","12":"instock","13":"sale","14":"sold-individually","15":"shipping-taxable","16":"purchasable","17":"product-type-simple"},"yoast_head":"<!-- This site is optimized with the Yoast SEO plugin v26.9 - https:\/\/yoast.com\/product\/yoast-seo-wordpress\/ -->\n<title>Peter Maffay \u2013 Steppenwolf - RockArena - Fan web<\/title>\n<meta name=\"robots\" content=\"index, follow, max-snippet:-1, max-image-preview:large, max-video-preview:-1\" \/>\n<link rel=\"canonical\" href=\"https:\/\/www.rockarena.sk\/?product=peter-maffay-steppenwolf\" \/>\n<meta property=\"og:locale\" content=\"sk_SK\" \/>\n<meta property=\"og:type\" content=\"article\" \/>\n<meta property=\"og:title\" content=\"Peter Maffay \u2013 Steppenwolf - RockArena - Fan web\" \/>\n<meta property=\"og:description\" content=\"Info \u017d\u00e1ner: Rock Rok vydania: 1979 Vydavate\u013e: Telefunken Stav Obal: Excellent Doska: Near mint Track List A1 So Nicht A2 Steppenwolf A3 Auf Dem Weg Zu Mir A4 Jane A5 Mach&#8217;s Gut, Mein Freund A6 Du Hattest Keine Tr\u00e4nen Mehr B1 So Bist Du B2 Spuren Einer Nacht B3 Roadie B4 Das Ist Mein Traum [&hellip;]\" \/>\n<meta property=\"og:url\" content=\"https:\/\/www.rockarena.sk\/?product=peter-maffay-steppenwolf\" \/>\n<meta property=\"og:site_name\" content=\"RockArena - Fan web\" \/>\n<meta property=\"article:modified_time\" content=\"2024-05-07T11:18:53+00:00\" \/>\n<meta name=\"twitter:card\" content=\"summary_large_image\" \/>\n<script type=\"application\/ld+json\" class=\"yoast-schema-graph\">{\"@context\":\"https:\/\/schema.org\",\"@graph\":[{\"@type\":\"WebPage\",\"@id\":\"https:\/\/www.rockarena.sk\/?product=peter-maffay-steppenwolf\",\"url\":\"https:\/\/www.rockarena.sk\/?product=peter-maffay-steppenwolf\",\"name\":\"Peter Maffay \u2013 Steppenwolf - RockArena - Fan web\",\"isPartOf\":{\"@id\":\"https:\/\/www.rockarena.sk\/#website\"},\"primaryImageOfPage\":{\"@id\":\"https:\/\/www.rockarena.sk\/?product=peter-maffay-steppenwolf#primaryimage\"},\"image\":{\"@id\":\"https:\/\/www.rockarena.sk\/?product=peter-maffay-steppenwolf#primaryimage\"},\"thumbnailUrl\":\"https:\/\/www.rockarena.sk\/wp-content\/uploads\/2024\/05\/Peter-Maffay-\u2013-Steppenwolf-obal-pred.jpeg\",\"datePublished\":\"2024-05-07T11:16:23+00:00\",\"dateModified\":\"2024-05-07T11:18:53+00:00\",\"breadcrumb\":{\"@id\":\"https:\/\/www.rockarena.sk\/?product=peter-maffay-steppenwolf#breadcrumb\"},\"inLanguage\":\"sk-SK\",\"potentialAction\":[{\"@type\":\"ReadAction\",\"target\":[\"https:\/\/www.rockarena.sk\/?product=peter-maffay-steppenwolf\"]}]},{\"@type\":\"ImageObject\",\"inLanguage\":\"sk-SK\",\"@id\":\"https:\/\/www.rockarena.sk\/?product=peter-maffay-steppenwolf#primaryimage\",\"url\":\"https:\/\/www.rockarena.sk\/wp-content\/uploads\/2024\/05\/Peter-Maffay-\u2013-Steppenwolf-obal-pred.jpeg\",\"contentUrl\":\"https:\/\/www.rockarena.sk\/wp-content\/uploads\/2024\/05\/Peter-Maffay-\u2013-Steppenwolf-obal-pred.jpeg\",\"width\":721,\"height\":714},{\"@type\":\"BreadcrumbList\",\"@id\":\"https:\/\/www.rockarena.sk\/?product=peter-maffay-steppenwolf#breadcrumb\",\"itemListElement\":[{\"@type\":\"ListItem\",\"position\":1,\"name\":\"Domovsk\u00e1 str\u00e1nka\",\"item\":\"https:\/\/www.rockarena.sk\/\"},{\"@type\":\"ListItem\",\"position\":2,\"name\":\"Obchod\",\"item\":\"https:\/\/www.rockarena.sk\/\"},{\"@type\":\"ListItem\",\"position\":3,\"name\":\"Peter Maffay \u2013 Steppenwolf\"}]},{\"@type\":\"WebSite\",\"@id\":\"https:\/\/www.rockarena.sk\/#website\",\"url\":\"https:\/\/www.rockarena.sk\/\",\"name\":\"RockArena - Fan web\",\"description\":\"Online baz\u00e1r LP platn\u00ed a hifi techniky\",\"publisher\":{\"@id\":\"https:\/\/www.rockarena.sk\/#organization\"},\"potentialAction\":[{\"@type\":\"SearchAction\",\"target\":{\"@type\":\"EntryPoint\",\"urlTemplate\":\"https:\/\/www.rockarena.sk\/?s={search_term_string}\"},\"query-input\":{\"@type\":\"PropertyValueSpecification\",\"valueRequired\":true,\"valueName\":\"search_term_string\"}}],\"inLanguage\":\"sk-SK\"},{\"@type\":\"Organization\",\"@id\":\"https:\/\/www.rockarena.sk\/#organization\",\"name\":\"RockArena - Fan web\",\"url\":\"https:\/\/www.rockarena.sk\/\",\"logo\":{\"@type\":\"ImageObject\",\"inLanguage\":\"sk-SK\",\"@id\":\"https:\/\/www.rockarena.sk\/#\/schema\/logo\/image\/\",\"url\":\"https:\/\/www.rockarena.sk\/wp-content\/uploads\/2024\/09\/cropped-rockarena-logo.png\",\"contentUrl\":\"https:\/\/www.rockarena.sk\/wp-content\/uploads\/2024\/09\/cropped-rockarena-logo.png\",\"width\":500,\"height\":500,\"caption\":\"RockArena - Fan web\"},\"image\":{\"@id\":\"https:\/\/www.rockarena.sk\/#\/schema\/logo\/image\/\"}}]}<\/script>\n<!-- \/ Yoast SEO plugin. -->","yoast_head_json":{"title":"Peter Maffay \u2013 Steppenwolf - RockArena - Fan web","robots":{"index":"index","follow":"follow","max-snippet":"max-snippet:-1","max-image-preview":"max-image-preview:large","max-video-preview":"max-video-preview:-1"},"canonical":"https:\/\/www.rockarena.sk\/?product=peter-maffay-steppenwolf","og_locale":"sk_SK","og_type":"article","og_title":"Peter Maffay \u2013 Steppenwolf - RockArena - Fan web","og_description":"Info \u017d\u00e1ner: Rock Rok vydania: 1979 Vydavate\u013e: Telefunken Stav Obal: Excellent Doska: Near mint Track List A1 So Nicht A2 Steppenwolf A3 Auf Dem Weg Zu Mir A4 Jane A5 Mach&#8217;s Gut, Mein Freund A6 Du Hattest Keine Tr\u00e4nen Mehr B1 So Bist Du B2 Spuren Einer Nacht B3 Roadie B4 Das Ist Mein Traum [&hellip;]","og_url":"https:\/\/www.rockarena.sk\/?product=peter-maffay-steppenwolf","og_site_name":"RockArena - Fan web","article_modified_time":"2024-05-07T11:18:53+00:00","twitter_card":"summary_large_image","schema":{"@context":"https:\/\/schema.org","@graph":[{"@type":"WebPage","@id":"https:\/\/www.rockarena.sk\/?product=peter-maffay-steppenwolf","url":"https:\/\/www.rockarena.sk\/?product=peter-maffay-steppenwolf","name":"Peter Maffay \u2013 Steppenwolf - RockArena - Fan web","isPartOf":{"@id":"https:\/\/www.rockarena.sk\/#website"},"primaryImageOfPage":{"@id":"https:\/\/www.rockarena.sk\/?product=peter-maffay-steppenwolf#primaryimage"},"image":{"@id":"https:\/\/www.rockarena.sk\/?product=peter-maffay-steppenwolf#primaryimage"},"thumbnailUrl":"https:\/\/www.rockarena.sk\/wp-content\/uploads\/2024\/05\/Peter-Maffay-\u2013-Steppenwolf-obal-pred.jpeg","datePublished":"2024-05-07T11:16:23+00:00","dateModified":"2024-05-07T11:18:53+00:00","breadcrumb":{"@id":"https:\/\/www.rockarena.sk\/?product=peter-maffay-steppenwolf#breadcrumb"},"inLanguage":"sk-SK","potentialAction":[{"@type":"ReadAction","target":["https:\/\/www.rockarena.sk\/?product=peter-maffay-steppenwolf"]}]},{"@type":"ImageObject","inLanguage":"sk-SK","@id":"https:\/\/www.rockarena.sk\/?product=peter-maffay-steppenwolf#primaryimage","url":"https:\/\/www.rockarena.sk\/wp-content\/uploads\/2024\/05\/Peter-Maffay-\u2013-Steppenwolf-obal-pred.jpeg","contentUrl":"https:\/\/www.rockarena.sk\/wp-content\/uploads\/2024\/05\/Peter-Maffay-\u2013-Steppenwolf-obal-pred.jpeg","width":721,"height":714},{"@type":"BreadcrumbList","@id":"https:\/\/www.rockarena.sk\/?product=peter-maffay-steppenwolf#breadcrumb","itemListElement":[{"@type":"ListItem","position":1,"name":"Domovsk\u00e1 str\u00e1nka","item":"https:\/\/www.rockarena.sk\/"},{"@type":"ListItem","position":2,"name":"Obchod","item":"https:\/\/www.rockarena.sk\/"},{"@type":"ListItem","position":3,"name":"Peter Maffay \u2013 Steppenwolf"}]},{"@type":"WebSite","@id":"https:\/\/www.rockarena.sk\/#website","url":"https:\/\/www.rockarena.sk\/","name":"RockArena - Fan web","description":"Online baz\u00e1r LP platn\u00ed a hifi techniky","publisher":{"@id":"https:\/\/www.rockarena.sk\/#organization"},"potentialAction":[{"@type":"SearchAction","target":{"@type":"EntryPoint","urlTemplate":"https:\/\/www.rockarena.sk\/?s={search_term_string}"},"query-input":{"@type":"PropertyValueSpecification","valueRequired":true,"valueName":"search_term_string"}}],"inLanguage":"sk-SK"},{"@type":"Organization","@id":"https:\/\/www.rockarena.sk\/#organization","name":"RockArena - Fan web","url":"https:\/\/www.rockarena.sk\/","logo":{"@type":"ImageObject","inLanguage":"sk-SK","@id":"https:\/\/www.rockarena.sk\/#\/schema\/logo\/image\/","url":"https:\/\/www.rockarena.sk\/wp-content\/uploads\/2024\/09\/cropped-rockarena-logo.png","contentUrl":"https:\/\/www.rockarena.sk\/wp-content\/uploads\/2024\/09\/cropped-rockarena-logo.png","width":500,"height":500,"caption":"RockArena - Fan web"},"image":{"@id":"https:\/\/www.rockarena.sk\/#\/schema\/logo\/image\/"}}]}},"_links":{"self":[{"href":"https:\/\/www.rockarena.sk\/index.php?rest_route=\/wp\/v2\/product\/379","targetHints":{"allow":["GET"]}}],"collection":[{"href":"https:\/\/www.rockarena.sk\/index.php?rest_route=\/wp\/v2\/product"}],"about":[{"href":"https:\/\/www.rockarena.sk\/index.php?rest_route=\/wp\/v2\/types\/product"}],"replies":[{"embeddable":true,"href":"https:\/\/www.rockarena.sk\/index.php?rest_route=%2Fwp%2Fv2%2Fcomments&post=379"}],"wp:featuredmedia":[{"embeddable":true,"href":"https:\/\/www.rockarena.sk\/index.php?rest_route=\/wp\/v2\/media\/518"}],"wp:attachment":[{"href":"https:\/\/www.rockarena.sk\/index.php?rest_route=%2Fwp%2Fv2%2Fmedia&parent=379"}],"wp:term":[{"taxonomy":"product_brand","embeddable":true,"href":"https:\/\/www.rockarena.sk\/index.php?rest_route=%2Fwp%2Fv2%2Fproduct_brand&post=379"},{"taxonomy":"product_cat","embeddable":true,"href":"https:\/\/www.rockarena.sk\/index.php?rest_route=%2Fwp%2Fv2%2Fproduct_cat&post=379"},{"taxonomy":"product_tag","embeddable":true,"href":"https:\/\/www.rockarena.sk\/index.php?rest_route=%2Fwp%2Fv2%2Fproduct_tag&post=379"}],"curies":[{"name":"wp","href":"https:\/\/api.w.org\/{rel}","templated":true}]}}