{"id":401,"date":"2024-05-07T13:16:47","date_gmt":"2024-05-07T11:16:47","guid":{"rendered":"https:\/\/www.rockarena.sk\/?post_type=product&#038;p=401"},"modified":"2024-05-07T13:19:27","modified_gmt":"2024-05-07T11:19:27","slug":"saturday-night-fever-the-original-movie-sound-track","status":"publish","type":"product","link":"https:\/\/www.rockarena.sk\/?product=saturday-night-fever-the-original-movie-sound-track","title":{"rendered":"Saturday Night Fever (The Original Movie Sound Track)"},"content":{"rendered":"<h3><strong>Info<\/strong><\/h3>\n<p><strong>\u017d\u00e1ner:<\/strong> <a href=\"https:\/\/www.mediamarkett.sk\/product-tag\/pop\/\">Pop<\/a><\/p>\n<p><strong>Rok vydania:<\/strong> 1977<\/p>\n<p><strong>Vydavate\u013e:<\/strong> RSO<\/p>\n<h3><strong>Stav<\/strong><\/h3>\n<p><strong>Obal:<\/strong> Excellent<\/p>\n<p><strong>Doska:<\/strong> Excellent<\/p>\n<h3>Track List<\/h3>\n<table class=\"tracklist\">\n<tbody>\n<tr>\n<td>A1<\/td>\n<td>Bee Gees \u2013 Stayin&#8216; Alive<\/td>\n<\/tr>\n<tr>\n<td>A2<\/td>\n<td>Bee Gees \u2013 How Deep Is Your Love<\/td>\n<\/tr>\n<tr>\n<td>A3<\/td>\n<td>Bee Gees \u2013 Night Fever<\/td>\n<\/tr>\n<tr>\n<td>A4<\/td>\n<td>Bee Gees \u2013 More Than A Woman<\/td>\n<\/tr>\n<tr>\n<td>A5<\/td>\n<td>Yvonne Elliman \u2013 If I Can&#8217;t Have You<\/td>\n<\/tr>\n<tr>\n<td>B1<\/td>\n<td>Walter Murphy \u2013 A Fifth Of Beethoven<\/td>\n<\/tr>\n<tr>\n<td>B2<\/td>\n<td>Tavares \u2013 More Than A Woman<\/td>\n<\/tr>\n<tr>\n<td>B3<\/td>\n<td>David Shire \u2013 Manhattan Skyline<\/td>\n<\/tr>\n<tr>\n<td>B4<\/td>\n<td>Ralph MacDonald \u2013 Calypso Breakdown<\/td>\n<\/tr>\n<tr>\n<td>C1<\/td>\n<td>David Shire \u2013 Night On Disco Mountain<\/td>\n<\/tr>\n<tr>\n<td>C2<\/td>\n<td>Kool &amp; The Gang \u2013 Open Sesame<\/td>\n<\/tr>\n<tr>\n<td>C3<\/td>\n<td>Bee Gees \u2013 Jive Talkin&#8216; (Live)<\/td>\n<\/tr>\n<tr>\n<td>C4<\/td>\n<td>Bee Gees \u2013 You Should Be Dancing<\/td>\n<\/tr>\n<tr>\n<td>C5<\/td>\n<td>KC &amp; The Sunshine Band \u2013 Boogie Shoes<\/td>\n<\/tr>\n<tr>\n<td>D1<\/td>\n<td>David Shire \u2013 Salsation<\/td>\n<\/tr>\n<tr>\n<td>D2<\/td>\n<td>M.F.S.B. \u2013 K-Jee<\/td>\n<\/tr>\n<tr>\n<td>D3<\/td>\n<td>The Trammps \u2013 Disco Inferno<\/td>\n<\/tr>\n<\/tbody>\n<\/table>\n","protected":false},"excerpt":{"rendered":"<p>Info \u017d\u00e1ner: Pop Rok vydania: 1977 Vydavate\u013e: RSO Stav Obal: Excellent Doska: Excellent Track List A1 Bee Gees \u2013 Stayin&#8216; Alive A2 Bee Gees \u2013 How Deep Is Your Love A3 Bee Gees \u2013 Night Fever A4 Bee Gees \u2013 More Than A Woman A5 Yvonne Elliman \u2013 If I Can&#8217;t Have You B1 Walter [&hellip;]<\/p>\n","protected":false},"featured_media":544,"comment_status":"open","ping_status":"closed","template":"","meta":[],"product_brand":[],"product_cat":[20],"product_tag":[28,59],"class_list":{"0":"post-401","1":"product","2":"type-product","3":"status-publish","4":"has-post-thumbnail","6":"product_cat-platne-bazar","7":"product_tag-pop","8":"product_tag-soundtrack","9":"product_shipping_class-platne","11":"first","12":"instock","13":"sale","14":"sold-individually","15":"shipping-taxable","16":"purchasable","17":"product-type-simple"},"yoast_head":"<!-- This site is optimized with the Yoast SEO plugin v26.9 - https:\/\/yoast.com\/product\/yoast-seo-wordpress\/ -->\n<title>Saturday Night Fever (The Original Movie Sound Track) - RockArena - Fan web<\/title>\n<meta name=\"robots\" content=\"index, follow, max-snippet:-1, max-image-preview:large, max-video-preview:-1\" \/>\n<link rel=\"canonical\" href=\"https:\/\/www.rockarena.sk\/?product=saturday-night-fever-the-original-movie-sound-track\" \/>\n<meta property=\"og:locale\" content=\"sk_SK\" \/>\n<meta property=\"og:type\" content=\"article\" \/>\n<meta property=\"og:title\" content=\"Saturday Night Fever (The Original Movie Sound Track) - RockArena - Fan web\" \/>\n<meta property=\"og:description\" content=\"Info \u017d\u00e1ner: Pop Rok vydania: 1977 Vydavate\u013e: RSO Stav Obal: Excellent Doska: Excellent Track List A1 Bee Gees \u2013 Stayin&#8216; Alive A2 Bee Gees \u2013 How Deep Is Your Love A3 Bee Gees \u2013 Night Fever A4 Bee Gees \u2013 More Than A Woman A5 Yvonne Elliman \u2013 If I Can&#8217;t Have You B1 Walter [&hellip;]\" \/>\n<meta property=\"og:url\" content=\"https:\/\/www.rockarena.sk\/?product=saturday-night-fever-the-original-movie-sound-track\" \/>\n<meta property=\"og:site_name\" content=\"RockArena - Fan web\" \/>\n<meta property=\"article:modified_time\" content=\"2024-05-07T11:19:27+00:00\" \/>\n<meta name=\"twitter:card\" content=\"summary_large_image\" \/>\n<meta name=\"twitter:label1\" content=\"Predpokladan\u00fd \u010das \u010d\u00edtania\" \/>\n\t<meta name=\"twitter:data1\" content=\"1 min\u00fata\" \/>\n<script type=\"application\/ld+json\" class=\"yoast-schema-graph\">{\"@context\":\"https:\/\/schema.org\",\"@graph\":[{\"@type\":\"WebPage\",\"@id\":\"https:\/\/www.rockarena.sk\/?product=saturday-night-fever-the-original-movie-sound-track\",\"url\":\"https:\/\/www.rockarena.sk\/?product=saturday-night-fever-the-original-movie-sound-track\",\"name\":\"Saturday Night Fever (The Original Movie Sound Track) - RockArena - Fan web\",\"isPartOf\":{\"@id\":\"https:\/\/www.rockarena.sk\/#website\"},\"primaryImageOfPage\":{\"@id\":\"https:\/\/www.rockarena.sk\/?product=saturday-night-fever-the-original-movie-sound-track#primaryimage\"},\"image\":{\"@id\":\"https:\/\/www.rockarena.sk\/?product=saturday-night-fever-the-original-movie-sound-track#primaryimage\"},\"thumbnailUrl\":\"https:\/\/www.rockarena.sk\/wp-content\/uploads\/2024\/05\/Saturday-Night-Fever-obal-pred.jpeg\",\"datePublished\":\"2024-05-07T11:16:47+00:00\",\"dateModified\":\"2024-05-07T11:19:27+00:00\",\"breadcrumb\":{\"@id\":\"https:\/\/www.rockarena.sk\/?product=saturday-night-fever-the-original-movie-sound-track#breadcrumb\"},\"inLanguage\":\"sk-SK\",\"potentialAction\":[{\"@type\":\"ReadAction\",\"target\":[\"https:\/\/www.rockarena.sk\/?product=saturday-night-fever-the-original-movie-sound-track\"]}]},{\"@type\":\"ImageObject\",\"inLanguage\":\"sk-SK\",\"@id\":\"https:\/\/www.rockarena.sk\/?product=saturday-night-fever-the-original-movie-sound-track#primaryimage\",\"url\":\"https:\/\/www.rockarena.sk\/wp-content\/uploads\/2024\/05\/Saturday-Night-Fever-obal-pred.jpeg\",\"contentUrl\":\"https:\/\/www.rockarena.sk\/wp-content\/uploads\/2024\/05\/Saturday-Night-Fever-obal-pred.jpeg\",\"width\":690,\"height\":694},{\"@type\":\"BreadcrumbList\",\"@id\":\"https:\/\/www.rockarena.sk\/?product=saturday-night-fever-the-original-movie-sound-track#breadcrumb\",\"itemListElement\":[{\"@type\":\"ListItem\",\"position\":1,\"name\":\"Domovsk\u00e1 str\u00e1nka\",\"item\":\"https:\/\/www.rockarena.sk\/\"},{\"@type\":\"ListItem\",\"position\":2,\"name\":\"Obchod\",\"item\":\"https:\/\/www.rockarena.sk\/\"},{\"@type\":\"ListItem\",\"position\":3,\"name\":\"Saturday Night Fever (The Original Movie Sound Track)\"}]},{\"@type\":\"WebSite\",\"@id\":\"https:\/\/www.rockarena.sk\/#website\",\"url\":\"https:\/\/www.rockarena.sk\/\",\"name\":\"RockArena - Fan web\",\"description\":\"Online baz\u00e1r LP platn\u00ed a hifi techniky\",\"publisher\":{\"@id\":\"https:\/\/www.rockarena.sk\/#organization\"},\"potentialAction\":[{\"@type\":\"SearchAction\",\"target\":{\"@type\":\"EntryPoint\",\"urlTemplate\":\"https:\/\/www.rockarena.sk\/?s={search_term_string}\"},\"query-input\":{\"@type\":\"PropertyValueSpecification\",\"valueRequired\":true,\"valueName\":\"search_term_string\"}}],\"inLanguage\":\"sk-SK\"},{\"@type\":\"Organization\",\"@id\":\"https:\/\/www.rockarena.sk\/#organization\",\"name\":\"RockArena - Fan web\",\"url\":\"https:\/\/www.rockarena.sk\/\",\"logo\":{\"@type\":\"ImageObject\",\"inLanguage\":\"sk-SK\",\"@id\":\"https:\/\/www.rockarena.sk\/#\/schema\/logo\/image\/\",\"url\":\"https:\/\/www.rockarena.sk\/wp-content\/uploads\/2024\/09\/cropped-rockarena-logo.png\",\"contentUrl\":\"https:\/\/www.rockarena.sk\/wp-content\/uploads\/2024\/09\/cropped-rockarena-logo.png\",\"width\":500,\"height\":500,\"caption\":\"RockArena - Fan web\"},\"image\":{\"@id\":\"https:\/\/www.rockarena.sk\/#\/schema\/logo\/image\/\"}}]}<\/script>\n<!-- \/ Yoast SEO plugin. -->","yoast_head_json":{"title":"Saturday Night Fever (The Original Movie Sound Track) - RockArena - Fan web","robots":{"index":"index","follow":"follow","max-snippet":"max-snippet:-1","max-image-preview":"max-image-preview:large","max-video-preview":"max-video-preview:-1"},"canonical":"https:\/\/www.rockarena.sk\/?product=saturday-night-fever-the-original-movie-sound-track","og_locale":"sk_SK","og_type":"article","og_title":"Saturday Night Fever (The Original Movie Sound Track) - RockArena - Fan web","og_description":"Info \u017d\u00e1ner: Pop Rok vydania: 1977 Vydavate\u013e: RSO Stav Obal: Excellent Doska: Excellent Track List A1 Bee Gees \u2013 Stayin&#8216; Alive A2 Bee Gees \u2013 How Deep Is Your Love A3 Bee Gees \u2013 Night Fever A4 Bee Gees \u2013 More Than A Woman A5 Yvonne Elliman \u2013 If I Can&#8217;t Have You B1 Walter [&hellip;]","og_url":"https:\/\/www.rockarena.sk\/?product=saturday-night-fever-the-original-movie-sound-track","og_site_name":"RockArena - Fan web","article_modified_time":"2024-05-07T11:19:27+00:00","twitter_card":"summary_large_image","twitter_misc":{"Predpokladan\u00fd \u010das \u010d\u00edtania":"1 min\u00fata"},"schema":{"@context":"https:\/\/schema.org","@graph":[{"@type":"WebPage","@id":"https:\/\/www.rockarena.sk\/?product=saturday-night-fever-the-original-movie-sound-track","url":"https:\/\/www.rockarena.sk\/?product=saturday-night-fever-the-original-movie-sound-track","name":"Saturday Night Fever (The Original Movie Sound Track) - RockArena - Fan web","isPartOf":{"@id":"https:\/\/www.rockarena.sk\/#website"},"primaryImageOfPage":{"@id":"https:\/\/www.rockarena.sk\/?product=saturday-night-fever-the-original-movie-sound-track#primaryimage"},"image":{"@id":"https:\/\/www.rockarena.sk\/?product=saturday-night-fever-the-original-movie-sound-track#primaryimage"},"thumbnailUrl":"https:\/\/www.rockarena.sk\/wp-content\/uploads\/2024\/05\/Saturday-Night-Fever-obal-pred.jpeg","datePublished":"2024-05-07T11:16:47+00:00","dateModified":"2024-05-07T11:19:27+00:00","breadcrumb":{"@id":"https:\/\/www.rockarena.sk\/?product=saturday-night-fever-the-original-movie-sound-track#breadcrumb"},"inLanguage":"sk-SK","potentialAction":[{"@type":"ReadAction","target":["https:\/\/www.rockarena.sk\/?product=saturday-night-fever-the-original-movie-sound-track"]}]},{"@type":"ImageObject","inLanguage":"sk-SK","@id":"https:\/\/www.rockarena.sk\/?product=saturday-night-fever-the-original-movie-sound-track#primaryimage","url":"https:\/\/www.rockarena.sk\/wp-content\/uploads\/2024\/05\/Saturday-Night-Fever-obal-pred.jpeg","contentUrl":"https:\/\/www.rockarena.sk\/wp-content\/uploads\/2024\/05\/Saturday-Night-Fever-obal-pred.jpeg","width":690,"height":694},{"@type":"BreadcrumbList","@id":"https:\/\/www.rockarena.sk\/?product=saturday-night-fever-the-original-movie-sound-track#breadcrumb","itemListElement":[{"@type":"ListItem","position":1,"name":"Domovsk\u00e1 str\u00e1nka","item":"https:\/\/www.rockarena.sk\/"},{"@type":"ListItem","position":2,"name":"Obchod","item":"https:\/\/www.rockarena.sk\/"},{"@type":"ListItem","position":3,"name":"Saturday Night Fever (The Original Movie Sound Track)"}]},{"@type":"WebSite","@id":"https:\/\/www.rockarena.sk\/#website","url":"https:\/\/www.rockarena.sk\/","name":"RockArena - Fan web","description":"Online baz\u00e1r LP platn\u00ed a hifi techniky","publisher":{"@id":"https:\/\/www.rockarena.sk\/#organization"},"potentialAction":[{"@type":"SearchAction","target":{"@type":"EntryPoint","urlTemplate":"https:\/\/www.rockarena.sk\/?s={search_term_string}"},"query-input":{"@type":"PropertyValueSpecification","valueRequired":true,"valueName":"search_term_string"}}],"inLanguage":"sk-SK"},{"@type":"Organization","@id":"https:\/\/www.rockarena.sk\/#organization","name":"RockArena - Fan web","url":"https:\/\/www.rockarena.sk\/","logo":{"@type":"ImageObject","inLanguage":"sk-SK","@id":"https:\/\/www.rockarena.sk\/#\/schema\/logo\/image\/","url":"https:\/\/www.rockarena.sk\/wp-content\/uploads\/2024\/09\/cropped-rockarena-logo.png","contentUrl":"https:\/\/www.rockarena.sk\/wp-content\/uploads\/2024\/09\/cropped-rockarena-logo.png","width":500,"height":500,"caption":"RockArena - Fan web"},"image":{"@id":"https:\/\/www.rockarena.sk\/#\/schema\/logo\/image\/"}}]}},"_links":{"self":[{"href":"https:\/\/www.rockarena.sk\/index.php?rest_route=\/wp\/v2\/product\/401","targetHints":{"allow":["GET"]}}],"collection":[{"href":"https:\/\/www.rockarena.sk\/index.php?rest_route=\/wp\/v2\/product"}],"about":[{"href":"https:\/\/www.rockarena.sk\/index.php?rest_route=\/wp\/v2\/types\/product"}],"replies":[{"embeddable":true,"href":"https:\/\/www.rockarena.sk\/index.php?rest_route=%2Fwp%2Fv2%2Fcomments&post=401"}],"wp:featuredmedia":[{"embeddable":true,"href":"https:\/\/www.rockarena.sk\/index.php?rest_route=\/wp\/v2\/media\/544"}],"wp:attachment":[{"href":"https:\/\/www.rockarena.sk\/index.php?rest_route=%2Fwp%2Fv2%2Fmedia&parent=401"}],"wp:term":[{"taxonomy":"product_brand","embeddable":true,"href":"https:\/\/www.rockarena.sk\/index.php?rest_route=%2Fwp%2Fv2%2Fproduct_brand&post=401"},{"taxonomy":"product_cat","embeddable":true,"href":"https:\/\/www.rockarena.sk\/index.php?rest_route=%2Fwp%2Fv2%2Fproduct_cat&post=401"},{"taxonomy":"product_tag","embeddable":true,"href":"https:\/\/www.rockarena.sk\/index.php?rest_route=%2Fwp%2Fv2%2Fproduct_tag&post=401"}],"curies":[{"name":"wp","href":"https:\/\/api.w.org\/{rel}","templated":true}]}}