{"id":43,"date":"2024-05-07T13:11:06","date_gmt":"2024-05-07T11:11:06","guid":{"rendered":"https:\/\/www.rockarena.sk\/?post_type=product&#038;p=43"},"modified":"2025-10-02T19:30:42","modified_gmt":"2025-10-02T17:30:42","slug":"pacifik-velrybarska-vyprava","status":"publish","type":"product","link":"https:\/\/www.rockarena.sk\/?product=pacifik-velrybarska-vyprava","title":{"rendered":"Pacifik \u2013 Velryb\u00e1\u0159sk\u00e1 V\u00fdprava"},"content":{"rendered":"<h3><strong>Info<\/strong><\/h3>\n<p><strong>\u017d\u00e1ner:<\/strong> <a href=\"https:\/\/www.mediamarkett.sk\/product-tag\/country\/\">Country<\/a><\/p>\n<p><strong>Rok vydania:<\/strong> 1983<\/p>\n<p><strong>Vydavate\u013e:<\/strong> Supraphon<\/p>\n<h3><strong>Stav<\/strong><\/h3>\n<p><strong>Obal:<\/strong> Near mint<\/p>\n<p><strong>Doska:<\/strong> Near mint<\/p>\n<h3>Track List<\/h3>\n<div class=\"main_2FbVC\">\n<div class=\"body_32Bo9\">\n<div><\/div>\n<\/div>\n<\/div>\n<div class=\"main_2FbVC\">\n<section id=\"release-tracklist\" class=\"section_9nUx6 open_BZ6Zt\">\n<div class=\"content_1TFzi\">\n<table class=\"tracklist_3QGRS\">\n<tbody>\n<tr data-track-position=\"A1\">\n<td class=\"trackPos_2RCje\">A1<\/td>\n<td class=\"artist_3zAQD\"><\/td>\n<td class=\"trackTitle_CTKp4\"><span class=\"trackTitle_CTKp4\">Bl\u00e1tiv\u00e1 Cesta<\/span><\/td>\n<td class=\"duration_2t4qr\">2:50<\/td>\n<\/tr>\n<tr data-track-position=\"A2\">\n<td class=\"trackPos_2RCje\">A2<\/td>\n<td class=\"artist_3zAQD\"><\/td>\n<td class=\"trackTitle_CTKp4\"><span class=\"trackTitle_CTKp4\">Stovky Vlak\u016f<\/span><\/td>\n<td class=\"duration_2t4qr\">2:05<\/td>\n<\/tr>\n<tr data-track-position=\"A3\">\n<td class=\"trackPos_2RCje\">A3<\/td>\n<td class=\"artist_3zAQD\"><\/td>\n<td class=\"trackTitle_CTKp4\"><span class=\"trackTitle_CTKp4\">Orinoko<\/span><\/td>\n<td class=\"duration_2t4qr\">3:40<\/td>\n<\/tr>\n<tr data-track-position=\"A4\">\n<td class=\"trackPos_2RCje\">A4<\/td>\n<td class=\"artist_3zAQD\"><\/td>\n<td class=\"trackTitle_CTKp4\"><span class=\"trackTitle_CTKp4\">Dokud Tr\u00e1va Bude R\u016fst<\/span><\/td>\n<td class=\"duration_2t4qr\">4:09<\/td>\n<\/tr>\n<tr data-track-position=\"A5\">\n<td class=\"trackPos_2RCje\">A5<\/td>\n<td class=\"artist_3zAQD\"><\/td>\n<td class=\"trackTitle_CTKp4\"><span class=\"trackTitle_CTKp4\">Velryb\u00e1\u0159sk\u00e1 V\u00fdprava<\/span><\/td>\n<td class=\"duration_2t4qr\">2:50<\/td>\n<\/tr>\n<tr data-track-position=\"A6\">\n<td class=\"trackPos_2RCje\">A6<\/td>\n<td class=\"artist_3zAQD\"><\/td>\n<td class=\"trackTitle_CTKp4\"><span class=\"trackTitle_CTKp4\">Dobrej Den<\/span><\/td>\n<td class=\"duration_2t4qr\">2:05<\/td>\n<\/tr>\n<tr data-track-position=\"A7\">\n<td class=\"trackPos_2RCje\">A7<\/td>\n<td class=\"artist_3zAQD\"><\/td>\n<td class=\"trackTitle_CTKp4\"><span class=\"trackTitle_CTKp4\">Jaro Nad Bretan\u00ed<\/span><\/td>\n<td class=\"duration_2t4qr\">2:25<\/td>\n<\/tr>\n<tr data-track-position=\"A8\">\n<td class=\"trackPos_2RCje\">A8<\/td>\n<td class=\"artist_3zAQD\"><\/td>\n<td class=\"trackTitle_CTKp4\"><span class=\"trackTitle_CTKp4\">Hej, Ko\u010d\u00ed<\/span><\/td>\n<td class=\"duration_2t4qr\">3:05<\/td>\n<\/tr>\n<tr data-track-position=\"B1\">\n<td class=\"trackPos_2RCje\">B1<\/td>\n<td class=\"artist_3zAQD\"><\/td>\n<td class=\"trackTitle_CTKp4\"><span class=\"trackTitle_CTKp4\">Ty Se Mi Zd\u00e1\u0161<\/span><\/td>\n<td class=\"duration_2t4qr\">3:00<\/td>\n<\/tr>\n<tr data-track-position=\"B2\">\n<td class=\"trackPos_2RCje\">B2<\/td>\n<td class=\"artist_3zAQD\"><\/td>\n<td class=\"trackTitle_CTKp4\"><span class=\"trackTitle_CTKp4\">Starom\u00f3dn\u00ed Blues<\/span><\/td>\n<td class=\"duration_2t4qr\">3:00<\/td>\n<\/tr>\n<tr data-track-position=\"B3\">\n<td class=\"trackPos_2RCje\">B3<\/td>\n<td class=\"artist_3zAQD\"><\/td>\n<td class=\"trackTitle_CTKp4\"><span class=\"trackTitle_CTKp4\">Jak Roky Rychle Let\u00ed<\/span><\/td>\n<td class=\"duration_2t4qr\">2:15<\/td>\n<\/tr>\n<tr data-track-position=\"B4\">\n<td class=\"trackPos_2RCje\">B4<\/td>\n<td class=\"artist_3zAQD\"><\/td>\n<td class=\"trackTitle_CTKp4\"><span class=\"trackTitle_CTKp4\">\u017didovsk\u00e9 Tango<\/span><\/td>\n<td class=\"duration_2t4qr\">3:16<\/td>\n<\/tr>\n<tr data-track-position=\"B5\">\n<td class=\"trackPos_2RCje\">B5<\/td>\n<td class=\"artist_3zAQD\"><\/td>\n<td class=\"trackTitle_CTKp4\"><span class=\"trackTitle_CTKp4\">D\u017e\u00ednov\u00e1 L\u00e1ska<\/span><\/td>\n<td class=\"duration_2t4qr\">4:35<\/td>\n<\/tr>\n<tr data-track-position=\"B6\">\n<td class=\"trackPos_2RCje\">B6<\/td>\n<td class=\"artist_3zAQD\"><\/td>\n<td class=\"trackTitle_CTKp4\"><span class=\"trackTitle_CTKp4\">Jazzov\u00e1 P\u00edse\u0148<\/span><\/td>\n<td class=\"duration_2t4qr\">5:00<\/td>\n<\/tr>\n<\/tbody>\n<\/table>\n<\/div>\n<\/section>\n<\/div>\n","protected":false},"excerpt":{"rendered":"<p>Info \u017d\u00e1ner: Country Rok vydania: 1983 Vydavate\u013e: Supraphon Stav Obal: Near mint Doska: Near mint Track List A1 Bl\u00e1tiv\u00e1 Cesta 2:50 A2 Stovky Vlak\u016f 2:05 A3 Orinoko 3:40 A4 Dokud Tr\u00e1va Bude R\u016fst 4:09 A5 Velryb\u00e1\u0159sk\u00e1 V\u00fdprava 2:50 A6 Dobrej Den 2:05 A7 Jaro Nad Bretan\u00ed 2:25 A8 Hej, Ko\u010d\u00ed 3:05 B1 Ty Se Mi [&hellip;]<\/p>\n","protected":false},"featured_media":73,"comment_status":"closed","ping_status":"closed","template":"","meta":[],"product_brand":[],"product_cat":[20],"product_tag":[],"class_list":{"0":"post-43","1":"product","2":"type-product","3":"status-publish","4":"has-post-thumbnail","6":"product_cat-platne-bazar","7":"product_shipping_class-platne","9":"first","10":"outofstock","11":"sale","12":"sold-individually","13":"shipping-taxable","14":"purchasable","15":"product-type-simple"},"yoast_head":"<!-- This site is optimized with the Yoast SEO plugin v26.9 - https:\/\/yoast.com\/product\/yoast-seo-wordpress\/ -->\n<title>Pacifik \u2013 Velryb\u00e1\u0159sk\u00e1 V\u00fdprava - RockArena - Fan web<\/title>\n<meta name=\"robots\" content=\"index, follow, max-snippet:-1, max-image-preview:large, max-video-preview:-1\" \/>\n<link rel=\"canonical\" href=\"https:\/\/www.rockarena.sk\/?product=pacifik-velrybarska-vyprava\" \/>\n<meta property=\"og:locale\" content=\"sk_SK\" \/>\n<meta property=\"og:type\" content=\"article\" \/>\n<meta property=\"og:title\" content=\"Pacifik \u2013 Velryb\u00e1\u0159sk\u00e1 V\u00fdprava - RockArena - Fan web\" \/>\n<meta property=\"og:description\" content=\"Info \u017d\u00e1ner: Country Rok vydania: 1983 Vydavate\u013e: Supraphon Stav Obal: Near mint Doska: Near mint Track List A1 Bl\u00e1tiv\u00e1 Cesta 2:50 A2 Stovky Vlak\u016f 2:05 A3 Orinoko 3:40 A4 Dokud Tr\u00e1va Bude R\u016fst 4:09 A5 Velryb\u00e1\u0159sk\u00e1 V\u00fdprava 2:50 A6 Dobrej Den 2:05 A7 Jaro Nad Bretan\u00ed 2:25 A8 Hej, Ko\u010d\u00ed 3:05 B1 Ty Se Mi [&hellip;]\" \/>\n<meta property=\"og:url\" content=\"https:\/\/www.rockarena.sk\/?product=pacifik-velrybarska-vyprava\" \/>\n<meta property=\"og:site_name\" content=\"RockArena - Fan web\" \/>\n<meta property=\"article:modified_time\" content=\"2025-10-02T17:30:42+00:00\" \/>\n<meta name=\"twitter:card\" content=\"summary_large_image\" \/>\n<script type=\"application\/ld+json\" class=\"yoast-schema-graph\">{\"@context\":\"https:\/\/schema.org\",\"@graph\":[{\"@type\":\"WebPage\",\"@id\":\"https:\/\/www.rockarena.sk\/?product=pacifik-velrybarska-vyprava\",\"url\":\"https:\/\/www.rockarena.sk\/?product=pacifik-velrybarska-vyprava\",\"name\":\"Pacifik \u2013 Velryb\u00e1\u0159sk\u00e1 V\u00fdprava - RockArena - Fan web\",\"isPartOf\":{\"@id\":\"https:\/\/www.rockarena.sk\/#website\"},\"primaryImageOfPage\":{\"@id\":\"https:\/\/www.rockarena.sk\/?product=pacifik-velrybarska-vyprava#primaryimage\"},\"image\":{\"@id\":\"https:\/\/www.rockarena.sk\/?product=pacifik-velrybarska-vyprava#primaryimage\"},\"thumbnailUrl\":\"https:\/\/www.rockarena.sk\/wp-content\/uploads\/2024\/05\/Pacifik-\u2013-Velrybarska-Vyprava-obal-pred.jpeg\",\"datePublished\":\"2024-05-07T11:11:06+00:00\",\"dateModified\":\"2025-10-02T17:30:42+00:00\",\"breadcrumb\":{\"@id\":\"https:\/\/www.rockarena.sk\/?product=pacifik-velrybarska-vyprava#breadcrumb\"},\"inLanguage\":\"sk-SK\",\"potentialAction\":[{\"@type\":\"ReadAction\",\"target\":[\"https:\/\/www.rockarena.sk\/?product=pacifik-velrybarska-vyprava\"]}]},{\"@type\":\"ImageObject\",\"inLanguage\":\"sk-SK\",\"@id\":\"https:\/\/www.rockarena.sk\/?product=pacifik-velrybarska-vyprava#primaryimage\",\"url\":\"https:\/\/www.rockarena.sk\/wp-content\/uploads\/2024\/05\/Pacifik-\u2013-Velrybarska-Vyprava-obal-pred.jpeg\",\"contentUrl\":\"https:\/\/www.rockarena.sk\/wp-content\/uploads\/2024\/05\/Pacifik-\u2013-Velrybarska-Vyprava-obal-pred.jpeg\",\"width\":715,\"height\":720},{\"@type\":\"BreadcrumbList\",\"@id\":\"https:\/\/www.rockarena.sk\/?product=pacifik-velrybarska-vyprava#breadcrumb\",\"itemListElement\":[{\"@type\":\"ListItem\",\"position\":1,\"name\":\"Domovsk\u00e1 str\u00e1nka\",\"item\":\"https:\/\/www.rockarena.sk\/\"},{\"@type\":\"ListItem\",\"position\":2,\"name\":\"Obchod\",\"item\":\"https:\/\/www.rockarena.sk\/\"},{\"@type\":\"ListItem\",\"position\":3,\"name\":\"Pacifik \u2013 Velryb\u00e1\u0159sk\u00e1 V\u00fdprava\"}]},{\"@type\":\"WebSite\",\"@id\":\"https:\/\/www.rockarena.sk\/#website\",\"url\":\"https:\/\/www.rockarena.sk\/\",\"name\":\"RockArena - Fan web\",\"description\":\"Online baz\u00e1r LP platn\u00ed a hifi techniky\",\"publisher\":{\"@id\":\"https:\/\/www.rockarena.sk\/#organization\"},\"potentialAction\":[{\"@type\":\"SearchAction\",\"target\":{\"@type\":\"EntryPoint\",\"urlTemplate\":\"https:\/\/www.rockarena.sk\/?s={search_term_string}\"},\"query-input\":{\"@type\":\"PropertyValueSpecification\",\"valueRequired\":true,\"valueName\":\"search_term_string\"}}],\"inLanguage\":\"sk-SK\"},{\"@type\":\"Organization\",\"@id\":\"https:\/\/www.rockarena.sk\/#organization\",\"name\":\"RockArena - Fan web\",\"url\":\"https:\/\/www.rockarena.sk\/\",\"logo\":{\"@type\":\"ImageObject\",\"inLanguage\":\"sk-SK\",\"@id\":\"https:\/\/www.rockarena.sk\/#\/schema\/logo\/image\/\",\"url\":\"https:\/\/www.rockarena.sk\/wp-content\/uploads\/2024\/09\/cropped-rockarena-logo.png\",\"contentUrl\":\"https:\/\/www.rockarena.sk\/wp-content\/uploads\/2024\/09\/cropped-rockarena-logo.png\",\"width\":500,\"height\":500,\"caption\":\"RockArena - Fan web\"},\"image\":{\"@id\":\"https:\/\/www.rockarena.sk\/#\/schema\/logo\/image\/\"}}]}<\/script>\n<!-- \/ Yoast SEO plugin. -->","yoast_head_json":{"title":"Pacifik \u2013 Velryb\u00e1\u0159sk\u00e1 V\u00fdprava - RockArena - Fan web","robots":{"index":"index","follow":"follow","max-snippet":"max-snippet:-1","max-image-preview":"max-image-preview:large","max-video-preview":"max-video-preview:-1"},"canonical":"https:\/\/www.rockarena.sk\/?product=pacifik-velrybarska-vyprava","og_locale":"sk_SK","og_type":"article","og_title":"Pacifik \u2013 Velryb\u00e1\u0159sk\u00e1 V\u00fdprava - RockArena - Fan web","og_description":"Info \u017d\u00e1ner: Country Rok vydania: 1983 Vydavate\u013e: Supraphon Stav Obal: Near mint Doska: Near mint Track List A1 Bl\u00e1tiv\u00e1 Cesta 2:50 A2 Stovky Vlak\u016f 2:05 A3 Orinoko 3:40 A4 Dokud Tr\u00e1va Bude R\u016fst 4:09 A5 Velryb\u00e1\u0159sk\u00e1 V\u00fdprava 2:50 A6 Dobrej Den 2:05 A7 Jaro Nad Bretan\u00ed 2:25 A8 Hej, Ko\u010d\u00ed 3:05 B1 Ty Se Mi [&hellip;]","og_url":"https:\/\/www.rockarena.sk\/?product=pacifik-velrybarska-vyprava","og_site_name":"RockArena - Fan web","article_modified_time":"2025-10-02T17:30:42+00:00","twitter_card":"summary_large_image","schema":{"@context":"https:\/\/schema.org","@graph":[{"@type":"WebPage","@id":"https:\/\/www.rockarena.sk\/?product=pacifik-velrybarska-vyprava","url":"https:\/\/www.rockarena.sk\/?product=pacifik-velrybarska-vyprava","name":"Pacifik \u2013 Velryb\u00e1\u0159sk\u00e1 V\u00fdprava - RockArena - Fan web","isPartOf":{"@id":"https:\/\/www.rockarena.sk\/#website"},"primaryImageOfPage":{"@id":"https:\/\/www.rockarena.sk\/?product=pacifik-velrybarska-vyprava#primaryimage"},"image":{"@id":"https:\/\/www.rockarena.sk\/?product=pacifik-velrybarska-vyprava#primaryimage"},"thumbnailUrl":"https:\/\/www.rockarena.sk\/wp-content\/uploads\/2024\/05\/Pacifik-\u2013-Velrybarska-Vyprava-obal-pred.jpeg","datePublished":"2024-05-07T11:11:06+00:00","dateModified":"2025-10-02T17:30:42+00:00","breadcrumb":{"@id":"https:\/\/www.rockarena.sk\/?product=pacifik-velrybarska-vyprava#breadcrumb"},"inLanguage":"sk-SK","potentialAction":[{"@type":"ReadAction","target":["https:\/\/www.rockarena.sk\/?product=pacifik-velrybarska-vyprava"]}]},{"@type":"ImageObject","inLanguage":"sk-SK","@id":"https:\/\/www.rockarena.sk\/?product=pacifik-velrybarska-vyprava#primaryimage","url":"https:\/\/www.rockarena.sk\/wp-content\/uploads\/2024\/05\/Pacifik-\u2013-Velrybarska-Vyprava-obal-pred.jpeg","contentUrl":"https:\/\/www.rockarena.sk\/wp-content\/uploads\/2024\/05\/Pacifik-\u2013-Velrybarska-Vyprava-obal-pred.jpeg","width":715,"height":720},{"@type":"BreadcrumbList","@id":"https:\/\/www.rockarena.sk\/?product=pacifik-velrybarska-vyprava#breadcrumb","itemListElement":[{"@type":"ListItem","position":1,"name":"Domovsk\u00e1 str\u00e1nka","item":"https:\/\/www.rockarena.sk\/"},{"@type":"ListItem","position":2,"name":"Obchod","item":"https:\/\/www.rockarena.sk\/"},{"@type":"ListItem","position":3,"name":"Pacifik \u2013 Velryb\u00e1\u0159sk\u00e1 V\u00fdprava"}]},{"@type":"WebSite","@id":"https:\/\/www.rockarena.sk\/#website","url":"https:\/\/www.rockarena.sk\/","name":"RockArena - Fan web","description":"Online baz\u00e1r LP platn\u00ed a hifi techniky","publisher":{"@id":"https:\/\/www.rockarena.sk\/#organization"},"potentialAction":[{"@type":"SearchAction","target":{"@type":"EntryPoint","urlTemplate":"https:\/\/www.rockarena.sk\/?s={search_term_string}"},"query-input":{"@type":"PropertyValueSpecification","valueRequired":true,"valueName":"search_term_string"}}],"inLanguage":"sk-SK"},{"@type":"Organization","@id":"https:\/\/www.rockarena.sk\/#organization","name":"RockArena - Fan web","url":"https:\/\/www.rockarena.sk\/","logo":{"@type":"ImageObject","inLanguage":"sk-SK","@id":"https:\/\/www.rockarena.sk\/#\/schema\/logo\/image\/","url":"https:\/\/www.rockarena.sk\/wp-content\/uploads\/2024\/09\/cropped-rockarena-logo.png","contentUrl":"https:\/\/www.rockarena.sk\/wp-content\/uploads\/2024\/09\/cropped-rockarena-logo.png","width":500,"height":500,"caption":"RockArena - Fan web"},"image":{"@id":"https:\/\/www.rockarena.sk\/#\/schema\/logo\/image\/"}}]}},"_links":{"self":[{"href":"https:\/\/www.rockarena.sk\/index.php?rest_route=\/wp\/v2\/product\/43","targetHints":{"allow":["GET"]}}],"collection":[{"href":"https:\/\/www.rockarena.sk\/index.php?rest_route=\/wp\/v2\/product"}],"about":[{"href":"https:\/\/www.rockarena.sk\/index.php?rest_route=\/wp\/v2\/types\/product"}],"replies":[{"embeddable":true,"href":"https:\/\/www.rockarena.sk\/index.php?rest_route=%2Fwp%2Fv2%2Fcomments&post=43"}],"wp:featuredmedia":[{"embeddable":true,"href":"https:\/\/www.rockarena.sk\/index.php?rest_route=\/wp\/v2\/media\/73"}],"wp:attachment":[{"href":"https:\/\/www.rockarena.sk\/index.php?rest_route=%2Fwp%2Fv2%2Fmedia&parent=43"}],"wp:term":[{"taxonomy":"product_brand","embeddable":true,"href":"https:\/\/www.rockarena.sk\/index.php?rest_route=%2Fwp%2Fv2%2Fproduct_brand&post=43"},{"taxonomy":"product_cat","embeddable":true,"href":"https:\/\/www.rockarena.sk\/index.php?rest_route=%2Fwp%2Fv2%2Fproduct_cat&post=43"},{"taxonomy":"product_tag","embeddable":true,"href":"https:\/\/www.rockarena.sk\/index.php?rest_route=%2Fwp%2Fv2%2Fproduct_tag&post=43"}],"curies":[{"name":"wp","href":"https:\/\/api.w.org\/{rel}","templated":true}]}}