{"id":45,"date":"2024-05-07T13:11:06","date_gmt":"2024-05-07T11:11:06","guid":{"rendered":"https:\/\/www.rockarena.sk\/?post_type=product&#038;p=45"},"modified":"2024-05-07T13:11:24","modified_gmt":"2024-05-07T11:11:24","slug":"kapitan-kid-no-to-se-vi-pisnicky-kapitana-kida","status":"publish","type":"product","link":"https:\/\/www.rockarena.sk\/?product=kapitan-kid-no-to-se-vi-pisnicky-kapitana-kida","title":{"rendered":"Kapit\u00e1n Kid \u2013 No To Se V\u00ed &#8211; P\u00edsni\u010dky Kapit\u00e1na Kida"},"content":{"rendered":"<h3><strong>Info<\/strong><\/h3>\n<p><strong>\u017d\u00e1ner:<\/strong> <a href=\"https:\/\/www.mediamarkett.sk\/product-tag\/folk\/\">Folk<\/a><\/p>\n<p><strong>Rok vydania:<\/strong> 1983<\/p>\n<p><strong>Vydavate\u013e:<\/strong> Supraphon<\/p>\n<h3><strong>Stav<\/strong><\/h3>\n<p><strong>Obal:<\/strong> Near mint<\/p>\n<p><strong>Doska:<\/strong> Near mint<\/p>\n<h3>Track List<\/h3>\n<table class=\"playlist\">\n<tbody>\n<tr class=\"first tracklist_track track\">\n<td class=\"tracklist_track_pos\">A1<\/td>\n<td class=\"track tracklist_track_title\"><span class=\"tracklist_track_title\">Nejbohat\u0161\u00ed Chudej<\/span><\/td>\n<td class=\"tracklist_track_duration\" width=\"25\">2:11<\/td>\n<\/tr>\n<tr class=\"tracklist_track track\">\n<td class=\"tracklist_track_pos\">A2<\/td>\n<td class=\"track tracklist_track_title\"><span class=\"tracklist_track_title\">Zrezav\u011bl\u00fd Ostruhy<\/span><\/td>\n<td class=\"tracklist_track_duration\" width=\"25\">3:08<\/td>\n<\/tr>\n<tr class=\"tracklist_track track\">\n<td class=\"tracklist_track_pos\">A3<\/td>\n<td class=\"track tracklist_track_title\"><span class=\"tracklist_track_title\">Jenof\u00e9fa<\/span><\/td>\n<td class=\"tracklist_track_duration\" width=\"25\">3:08<\/td>\n<\/tr>\n<tr class=\"tracklist_track track\">\n<td class=\"tracklist_track_pos\">A4<\/td>\n<td class=\"track tracklist_track_title\"><span class=\"tracklist_track_title\">Slaboch Ben<\/span><\/td>\n<td class=\"tracklist_track_duration\" width=\"25\">3:37<\/td>\n<\/tr>\n<tr class=\"tracklist_track track\">\n<td class=\"tracklist_track_pos\">A5<\/td>\n<td class=\"track tracklist_track_title\"><span class=\"tracklist_track_title\">Chajda Halabala Srouben\u00e1<\/span><\/td>\n<td class=\"tracklist_track_duration\" width=\"25\">3:10<\/td>\n<\/tr>\n<tr class=\"tracklist_track track\">\n<td class=\"tracklist_track_pos\">A6<\/td>\n<td class=\"track tracklist_track_title\"><span class=\"tracklist_track_title\">Jmel\u00ed<\/span><\/td>\n<td class=\"tracklist_track_duration\" width=\"25\">3:00<\/td>\n<\/tr>\n<tr class=\"tracklist_track track\">\n<td class=\"tracklist_track_pos\">A7<\/td>\n<td class=\"track tracklist_track_title\"><span class=\"tracklist_track_title\">R\u00e1no<\/span><\/td>\n<td class=\"tracklist_track_duration\" width=\"25\">3:12<\/td>\n<\/tr>\n<tr class=\"tracklist_track track\">\n<td class=\"tracklist_track_pos\">A8<\/td>\n<td class=\"track tracklist_track_title\"><span class=\"tracklist_track_title\">P\u00edse\u0148 Proti Trampingu<\/span><\/td>\n<td class=\"tracklist_track_duration\" width=\"25\">2:36<\/td>\n<\/tr>\n<tr class=\"tracklist_track track\">\n<td class=\"tracklist_track_pos\">B1<\/td>\n<td class=\"track tracklist_track_title\"><span class=\"tracklist_track_title\">Kapelo, Hraj<\/span><\/td>\n<td class=\"tracklist_track_duration\" width=\"25\">2:11<\/td>\n<\/tr>\n<tr class=\"tracklist_track track\">\n<td class=\"tracklist_track_pos\">B2<\/td>\n<td class=\"track tracklist_track_title\"><span class=\"tracklist_track_title\">Milej Pane Nov\u00e1ku<\/span><\/td>\n<td class=\"tracklist_track_duration\" width=\"25\">2:15<\/td>\n<\/tr>\n<tr class=\"tracklist_track track\">\n<td class=\"tracklist_track_pos\">B3<\/td>\n<td class=\"track tracklist_track_title\"><span class=\"tracklist_track_title\">Mal\u00e1 Jane<\/span><\/td>\n<td class=\"tracklist_track_duration\" width=\"25\">2:48<\/td>\n<\/tr>\n<tr class=\"tracklist_track track\">\n<td class=\"tracklist_track_pos\">B4<\/td>\n<td class=\"track tracklist_track_title\"><span class=\"tracklist_track_title\">\u017de Nejsi Chic<\/span><\/td>\n<td class=\"tracklist_track_duration\" width=\"25\">2:43<\/td>\n<\/tr>\n<tr class=\"tracklist_track track\">\n<td class=\"tracklist_track_pos\">B5<\/td>\n<td class=\"track tracklist_track_title\"><span class=\"tracklist_track_title\">Majon\u00e9za<\/span><\/td>\n<td class=\"tracklist_track_duration\" width=\"25\">4:20<\/td>\n<\/tr>\n<tr class=\"tracklist_track track\">\n<td class=\"tracklist_track_pos\">B6<\/td>\n<td class=\"track tracklist_track_title\"><span class=\"tracklist_track_title\">\u010cty\u0159i Zp\u016fsoby<\/span><\/td>\n<td class=\"tracklist_track_duration\" width=\"25\">3:30<\/td>\n<\/tr>\n<tr class=\"tracklist_track track\">\n<td class=\"tracklist_track_pos\">B7<\/td>\n<td class=\"track tracklist_track_title\"><span class=\"tracklist_track_title\">\u0160anson<\/span><\/td>\n<td class=\"tracklist_track_duration\" width=\"25\">3:33<\/td>\n<\/tr>\n<tr class=\"tracklist_track track\">\n<td class=\"tracklist_track_pos\">B8<\/td>\n<td class=\"track tracklist_track_title\"><span class=\"tracklist_track_title\">No To Se V\u00ed<\/span><\/td>\n<td class=\"tracklist_track_duration\" width=\"25\">2:16<\/td>\n<\/tr>\n<\/tbody>\n<\/table>\n","protected":false},"excerpt":{"rendered":"<p>Info \u017d\u00e1ner: Folk Rok vydania: 1983 Vydavate\u013e: Supraphon Stav Obal: Near mint Doska: Near mint Track List A1 Nejbohat\u0161\u00ed Chudej 2:11 A2 Zrezav\u011bl\u00fd Ostruhy 3:08 A3 Jenof\u00e9fa 3:08 A4 Slaboch Ben 3:37 A5 Chajda Halabala Srouben\u00e1 3:10 A6 Jmel\u00ed 3:00 A7 R\u00e1no 3:12 A8 P\u00edse\u0148 Proti Trampingu 2:36 B1 Kapelo, Hraj 2:11 B2 Milej Pane [&hellip;]<\/p>\n","protected":false},"featured_media":81,"comment_status":"open","ping_status":"closed","template":"","meta":[],"product_brand":[],"product_cat":[20],"product_tag":[23,24],"class_list":{"0":"post-45","1":"product","2":"type-product","3":"status-publish","4":"has-post-thumbnail","6":"product_cat-platne-bazar","7":"product_tag-folk","8":"product_tag-kapitan-kid","9":"product_shipping_class-platne","11":"first","12":"instock","13":"sale","14":"sold-individually","15":"shipping-taxable","16":"purchasable","17":"product-type-simple"},"yoast_head":"<!-- This site is optimized with the Yoast SEO plugin v26.9 - https:\/\/yoast.com\/product\/yoast-seo-wordpress\/ -->\n<title>Kapit\u00e1n Kid \u2013 No To Se V\u00ed - P\u00edsni\u010dky Kapit\u00e1na Kida - RockArena - Fan web<\/title>\n<meta name=\"robots\" content=\"index, follow, max-snippet:-1, max-image-preview:large, max-video-preview:-1\" \/>\n<link rel=\"canonical\" href=\"https:\/\/www.rockarena.sk\/?product=kapitan-kid-no-to-se-vi-pisnicky-kapitana-kida\" \/>\n<meta property=\"og:locale\" content=\"sk_SK\" \/>\n<meta property=\"og:type\" content=\"article\" \/>\n<meta property=\"og:title\" content=\"Kapit\u00e1n Kid \u2013 No To Se V\u00ed - P\u00edsni\u010dky Kapit\u00e1na Kida - RockArena - Fan web\" \/>\n<meta property=\"og:description\" content=\"Info \u017d\u00e1ner: Folk Rok vydania: 1983 Vydavate\u013e: Supraphon Stav Obal: Near mint Doska: Near mint Track List A1 Nejbohat\u0161\u00ed Chudej 2:11 A2 Zrezav\u011bl\u00fd Ostruhy 3:08 A3 Jenof\u00e9fa 3:08 A4 Slaboch Ben 3:37 A5 Chajda Halabala Srouben\u00e1 3:10 A6 Jmel\u00ed 3:00 A7 R\u00e1no 3:12 A8 P\u00edse\u0148 Proti Trampingu 2:36 B1 Kapelo, Hraj 2:11 B2 Milej Pane [&hellip;]\" \/>\n<meta property=\"og:url\" content=\"https:\/\/www.rockarena.sk\/?product=kapitan-kid-no-to-se-vi-pisnicky-kapitana-kida\" \/>\n<meta property=\"og:site_name\" content=\"RockArena - Fan web\" \/>\n<meta property=\"article:modified_time\" content=\"2024-05-07T11:11:24+00:00\" \/>\n<meta name=\"twitter:card\" content=\"summary_large_image\" \/>\n<script type=\"application\/ld+json\" class=\"yoast-schema-graph\">{\"@context\":\"https:\/\/schema.org\",\"@graph\":[{\"@type\":\"WebPage\",\"@id\":\"https:\/\/www.rockarena.sk\/?product=kapitan-kid-no-to-se-vi-pisnicky-kapitana-kida\",\"url\":\"https:\/\/www.rockarena.sk\/?product=kapitan-kid-no-to-se-vi-pisnicky-kapitana-kida\",\"name\":\"Kapit\u00e1n Kid \u2013 No To Se V\u00ed - P\u00edsni\u010dky Kapit\u00e1na Kida - RockArena - Fan web\",\"isPartOf\":{\"@id\":\"https:\/\/www.rockarena.sk\/#website\"},\"primaryImageOfPage\":{\"@id\":\"https:\/\/www.rockarena.sk\/?product=kapitan-kid-no-to-se-vi-pisnicky-kapitana-kida#primaryimage\"},\"image\":{\"@id\":\"https:\/\/www.rockarena.sk\/?product=kapitan-kid-no-to-se-vi-pisnicky-kapitana-kida#primaryimage\"},\"thumbnailUrl\":\"https:\/\/www.rockarena.sk\/wp-content\/uploads\/2024\/05\/Kapitan-Kid-\u2013-No-To-Se-Vi-Pisnicky-Kapitana-Kida-obal-pred.jpeg\",\"datePublished\":\"2024-05-07T11:11:06+00:00\",\"dateModified\":\"2024-05-07T11:11:24+00:00\",\"breadcrumb\":{\"@id\":\"https:\/\/www.rockarena.sk\/?product=kapitan-kid-no-to-se-vi-pisnicky-kapitana-kida#breadcrumb\"},\"inLanguage\":\"sk-SK\",\"potentialAction\":[{\"@type\":\"ReadAction\",\"target\":[\"https:\/\/www.rockarena.sk\/?product=kapitan-kid-no-to-se-vi-pisnicky-kapitana-kida\"]}]},{\"@type\":\"ImageObject\",\"inLanguage\":\"sk-SK\",\"@id\":\"https:\/\/www.rockarena.sk\/?product=kapitan-kid-no-to-se-vi-pisnicky-kapitana-kida#primaryimage\",\"url\":\"https:\/\/www.rockarena.sk\/wp-content\/uploads\/2024\/05\/Kapitan-Kid-\u2013-No-To-Se-Vi-Pisnicky-Kapitana-Kida-obal-pred.jpeg\",\"contentUrl\":\"https:\/\/www.rockarena.sk\/wp-content\/uploads\/2024\/05\/Kapitan-Kid-\u2013-No-To-Se-Vi-Pisnicky-Kapitana-Kida-obal-pred.jpeg\",\"width\":748,\"height\":750},{\"@type\":\"BreadcrumbList\",\"@id\":\"https:\/\/www.rockarena.sk\/?product=kapitan-kid-no-to-se-vi-pisnicky-kapitana-kida#breadcrumb\",\"itemListElement\":[{\"@type\":\"ListItem\",\"position\":1,\"name\":\"Domovsk\u00e1 str\u00e1nka\",\"item\":\"https:\/\/www.rockarena.sk\/\"},{\"@type\":\"ListItem\",\"position\":2,\"name\":\"Obchod\",\"item\":\"https:\/\/www.rockarena.sk\/\"},{\"@type\":\"ListItem\",\"position\":3,\"name\":\"Kapit\u00e1n Kid \u2013 No To Se V\u00ed &#8211; P\u00edsni\u010dky Kapit\u00e1na Kida\"}]},{\"@type\":\"WebSite\",\"@id\":\"https:\/\/www.rockarena.sk\/#website\",\"url\":\"https:\/\/www.rockarena.sk\/\",\"name\":\"RockArena - Fan web\",\"description\":\"Online baz\u00e1r LP platn\u00ed a hifi techniky\",\"publisher\":{\"@id\":\"https:\/\/www.rockarena.sk\/#organization\"},\"potentialAction\":[{\"@type\":\"SearchAction\",\"target\":{\"@type\":\"EntryPoint\",\"urlTemplate\":\"https:\/\/www.rockarena.sk\/?s={search_term_string}\"},\"query-input\":{\"@type\":\"PropertyValueSpecification\",\"valueRequired\":true,\"valueName\":\"search_term_string\"}}],\"inLanguage\":\"sk-SK\"},{\"@type\":\"Organization\",\"@id\":\"https:\/\/www.rockarena.sk\/#organization\",\"name\":\"RockArena - Fan web\",\"url\":\"https:\/\/www.rockarena.sk\/\",\"logo\":{\"@type\":\"ImageObject\",\"inLanguage\":\"sk-SK\",\"@id\":\"https:\/\/www.rockarena.sk\/#\/schema\/logo\/image\/\",\"url\":\"https:\/\/www.rockarena.sk\/wp-content\/uploads\/2024\/09\/cropped-rockarena-logo.png\",\"contentUrl\":\"https:\/\/www.rockarena.sk\/wp-content\/uploads\/2024\/09\/cropped-rockarena-logo.png\",\"width\":500,\"height\":500,\"caption\":\"RockArena - Fan web\"},\"image\":{\"@id\":\"https:\/\/www.rockarena.sk\/#\/schema\/logo\/image\/\"}}]}<\/script>\n<!-- \/ Yoast SEO plugin. -->","yoast_head_json":{"title":"Kapit\u00e1n Kid \u2013 No To Se V\u00ed - P\u00edsni\u010dky Kapit\u00e1na Kida - RockArena - Fan web","robots":{"index":"index","follow":"follow","max-snippet":"max-snippet:-1","max-image-preview":"max-image-preview:large","max-video-preview":"max-video-preview:-1"},"canonical":"https:\/\/www.rockarena.sk\/?product=kapitan-kid-no-to-se-vi-pisnicky-kapitana-kida","og_locale":"sk_SK","og_type":"article","og_title":"Kapit\u00e1n Kid \u2013 No To Se V\u00ed - P\u00edsni\u010dky Kapit\u00e1na Kida - RockArena - Fan web","og_description":"Info \u017d\u00e1ner: Folk Rok vydania: 1983 Vydavate\u013e: Supraphon Stav Obal: Near mint Doska: Near mint Track List A1 Nejbohat\u0161\u00ed Chudej 2:11 A2 Zrezav\u011bl\u00fd Ostruhy 3:08 A3 Jenof\u00e9fa 3:08 A4 Slaboch Ben 3:37 A5 Chajda Halabala Srouben\u00e1 3:10 A6 Jmel\u00ed 3:00 A7 R\u00e1no 3:12 A8 P\u00edse\u0148 Proti Trampingu 2:36 B1 Kapelo, Hraj 2:11 B2 Milej Pane [&hellip;]","og_url":"https:\/\/www.rockarena.sk\/?product=kapitan-kid-no-to-se-vi-pisnicky-kapitana-kida","og_site_name":"RockArena - Fan web","article_modified_time":"2024-05-07T11:11:24+00:00","twitter_card":"summary_large_image","schema":{"@context":"https:\/\/schema.org","@graph":[{"@type":"WebPage","@id":"https:\/\/www.rockarena.sk\/?product=kapitan-kid-no-to-se-vi-pisnicky-kapitana-kida","url":"https:\/\/www.rockarena.sk\/?product=kapitan-kid-no-to-se-vi-pisnicky-kapitana-kida","name":"Kapit\u00e1n Kid \u2013 No To Se V\u00ed - P\u00edsni\u010dky Kapit\u00e1na Kida - RockArena - Fan web","isPartOf":{"@id":"https:\/\/www.rockarena.sk\/#website"},"primaryImageOfPage":{"@id":"https:\/\/www.rockarena.sk\/?product=kapitan-kid-no-to-se-vi-pisnicky-kapitana-kida#primaryimage"},"image":{"@id":"https:\/\/www.rockarena.sk\/?product=kapitan-kid-no-to-se-vi-pisnicky-kapitana-kida#primaryimage"},"thumbnailUrl":"https:\/\/www.rockarena.sk\/wp-content\/uploads\/2024\/05\/Kapitan-Kid-\u2013-No-To-Se-Vi-Pisnicky-Kapitana-Kida-obal-pred.jpeg","datePublished":"2024-05-07T11:11:06+00:00","dateModified":"2024-05-07T11:11:24+00:00","breadcrumb":{"@id":"https:\/\/www.rockarena.sk\/?product=kapitan-kid-no-to-se-vi-pisnicky-kapitana-kida#breadcrumb"},"inLanguage":"sk-SK","potentialAction":[{"@type":"ReadAction","target":["https:\/\/www.rockarena.sk\/?product=kapitan-kid-no-to-se-vi-pisnicky-kapitana-kida"]}]},{"@type":"ImageObject","inLanguage":"sk-SK","@id":"https:\/\/www.rockarena.sk\/?product=kapitan-kid-no-to-se-vi-pisnicky-kapitana-kida#primaryimage","url":"https:\/\/www.rockarena.sk\/wp-content\/uploads\/2024\/05\/Kapitan-Kid-\u2013-No-To-Se-Vi-Pisnicky-Kapitana-Kida-obal-pred.jpeg","contentUrl":"https:\/\/www.rockarena.sk\/wp-content\/uploads\/2024\/05\/Kapitan-Kid-\u2013-No-To-Se-Vi-Pisnicky-Kapitana-Kida-obal-pred.jpeg","width":748,"height":750},{"@type":"BreadcrumbList","@id":"https:\/\/www.rockarena.sk\/?product=kapitan-kid-no-to-se-vi-pisnicky-kapitana-kida#breadcrumb","itemListElement":[{"@type":"ListItem","position":1,"name":"Domovsk\u00e1 str\u00e1nka","item":"https:\/\/www.rockarena.sk\/"},{"@type":"ListItem","position":2,"name":"Obchod","item":"https:\/\/www.rockarena.sk\/"},{"@type":"ListItem","position":3,"name":"Kapit\u00e1n Kid \u2013 No To Se V\u00ed &#8211; P\u00edsni\u010dky Kapit\u00e1na Kida"}]},{"@type":"WebSite","@id":"https:\/\/www.rockarena.sk\/#website","url":"https:\/\/www.rockarena.sk\/","name":"RockArena - Fan web","description":"Online baz\u00e1r LP platn\u00ed a hifi techniky","publisher":{"@id":"https:\/\/www.rockarena.sk\/#organization"},"potentialAction":[{"@type":"SearchAction","target":{"@type":"EntryPoint","urlTemplate":"https:\/\/www.rockarena.sk\/?s={search_term_string}"},"query-input":{"@type":"PropertyValueSpecification","valueRequired":true,"valueName":"search_term_string"}}],"inLanguage":"sk-SK"},{"@type":"Organization","@id":"https:\/\/www.rockarena.sk\/#organization","name":"RockArena - Fan web","url":"https:\/\/www.rockarena.sk\/","logo":{"@type":"ImageObject","inLanguage":"sk-SK","@id":"https:\/\/www.rockarena.sk\/#\/schema\/logo\/image\/","url":"https:\/\/www.rockarena.sk\/wp-content\/uploads\/2024\/09\/cropped-rockarena-logo.png","contentUrl":"https:\/\/www.rockarena.sk\/wp-content\/uploads\/2024\/09\/cropped-rockarena-logo.png","width":500,"height":500,"caption":"RockArena - Fan web"},"image":{"@id":"https:\/\/www.rockarena.sk\/#\/schema\/logo\/image\/"}}]}},"_links":{"self":[{"href":"https:\/\/www.rockarena.sk\/index.php?rest_route=\/wp\/v2\/product\/45","targetHints":{"allow":["GET"]}}],"collection":[{"href":"https:\/\/www.rockarena.sk\/index.php?rest_route=\/wp\/v2\/product"}],"about":[{"href":"https:\/\/www.rockarena.sk\/index.php?rest_route=\/wp\/v2\/types\/product"}],"replies":[{"embeddable":true,"href":"https:\/\/www.rockarena.sk\/index.php?rest_route=%2Fwp%2Fv2%2Fcomments&post=45"}],"wp:featuredmedia":[{"embeddable":true,"href":"https:\/\/www.rockarena.sk\/index.php?rest_route=\/wp\/v2\/media\/81"}],"wp:attachment":[{"href":"https:\/\/www.rockarena.sk\/index.php?rest_route=%2Fwp%2Fv2%2Fmedia&parent=45"}],"wp:term":[{"taxonomy":"product_brand","embeddable":true,"href":"https:\/\/www.rockarena.sk\/index.php?rest_route=%2Fwp%2Fv2%2Fproduct_brand&post=45"},{"taxonomy":"product_cat","embeddable":true,"href":"https:\/\/www.rockarena.sk\/index.php?rest_route=%2Fwp%2Fv2%2Fproduct_cat&post=45"},{"taxonomy":"product_tag","embeddable":true,"href":"https:\/\/www.rockarena.sk\/index.php?rest_route=%2Fwp%2Fv2%2Fproduct_tag&post=45"}],"curies":[{"name":"wp","href":"https:\/\/api.w.org\/{rel}","templated":true}]}}