{"id":451,"date":"2024-05-07T13:17:37","date_gmt":"2024-05-07T11:17:37","guid":{"rendered":"https:\/\/www.rockarena.sk\/?post_type=product&#038;p=451"},"modified":"2024-05-07T13:19:41","modified_gmt":"2024-05-07T11:19:41","slug":"mystery-redemption","status":"publish","type":"product","link":"https:\/\/www.rockarena.sk\/?product=mystery-redemption","title":{"rendered":"Mystery \u2013 Redemption"},"content":{"rendered":"<h3><strong>Info<\/strong><\/h3>\n<p><strong>\u017d\u00e1ner:<\/strong> Rock<\/p>\n<p><strong>Rok vydania:<\/strong> 2023<\/p>\n<p><strong>Vydavate\u013e:<\/strong> Unicorn Digital\/Oskar<\/p>\n<h3><strong>Stav<\/strong><\/h3>\n<p><strong>Obal:<\/strong> Mint<\/p>\n<p><strong>Doska:<\/strong> Mint<\/p>\n<h3>Track List<\/h3>\n<table class=\"tracklist\">\n<tr>\n<td>A1<\/td>\n<td>Behind The Mirror<\/td>\n<\/tr>\n<tr>\n<td>A2<\/td>\n<td>Redemption<\/td>\n<\/tr>\n<tr>\n<td>A3<\/td>\n<td>The Beauty And The Least<\/td>\n<\/tr>\n<tr>\n<td>A4<\/td>\n<td>Every Note<\/td>\n<\/tr>\n<tr>\n<td>B1<\/td>\n<td>Pearls And Fire<\/td>\n<\/tr>\n<tr>\n<td>B2<\/td>\n<td>My Inspiration<\/td>\n<\/tr>\n<tr>\n<td>B3<\/td>\n<td>Homecoming<\/td>\n<\/tr>\n<tr>\n<td>B4<\/td>\n<td>Is this How The Story Ends?<\/td>\n<\/tr>\n<\/table>\n","protected":false},"excerpt":{"rendered":"<p>Info \u017d\u00e1ner: Rock Rok vydania: 2023 Vydavate\u013e: Unicorn Digital\/Oskar Stav Obal: Mint Doska: Mint Track List A1 Behind The Mirror A2 Redemption A3 The Beauty And The Least A4 Every Note B1 Pearls And Fire B2 My Inspiration B3 Homecoming B4 Is this How The Story Ends?<\/p>\n","protected":false},"featured_media":564,"comment_status":"open","ping_status":"closed","template":"","meta":[],"product_brand":[],"product_cat":[109],"product_tag":[110,32],"class_list":{"0":"post-451","1":"product","2":"type-product","3":"status-publish","4":"has-post-thumbnail","6":"product_cat-nove-platne","7":"product_tag-mystery","8":"product_tag-rock","9":"product_shipping_class-platne","11":"first","12":"outofstock","13":"shipping-taxable","14":"purchasable","15":"product-type-simple"},"yoast_head":"<!-- This site is optimized with the Yoast SEO plugin v26.9 - https:\/\/yoast.com\/product\/yoast-seo-wordpress\/ -->\n<title>Mystery \u2013 Redemption - RockArena - Fan web<\/title>\n<meta name=\"robots\" content=\"index, follow, max-snippet:-1, max-image-preview:large, max-video-preview:-1\" \/>\n<link rel=\"canonical\" href=\"https:\/\/www.rockarena.sk\/?product=mystery-redemption\" \/>\n<meta property=\"og:locale\" content=\"sk_SK\" \/>\n<meta property=\"og:type\" content=\"article\" \/>\n<meta property=\"og:title\" content=\"Mystery \u2013 Redemption - RockArena - Fan web\" \/>\n<meta property=\"og:description\" content=\"Info \u017d\u00e1ner: Rock Rok vydania: 2023 Vydavate\u013e: Unicorn Digital\/Oskar Stav Obal: Mint Doska: Mint Track List A1 Behind The Mirror A2 Redemption A3 The Beauty And The Least A4 Every Note B1 Pearls And Fire B2 My Inspiration B3 Homecoming B4 Is this How The Story Ends?\" \/>\n<meta property=\"og:url\" content=\"https:\/\/www.rockarena.sk\/?product=mystery-redemption\" \/>\n<meta property=\"og:site_name\" content=\"RockArena - Fan web\" \/>\n<meta property=\"article:modified_time\" content=\"2024-05-07T11:19:41+00:00\" \/>\n<meta name=\"twitter:card\" content=\"summary_large_image\" \/>\n<script type=\"application\/ld+json\" class=\"yoast-schema-graph\">{\"@context\":\"https:\/\/schema.org\",\"@graph\":[{\"@type\":\"WebPage\",\"@id\":\"https:\/\/www.rockarena.sk\/?product=mystery-redemption\",\"url\":\"https:\/\/www.rockarena.sk\/?product=mystery-redemption\",\"name\":\"Mystery \u2013 Redemption - RockArena - Fan web\",\"isPartOf\":{\"@id\":\"https:\/\/www.rockarena.sk\/#website\"},\"primaryImageOfPage\":{\"@id\":\"https:\/\/www.rockarena.sk\/?product=mystery-redemption#primaryimage\"},\"image\":{\"@id\":\"https:\/\/www.rockarena.sk\/?product=mystery-redemption#primaryimage\"},\"thumbnailUrl\":\"https:\/\/www.rockarena.sk\/wp-content\/uploads\/2024\/05\/Mystery-\u2013-Redemption.jpg\",\"datePublished\":\"2024-05-07T11:17:37+00:00\",\"dateModified\":\"2024-05-07T11:19:41+00:00\",\"breadcrumb\":{\"@id\":\"https:\/\/www.rockarena.sk\/?product=mystery-redemption#breadcrumb\"},\"inLanguage\":\"sk-SK\",\"potentialAction\":[{\"@type\":\"ReadAction\",\"target\":[\"https:\/\/www.rockarena.sk\/?product=mystery-redemption\"]}]},{\"@type\":\"ImageObject\",\"inLanguage\":\"sk-SK\",\"@id\":\"https:\/\/www.rockarena.sk\/?product=mystery-redemption#primaryimage\",\"url\":\"https:\/\/www.rockarena.sk\/wp-content\/uploads\/2024\/05\/Mystery-\u2013-Redemption.jpg\",\"contentUrl\":\"https:\/\/www.rockarena.sk\/wp-content\/uploads\/2024\/05\/Mystery-\u2013-Redemption.jpg\",\"width\":600,\"height\":538},{\"@type\":\"BreadcrumbList\",\"@id\":\"https:\/\/www.rockarena.sk\/?product=mystery-redemption#breadcrumb\",\"itemListElement\":[{\"@type\":\"ListItem\",\"position\":1,\"name\":\"Domovsk\u00e1 str\u00e1nka\",\"item\":\"https:\/\/www.rockarena.sk\/\"},{\"@type\":\"ListItem\",\"position\":2,\"name\":\"Obchod\",\"item\":\"https:\/\/www.rockarena.sk\/\"},{\"@type\":\"ListItem\",\"position\":3,\"name\":\"Mystery \u2013 Redemption\"}]},{\"@type\":\"WebSite\",\"@id\":\"https:\/\/www.rockarena.sk\/#website\",\"url\":\"https:\/\/www.rockarena.sk\/\",\"name\":\"RockArena - Fan web\",\"description\":\"Online baz\u00e1r LP platn\u00ed a hifi techniky\",\"publisher\":{\"@id\":\"https:\/\/www.rockarena.sk\/#organization\"},\"potentialAction\":[{\"@type\":\"SearchAction\",\"target\":{\"@type\":\"EntryPoint\",\"urlTemplate\":\"https:\/\/www.rockarena.sk\/?s={search_term_string}\"},\"query-input\":{\"@type\":\"PropertyValueSpecification\",\"valueRequired\":true,\"valueName\":\"search_term_string\"}}],\"inLanguage\":\"sk-SK\"},{\"@type\":\"Organization\",\"@id\":\"https:\/\/www.rockarena.sk\/#organization\",\"name\":\"RockArena - Fan web\",\"url\":\"https:\/\/www.rockarena.sk\/\",\"logo\":{\"@type\":\"ImageObject\",\"inLanguage\":\"sk-SK\",\"@id\":\"https:\/\/www.rockarena.sk\/#\/schema\/logo\/image\/\",\"url\":\"https:\/\/www.rockarena.sk\/wp-content\/uploads\/2024\/09\/cropped-rockarena-logo.png\",\"contentUrl\":\"https:\/\/www.rockarena.sk\/wp-content\/uploads\/2024\/09\/cropped-rockarena-logo.png\",\"width\":500,\"height\":500,\"caption\":\"RockArena - Fan web\"},\"image\":{\"@id\":\"https:\/\/www.rockarena.sk\/#\/schema\/logo\/image\/\"}}]}<\/script>\n<!-- \/ Yoast SEO plugin. -->","yoast_head_json":{"title":"Mystery \u2013 Redemption - RockArena - Fan web","robots":{"index":"index","follow":"follow","max-snippet":"max-snippet:-1","max-image-preview":"max-image-preview:large","max-video-preview":"max-video-preview:-1"},"canonical":"https:\/\/www.rockarena.sk\/?product=mystery-redemption","og_locale":"sk_SK","og_type":"article","og_title":"Mystery \u2013 Redemption - RockArena - Fan web","og_description":"Info \u017d\u00e1ner: Rock Rok vydania: 2023 Vydavate\u013e: Unicorn Digital\/Oskar Stav Obal: Mint Doska: Mint Track List A1 Behind The Mirror A2 Redemption A3 The Beauty And The Least A4 Every Note B1 Pearls And Fire B2 My Inspiration B3 Homecoming B4 Is this How The Story Ends?","og_url":"https:\/\/www.rockarena.sk\/?product=mystery-redemption","og_site_name":"RockArena - Fan web","article_modified_time":"2024-05-07T11:19:41+00:00","twitter_card":"summary_large_image","schema":{"@context":"https:\/\/schema.org","@graph":[{"@type":"WebPage","@id":"https:\/\/www.rockarena.sk\/?product=mystery-redemption","url":"https:\/\/www.rockarena.sk\/?product=mystery-redemption","name":"Mystery \u2013 Redemption - RockArena - Fan web","isPartOf":{"@id":"https:\/\/www.rockarena.sk\/#website"},"primaryImageOfPage":{"@id":"https:\/\/www.rockarena.sk\/?product=mystery-redemption#primaryimage"},"image":{"@id":"https:\/\/www.rockarena.sk\/?product=mystery-redemption#primaryimage"},"thumbnailUrl":"https:\/\/www.rockarena.sk\/wp-content\/uploads\/2024\/05\/Mystery-\u2013-Redemption.jpg","datePublished":"2024-05-07T11:17:37+00:00","dateModified":"2024-05-07T11:19:41+00:00","breadcrumb":{"@id":"https:\/\/www.rockarena.sk\/?product=mystery-redemption#breadcrumb"},"inLanguage":"sk-SK","potentialAction":[{"@type":"ReadAction","target":["https:\/\/www.rockarena.sk\/?product=mystery-redemption"]}]},{"@type":"ImageObject","inLanguage":"sk-SK","@id":"https:\/\/www.rockarena.sk\/?product=mystery-redemption#primaryimage","url":"https:\/\/www.rockarena.sk\/wp-content\/uploads\/2024\/05\/Mystery-\u2013-Redemption.jpg","contentUrl":"https:\/\/www.rockarena.sk\/wp-content\/uploads\/2024\/05\/Mystery-\u2013-Redemption.jpg","width":600,"height":538},{"@type":"BreadcrumbList","@id":"https:\/\/www.rockarena.sk\/?product=mystery-redemption#breadcrumb","itemListElement":[{"@type":"ListItem","position":1,"name":"Domovsk\u00e1 str\u00e1nka","item":"https:\/\/www.rockarena.sk\/"},{"@type":"ListItem","position":2,"name":"Obchod","item":"https:\/\/www.rockarena.sk\/"},{"@type":"ListItem","position":3,"name":"Mystery \u2013 Redemption"}]},{"@type":"WebSite","@id":"https:\/\/www.rockarena.sk\/#website","url":"https:\/\/www.rockarena.sk\/","name":"RockArena - Fan web","description":"Online baz\u00e1r LP platn\u00ed a hifi techniky","publisher":{"@id":"https:\/\/www.rockarena.sk\/#organization"},"potentialAction":[{"@type":"SearchAction","target":{"@type":"EntryPoint","urlTemplate":"https:\/\/www.rockarena.sk\/?s={search_term_string}"},"query-input":{"@type":"PropertyValueSpecification","valueRequired":true,"valueName":"search_term_string"}}],"inLanguage":"sk-SK"},{"@type":"Organization","@id":"https:\/\/www.rockarena.sk\/#organization","name":"RockArena - Fan web","url":"https:\/\/www.rockarena.sk\/","logo":{"@type":"ImageObject","inLanguage":"sk-SK","@id":"https:\/\/www.rockarena.sk\/#\/schema\/logo\/image\/","url":"https:\/\/www.rockarena.sk\/wp-content\/uploads\/2024\/09\/cropped-rockarena-logo.png","contentUrl":"https:\/\/www.rockarena.sk\/wp-content\/uploads\/2024\/09\/cropped-rockarena-logo.png","width":500,"height":500,"caption":"RockArena - Fan web"},"image":{"@id":"https:\/\/www.rockarena.sk\/#\/schema\/logo\/image\/"}}]}},"_links":{"self":[{"href":"https:\/\/www.rockarena.sk\/index.php?rest_route=\/wp\/v2\/product\/451","targetHints":{"allow":["GET"]}}],"collection":[{"href":"https:\/\/www.rockarena.sk\/index.php?rest_route=\/wp\/v2\/product"}],"about":[{"href":"https:\/\/www.rockarena.sk\/index.php?rest_route=\/wp\/v2\/types\/product"}],"replies":[{"embeddable":true,"href":"https:\/\/www.rockarena.sk\/index.php?rest_route=%2Fwp%2Fv2%2Fcomments&post=451"}],"wp:featuredmedia":[{"embeddable":true,"href":"https:\/\/www.rockarena.sk\/index.php?rest_route=\/wp\/v2\/media\/564"}],"wp:attachment":[{"href":"https:\/\/www.rockarena.sk\/index.php?rest_route=%2Fwp%2Fv2%2Fmedia&parent=451"}],"wp:term":[{"taxonomy":"product_brand","embeddable":true,"href":"https:\/\/www.rockarena.sk\/index.php?rest_route=%2Fwp%2Fv2%2Fproduct_brand&post=451"},{"taxonomy":"product_cat","embeddable":true,"href":"https:\/\/www.rockarena.sk\/index.php?rest_route=%2Fwp%2Fv2%2Fproduct_cat&post=451"},{"taxonomy":"product_tag","embeddable":true,"href":"https:\/\/www.rockarena.sk\/index.php?rest_route=%2Fwp%2Fv2%2Fproduct_tag&post=451"}],"curies":[{"name":"wp","href":"https:\/\/api.w.org\/{rel}","templated":true}]}}