{"id":452,"date":"2024-05-07T13:17:37","date_gmt":"2024-05-07T11:17:37","guid":{"rendered":"https:\/\/www.rockarena.sk\/?post_type=product&#038;p=452"},"modified":"2024-05-07T13:19:42","modified_gmt":"2024-05-07T11:19:42","slug":"tears-for-fears-the-tipping-point","status":"publish","type":"product","link":"https:\/\/www.rockarena.sk\/?product=tears-for-fears-the-tipping-point","title":{"rendered":"Tears For Fears \u2013 The Tipping Point"},"content":{"rendered":"<h3><strong>Info<\/strong><\/h3>\n<p><strong>\u017d\u00e1ner:<\/strong> Rock<\/p>\n<p><strong>Rok vydania:<\/strong> 2022<\/p>\n<p><strong>Vydavate\u013e:<\/strong> Concord Records<\/p>\n<h3>Track List<\/h3>\n<table class=\"tracklist\">\n<tr>\n<td>A1<\/td>\n<td>No Small Thing<\/td>\n<\/tr>\n<tr>\n<td>A2<\/td>\n<td>The Tipping Point<\/td>\n<\/tr>\n<tr>\n<td>A3<\/td>\n<td>Long, Long, Long Time<\/td>\n<\/tr>\n<tr>\n<td>A4<\/td>\n<td>Break The Man<\/td>\n<\/tr>\n<tr>\n<td>A5<\/td>\n<td>My Demons<\/td>\n<\/tr>\n<tr>\n<td>B1<\/td>\n<td>Rivers Of Mercy<\/td>\n<\/tr>\n<tr>\n<td>B2<\/td>\n<td>Please Be Happy<\/td>\n<\/tr>\n<tr>\n<td>B3<\/td>\n<td>Master Plan<\/td>\n<\/tr>\n<tr>\n<td>B4<\/td>\n<td>End Of Night<\/td>\n<\/tr>\n<tr>\n<td>B5<\/td>\n<td>Stay<\/td>\n<\/tr>\n<\/table>\n","protected":false},"excerpt":{"rendered":"<p>Info \u017d\u00e1ner: Rock Rok vydania: 2022 Vydavate\u013e: Concord Records Track List A1 No Small Thing A2 The Tipping Point A3 Long, Long, Long Time A4 Break The Man A5 My Demons B1 Rivers Of Mercy B2 Please Be Happy B3 Master Plan B4 End Of Night B5 Stay<\/p>\n","protected":false},"featured_media":565,"comment_status":"open","ping_status":"closed","template":"","meta":[],"product_brand":[],"product_cat":[109],"product_tag":[32,111],"class_list":{"0":"post-452","1":"product","2":"type-product","3":"status-publish","4":"has-post-thumbnail","6":"product_cat-nove-platne","7":"product_tag-rock","8":"product_tag-tears-for-fears","9":"product_shipping_class-platne","11":"first","12":"instock","13":"sold-individually","14":"shipping-taxable","15":"purchasable","16":"product-type-simple"},"yoast_head":"<!-- This site is optimized with the Yoast SEO plugin v26.9 - https:\/\/yoast.com\/product\/yoast-seo-wordpress\/ -->\n<title>Tears For Fears \u2013 The Tipping Point - RockArena - Fan web<\/title>\n<meta name=\"robots\" content=\"index, follow, max-snippet:-1, max-image-preview:large, max-video-preview:-1\" \/>\n<link rel=\"canonical\" href=\"https:\/\/www.rockarena.sk\/?product=tears-for-fears-the-tipping-point\" \/>\n<meta property=\"og:locale\" content=\"sk_SK\" \/>\n<meta property=\"og:type\" content=\"article\" \/>\n<meta property=\"og:title\" content=\"Tears For Fears \u2013 The Tipping Point - RockArena - Fan web\" \/>\n<meta property=\"og:description\" content=\"Info \u017d\u00e1ner: Rock Rok vydania: 2022 Vydavate\u013e: Concord Records Track List A1 No Small Thing A2 The Tipping Point A3 Long, Long, Long Time A4 Break The Man A5 My Demons B1 Rivers Of Mercy B2 Please Be Happy B3 Master Plan B4 End Of Night B5 Stay\" \/>\n<meta property=\"og:url\" content=\"https:\/\/www.rockarena.sk\/?product=tears-for-fears-the-tipping-point\" \/>\n<meta property=\"og:site_name\" content=\"RockArena - Fan web\" \/>\n<meta property=\"article:modified_time\" content=\"2024-05-07T11:19:42+00:00\" \/>\n<meta name=\"twitter:card\" content=\"summary_large_image\" \/>\n<script type=\"application\/ld+json\" class=\"yoast-schema-graph\">{\"@context\":\"https:\/\/schema.org\",\"@graph\":[{\"@type\":\"WebPage\",\"@id\":\"https:\/\/www.rockarena.sk\/?product=tears-for-fears-the-tipping-point\",\"url\":\"https:\/\/www.rockarena.sk\/?product=tears-for-fears-the-tipping-point\",\"name\":\"Tears For Fears \u2013 The Tipping Point - RockArena - Fan web\",\"isPartOf\":{\"@id\":\"https:\/\/www.rockarena.sk\/#website\"},\"primaryImageOfPage\":{\"@id\":\"https:\/\/www.rockarena.sk\/?product=tears-for-fears-the-tipping-point#primaryimage\"},\"image\":{\"@id\":\"https:\/\/www.rockarena.sk\/?product=tears-for-fears-the-tipping-point#primaryimage\"},\"thumbnailUrl\":\"https:\/\/www.rockarena.sk\/wp-content\/uploads\/2024\/05\/Tears-For-Fears-\u2013-The-Tipping-Point.jpg\",\"datePublished\":\"2024-05-07T11:17:37+00:00\",\"dateModified\":\"2024-05-07T11:19:42+00:00\",\"breadcrumb\":{\"@id\":\"https:\/\/www.rockarena.sk\/?product=tears-for-fears-the-tipping-point#breadcrumb\"},\"inLanguage\":\"sk-SK\",\"potentialAction\":[{\"@type\":\"ReadAction\",\"target\":[\"https:\/\/www.rockarena.sk\/?product=tears-for-fears-the-tipping-point\"]}]},{\"@type\":\"ImageObject\",\"inLanguage\":\"sk-SK\",\"@id\":\"https:\/\/www.rockarena.sk\/?product=tears-for-fears-the-tipping-point#primaryimage\",\"url\":\"https:\/\/www.rockarena.sk\/wp-content\/uploads\/2024\/05\/Tears-For-Fears-\u2013-The-Tipping-Point.jpg\",\"contentUrl\":\"https:\/\/www.rockarena.sk\/wp-content\/uploads\/2024\/05\/Tears-For-Fears-\u2013-The-Tipping-Point.jpg\",\"width\":599,\"height\":600},{\"@type\":\"BreadcrumbList\",\"@id\":\"https:\/\/www.rockarena.sk\/?product=tears-for-fears-the-tipping-point#breadcrumb\",\"itemListElement\":[{\"@type\":\"ListItem\",\"position\":1,\"name\":\"Domovsk\u00e1 str\u00e1nka\",\"item\":\"https:\/\/www.rockarena.sk\/\"},{\"@type\":\"ListItem\",\"position\":2,\"name\":\"Obchod\",\"item\":\"https:\/\/www.rockarena.sk\/\"},{\"@type\":\"ListItem\",\"position\":3,\"name\":\"Tears For Fears \u2013 The Tipping Point\"}]},{\"@type\":\"WebSite\",\"@id\":\"https:\/\/www.rockarena.sk\/#website\",\"url\":\"https:\/\/www.rockarena.sk\/\",\"name\":\"RockArena - Fan web\",\"description\":\"Online baz\u00e1r LP platn\u00ed a hifi techniky\",\"publisher\":{\"@id\":\"https:\/\/www.rockarena.sk\/#organization\"},\"potentialAction\":[{\"@type\":\"SearchAction\",\"target\":{\"@type\":\"EntryPoint\",\"urlTemplate\":\"https:\/\/www.rockarena.sk\/?s={search_term_string}\"},\"query-input\":{\"@type\":\"PropertyValueSpecification\",\"valueRequired\":true,\"valueName\":\"search_term_string\"}}],\"inLanguage\":\"sk-SK\"},{\"@type\":\"Organization\",\"@id\":\"https:\/\/www.rockarena.sk\/#organization\",\"name\":\"RockArena - Fan web\",\"url\":\"https:\/\/www.rockarena.sk\/\",\"logo\":{\"@type\":\"ImageObject\",\"inLanguage\":\"sk-SK\",\"@id\":\"https:\/\/www.rockarena.sk\/#\/schema\/logo\/image\/\",\"url\":\"https:\/\/www.rockarena.sk\/wp-content\/uploads\/2024\/09\/cropped-rockarena-logo.png\",\"contentUrl\":\"https:\/\/www.rockarena.sk\/wp-content\/uploads\/2024\/09\/cropped-rockarena-logo.png\",\"width\":500,\"height\":500,\"caption\":\"RockArena - Fan web\"},\"image\":{\"@id\":\"https:\/\/www.rockarena.sk\/#\/schema\/logo\/image\/\"}}]}<\/script>\n<!-- \/ Yoast SEO plugin. -->","yoast_head_json":{"title":"Tears For Fears \u2013 The Tipping Point - RockArena - Fan web","robots":{"index":"index","follow":"follow","max-snippet":"max-snippet:-1","max-image-preview":"max-image-preview:large","max-video-preview":"max-video-preview:-1"},"canonical":"https:\/\/www.rockarena.sk\/?product=tears-for-fears-the-tipping-point","og_locale":"sk_SK","og_type":"article","og_title":"Tears For Fears \u2013 The Tipping Point - RockArena - Fan web","og_description":"Info \u017d\u00e1ner: Rock Rok vydania: 2022 Vydavate\u013e: Concord Records Track List A1 No Small Thing A2 The Tipping Point A3 Long, Long, Long Time A4 Break The Man A5 My Demons B1 Rivers Of Mercy B2 Please Be Happy B3 Master Plan B4 End Of Night B5 Stay","og_url":"https:\/\/www.rockarena.sk\/?product=tears-for-fears-the-tipping-point","og_site_name":"RockArena - Fan web","article_modified_time":"2024-05-07T11:19:42+00:00","twitter_card":"summary_large_image","schema":{"@context":"https:\/\/schema.org","@graph":[{"@type":"WebPage","@id":"https:\/\/www.rockarena.sk\/?product=tears-for-fears-the-tipping-point","url":"https:\/\/www.rockarena.sk\/?product=tears-for-fears-the-tipping-point","name":"Tears For Fears \u2013 The Tipping Point - RockArena - Fan web","isPartOf":{"@id":"https:\/\/www.rockarena.sk\/#website"},"primaryImageOfPage":{"@id":"https:\/\/www.rockarena.sk\/?product=tears-for-fears-the-tipping-point#primaryimage"},"image":{"@id":"https:\/\/www.rockarena.sk\/?product=tears-for-fears-the-tipping-point#primaryimage"},"thumbnailUrl":"https:\/\/www.rockarena.sk\/wp-content\/uploads\/2024\/05\/Tears-For-Fears-\u2013-The-Tipping-Point.jpg","datePublished":"2024-05-07T11:17:37+00:00","dateModified":"2024-05-07T11:19:42+00:00","breadcrumb":{"@id":"https:\/\/www.rockarena.sk\/?product=tears-for-fears-the-tipping-point#breadcrumb"},"inLanguage":"sk-SK","potentialAction":[{"@type":"ReadAction","target":["https:\/\/www.rockarena.sk\/?product=tears-for-fears-the-tipping-point"]}]},{"@type":"ImageObject","inLanguage":"sk-SK","@id":"https:\/\/www.rockarena.sk\/?product=tears-for-fears-the-tipping-point#primaryimage","url":"https:\/\/www.rockarena.sk\/wp-content\/uploads\/2024\/05\/Tears-For-Fears-\u2013-The-Tipping-Point.jpg","contentUrl":"https:\/\/www.rockarena.sk\/wp-content\/uploads\/2024\/05\/Tears-For-Fears-\u2013-The-Tipping-Point.jpg","width":599,"height":600},{"@type":"BreadcrumbList","@id":"https:\/\/www.rockarena.sk\/?product=tears-for-fears-the-tipping-point#breadcrumb","itemListElement":[{"@type":"ListItem","position":1,"name":"Domovsk\u00e1 str\u00e1nka","item":"https:\/\/www.rockarena.sk\/"},{"@type":"ListItem","position":2,"name":"Obchod","item":"https:\/\/www.rockarena.sk\/"},{"@type":"ListItem","position":3,"name":"Tears For Fears \u2013 The Tipping Point"}]},{"@type":"WebSite","@id":"https:\/\/www.rockarena.sk\/#website","url":"https:\/\/www.rockarena.sk\/","name":"RockArena - Fan web","description":"Online baz\u00e1r LP platn\u00ed a hifi techniky","publisher":{"@id":"https:\/\/www.rockarena.sk\/#organization"},"potentialAction":[{"@type":"SearchAction","target":{"@type":"EntryPoint","urlTemplate":"https:\/\/www.rockarena.sk\/?s={search_term_string}"},"query-input":{"@type":"PropertyValueSpecification","valueRequired":true,"valueName":"search_term_string"}}],"inLanguage":"sk-SK"},{"@type":"Organization","@id":"https:\/\/www.rockarena.sk\/#organization","name":"RockArena - Fan web","url":"https:\/\/www.rockarena.sk\/","logo":{"@type":"ImageObject","inLanguage":"sk-SK","@id":"https:\/\/www.rockarena.sk\/#\/schema\/logo\/image\/","url":"https:\/\/www.rockarena.sk\/wp-content\/uploads\/2024\/09\/cropped-rockarena-logo.png","contentUrl":"https:\/\/www.rockarena.sk\/wp-content\/uploads\/2024\/09\/cropped-rockarena-logo.png","width":500,"height":500,"caption":"RockArena - Fan web"},"image":{"@id":"https:\/\/www.rockarena.sk\/#\/schema\/logo\/image\/"}}]}},"_links":{"self":[{"href":"https:\/\/www.rockarena.sk\/index.php?rest_route=\/wp\/v2\/product\/452","targetHints":{"allow":["GET"]}}],"collection":[{"href":"https:\/\/www.rockarena.sk\/index.php?rest_route=\/wp\/v2\/product"}],"about":[{"href":"https:\/\/www.rockarena.sk\/index.php?rest_route=\/wp\/v2\/types\/product"}],"replies":[{"embeddable":true,"href":"https:\/\/www.rockarena.sk\/index.php?rest_route=%2Fwp%2Fv2%2Fcomments&post=452"}],"wp:featuredmedia":[{"embeddable":true,"href":"https:\/\/www.rockarena.sk\/index.php?rest_route=\/wp\/v2\/media\/565"}],"wp:attachment":[{"href":"https:\/\/www.rockarena.sk\/index.php?rest_route=%2Fwp%2Fv2%2Fmedia&parent=452"}],"wp:term":[{"taxonomy":"product_brand","embeddable":true,"href":"https:\/\/www.rockarena.sk\/index.php?rest_route=%2Fwp%2Fv2%2Fproduct_brand&post=452"},{"taxonomy":"product_cat","embeddable":true,"href":"https:\/\/www.rockarena.sk\/index.php?rest_route=%2Fwp%2Fv2%2Fproduct_cat&post=452"},{"taxonomy":"product_tag","embeddable":true,"href":"https:\/\/www.rockarena.sk\/index.php?rest_route=%2Fwp%2Fv2%2Fproduct_tag&post=452"}],"curies":[{"name":"wp","href":"https:\/\/api.w.org\/{rel}","templated":true}]}}