{"id":47,"date":"2024-05-07T13:11:07","date_gmt":"2024-05-07T11:11:07","guid":{"rendered":"https:\/\/www.rockarena.sk\/?post_type=product&#038;p=47"},"modified":"2024-05-07T13:11:34","modified_gmt":"2024-05-07T11:11:34","slug":"ja-som-mala-bambulka","status":"publish","type":"product","link":"https:\/\/www.rockarena.sk\/?product=ja-som-mala-bambulka","title":{"rendered":"Ja Som Mal\u00e1 Bambu\u013eka"},"content":{"rendered":"<table class=\"tracklist_3QGRS\">\n<tbody>\n<tr data-track-position=\"A1\">\n<td class=\"trackPos_2RCje\">A1<\/td>\n<td class=\"artist_3zAQD\"><\/td>\n<td class=\"trackTitle_CTKp4\"><span class=\"trackTitle_CTKp4\">Bambu\u013ekine Dobrodru\u017estv\u00e1<\/span><\/td>\n<td class=\"duration_2t4qr\">1:20<\/td>\n<\/tr>\n<tr data-track-position=\"A2\">\n<td class=\"trackPos_2RCje\">A2<\/td>\n<td class=\"artist_3zAQD\"><\/td>\n<td class=\"trackTitle_CTKp4\"><span class=\"trackTitle_CTKp4\">Straka<\/span><\/td>\n<td class=\"duration_2t4qr\">2:20<\/td>\n<\/tr>\n<tr data-track-position=\"A3\">\n<td class=\"trackPos_2RCje\">A3<\/td>\n<td class=\"artist_3zAQD\"><\/td>\n<td class=\"trackTitle_CTKp4\"><span class=\"trackTitle_CTKp4\">Dve Srdie\u010dka<\/span><\/td>\n<td class=\"duration_2t4qr\">2:10<\/td>\n<\/tr>\n<tr data-track-position=\"A4\">\n<td class=\"trackPos_2RCje\">A4<\/td>\n<td class=\"artist_3zAQD\"><\/td>\n<td class=\"trackTitle_CTKp4\"><span class=\"trackTitle_CTKp4\">Piese\u0148 O Zvieratk\u00e1ch<\/span><\/td>\n<td class=\"duration_2t4qr\">2:10<\/td>\n<\/tr>\n<tr data-track-position=\"A5\">\n<td class=\"trackPos_2RCje\">A5<\/td>\n<td class=\"artist_3zAQD\"><\/td>\n<td class=\"trackTitle_CTKp4\"><span class=\"trackTitle_CTKp4\">Roztopa\u0161nica<\/span><\/td>\n<td class=\"duration_2t4qr\">1:40<\/td>\n<\/tr>\n<tr data-track-position=\"A6\">\n<td class=\"trackPos_2RCje\">A6<\/td>\n<td class=\"artist_3zAQD\"><\/td>\n<td class=\"trackTitle_CTKp4\"><span class=\"trackTitle_CTKp4\">Obchodn\u00edcka Piese\u0148<\/span><\/td>\n<td class=\"duration_2t4qr\">3:10<\/td>\n<\/tr>\n<tr data-track-position=\"A7\">\n<td class=\"trackPos_2RCje\">A7<\/td>\n<td class=\"artist_3zAQD\"><\/td>\n<td class=\"trackTitle_CTKp4\"><span class=\"trackTitle_CTKp4\">Hambliv\u00e1 Piese\u0148<\/span><\/td>\n<td class=\"duration_2t4qr\">2:20<\/td>\n<\/tr>\n<tr data-track-position=\"A8\">\n<td class=\"trackPos_2RCje\">A8<\/td>\n<td class=\"artist_3zAQD\"><\/td>\n<td class=\"trackTitle_CTKp4\"><span class=\"trackTitle_CTKp4\">Odvr\u00e1vacia Piese\u0148<\/span><\/td>\n<td class=\"duration_2t4qr\">2:55<\/td>\n<\/tr>\n<tr data-track-position=\"B1\">\n<td class=\"trackPos_2RCje\">B1<\/td>\n<td class=\"artist_3zAQD\"><\/td>\n<td class=\"trackTitle_CTKp4\"><span class=\"trackTitle_CTKp4\">Kuch\u00e1rska Piese\u0148<\/span><\/td>\n<td class=\"duration_2t4qr\">3:02<\/td>\n<\/tr>\n<tr data-track-position=\"B2\">\n<td class=\"trackPos_2RCje\">B2<\/td>\n<td class=\"artist_3zAQD\"><\/td>\n<td class=\"trackTitle_CTKp4\"><span class=\"trackTitle_CTKp4\">Lesn\u00e1 Piese\u0148<\/span><\/td>\n<td class=\"duration_2t4qr\">2:10<\/td>\n<\/tr>\n<tr data-track-position=\"B3\">\n<td class=\"trackPos_2RCje\">B3<\/td>\n<td class=\"artist_3zAQD\"><\/td>\n<td class=\"trackTitle_CTKp4\"><span class=\"trackTitle_CTKp4\">\u0160arkan<\/span><\/td>\n<td class=\"duration_2t4qr\">2:00<\/td>\n<\/tr>\n<tr data-track-position=\"B4\">\n<td class=\"trackPos_2RCje\">B4<\/td>\n<td class=\"artist_3zAQD\"><\/td>\n<td class=\"trackTitle_CTKp4\"><span class=\"trackTitle_CTKp4\">Mokr\u00e1 Piese\u0148<\/span><\/td>\n<td class=\"duration_2t4qr\">2:08<\/td>\n<\/tr>\n<tr data-track-position=\"B5\">\n<td class=\"trackPos_2RCje\">B5<\/td>\n<td class=\"artist_3zAQD\"><\/td>\n<td class=\"trackTitle_CTKp4\"><span class=\"trackTitle_CTKp4\">B\u00e1b\u00e4tko<\/span><\/td>\n<td class=\"duration_2t4qr\">2:37<\/td>\n<\/tr>\n<tr data-track-position=\"B6\">\n<td class=\"trackPos_2RCje\">B6<\/td>\n<td class=\"artist_3zAQD\"><\/td>\n<td class=\"trackTitle_CTKp4\"><span class=\"trackTitle_CTKp4\">Piese\u0148 Na Rozl\u00fa\u010dku<\/span><\/td>\n<td class=\"duration_2t4qr\">3:02<\/td>\n<\/tr>\n<tr data-track-position=\"B7\">\n<td class=\"trackPos_2RCje\">B7<\/td>\n<td class=\"artist_3zAQD\"><\/td>\n<td class=\"trackTitle_CTKp4\"><span class=\"trackTitle_CTKp4\">Prekvapenie<\/span><\/td>\n<td class=\"duration_2t4qr\">1:30<\/td>\n<\/tr>\n<\/tbody>\n<\/table>\n","protected":false},"excerpt":{"rendered":"<p>A1 Bambu\u013ekine Dobrodru\u017estv\u00e1 1:20 A2 Straka 2:20 A3 Dve Srdie\u010dka 2:10 A4 Piese\u0148 O Zvieratk\u00e1ch 2:10 A5 Roztopa\u0161nica 1:40 A6 Obchodn\u00edcka Piese\u0148 3:10 A7 Hambliv\u00e1 Piese\u0148 2:20 A8 Odvr\u00e1vacia Piese\u0148 2:55 B1 Kuch\u00e1rska Piese\u0148 3:02 B2 Lesn\u00e1 Piese\u0148 2:10 B3 \u0160arkan 2:00 B4 Mokr\u00e1 Piese\u0148 2:08 B5 B\u00e1b\u00e4tko 2:37 B6 Piese\u0148 Na Rozl\u00fa\u010dku 3:02 B7 [&hellip;]<\/p>\n","protected":false},"featured_media":94,"comment_status":"open","ping_status":"closed","template":"","meta":[],"product_brand":[],"product_cat":[27],"product_tag":[],"class_list":{"0":"post-47","1":"product","2":"type-product","3":"status-publish","4":"has-post-thumbnail","6":"product_cat-platne","8":"first","9":"outofstock","10":"shipping-taxable","11":"product-type-simple"},"yoast_head":"<!-- This site is optimized with the Yoast SEO plugin v26.9 - https:\/\/yoast.com\/product\/yoast-seo-wordpress\/ -->\n<title>Ja Som Mal\u00e1 Bambu\u013eka - RockArena - Fan web<\/title>\n<meta name=\"robots\" content=\"index, follow, max-snippet:-1, max-image-preview:large, max-video-preview:-1\" \/>\n<link rel=\"canonical\" href=\"https:\/\/www.rockarena.sk\/?product=ja-som-mala-bambulka\" \/>\n<meta property=\"og:locale\" content=\"sk_SK\" \/>\n<meta property=\"og:type\" content=\"article\" \/>\n<meta property=\"og:title\" content=\"Ja Som Mal\u00e1 Bambu\u013eka - RockArena - Fan web\" \/>\n<meta property=\"og:description\" content=\"A1 Bambu\u013ekine Dobrodru\u017estv\u00e1 1:20 A2 Straka 2:20 A3 Dve Srdie\u010dka 2:10 A4 Piese\u0148 O Zvieratk\u00e1ch 2:10 A5 Roztopa\u0161nica 1:40 A6 Obchodn\u00edcka Piese\u0148 3:10 A7 Hambliv\u00e1 Piese\u0148 2:20 A8 Odvr\u00e1vacia Piese\u0148 2:55 B1 Kuch\u00e1rska Piese\u0148 3:02 B2 Lesn\u00e1 Piese\u0148 2:10 B3 \u0160arkan 2:00 B4 Mokr\u00e1 Piese\u0148 2:08 B5 B\u00e1b\u00e4tko 2:37 B6 Piese\u0148 Na Rozl\u00fa\u010dku 3:02 B7 [&hellip;]\" \/>\n<meta property=\"og:url\" content=\"https:\/\/www.rockarena.sk\/?product=ja-som-mala-bambulka\" \/>\n<meta property=\"og:site_name\" content=\"RockArena - Fan web\" \/>\n<meta property=\"article:modified_time\" content=\"2024-05-07T11:11:34+00:00\" \/>\n<meta name=\"twitter:card\" content=\"summary_large_image\" \/>\n<script type=\"application\/ld+json\" class=\"yoast-schema-graph\">{\"@context\":\"https:\/\/schema.org\",\"@graph\":[{\"@type\":\"WebPage\",\"@id\":\"https:\/\/www.rockarena.sk\/?product=ja-som-mala-bambulka\",\"url\":\"https:\/\/www.rockarena.sk\/?product=ja-som-mala-bambulka\",\"name\":\"Ja Som Mal\u00e1 Bambu\u013eka - RockArena - Fan web\",\"isPartOf\":{\"@id\":\"https:\/\/www.rockarena.sk\/#website\"},\"primaryImageOfPage\":{\"@id\":\"https:\/\/www.rockarena.sk\/?product=ja-som-mala-bambulka#primaryimage\"},\"image\":{\"@id\":\"https:\/\/www.rockarena.sk\/?product=ja-som-mala-bambulka#primaryimage\"},\"thumbnailUrl\":\"https:\/\/www.rockarena.sk\/wp-content\/uploads\/2024\/05\/Ja-Som-Mala-Bambulka.jpg\",\"datePublished\":\"2024-05-07T11:11:07+00:00\",\"dateModified\":\"2024-05-07T11:11:34+00:00\",\"breadcrumb\":{\"@id\":\"https:\/\/www.rockarena.sk\/?product=ja-som-mala-bambulka#breadcrumb\"},\"inLanguage\":\"sk-SK\",\"potentialAction\":[{\"@type\":\"ReadAction\",\"target\":[\"https:\/\/www.rockarena.sk\/?product=ja-som-mala-bambulka\"]}]},{\"@type\":\"ImageObject\",\"inLanguage\":\"sk-SK\",\"@id\":\"https:\/\/www.rockarena.sk\/?product=ja-som-mala-bambulka#primaryimage\",\"url\":\"https:\/\/www.rockarena.sk\/wp-content\/uploads\/2024\/05\/Ja-Som-Mala-Bambulka.jpg\",\"contentUrl\":\"https:\/\/www.rockarena.sk\/wp-content\/uploads\/2024\/05\/Ja-Som-Mala-Bambulka.jpg\",\"width\":460,\"height\":454},{\"@type\":\"BreadcrumbList\",\"@id\":\"https:\/\/www.rockarena.sk\/?product=ja-som-mala-bambulka#breadcrumb\",\"itemListElement\":[{\"@type\":\"ListItem\",\"position\":1,\"name\":\"Domovsk\u00e1 str\u00e1nka\",\"item\":\"https:\/\/www.rockarena.sk\/\"},{\"@type\":\"ListItem\",\"position\":2,\"name\":\"Obchod\",\"item\":\"https:\/\/www.rockarena.sk\/\"},{\"@type\":\"ListItem\",\"position\":3,\"name\":\"Ja Som Mal\u00e1 Bambu\u013eka\"}]},{\"@type\":\"WebSite\",\"@id\":\"https:\/\/www.rockarena.sk\/#website\",\"url\":\"https:\/\/www.rockarena.sk\/\",\"name\":\"RockArena - Fan web\",\"description\":\"Online baz\u00e1r LP platn\u00ed a hifi techniky\",\"publisher\":{\"@id\":\"https:\/\/www.rockarena.sk\/#organization\"},\"potentialAction\":[{\"@type\":\"SearchAction\",\"target\":{\"@type\":\"EntryPoint\",\"urlTemplate\":\"https:\/\/www.rockarena.sk\/?s={search_term_string}\"},\"query-input\":{\"@type\":\"PropertyValueSpecification\",\"valueRequired\":true,\"valueName\":\"search_term_string\"}}],\"inLanguage\":\"sk-SK\"},{\"@type\":\"Organization\",\"@id\":\"https:\/\/www.rockarena.sk\/#organization\",\"name\":\"RockArena - Fan web\",\"url\":\"https:\/\/www.rockarena.sk\/\",\"logo\":{\"@type\":\"ImageObject\",\"inLanguage\":\"sk-SK\",\"@id\":\"https:\/\/www.rockarena.sk\/#\/schema\/logo\/image\/\",\"url\":\"https:\/\/www.rockarena.sk\/wp-content\/uploads\/2024\/09\/cropped-rockarena-logo.png\",\"contentUrl\":\"https:\/\/www.rockarena.sk\/wp-content\/uploads\/2024\/09\/cropped-rockarena-logo.png\",\"width\":500,\"height\":500,\"caption\":\"RockArena - Fan web\"},\"image\":{\"@id\":\"https:\/\/www.rockarena.sk\/#\/schema\/logo\/image\/\"}}]}<\/script>\n<!-- \/ Yoast SEO plugin. -->","yoast_head_json":{"title":"Ja Som Mal\u00e1 Bambu\u013eka - RockArena - Fan web","robots":{"index":"index","follow":"follow","max-snippet":"max-snippet:-1","max-image-preview":"max-image-preview:large","max-video-preview":"max-video-preview:-1"},"canonical":"https:\/\/www.rockarena.sk\/?product=ja-som-mala-bambulka","og_locale":"sk_SK","og_type":"article","og_title":"Ja Som Mal\u00e1 Bambu\u013eka - RockArena - Fan web","og_description":"A1 Bambu\u013ekine Dobrodru\u017estv\u00e1 1:20 A2 Straka 2:20 A3 Dve Srdie\u010dka 2:10 A4 Piese\u0148 O Zvieratk\u00e1ch 2:10 A5 Roztopa\u0161nica 1:40 A6 Obchodn\u00edcka Piese\u0148 3:10 A7 Hambliv\u00e1 Piese\u0148 2:20 A8 Odvr\u00e1vacia Piese\u0148 2:55 B1 Kuch\u00e1rska Piese\u0148 3:02 B2 Lesn\u00e1 Piese\u0148 2:10 B3 \u0160arkan 2:00 B4 Mokr\u00e1 Piese\u0148 2:08 B5 B\u00e1b\u00e4tko 2:37 B6 Piese\u0148 Na Rozl\u00fa\u010dku 3:02 B7 [&hellip;]","og_url":"https:\/\/www.rockarena.sk\/?product=ja-som-mala-bambulka","og_site_name":"RockArena - Fan web","article_modified_time":"2024-05-07T11:11:34+00:00","twitter_card":"summary_large_image","schema":{"@context":"https:\/\/schema.org","@graph":[{"@type":"WebPage","@id":"https:\/\/www.rockarena.sk\/?product=ja-som-mala-bambulka","url":"https:\/\/www.rockarena.sk\/?product=ja-som-mala-bambulka","name":"Ja Som Mal\u00e1 Bambu\u013eka - RockArena - Fan web","isPartOf":{"@id":"https:\/\/www.rockarena.sk\/#website"},"primaryImageOfPage":{"@id":"https:\/\/www.rockarena.sk\/?product=ja-som-mala-bambulka#primaryimage"},"image":{"@id":"https:\/\/www.rockarena.sk\/?product=ja-som-mala-bambulka#primaryimage"},"thumbnailUrl":"https:\/\/www.rockarena.sk\/wp-content\/uploads\/2024\/05\/Ja-Som-Mala-Bambulka.jpg","datePublished":"2024-05-07T11:11:07+00:00","dateModified":"2024-05-07T11:11:34+00:00","breadcrumb":{"@id":"https:\/\/www.rockarena.sk\/?product=ja-som-mala-bambulka#breadcrumb"},"inLanguage":"sk-SK","potentialAction":[{"@type":"ReadAction","target":["https:\/\/www.rockarena.sk\/?product=ja-som-mala-bambulka"]}]},{"@type":"ImageObject","inLanguage":"sk-SK","@id":"https:\/\/www.rockarena.sk\/?product=ja-som-mala-bambulka#primaryimage","url":"https:\/\/www.rockarena.sk\/wp-content\/uploads\/2024\/05\/Ja-Som-Mala-Bambulka.jpg","contentUrl":"https:\/\/www.rockarena.sk\/wp-content\/uploads\/2024\/05\/Ja-Som-Mala-Bambulka.jpg","width":460,"height":454},{"@type":"BreadcrumbList","@id":"https:\/\/www.rockarena.sk\/?product=ja-som-mala-bambulka#breadcrumb","itemListElement":[{"@type":"ListItem","position":1,"name":"Domovsk\u00e1 str\u00e1nka","item":"https:\/\/www.rockarena.sk\/"},{"@type":"ListItem","position":2,"name":"Obchod","item":"https:\/\/www.rockarena.sk\/"},{"@type":"ListItem","position":3,"name":"Ja Som Mal\u00e1 Bambu\u013eka"}]},{"@type":"WebSite","@id":"https:\/\/www.rockarena.sk\/#website","url":"https:\/\/www.rockarena.sk\/","name":"RockArena - Fan web","description":"Online baz\u00e1r LP platn\u00ed a hifi techniky","publisher":{"@id":"https:\/\/www.rockarena.sk\/#organization"},"potentialAction":[{"@type":"SearchAction","target":{"@type":"EntryPoint","urlTemplate":"https:\/\/www.rockarena.sk\/?s={search_term_string}"},"query-input":{"@type":"PropertyValueSpecification","valueRequired":true,"valueName":"search_term_string"}}],"inLanguage":"sk-SK"},{"@type":"Organization","@id":"https:\/\/www.rockarena.sk\/#organization","name":"RockArena - Fan web","url":"https:\/\/www.rockarena.sk\/","logo":{"@type":"ImageObject","inLanguage":"sk-SK","@id":"https:\/\/www.rockarena.sk\/#\/schema\/logo\/image\/","url":"https:\/\/www.rockarena.sk\/wp-content\/uploads\/2024\/09\/cropped-rockarena-logo.png","contentUrl":"https:\/\/www.rockarena.sk\/wp-content\/uploads\/2024\/09\/cropped-rockarena-logo.png","width":500,"height":500,"caption":"RockArena - Fan web"},"image":{"@id":"https:\/\/www.rockarena.sk\/#\/schema\/logo\/image\/"}}]}},"_links":{"self":[{"href":"https:\/\/www.rockarena.sk\/index.php?rest_route=\/wp\/v2\/product\/47","targetHints":{"allow":["GET"]}}],"collection":[{"href":"https:\/\/www.rockarena.sk\/index.php?rest_route=\/wp\/v2\/product"}],"about":[{"href":"https:\/\/www.rockarena.sk\/index.php?rest_route=\/wp\/v2\/types\/product"}],"replies":[{"embeddable":true,"href":"https:\/\/www.rockarena.sk\/index.php?rest_route=%2Fwp%2Fv2%2Fcomments&post=47"}],"wp:featuredmedia":[{"embeddable":true,"href":"https:\/\/www.rockarena.sk\/index.php?rest_route=\/wp\/v2\/media\/94"}],"wp:attachment":[{"href":"https:\/\/www.rockarena.sk\/index.php?rest_route=%2Fwp%2Fv2%2Fmedia&parent=47"}],"wp:term":[{"taxonomy":"product_brand","embeddable":true,"href":"https:\/\/www.rockarena.sk\/index.php?rest_route=%2Fwp%2Fv2%2Fproduct_brand&post=47"},{"taxonomy":"product_cat","embeddable":true,"href":"https:\/\/www.rockarena.sk\/index.php?rest_route=%2Fwp%2Fv2%2Fproduct_cat&post=47"},{"taxonomy":"product_tag","embeddable":true,"href":"https:\/\/www.rockarena.sk\/index.php?rest_route=%2Fwp%2Fv2%2Fproduct_tag&post=47"}],"curies":[{"name":"wp","href":"https:\/\/api.w.org\/{rel}","templated":true}]}}