{"id":491,"date":"2024-05-07T13:18:21","date_gmt":"2024-05-07T11:18:21","guid":{"rendered":"https:\/\/www.rockarena.sk\/?post_type=product&#038;p=491"},"modified":"2024-05-07T13:20:30","modified_gmt":"2024-05-07T11:20:30","slug":"jethro-tull-songs-from-the-wood","status":"publish","type":"product","link":"https:\/\/www.rockarena.sk\/?product=jethro-tull-songs-from-the-wood","title":{"rendered":"Jethro Tull &#8211; Songs From The Wood"},"content":{"rendered":"<h3><strong>Info<\/strong><\/h3>\n<p><strong>\u017d\u00e1ner:<\/strong> Rock<\/p>\n<p><strong>Rok vydania:<\/strong> 1977<\/p>\n<p><strong>Vydavate\u013e:<\/strong> Chrysalis<\/p>\n<h3><strong>Stav<\/strong><\/h3>\n<p><strong>Obal:<\/strong> Very good plus<\/p>\n<p><strong>Doska:<\/strong> Very good plus<\/p>\n<h3>Track List<\/h3>\n<table class=\"tracklist\">\n<tr>\n<td>A1<\/td>\n<td>Songs From The Wood<\/td>\n<\/tr>\n<tr>\n<td>A2<\/td>\n<td>Jack-In-The-Green<\/td>\n<\/tr>\n<tr>\n<td>A3<\/td>\n<td>Cup Of Wonder<\/td>\n<\/tr>\n<tr>\n<td>A4<\/td>\n<td>Hunting Girl<\/td>\n<\/tr>\n<tr>\n<td>A5<\/td>\n<td>Ring Out, Solstice Bells<\/td>\n<\/tr>\n<tr>\n<td>B1<\/td>\n<td>Velvet Green<\/td>\n<\/tr>\n<tr>\n<td>B2<\/td>\n<td>The Whistler<\/td>\n<\/tr>\n<tr>\n<td>B3<\/td>\n<td>Pibroch (Cap In Hand)<\/td>\n<\/tr>\n<tr>\n<td>B4<\/td>\n<td>Fire At Midnight<\/td>\n<\/tr>\n<\/table>\n","protected":false},"excerpt":{"rendered":"<p>Info \u017d\u00e1ner: Rock Rok vydania: 1977 Vydavate\u013e: Chrysalis Stav Obal: Very good plus Doska: Very good plus Track List A1 Songs From The Wood A2 Jack-In-The-Green A3 Cup Of Wonder A4 Hunting Girl A5 Ring Out, Solstice Bells B1 Velvet Green B2 The Whistler B3 Pibroch (Cap In Hand) B4 Fire At Midnight<\/p>\n","protected":false},"featured_media":595,"comment_status":"open","ping_status":"closed","template":"","meta":[],"product_brand":[],"product_cat":[20],"product_tag":[119,32],"class_list":{"0":"post-491","1":"product","2":"type-product","3":"status-publish","4":"has-post-thumbnail","6":"product_cat-platne-bazar","7":"product_tag-jethro-tull","8":"product_tag-rock","9":"product_shipping_class-platne","11":"first","12":"instock","13":"sold-individually","14":"shipping-taxable","15":"purchasable","16":"product-type-simple"},"yoast_head":"<!-- This site is optimized with the Yoast SEO plugin v26.9 - https:\/\/yoast.com\/product\/yoast-seo-wordpress\/ -->\n<title>Jethro Tull - Songs From The Wood - RockArena - Fan web<\/title>\n<meta name=\"robots\" content=\"index, follow, max-snippet:-1, max-image-preview:large, max-video-preview:-1\" \/>\n<link rel=\"canonical\" href=\"https:\/\/www.rockarena.sk\/?product=jethro-tull-songs-from-the-wood\" \/>\n<meta property=\"og:locale\" content=\"sk_SK\" \/>\n<meta property=\"og:type\" content=\"article\" \/>\n<meta property=\"og:title\" content=\"Jethro Tull - Songs From The Wood - RockArena - Fan web\" \/>\n<meta property=\"og:description\" content=\"Info \u017d\u00e1ner: Rock Rok vydania: 1977 Vydavate\u013e: Chrysalis Stav Obal: Very good plus Doska: Very good plus Track List A1 Songs From The Wood A2 Jack-In-The-Green A3 Cup Of Wonder A4 Hunting Girl A5 Ring Out, Solstice Bells B1 Velvet Green B2 The Whistler B3 Pibroch (Cap In Hand) B4 Fire At Midnight\" \/>\n<meta property=\"og:url\" content=\"https:\/\/www.rockarena.sk\/?product=jethro-tull-songs-from-the-wood\" \/>\n<meta property=\"og:site_name\" content=\"RockArena - Fan web\" \/>\n<meta property=\"article:modified_time\" content=\"2024-05-07T11:20:30+00:00\" \/>\n<meta name=\"twitter:card\" content=\"summary_large_image\" \/>\n<script type=\"application\/ld+json\" class=\"yoast-schema-graph\">{\"@context\":\"https:\/\/schema.org\",\"@graph\":[{\"@type\":\"WebPage\",\"@id\":\"https:\/\/www.rockarena.sk\/?product=jethro-tull-songs-from-the-wood\",\"url\":\"https:\/\/www.rockarena.sk\/?product=jethro-tull-songs-from-the-wood\",\"name\":\"Jethro Tull - Songs From The Wood - RockArena - Fan web\",\"isPartOf\":{\"@id\":\"https:\/\/www.rockarena.sk\/#website\"},\"primaryImageOfPage\":{\"@id\":\"https:\/\/www.rockarena.sk\/?product=jethro-tull-songs-from-the-wood#primaryimage\"},\"image\":{\"@id\":\"https:\/\/www.rockarena.sk\/?product=jethro-tull-songs-from-the-wood#primaryimage\"},\"thumbnailUrl\":\"https:\/\/www.rockarena.sk\/wp-content\/uploads\/2024\/05\/Jethro-Tull-\u2013-Songs-From-The-Wood.jpg\",\"datePublished\":\"2024-05-07T11:18:21+00:00\",\"dateModified\":\"2024-05-07T11:20:30+00:00\",\"breadcrumb\":{\"@id\":\"https:\/\/www.rockarena.sk\/?product=jethro-tull-songs-from-the-wood#breadcrumb\"},\"inLanguage\":\"sk-SK\",\"potentialAction\":[{\"@type\":\"ReadAction\",\"target\":[\"https:\/\/www.rockarena.sk\/?product=jethro-tull-songs-from-the-wood\"]}]},{\"@type\":\"ImageObject\",\"inLanguage\":\"sk-SK\",\"@id\":\"https:\/\/www.rockarena.sk\/?product=jethro-tull-songs-from-the-wood#primaryimage\",\"url\":\"https:\/\/www.rockarena.sk\/wp-content\/uploads\/2024\/05\/Jethro-Tull-\u2013-Songs-From-The-Wood.jpg\",\"contentUrl\":\"https:\/\/www.rockarena.sk\/wp-content\/uploads\/2024\/05\/Jethro-Tull-\u2013-Songs-From-The-Wood.jpg\",\"width\":600,\"height\":595},{\"@type\":\"BreadcrumbList\",\"@id\":\"https:\/\/www.rockarena.sk\/?product=jethro-tull-songs-from-the-wood#breadcrumb\",\"itemListElement\":[{\"@type\":\"ListItem\",\"position\":1,\"name\":\"Domovsk\u00e1 str\u00e1nka\",\"item\":\"https:\/\/www.rockarena.sk\/\"},{\"@type\":\"ListItem\",\"position\":2,\"name\":\"Obchod\",\"item\":\"https:\/\/www.rockarena.sk\/\"},{\"@type\":\"ListItem\",\"position\":3,\"name\":\"Jethro Tull &#8211; Songs From The Wood\"}]},{\"@type\":\"WebSite\",\"@id\":\"https:\/\/www.rockarena.sk\/#website\",\"url\":\"https:\/\/www.rockarena.sk\/\",\"name\":\"RockArena - Fan web\",\"description\":\"Online baz\u00e1r LP platn\u00ed a hifi techniky\",\"publisher\":{\"@id\":\"https:\/\/www.rockarena.sk\/#organization\"},\"potentialAction\":[{\"@type\":\"SearchAction\",\"target\":{\"@type\":\"EntryPoint\",\"urlTemplate\":\"https:\/\/www.rockarena.sk\/?s={search_term_string}\"},\"query-input\":{\"@type\":\"PropertyValueSpecification\",\"valueRequired\":true,\"valueName\":\"search_term_string\"}}],\"inLanguage\":\"sk-SK\"},{\"@type\":\"Organization\",\"@id\":\"https:\/\/www.rockarena.sk\/#organization\",\"name\":\"RockArena - Fan web\",\"url\":\"https:\/\/www.rockarena.sk\/\",\"logo\":{\"@type\":\"ImageObject\",\"inLanguage\":\"sk-SK\",\"@id\":\"https:\/\/www.rockarena.sk\/#\/schema\/logo\/image\/\",\"url\":\"https:\/\/www.rockarena.sk\/wp-content\/uploads\/2024\/09\/cropped-rockarena-logo.png\",\"contentUrl\":\"https:\/\/www.rockarena.sk\/wp-content\/uploads\/2024\/09\/cropped-rockarena-logo.png\",\"width\":500,\"height\":500,\"caption\":\"RockArena - Fan web\"},\"image\":{\"@id\":\"https:\/\/www.rockarena.sk\/#\/schema\/logo\/image\/\"}}]}<\/script>\n<!-- \/ Yoast SEO plugin. -->","yoast_head_json":{"title":"Jethro Tull - Songs From The Wood - RockArena - Fan web","robots":{"index":"index","follow":"follow","max-snippet":"max-snippet:-1","max-image-preview":"max-image-preview:large","max-video-preview":"max-video-preview:-1"},"canonical":"https:\/\/www.rockarena.sk\/?product=jethro-tull-songs-from-the-wood","og_locale":"sk_SK","og_type":"article","og_title":"Jethro Tull - Songs From The Wood - RockArena - Fan web","og_description":"Info \u017d\u00e1ner: Rock Rok vydania: 1977 Vydavate\u013e: Chrysalis Stav Obal: Very good plus Doska: Very good plus Track List A1 Songs From The Wood A2 Jack-In-The-Green A3 Cup Of Wonder A4 Hunting Girl A5 Ring Out, Solstice Bells B1 Velvet Green B2 The Whistler B3 Pibroch (Cap In Hand) B4 Fire At Midnight","og_url":"https:\/\/www.rockarena.sk\/?product=jethro-tull-songs-from-the-wood","og_site_name":"RockArena - Fan web","article_modified_time":"2024-05-07T11:20:30+00:00","twitter_card":"summary_large_image","schema":{"@context":"https:\/\/schema.org","@graph":[{"@type":"WebPage","@id":"https:\/\/www.rockarena.sk\/?product=jethro-tull-songs-from-the-wood","url":"https:\/\/www.rockarena.sk\/?product=jethro-tull-songs-from-the-wood","name":"Jethro Tull - Songs From The Wood - RockArena - Fan web","isPartOf":{"@id":"https:\/\/www.rockarena.sk\/#website"},"primaryImageOfPage":{"@id":"https:\/\/www.rockarena.sk\/?product=jethro-tull-songs-from-the-wood#primaryimage"},"image":{"@id":"https:\/\/www.rockarena.sk\/?product=jethro-tull-songs-from-the-wood#primaryimage"},"thumbnailUrl":"https:\/\/www.rockarena.sk\/wp-content\/uploads\/2024\/05\/Jethro-Tull-\u2013-Songs-From-The-Wood.jpg","datePublished":"2024-05-07T11:18:21+00:00","dateModified":"2024-05-07T11:20:30+00:00","breadcrumb":{"@id":"https:\/\/www.rockarena.sk\/?product=jethro-tull-songs-from-the-wood#breadcrumb"},"inLanguage":"sk-SK","potentialAction":[{"@type":"ReadAction","target":["https:\/\/www.rockarena.sk\/?product=jethro-tull-songs-from-the-wood"]}]},{"@type":"ImageObject","inLanguage":"sk-SK","@id":"https:\/\/www.rockarena.sk\/?product=jethro-tull-songs-from-the-wood#primaryimage","url":"https:\/\/www.rockarena.sk\/wp-content\/uploads\/2024\/05\/Jethro-Tull-\u2013-Songs-From-The-Wood.jpg","contentUrl":"https:\/\/www.rockarena.sk\/wp-content\/uploads\/2024\/05\/Jethro-Tull-\u2013-Songs-From-The-Wood.jpg","width":600,"height":595},{"@type":"BreadcrumbList","@id":"https:\/\/www.rockarena.sk\/?product=jethro-tull-songs-from-the-wood#breadcrumb","itemListElement":[{"@type":"ListItem","position":1,"name":"Domovsk\u00e1 str\u00e1nka","item":"https:\/\/www.rockarena.sk\/"},{"@type":"ListItem","position":2,"name":"Obchod","item":"https:\/\/www.rockarena.sk\/"},{"@type":"ListItem","position":3,"name":"Jethro Tull &#8211; Songs From The Wood"}]},{"@type":"WebSite","@id":"https:\/\/www.rockarena.sk\/#website","url":"https:\/\/www.rockarena.sk\/","name":"RockArena - Fan web","description":"Online baz\u00e1r LP platn\u00ed a hifi techniky","publisher":{"@id":"https:\/\/www.rockarena.sk\/#organization"},"potentialAction":[{"@type":"SearchAction","target":{"@type":"EntryPoint","urlTemplate":"https:\/\/www.rockarena.sk\/?s={search_term_string}"},"query-input":{"@type":"PropertyValueSpecification","valueRequired":true,"valueName":"search_term_string"}}],"inLanguage":"sk-SK"},{"@type":"Organization","@id":"https:\/\/www.rockarena.sk\/#organization","name":"RockArena - Fan web","url":"https:\/\/www.rockarena.sk\/","logo":{"@type":"ImageObject","inLanguage":"sk-SK","@id":"https:\/\/www.rockarena.sk\/#\/schema\/logo\/image\/","url":"https:\/\/www.rockarena.sk\/wp-content\/uploads\/2024\/09\/cropped-rockarena-logo.png","contentUrl":"https:\/\/www.rockarena.sk\/wp-content\/uploads\/2024\/09\/cropped-rockarena-logo.png","width":500,"height":500,"caption":"RockArena - Fan web"},"image":{"@id":"https:\/\/www.rockarena.sk\/#\/schema\/logo\/image\/"}}]}},"_links":{"self":[{"href":"https:\/\/www.rockarena.sk\/index.php?rest_route=\/wp\/v2\/product\/491","targetHints":{"allow":["GET"]}}],"collection":[{"href":"https:\/\/www.rockarena.sk\/index.php?rest_route=\/wp\/v2\/product"}],"about":[{"href":"https:\/\/www.rockarena.sk\/index.php?rest_route=\/wp\/v2\/types\/product"}],"replies":[{"embeddable":true,"href":"https:\/\/www.rockarena.sk\/index.php?rest_route=%2Fwp%2Fv2%2Fcomments&post=491"}],"wp:featuredmedia":[{"embeddable":true,"href":"https:\/\/www.rockarena.sk\/index.php?rest_route=\/wp\/v2\/media\/595"}],"wp:attachment":[{"href":"https:\/\/www.rockarena.sk\/index.php?rest_route=%2Fwp%2Fv2%2Fmedia&parent=491"}],"wp:term":[{"taxonomy":"product_brand","embeddable":true,"href":"https:\/\/www.rockarena.sk\/index.php?rest_route=%2Fwp%2Fv2%2Fproduct_brand&post=491"},{"taxonomy":"product_cat","embeddable":true,"href":"https:\/\/www.rockarena.sk\/index.php?rest_route=%2Fwp%2Fv2%2Fproduct_cat&post=491"},{"taxonomy":"product_tag","embeddable":true,"href":"https:\/\/www.rockarena.sk\/index.php?rest_route=%2Fwp%2Fv2%2Fproduct_tag&post=491"}],"curies":[{"name":"wp","href":"https:\/\/api.w.org\/{rel}","templated":true}]}}