{"id":492,"date":"2024-05-07T13:18:21","date_gmt":"2024-05-07T11:18:21","guid":{"rendered":"https:\/\/www.rockarena.sk\/?post_type=product&#038;p=492"},"modified":"2025-12-27T15:05:23","modified_gmt":"2025-12-27T14:05:23","slug":"simply-red-picture-book","status":"publish","type":"product","link":"https:\/\/www.rockarena.sk\/?product=simply-red-picture-book","title":{"rendered":"Simply Red &#8211; Picture Book"},"content":{"rendered":"<h3><strong>Info<\/strong><\/h3>\n<p><strong>\u017d\u00e1ner:<\/strong> Pop<\/p>\n<p><strong>Rok vydania:<\/strong> 1985<\/p>\n<p><strong>Vydavate\u013e:<\/strong> Elektra<\/p>\n<h3><strong>Stav<\/strong><\/h3>\n<p><strong>Obal:<\/strong> Near mint<\/p>\n<p><strong>Doska:<\/strong> Near mint<\/p>\n<h3>Track List<\/h3>\n<table class=\"tracklist\">\n<tr>\n<td>A1<\/td>\n<td>Come To My Aid<\/td>\n<\/tr>\n<tr>\n<td>A2<\/td>\n<td>Sad Old Red<\/td>\n<\/tr>\n<tr>\n<td>A3<\/td>\n<td>Look At You Now<\/td>\n<\/tr>\n<tr>\n<td>A4<\/td>\n<td>Heaven<\/td>\n<\/tr>\n<tr>\n<td>A5<\/td>\n<td>Jericho<\/td>\n<\/tr>\n<tr>\n<td>B1<\/td>\n<td>Money&#8217;s Too Tight (To Mention)<\/td>\n<\/tr>\n<tr>\n<td>B2<\/td>\n<td>Holding Back The Years<\/td>\n<\/tr>\n<tr>\n<td>B3<\/td>\n<td>Red Box<\/td>\n<\/tr>\n<tr>\n<td>B4<\/td>\n<td>No Direction<\/td>\n<\/tr>\n<tr>\n<td>B5<\/td>\n<td>Picture Book<\/td>\n<\/tr>\n<\/table>\n","protected":false},"excerpt":{"rendered":"<p>Info \u017d\u00e1ner: Pop Rok vydania: 1985 Vydavate\u013e: Elektra Stav Obal: Near mint Doska: Near mint Track List A1 Come To My Aid A2 Sad Old Red A3 Look At You Now A4 Heaven A5 Jericho B1 Money&#8217;s Too Tight (To Mention) B2 Holding Back The Years B3 Red Box B4 No Direction B5 Picture Book<\/p>\n","protected":false},"featured_media":600,"comment_status":"open","ping_status":"closed","template":"","meta":[],"product_brand":[],"product_cat":[20],"product_tag":[28,120],"class_list":{"0":"post-492","1":"product","2":"type-product","3":"status-publish","4":"has-post-thumbnail","6":"product_cat-platne-bazar","7":"product_tag-pop","8":"product_tag-simply-red","9":"product_shipping_class-platne","11":"first","12":"outofstock","13":"sold-individually","14":"shipping-taxable","15":"purchasable","16":"product-type-simple"},"yoast_head":"<!-- This site is optimized with the Yoast SEO plugin v26.9 - https:\/\/yoast.com\/product\/yoast-seo-wordpress\/ -->\n<title>Simply Red - Picture Book - RockArena - Fan web<\/title>\n<meta name=\"robots\" content=\"index, follow, max-snippet:-1, max-image-preview:large, max-video-preview:-1\" \/>\n<link rel=\"canonical\" href=\"https:\/\/www.rockarena.sk\/?product=simply-red-picture-book\" \/>\n<meta property=\"og:locale\" content=\"sk_SK\" \/>\n<meta property=\"og:type\" content=\"article\" \/>\n<meta property=\"og:title\" content=\"Simply Red - Picture Book - RockArena - Fan web\" \/>\n<meta property=\"og:description\" content=\"Info \u017d\u00e1ner: Pop Rok vydania: 1985 Vydavate\u013e: Elektra Stav Obal: Near mint Doska: Near mint Track List A1 Come To My Aid A2 Sad Old Red A3 Look At You Now A4 Heaven A5 Jericho B1 Money&#8217;s Too Tight (To Mention) B2 Holding Back The Years B3 Red Box B4 No Direction B5 Picture Book\" \/>\n<meta property=\"og:url\" content=\"https:\/\/www.rockarena.sk\/?product=simply-red-picture-book\" \/>\n<meta property=\"og:site_name\" content=\"RockArena - Fan web\" \/>\n<meta property=\"article:modified_time\" content=\"2025-12-27T14:05:23+00:00\" \/>\n<meta name=\"twitter:card\" content=\"summary_large_image\" \/>\n<script type=\"application\/ld+json\" class=\"yoast-schema-graph\">{\"@context\":\"https:\/\/schema.org\",\"@graph\":[{\"@type\":\"WebPage\",\"@id\":\"https:\/\/www.rockarena.sk\/?product=simply-red-picture-book\",\"url\":\"https:\/\/www.rockarena.sk\/?product=simply-red-picture-book\",\"name\":\"Simply Red - Picture Book - RockArena - Fan web\",\"isPartOf\":{\"@id\":\"https:\/\/www.rockarena.sk\/#website\"},\"primaryImageOfPage\":{\"@id\":\"https:\/\/www.rockarena.sk\/?product=simply-red-picture-book#primaryimage\"},\"image\":{\"@id\":\"https:\/\/www.rockarena.sk\/?product=simply-red-picture-book#primaryimage\"},\"thumbnailUrl\":\"https:\/\/www.rockarena.sk\/wp-content\/uploads\/2024\/05\/Simply-Red-Picture-Book.jpg\",\"datePublished\":\"2024-05-07T11:18:21+00:00\",\"dateModified\":\"2025-12-27T14:05:23+00:00\",\"breadcrumb\":{\"@id\":\"https:\/\/www.rockarena.sk\/?product=simply-red-picture-book#breadcrumb\"},\"inLanguage\":\"sk-SK\",\"potentialAction\":[{\"@type\":\"ReadAction\",\"target\":[\"https:\/\/www.rockarena.sk\/?product=simply-red-picture-book\"]}]},{\"@type\":\"ImageObject\",\"inLanguage\":\"sk-SK\",\"@id\":\"https:\/\/www.rockarena.sk\/?product=simply-red-picture-book#primaryimage\",\"url\":\"https:\/\/www.rockarena.sk\/wp-content\/uploads\/2024\/05\/Simply-Red-Picture-Book.jpg\",\"contentUrl\":\"https:\/\/www.rockarena.sk\/wp-content\/uploads\/2024\/05\/Simply-Red-Picture-Book.jpg\",\"width\":600,\"height\":597},{\"@type\":\"BreadcrumbList\",\"@id\":\"https:\/\/www.rockarena.sk\/?product=simply-red-picture-book#breadcrumb\",\"itemListElement\":[{\"@type\":\"ListItem\",\"position\":1,\"name\":\"Domovsk\u00e1 str\u00e1nka\",\"item\":\"https:\/\/www.rockarena.sk\/\"},{\"@type\":\"ListItem\",\"position\":2,\"name\":\"Obchod\",\"item\":\"https:\/\/www.rockarena.sk\/\"},{\"@type\":\"ListItem\",\"position\":3,\"name\":\"Simply Red &#8211; Picture Book\"}]},{\"@type\":\"WebSite\",\"@id\":\"https:\/\/www.rockarena.sk\/#website\",\"url\":\"https:\/\/www.rockarena.sk\/\",\"name\":\"RockArena - Fan web\",\"description\":\"Online baz\u00e1r LP platn\u00ed a hifi techniky\",\"publisher\":{\"@id\":\"https:\/\/www.rockarena.sk\/#organization\"},\"potentialAction\":[{\"@type\":\"SearchAction\",\"target\":{\"@type\":\"EntryPoint\",\"urlTemplate\":\"https:\/\/www.rockarena.sk\/?s={search_term_string}\"},\"query-input\":{\"@type\":\"PropertyValueSpecification\",\"valueRequired\":true,\"valueName\":\"search_term_string\"}}],\"inLanguage\":\"sk-SK\"},{\"@type\":\"Organization\",\"@id\":\"https:\/\/www.rockarena.sk\/#organization\",\"name\":\"RockArena - Fan web\",\"url\":\"https:\/\/www.rockarena.sk\/\",\"logo\":{\"@type\":\"ImageObject\",\"inLanguage\":\"sk-SK\",\"@id\":\"https:\/\/www.rockarena.sk\/#\/schema\/logo\/image\/\",\"url\":\"https:\/\/www.rockarena.sk\/wp-content\/uploads\/2024\/09\/cropped-rockarena-logo.png\",\"contentUrl\":\"https:\/\/www.rockarena.sk\/wp-content\/uploads\/2024\/09\/cropped-rockarena-logo.png\",\"width\":500,\"height\":500,\"caption\":\"RockArena - Fan web\"},\"image\":{\"@id\":\"https:\/\/www.rockarena.sk\/#\/schema\/logo\/image\/\"}}]}<\/script>\n<!-- \/ Yoast SEO plugin. -->","yoast_head_json":{"title":"Simply Red - Picture Book - RockArena - Fan web","robots":{"index":"index","follow":"follow","max-snippet":"max-snippet:-1","max-image-preview":"max-image-preview:large","max-video-preview":"max-video-preview:-1"},"canonical":"https:\/\/www.rockarena.sk\/?product=simply-red-picture-book","og_locale":"sk_SK","og_type":"article","og_title":"Simply Red - Picture Book - RockArena - Fan web","og_description":"Info \u017d\u00e1ner: Pop Rok vydania: 1985 Vydavate\u013e: Elektra Stav Obal: Near mint Doska: Near mint Track List A1 Come To My Aid A2 Sad Old Red A3 Look At You Now A4 Heaven A5 Jericho B1 Money&#8217;s Too Tight (To Mention) B2 Holding Back The Years B3 Red Box B4 No Direction B5 Picture Book","og_url":"https:\/\/www.rockarena.sk\/?product=simply-red-picture-book","og_site_name":"RockArena - Fan web","article_modified_time":"2025-12-27T14:05:23+00:00","twitter_card":"summary_large_image","schema":{"@context":"https:\/\/schema.org","@graph":[{"@type":"WebPage","@id":"https:\/\/www.rockarena.sk\/?product=simply-red-picture-book","url":"https:\/\/www.rockarena.sk\/?product=simply-red-picture-book","name":"Simply Red - Picture Book - RockArena - Fan web","isPartOf":{"@id":"https:\/\/www.rockarena.sk\/#website"},"primaryImageOfPage":{"@id":"https:\/\/www.rockarena.sk\/?product=simply-red-picture-book#primaryimage"},"image":{"@id":"https:\/\/www.rockarena.sk\/?product=simply-red-picture-book#primaryimage"},"thumbnailUrl":"https:\/\/www.rockarena.sk\/wp-content\/uploads\/2024\/05\/Simply-Red-Picture-Book.jpg","datePublished":"2024-05-07T11:18:21+00:00","dateModified":"2025-12-27T14:05:23+00:00","breadcrumb":{"@id":"https:\/\/www.rockarena.sk\/?product=simply-red-picture-book#breadcrumb"},"inLanguage":"sk-SK","potentialAction":[{"@type":"ReadAction","target":["https:\/\/www.rockarena.sk\/?product=simply-red-picture-book"]}]},{"@type":"ImageObject","inLanguage":"sk-SK","@id":"https:\/\/www.rockarena.sk\/?product=simply-red-picture-book#primaryimage","url":"https:\/\/www.rockarena.sk\/wp-content\/uploads\/2024\/05\/Simply-Red-Picture-Book.jpg","contentUrl":"https:\/\/www.rockarena.sk\/wp-content\/uploads\/2024\/05\/Simply-Red-Picture-Book.jpg","width":600,"height":597},{"@type":"BreadcrumbList","@id":"https:\/\/www.rockarena.sk\/?product=simply-red-picture-book#breadcrumb","itemListElement":[{"@type":"ListItem","position":1,"name":"Domovsk\u00e1 str\u00e1nka","item":"https:\/\/www.rockarena.sk\/"},{"@type":"ListItem","position":2,"name":"Obchod","item":"https:\/\/www.rockarena.sk\/"},{"@type":"ListItem","position":3,"name":"Simply Red &#8211; Picture Book"}]},{"@type":"WebSite","@id":"https:\/\/www.rockarena.sk\/#website","url":"https:\/\/www.rockarena.sk\/","name":"RockArena - Fan web","description":"Online baz\u00e1r LP platn\u00ed a hifi techniky","publisher":{"@id":"https:\/\/www.rockarena.sk\/#organization"},"potentialAction":[{"@type":"SearchAction","target":{"@type":"EntryPoint","urlTemplate":"https:\/\/www.rockarena.sk\/?s={search_term_string}"},"query-input":{"@type":"PropertyValueSpecification","valueRequired":true,"valueName":"search_term_string"}}],"inLanguage":"sk-SK"},{"@type":"Organization","@id":"https:\/\/www.rockarena.sk\/#organization","name":"RockArena - Fan web","url":"https:\/\/www.rockarena.sk\/","logo":{"@type":"ImageObject","inLanguage":"sk-SK","@id":"https:\/\/www.rockarena.sk\/#\/schema\/logo\/image\/","url":"https:\/\/www.rockarena.sk\/wp-content\/uploads\/2024\/09\/cropped-rockarena-logo.png","contentUrl":"https:\/\/www.rockarena.sk\/wp-content\/uploads\/2024\/09\/cropped-rockarena-logo.png","width":500,"height":500,"caption":"RockArena - Fan web"},"image":{"@id":"https:\/\/www.rockarena.sk\/#\/schema\/logo\/image\/"}}]}},"_links":{"self":[{"href":"https:\/\/www.rockarena.sk\/index.php?rest_route=\/wp\/v2\/product\/492","targetHints":{"allow":["GET"]}}],"collection":[{"href":"https:\/\/www.rockarena.sk\/index.php?rest_route=\/wp\/v2\/product"}],"about":[{"href":"https:\/\/www.rockarena.sk\/index.php?rest_route=\/wp\/v2\/types\/product"}],"replies":[{"embeddable":true,"href":"https:\/\/www.rockarena.sk\/index.php?rest_route=%2Fwp%2Fv2%2Fcomments&post=492"}],"wp:featuredmedia":[{"embeddable":true,"href":"https:\/\/www.rockarena.sk\/index.php?rest_route=\/wp\/v2\/media\/600"}],"wp:attachment":[{"href":"https:\/\/www.rockarena.sk\/index.php?rest_route=%2Fwp%2Fv2%2Fmedia&parent=492"}],"wp:term":[{"taxonomy":"product_brand","embeddable":true,"href":"https:\/\/www.rockarena.sk\/index.php?rest_route=%2Fwp%2Fv2%2Fproduct_brand&post=492"},{"taxonomy":"product_cat","embeddable":true,"href":"https:\/\/www.rockarena.sk\/index.php?rest_route=%2Fwp%2Fv2%2Fproduct_cat&post=492"},{"taxonomy":"product_tag","embeddable":true,"href":"https:\/\/www.rockarena.sk\/index.php?rest_route=%2Fwp%2Fv2%2Fproduct_tag&post=492"}],"curies":[{"name":"wp","href":"https:\/\/api.w.org\/{rel}","templated":true}]}}