{"id":515,"date":"2024-05-07T13:18:46","date_gmt":"2024-05-07T11:18:46","guid":{"rendered":"https:\/\/www.rockarena.sk\/?post_type=product&#038;p=515"},"modified":"2024-05-07T13:21:12","modified_gmt":"2024-05-07T11:21:12","slug":"sting-nothing-like-the-sun","status":"publish","type":"product","link":"https:\/\/www.rockarena.sk\/?product=sting-nothing-like-the-sun","title":{"rendered":"Sting \u2013 &#8230;Nothing Like The Sun"},"content":{"rendered":"<h3><strong>Info<\/strong><\/h3>\n<p><strong>\u017d\u00e1ner:<\/strong> Rock<\/p>\n<p><strong>Rok vydania:<\/strong> 1987<\/p>\n<p><strong>Vydavate\u013e:<\/strong> A&#038;M Records<\/p>\n<h3><strong>Stav<\/strong><\/h3>\n<p><strong>Obal:<\/strong> Very good plus<\/p>\n<p><strong>Doska:<\/strong> Very good plus<\/p>\n<h3>Track List<\/h3>\n<table class=\"tracklist\">\n<tr>\n<td>A1<\/td>\n<td>The Lazarus Heart<\/td>\n<\/tr>\n<tr>\n<td>A2<\/td>\n<td>Be Still My Beating Heart<\/td>\n<\/tr>\n<tr>\n<td>A3<\/td>\n<td>Englishman In New York<\/td>\n<\/tr>\n<tr>\n<td>B1<\/td>\n<td>History Will Teach Us Nothing<\/td>\n<\/tr>\n<tr>\n<td>B2<\/td>\n<td>They Dance Alone (Gueca Solo)<\/td>\n<\/tr>\n<tr>\n<td>B3<\/td>\n<td>Fragile<\/td>\n<\/tr>\n<td>C1<\/td>\n<td>We&#8217;ll Be Together<\/td>\n<\/tr>\n<tr>\n<td>C2<\/td>\n<td>Straight To My Heart<\/td>\n<\/tr>\n<tr>\n<td>C3<\/td>\n<td>Rock Steady<\/td>\n<\/tr>\n<tr>\n<td>D1<\/td>\n<td>Sister Moon<\/td>\n<\/tr>\n<tr>\n<td>D2<\/td>\n<td>Little Wing<\/td>\n<\/tr>\n<tr>\n<td>D3<\/td>\n<td>The Secret Marriage<\/td>\n<\/tr>\n<\/table>\n","protected":false},"excerpt":{"rendered":"<p>Info \u017d\u00e1ner: Rock Rok vydania: 1987 Vydavate\u013e: A&#038;M Records Stav Obal: Very good plus Doska: Very good plus Track List A1 The Lazarus Heart A2 Be Still My Beating Heart A3 Englishman In New York B1 History Will Teach Us Nothing B2 They Dance Alone (Gueca Solo) B3 Fragile C1 We&#8217;ll Be Together C2 Straight [&hellip;]<\/p>\n","protected":false},"featured_media":621,"comment_status":"open","ping_status":"closed","template":"","meta":[],"product_brand":[],"product_cat":[20],"product_tag":[32,122],"class_list":{"0":"post-515","1":"product","2":"type-product","3":"status-publish","4":"has-post-thumbnail","6":"product_cat-platne-bazar","7":"product_tag-rock","8":"product_tag-sting","9":"product_shipping_class-platne","11":"first","12":"instock","13":"sold-individually","14":"shipping-taxable","15":"purchasable","16":"product-type-simple"},"yoast_head":"<!-- This site is optimized with the Yoast SEO plugin v26.9 - https:\/\/yoast.com\/product\/yoast-seo-wordpress\/ -->\n<title>Sting \u2013 ...Nothing Like The Sun - RockArena - Fan web<\/title>\n<meta name=\"robots\" content=\"index, follow, max-snippet:-1, max-image-preview:large, max-video-preview:-1\" \/>\n<link rel=\"canonical\" href=\"https:\/\/www.rockarena.sk\/?product=sting-nothing-like-the-sun\" \/>\n<meta property=\"og:locale\" content=\"sk_SK\" \/>\n<meta property=\"og:type\" content=\"article\" \/>\n<meta property=\"og:title\" content=\"Sting \u2013 ...Nothing Like The Sun - RockArena - Fan web\" \/>\n<meta property=\"og:description\" content=\"Info \u017d\u00e1ner: Rock Rok vydania: 1987 Vydavate\u013e: A&#038;M Records Stav Obal: Very good plus Doska: Very good plus Track List A1 The Lazarus Heart A2 Be Still My Beating Heart A3 Englishman In New York B1 History Will Teach Us Nothing B2 They Dance Alone (Gueca Solo) B3 Fragile C1 We&#8217;ll Be Together C2 Straight [&hellip;]\" \/>\n<meta property=\"og:url\" content=\"https:\/\/www.rockarena.sk\/?product=sting-nothing-like-the-sun\" \/>\n<meta property=\"og:site_name\" content=\"RockArena - Fan web\" \/>\n<meta property=\"article:modified_time\" content=\"2024-05-07T11:21:12+00:00\" \/>\n<meta name=\"twitter:card\" content=\"summary_large_image\" \/>\n<script type=\"application\/ld+json\" class=\"yoast-schema-graph\">{\"@context\":\"https:\/\/schema.org\",\"@graph\":[{\"@type\":\"WebPage\",\"@id\":\"https:\/\/www.rockarena.sk\/?product=sting-nothing-like-the-sun\",\"url\":\"https:\/\/www.rockarena.sk\/?product=sting-nothing-like-the-sun\",\"name\":\"Sting \u2013 ...Nothing Like The Sun - RockArena - Fan web\",\"isPartOf\":{\"@id\":\"https:\/\/www.rockarena.sk\/#website\"},\"primaryImageOfPage\":{\"@id\":\"https:\/\/www.rockarena.sk\/?product=sting-nothing-like-the-sun#primaryimage\"},\"image\":{\"@id\":\"https:\/\/www.rockarena.sk\/?product=sting-nothing-like-the-sun#primaryimage\"},\"thumbnailUrl\":\"https:\/\/www.rockarena.sk\/wp-content\/uploads\/2024\/05\/Sting-\u2013-.Nothing-Like-The-Sun.jpg\",\"datePublished\":\"2024-05-07T11:18:46+00:00\",\"dateModified\":\"2024-05-07T11:21:12+00:00\",\"breadcrumb\":{\"@id\":\"https:\/\/www.rockarena.sk\/?product=sting-nothing-like-the-sun#breadcrumb\"},\"inLanguage\":\"sk-SK\",\"potentialAction\":[{\"@type\":\"ReadAction\",\"target\":[\"https:\/\/www.rockarena.sk\/?product=sting-nothing-like-the-sun\"]}]},{\"@type\":\"ImageObject\",\"inLanguage\":\"sk-SK\",\"@id\":\"https:\/\/www.rockarena.sk\/?product=sting-nothing-like-the-sun#primaryimage\",\"url\":\"https:\/\/www.rockarena.sk\/wp-content\/uploads\/2024\/05\/Sting-\u2013-.Nothing-Like-The-Sun.jpg\",\"contentUrl\":\"https:\/\/www.rockarena.sk\/wp-content\/uploads\/2024\/05\/Sting-\u2013-.Nothing-Like-The-Sun.jpg\",\"width\":600,\"height\":595},{\"@type\":\"BreadcrumbList\",\"@id\":\"https:\/\/www.rockarena.sk\/?product=sting-nothing-like-the-sun#breadcrumb\",\"itemListElement\":[{\"@type\":\"ListItem\",\"position\":1,\"name\":\"Domovsk\u00e1 str\u00e1nka\",\"item\":\"https:\/\/www.rockarena.sk\/\"},{\"@type\":\"ListItem\",\"position\":2,\"name\":\"Obchod\",\"item\":\"https:\/\/www.rockarena.sk\/\"},{\"@type\":\"ListItem\",\"position\":3,\"name\":\"Sting \u2013 &#8230;Nothing Like The Sun\"}]},{\"@type\":\"WebSite\",\"@id\":\"https:\/\/www.rockarena.sk\/#website\",\"url\":\"https:\/\/www.rockarena.sk\/\",\"name\":\"RockArena - Fan web\",\"description\":\"Online baz\u00e1r LP platn\u00ed a hifi techniky\",\"publisher\":{\"@id\":\"https:\/\/www.rockarena.sk\/#organization\"},\"potentialAction\":[{\"@type\":\"SearchAction\",\"target\":{\"@type\":\"EntryPoint\",\"urlTemplate\":\"https:\/\/www.rockarena.sk\/?s={search_term_string}\"},\"query-input\":{\"@type\":\"PropertyValueSpecification\",\"valueRequired\":true,\"valueName\":\"search_term_string\"}}],\"inLanguage\":\"sk-SK\"},{\"@type\":\"Organization\",\"@id\":\"https:\/\/www.rockarena.sk\/#organization\",\"name\":\"RockArena - Fan web\",\"url\":\"https:\/\/www.rockarena.sk\/\",\"logo\":{\"@type\":\"ImageObject\",\"inLanguage\":\"sk-SK\",\"@id\":\"https:\/\/www.rockarena.sk\/#\/schema\/logo\/image\/\",\"url\":\"https:\/\/www.rockarena.sk\/wp-content\/uploads\/2024\/09\/cropped-rockarena-logo.png\",\"contentUrl\":\"https:\/\/www.rockarena.sk\/wp-content\/uploads\/2024\/09\/cropped-rockarena-logo.png\",\"width\":500,\"height\":500,\"caption\":\"RockArena - Fan web\"},\"image\":{\"@id\":\"https:\/\/www.rockarena.sk\/#\/schema\/logo\/image\/\"}}]}<\/script>\n<!-- \/ Yoast SEO plugin. -->","yoast_head_json":{"title":"Sting \u2013 ...Nothing Like The Sun - RockArena - Fan web","robots":{"index":"index","follow":"follow","max-snippet":"max-snippet:-1","max-image-preview":"max-image-preview:large","max-video-preview":"max-video-preview:-1"},"canonical":"https:\/\/www.rockarena.sk\/?product=sting-nothing-like-the-sun","og_locale":"sk_SK","og_type":"article","og_title":"Sting \u2013 ...Nothing Like The Sun - RockArena - Fan web","og_description":"Info \u017d\u00e1ner: Rock Rok vydania: 1987 Vydavate\u013e: A&#038;M Records Stav Obal: Very good plus Doska: Very good plus Track List A1 The Lazarus Heart A2 Be Still My Beating Heart A3 Englishman In New York B1 History Will Teach Us Nothing B2 They Dance Alone (Gueca Solo) B3 Fragile C1 We&#8217;ll Be Together C2 Straight [&hellip;]","og_url":"https:\/\/www.rockarena.sk\/?product=sting-nothing-like-the-sun","og_site_name":"RockArena - Fan web","article_modified_time":"2024-05-07T11:21:12+00:00","twitter_card":"summary_large_image","schema":{"@context":"https:\/\/schema.org","@graph":[{"@type":"WebPage","@id":"https:\/\/www.rockarena.sk\/?product=sting-nothing-like-the-sun","url":"https:\/\/www.rockarena.sk\/?product=sting-nothing-like-the-sun","name":"Sting \u2013 ...Nothing Like The Sun - RockArena - Fan web","isPartOf":{"@id":"https:\/\/www.rockarena.sk\/#website"},"primaryImageOfPage":{"@id":"https:\/\/www.rockarena.sk\/?product=sting-nothing-like-the-sun#primaryimage"},"image":{"@id":"https:\/\/www.rockarena.sk\/?product=sting-nothing-like-the-sun#primaryimage"},"thumbnailUrl":"https:\/\/www.rockarena.sk\/wp-content\/uploads\/2024\/05\/Sting-\u2013-.Nothing-Like-The-Sun.jpg","datePublished":"2024-05-07T11:18:46+00:00","dateModified":"2024-05-07T11:21:12+00:00","breadcrumb":{"@id":"https:\/\/www.rockarena.sk\/?product=sting-nothing-like-the-sun#breadcrumb"},"inLanguage":"sk-SK","potentialAction":[{"@type":"ReadAction","target":["https:\/\/www.rockarena.sk\/?product=sting-nothing-like-the-sun"]}]},{"@type":"ImageObject","inLanguage":"sk-SK","@id":"https:\/\/www.rockarena.sk\/?product=sting-nothing-like-the-sun#primaryimage","url":"https:\/\/www.rockarena.sk\/wp-content\/uploads\/2024\/05\/Sting-\u2013-.Nothing-Like-The-Sun.jpg","contentUrl":"https:\/\/www.rockarena.sk\/wp-content\/uploads\/2024\/05\/Sting-\u2013-.Nothing-Like-The-Sun.jpg","width":600,"height":595},{"@type":"BreadcrumbList","@id":"https:\/\/www.rockarena.sk\/?product=sting-nothing-like-the-sun#breadcrumb","itemListElement":[{"@type":"ListItem","position":1,"name":"Domovsk\u00e1 str\u00e1nka","item":"https:\/\/www.rockarena.sk\/"},{"@type":"ListItem","position":2,"name":"Obchod","item":"https:\/\/www.rockarena.sk\/"},{"@type":"ListItem","position":3,"name":"Sting \u2013 &#8230;Nothing Like The Sun"}]},{"@type":"WebSite","@id":"https:\/\/www.rockarena.sk\/#website","url":"https:\/\/www.rockarena.sk\/","name":"RockArena - Fan web","description":"Online baz\u00e1r LP platn\u00ed a hifi techniky","publisher":{"@id":"https:\/\/www.rockarena.sk\/#organization"},"potentialAction":[{"@type":"SearchAction","target":{"@type":"EntryPoint","urlTemplate":"https:\/\/www.rockarena.sk\/?s={search_term_string}"},"query-input":{"@type":"PropertyValueSpecification","valueRequired":true,"valueName":"search_term_string"}}],"inLanguage":"sk-SK"},{"@type":"Organization","@id":"https:\/\/www.rockarena.sk\/#organization","name":"RockArena - Fan web","url":"https:\/\/www.rockarena.sk\/","logo":{"@type":"ImageObject","inLanguage":"sk-SK","@id":"https:\/\/www.rockarena.sk\/#\/schema\/logo\/image\/","url":"https:\/\/www.rockarena.sk\/wp-content\/uploads\/2024\/09\/cropped-rockarena-logo.png","contentUrl":"https:\/\/www.rockarena.sk\/wp-content\/uploads\/2024\/09\/cropped-rockarena-logo.png","width":500,"height":500,"caption":"RockArena - Fan web"},"image":{"@id":"https:\/\/www.rockarena.sk\/#\/schema\/logo\/image\/"}}]}},"_links":{"self":[{"href":"https:\/\/www.rockarena.sk\/index.php?rest_route=\/wp\/v2\/product\/515","targetHints":{"allow":["GET"]}}],"collection":[{"href":"https:\/\/www.rockarena.sk\/index.php?rest_route=\/wp\/v2\/product"}],"about":[{"href":"https:\/\/www.rockarena.sk\/index.php?rest_route=\/wp\/v2\/types\/product"}],"replies":[{"embeddable":true,"href":"https:\/\/www.rockarena.sk\/index.php?rest_route=%2Fwp%2Fv2%2Fcomments&post=515"}],"wp:featuredmedia":[{"embeddable":true,"href":"https:\/\/www.rockarena.sk\/index.php?rest_route=\/wp\/v2\/media\/621"}],"wp:attachment":[{"href":"https:\/\/www.rockarena.sk\/index.php?rest_route=%2Fwp%2Fv2%2Fmedia&parent=515"}],"wp:term":[{"taxonomy":"product_brand","embeddable":true,"href":"https:\/\/www.rockarena.sk\/index.php?rest_route=%2Fwp%2Fv2%2Fproduct_brand&post=515"},{"taxonomy":"product_cat","embeddable":true,"href":"https:\/\/www.rockarena.sk\/index.php?rest_route=%2Fwp%2Fv2%2Fproduct_cat&post=515"},{"taxonomy":"product_tag","embeddable":true,"href":"https:\/\/www.rockarena.sk\/index.php?rest_route=%2Fwp%2Fv2%2Fproduct_tag&post=515"}],"curies":[{"name":"wp","href":"https:\/\/api.w.org\/{rel}","templated":true}]}}