{"id":53,"date":"2024-05-07T13:11:07","date_gmt":"2024-05-07T11:11:07","guid":{"rendered":"https:\/\/www.rockarena.sk\/?post_type=product&#038;p=53"},"modified":"2024-05-07T13:12:08","modified_gmt":"2024-05-07T11:12:08","slug":"zvlastni-znameni-touha-pisne-bratri-ryvolu","status":"publish","type":"product","link":"https:\/\/www.rockarena.sk\/?product=zvlastni-znameni-touha-pisne-bratri-ryvolu","title":{"rendered":"Zvl\u00e1\u0161tn\u00ed Znamen\u00ed Touha &#8211; P\u00edsn\u011b Brat\u0159\u00ed Ryvol\u016f"},"content":{"rendered":"<h3><strong>Info<\/strong><\/h3>\n<p><strong>\u017d\u00e1ner:<\/strong> <a href=\"https:\/\/www.mediamarkett.sk\/product-tag\/country\/\">Country<\/a><\/p>\n<p><strong>Rok vydania:<\/strong> 1981<\/p>\n<p><strong>Vydavate\u013e:<\/strong> Supraphon<\/p>\n<h3><strong>Stav<\/strong><\/h3>\n<p><strong>Obal:<\/strong> Near mint<\/p>\n<p><strong>Doska:<\/strong> Mear mint<\/p>\n<h3>Track List<\/h3>\n<table class=\"tracklist_3QGRS\">\n<tbody>\n<tr data-track-position=\"A1\">\n<td class=\"trackPos_2RCje\">A1<\/td>\n<td class=\"artist_3zAQD\"><\/td>\n<td class=\"trackTitle_CTKp4\"><span class=\"trackTitle_CTKp4\">Tunel Jm\u00e9nem \u010cas<\/span><\/td>\n<\/tr>\n<tr data-track-position=\"A2\">\n<td class=\"trackPos_2RCje\">A2<\/td>\n<td class=\"artist_3zAQD\"><\/td>\n<td class=\"trackTitle_CTKp4\"><span class=\"trackTitle_CTKp4\">Hobo<\/span><\/td>\n<\/tr>\n<tr data-track-position=\"A3\">\n<td class=\"trackPos_2RCje\">A3<\/td>\n<td class=\"artist_3zAQD\"><\/td>\n<td class=\"trackTitle_CTKp4\"><span class=\"trackTitle_CTKp4\">Jarn\u00ed Kur\u00fdr<\/span><\/td>\n<\/tr>\n<tr data-track-position=\"A4\">\n<td class=\"trackPos_2RCje\">A4<\/td>\n<td class=\"artist_3zAQD\"><\/td>\n<td class=\"trackTitle_CTKp4\"><span class=\"trackTitle_CTKp4\">To Zatracen\u00fd Vedro<\/span><\/td>\n<\/tr>\n<tr data-track-position=\"A5\">\n<td class=\"trackPos_2RCje\">A5<\/td>\n<td class=\"artist_3zAQD\"><\/td>\n<td class=\"trackTitle_CTKp4\"><span class=\"trackTitle_CTKp4\">Cesta Na Island<\/span><\/td>\n<\/tr>\n<tr data-track-position=\"A6\">\n<td class=\"trackPos_2RCje\">A6<\/td>\n<td class=\"artist_3zAQD\"><\/td>\n<td class=\"trackTitle_CTKp4\"><span class=\"trackTitle_CTKp4\">D\u016fm Smutn\u00fd V\u00edly<\/span><\/td>\n<\/tr>\n<tr data-track-position=\"A7\">\n<td class=\"trackPos_2RCje\">A7<\/td>\n<td class=\"artist_3zAQD\"><\/td>\n<td class=\"trackTitle_CTKp4\"><span class=\"trackTitle_CTKp4\">Soch\u00e1m Bre\u010d\u00ed D\u00e9\u0161\u0165 Na Obo\u010d\u00ed<\/span><\/td>\n<\/tr>\n<tr data-track-position=\"A8\">\n<td class=\"trackPos_2RCje\">A8<\/td>\n<td class=\"artist_3zAQD\"><\/td>\n<td class=\"trackTitle_CTKp4\"><span class=\"trackTitle_CTKp4\">Odj\u00ed\u017ed\u00edm<\/span><\/td>\n<\/tr>\n<tr data-track-position=\"B1\">\n<td class=\"trackPos_2RCje\">B1<\/td>\n<td class=\"artist_3zAQD\"><\/td>\n<td class=\"trackTitle_CTKp4\"><span class=\"trackTitle_CTKp4\">Song Abonenta Jihoz\u00e1padn\u00ed Dr\u00e1hy<\/span><\/td>\n<\/tr>\n<tr data-track-position=\"B2\">\n<td class=\"trackPos_2RCje\">B2<\/td>\n<td class=\"artist_3zAQD\"><\/td>\n<td class=\"trackTitle_CTKp4\"><span class=\"trackTitle_CTKp4\">Rezav\u00fd \u0160porny<\/span><\/td>\n<\/tr>\n<tr data-track-position=\"B3\">\n<td class=\"trackPos_2RCje\">B3<\/td>\n<td class=\"artist_3zAQD\"><\/td>\n<td class=\"trackTitle_CTKp4\"><span class=\"trackTitle_CTKp4\">Noc Kr\u00e1lovny Kristiny<\/span><\/td>\n<\/tr>\n<tr data-track-position=\"B4\">\n<td class=\"trackPos_2RCje\">B4<\/td>\n<td class=\"artist_3zAQD\"><\/td>\n<td class=\"trackTitle_CTKp4\"><span class=\"trackTitle_CTKp4\">Klek\u00e1n\u00ed<\/span><\/td>\n<\/tr>\n<tr data-track-position=\"B5\">\n<td class=\"trackPos_2RCje\">B5<\/td>\n<td class=\"artist_3zAQD\"><\/td>\n<td class=\"trackTitle_CTKp4\"><span class=\"trackTitle_CTKp4\">Tereza<\/span><\/td>\n<\/tr>\n<tr data-track-position=\"B6\">\n<td class=\"trackPos_2RCje\">B6<\/td>\n<td class=\"artist_3zAQD\"><\/td>\n<td class=\"trackTitle_CTKp4\"><span class=\"trackTitle_CTKp4\">To Bude Asi T\u00edm<\/span><\/td>\n<\/tr>\n<tr data-track-position=\"B7\">\n<td class=\"trackPos_2RCje\">B7<\/td>\n<td class=\"artist_3zAQD\"><\/td>\n<td class=\"trackTitle_CTKp4\"><span class=\"trackTitle_CTKp4\">Poledn\u00ed Jumbo Jet<\/span><\/td>\n<\/tr>\n<tr data-track-position=\"B8\">\n<td class=\"trackPos_2RCje\">B8<\/td>\n<td class=\"artist_3zAQD\"><\/td>\n<td class=\"trackTitle_CTKp4\"><span class=\"trackTitle_CTKp4\">Zvl\u00e1\u0161tn\u00ed Znamen\u00ed Touha<\/span><\/td>\n<\/tr>\n<\/tbody>\n<\/table>\n","protected":false},"excerpt":{"rendered":"<p>Info \u017d\u00e1ner: Country Rok vydania: 1981 Vydavate\u013e: Supraphon Stav Obal: Near mint Doska: Mear mint Track List A1 Tunel Jm\u00e9nem \u010cas A2 Hobo A3 Jarn\u00ed Kur\u00fdr A4 To Zatracen\u00fd Vedro A5 Cesta Na Island A6 D\u016fm Smutn\u00fd V\u00edly A7 Soch\u00e1m Bre\u010d\u00ed D\u00e9\u0161\u0165 Na Obo\u010d\u00ed A8 Odj\u00ed\u017ed\u00edm B1 Song Abonenta Jihoz\u00e1padn\u00ed Dr\u00e1hy B2 Rezav\u00fd \u0160porny B3 [&hellip;]<\/p>\n","protected":false},"featured_media":123,"comment_status":"open","ping_status":"closed","template":"","meta":[],"product_brand":[],"product_cat":[20],"product_tag":[21,33],"class_list":{"0":"post-53","1":"product","2":"type-product","3":"status-publish","4":"has-post-thumbnail","6":"product_cat-platne-bazar","7":"product_tag-country","8":"product_tag-hoboes","9":"product_shipping_class-platne","11":"first","12":"instock","13":"sale","14":"sold-individually","15":"shipping-taxable","16":"purchasable","17":"product-type-simple"},"yoast_head":"<!-- This site is optimized with the Yoast SEO plugin v26.9 - https:\/\/yoast.com\/product\/yoast-seo-wordpress\/ -->\n<title>Zvl\u00e1\u0161tn\u00ed Znamen\u00ed Touha - P\u00edsn\u011b Brat\u0159\u00ed Ryvol\u016f - RockArena - Fan web<\/title>\n<meta name=\"robots\" content=\"index, follow, max-snippet:-1, max-image-preview:large, max-video-preview:-1\" \/>\n<link rel=\"canonical\" href=\"https:\/\/www.rockarena.sk\/?product=zvlastni-znameni-touha-pisne-bratri-ryvolu\" \/>\n<meta property=\"og:locale\" content=\"sk_SK\" \/>\n<meta property=\"og:type\" content=\"article\" \/>\n<meta property=\"og:title\" content=\"Zvl\u00e1\u0161tn\u00ed Znamen\u00ed Touha - P\u00edsn\u011b Brat\u0159\u00ed Ryvol\u016f - RockArena - Fan web\" \/>\n<meta property=\"og:description\" content=\"Info \u017d\u00e1ner: Country Rok vydania: 1981 Vydavate\u013e: Supraphon Stav Obal: Near mint Doska: Mear mint Track List A1 Tunel Jm\u00e9nem \u010cas A2 Hobo A3 Jarn\u00ed Kur\u00fdr A4 To Zatracen\u00fd Vedro A5 Cesta Na Island A6 D\u016fm Smutn\u00fd V\u00edly A7 Soch\u00e1m Bre\u010d\u00ed D\u00e9\u0161\u0165 Na Obo\u010d\u00ed A8 Odj\u00ed\u017ed\u00edm B1 Song Abonenta Jihoz\u00e1padn\u00ed Dr\u00e1hy B2 Rezav\u00fd \u0160porny B3 [&hellip;]\" \/>\n<meta property=\"og:url\" content=\"https:\/\/www.rockarena.sk\/?product=zvlastni-znameni-touha-pisne-bratri-ryvolu\" \/>\n<meta property=\"og:site_name\" content=\"RockArena - Fan web\" \/>\n<meta property=\"article:modified_time\" content=\"2024-05-07T11:12:08+00:00\" \/>\n<meta name=\"twitter:card\" content=\"summary_large_image\" \/>\n<script type=\"application\/ld+json\" class=\"yoast-schema-graph\">{\"@context\":\"https:\/\/schema.org\",\"@graph\":[{\"@type\":\"WebPage\",\"@id\":\"https:\/\/www.rockarena.sk\/?product=zvlastni-znameni-touha-pisne-bratri-ryvolu\",\"url\":\"https:\/\/www.rockarena.sk\/?product=zvlastni-znameni-touha-pisne-bratri-ryvolu\",\"name\":\"Zvl\u00e1\u0161tn\u00ed Znamen\u00ed Touha - P\u00edsn\u011b Brat\u0159\u00ed Ryvol\u016f - RockArena - Fan web\",\"isPartOf\":{\"@id\":\"https:\/\/www.rockarena.sk\/#website\"},\"primaryImageOfPage\":{\"@id\":\"https:\/\/www.rockarena.sk\/?product=zvlastni-znameni-touha-pisne-bratri-ryvolu#primaryimage\"},\"image\":{\"@id\":\"https:\/\/www.rockarena.sk\/?product=zvlastni-znameni-touha-pisne-bratri-ryvolu#primaryimage\"},\"thumbnailUrl\":\"https:\/\/www.rockarena.sk\/wp-content\/uploads\/2024\/05\/Zvlastni-Znameni-Touha-Pisne-Bratri-Ryvolu-obal-pred.jpeg\",\"datePublished\":\"2024-05-07T11:11:07+00:00\",\"dateModified\":\"2024-05-07T11:12:08+00:00\",\"breadcrumb\":{\"@id\":\"https:\/\/www.rockarena.sk\/?product=zvlastni-znameni-touha-pisne-bratri-ryvolu#breadcrumb\"},\"inLanguage\":\"sk-SK\",\"potentialAction\":[{\"@type\":\"ReadAction\",\"target\":[\"https:\/\/www.rockarena.sk\/?product=zvlastni-znameni-touha-pisne-bratri-ryvolu\"]}]},{\"@type\":\"ImageObject\",\"inLanguage\":\"sk-SK\",\"@id\":\"https:\/\/www.rockarena.sk\/?product=zvlastni-znameni-touha-pisne-bratri-ryvolu#primaryimage\",\"url\":\"https:\/\/www.rockarena.sk\/wp-content\/uploads\/2024\/05\/Zvlastni-Znameni-Touha-Pisne-Bratri-Ryvolu-obal-pred.jpeg\",\"contentUrl\":\"https:\/\/www.rockarena.sk\/wp-content\/uploads\/2024\/05\/Zvlastni-Znameni-Touha-Pisne-Bratri-Ryvolu-obal-pred.jpeg\",\"width\":710,\"height\":724},{\"@type\":\"BreadcrumbList\",\"@id\":\"https:\/\/www.rockarena.sk\/?product=zvlastni-znameni-touha-pisne-bratri-ryvolu#breadcrumb\",\"itemListElement\":[{\"@type\":\"ListItem\",\"position\":1,\"name\":\"Domovsk\u00e1 str\u00e1nka\",\"item\":\"https:\/\/www.rockarena.sk\/\"},{\"@type\":\"ListItem\",\"position\":2,\"name\":\"Obchod\",\"item\":\"https:\/\/www.rockarena.sk\/\"},{\"@type\":\"ListItem\",\"position\":3,\"name\":\"Zvl\u00e1\u0161tn\u00ed Znamen\u00ed Touha &#8211; P\u00edsn\u011b Brat\u0159\u00ed Ryvol\u016f\"}]},{\"@type\":\"WebSite\",\"@id\":\"https:\/\/www.rockarena.sk\/#website\",\"url\":\"https:\/\/www.rockarena.sk\/\",\"name\":\"RockArena - Fan web\",\"description\":\"Online baz\u00e1r LP platn\u00ed a hifi techniky\",\"publisher\":{\"@id\":\"https:\/\/www.rockarena.sk\/#organization\"},\"potentialAction\":[{\"@type\":\"SearchAction\",\"target\":{\"@type\":\"EntryPoint\",\"urlTemplate\":\"https:\/\/www.rockarena.sk\/?s={search_term_string}\"},\"query-input\":{\"@type\":\"PropertyValueSpecification\",\"valueRequired\":true,\"valueName\":\"search_term_string\"}}],\"inLanguage\":\"sk-SK\"},{\"@type\":\"Organization\",\"@id\":\"https:\/\/www.rockarena.sk\/#organization\",\"name\":\"RockArena - Fan web\",\"url\":\"https:\/\/www.rockarena.sk\/\",\"logo\":{\"@type\":\"ImageObject\",\"inLanguage\":\"sk-SK\",\"@id\":\"https:\/\/www.rockarena.sk\/#\/schema\/logo\/image\/\",\"url\":\"https:\/\/www.rockarena.sk\/wp-content\/uploads\/2024\/09\/cropped-rockarena-logo.png\",\"contentUrl\":\"https:\/\/www.rockarena.sk\/wp-content\/uploads\/2024\/09\/cropped-rockarena-logo.png\",\"width\":500,\"height\":500,\"caption\":\"RockArena - Fan web\"},\"image\":{\"@id\":\"https:\/\/www.rockarena.sk\/#\/schema\/logo\/image\/\"}}]}<\/script>\n<!-- \/ Yoast SEO plugin. -->","yoast_head_json":{"title":"Zvl\u00e1\u0161tn\u00ed Znamen\u00ed Touha - P\u00edsn\u011b Brat\u0159\u00ed Ryvol\u016f - RockArena - Fan web","robots":{"index":"index","follow":"follow","max-snippet":"max-snippet:-1","max-image-preview":"max-image-preview:large","max-video-preview":"max-video-preview:-1"},"canonical":"https:\/\/www.rockarena.sk\/?product=zvlastni-znameni-touha-pisne-bratri-ryvolu","og_locale":"sk_SK","og_type":"article","og_title":"Zvl\u00e1\u0161tn\u00ed Znamen\u00ed Touha - P\u00edsn\u011b Brat\u0159\u00ed Ryvol\u016f - RockArena - Fan web","og_description":"Info \u017d\u00e1ner: Country Rok vydania: 1981 Vydavate\u013e: Supraphon Stav Obal: Near mint Doska: Mear mint Track List A1 Tunel Jm\u00e9nem \u010cas A2 Hobo A3 Jarn\u00ed Kur\u00fdr A4 To Zatracen\u00fd Vedro A5 Cesta Na Island A6 D\u016fm Smutn\u00fd V\u00edly A7 Soch\u00e1m Bre\u010d\u00ed D\u00e9\u0161\u0165 Na Obo\u010d\u00ed A8 Odj\u00ed\u017ed\u00edm B1 Song Abonenta Jihoz\u00e1padn\u00ed Dr\u00e1hy B2 Rezav\u00fd \u0160porny B3 [&hellip;]","og_url":"https:\/\/www.rockarena.sk\/?product=zvlastni-znameni-touha-pisne-bratri-ryvolu","og_site_name":"RockArena - Fan web","article_modified_time":"2024-05-07T11:12:08+00:00","twitter_card":"summary_large_image","schema":{"@context":"https:\/\/schema.org","@graph":[{"@type":"WebPage","@id":"https:\/\/www.rockarena.sk\/?product=zvlastni-znameni-touha-pisne-bratri-ryvolu","url":"https:\/\/www.rockarena.sk\/?product=zvlastni-znameni-touha-pisne-bratri-ryvolu","name":"Zvl\u00e1\u0161tn\u00ed Znamen\u00ed Touha - P\u00edsn\u011b Brat\u0159\u00ed Ryvol\u016f - RockArena - Fan web","isPartOf":{"@id":"https:\/\/www.rockarena.sk\/#website"},"primaryImageOfPage":{"@id":"https:\/\/www.rockarena.sk\/?product=zvlastni-znameni-touha-pisne-bratri-ryvolu#primaryimage"},"image":{"@id":"https:\/\/www.rockarena.sk\/?product=zvlastni-znameni-touha-pisne-bratri-ryvolu#primaryimage"},"thumbnailUrl":"https:\/\/www.rockarena.sk\/wp-content\/uploads\/2024\/05\/Zvlastni-Znameni-Touha-Pisne-Bratri-Ryvolu-obal-pred.jpeg","datePublished":"2024-05-07T11:11:07+00:00","dateModified":"2024-05-07T11:12:08+00:00","breadcrumb":{"@id":"https:\/\/www.rockarena.sk\/?product=zvlastni-znameni-touha-pisne-bratri-ryvolu#breadcrumb"},"inLanguage":"sk-SK","potentialAction":[{"@type":"ReadAction","target":["https:\/\/www.rockarena.sk\/?product=zvlastni-znameni-touha-pisne-bratri-ryvolu"]}]},{"@type":"ImageObject","inLanguage":"sk-SK","@id":"https:\/\/www.rockarena.sk\/?product=zvlastni-znameni-touha-pisne-bratri-ryvolu#primaryimage","url":"https:\/\/www.rockarena.sk\/wp-content\/uploads\/2024\/05\/Zvlastni-Znameni-Touha-Pisne-Bratri-Ryvolu-obal-pred.jpeg","contentUrl":"https:\/\/www.rockarena.sk\/wp-content\/uploads\/2024\/05\/Zvlastni-Znameni-Touha-Pisne-Bratri-Ryvolu-obal-pred.jpeg","width":710,"height":724},{"@type":"BreadcrumbList","@id":"https:\/\/www.rockarena.sk\/?product=zvlastni-znameni-touha-pisne-bratri-ryvolu#breadcrumb","itemListElement":[{"@type":"ListItem","position":1,"name":"Domovsk\u00e1 str\u00e1nka","item":"https:\/\/www.rockarena.sk\/"},{"@type":"ListItem","position":2,"name":"Obchod","item":"https:\/\/www.rockarena.sk\/"},{"@type":"ListItem","position":3,"name":"Zvl\u00e1\u0161tn\u00ed Znamen\u00ed Touha &#8211; P\u00edsn\u011b Brat\u0159\u00ed Ryvol\u016f"}]},{"@type":"WebSite","@id":"https:\/\/www.rockarena.sk\/#website","url":"https:\/\/www.rockarena.sk\/","name":"RockArena - Fan web","description":"Online baz\u00e1r LP platn\u00ed a hifi techniky","publisher":{"@id":"https:\/\/www.rockarena.sk\/#organization"},"potentialAction":[{"@type":"SearchAction","target":{"@type":"EntryPoint","urlTemplate":"https:\/\/www.rockarena.sk\/?s={search_term_string}"},"query-input":{"@type":"PropertyValueSpecification","valueRequired":true,"valueName":"search_term_string"}}],"inLanguage":"sk-SK"},{"@type":"Organization","@id":"https:\/\/www.rockarena.sk\/#organization","name":"RockArena - Fan web","url":"https:\/\/www.rockarena.sk\/","logo":{"@type":"ImageObject","inLanguage":"sk-SK","@id":"https:\/\/www.rockarena.sk\/#\/schema\/logo\/image\/","url":"https:\/\/www.rockarena.sk\/wp-content\/uploads\/2024\/09\/cropped-rockarena-logo.png","contentUrl":"https:\/\/www.rockarena.sk\/wp-content\/uploads\/2024\/09\/cropped-rockarena-logo.png","width":500,"height":500,"caption":"RockArena - Fan web"},"image":{"@id":"https:\/\/www.rockarena.sk\/#\/schema\/logo\/image\/"}}]}},"_links":{"self":[{"href":"https:\/\/www.rockarena.sk\/index.php?rest_route=\/wp\/v2\/product\/53","targetHints":{"allow":["GET"]}}],"collection":[{"href":"https:\/\/www.rockarena.sk\/index.php?rest_route=\/wp\/v2\/product"}],"about":[{"href":"https:\/\/www.rockarena.sk\/index.php?rest_route=\/wp\/v2\/types\/product"}],"replies":[{"embeddable":true,"href":"https:\/\/www.rockarena.sk\/index.php?rest_route=%2Fwp%2Fv2%2Fcomments&post=53"}],"wp:featuredmedia":[{"embeddable":true,"href":"https:\/\/www.rockarena.sk\/index.php?rest_route=\/wp\/v2\/media\/123"}],"wp:attachment":[{"href":"https:\/\/www.rockarena.sk\/index.php?rest_route=%2Fwp%2Fv2%2Fmedia&parent=53"}],"wp:term":[{"taxonomy":"product_brand","embeddable":true,"href":"https:\/\/www.rockarena.sk\/index.php?rest_route=%2Fwp%2Fv2%2Fproduct_brand&post=53"},{"taxonomy":"product_cat","embeddable":true,"href":"https:\/\/www.rockarena.sk\/index.php?rest_route=%2Fwp%2Fv2%2Fproduct_cat&post=53"},{"taxonomy":"product_tag","embeddable":true,"href":"https:\/\/www.rockarena.sk\/index.php?rest_route=%2Fwp%2Fv2%2Fproduct_tag&post=53"}],"curies":[{"name":"wp","href":"https:\/\/api.w.org\/{rel}","templated":true}]}}