{"id":55,"date":"2024-05-07T13:11:08","date_gmt":"2024-05-07T11:11:08","guid":{"rendered":"https:\/\/www.rockarena.sk\/?post_type=product&#038;p=55"},"modified":"2024-05-07T13:12:18","modified_gmt":"2024-05-07T11:12:18","slug":"locomotiv-gt-bummm-locomotiv-gt-iii","status":"publish","type":"product","link":"https:\/\/www.rockarena.sk\/?product=locomotiv-gt-bummm-locomotiv-gt-iii","title":{"rendered":"Locomotiv GT \u2013 Bummm! (Locomotiv GT III.)"},"content":{"rendered":"<h3><strong>Info<\/strong><\/h3>\n<p><strong>\u017d\u00e1ner:<\/strong> <a href=\"https:\/\/www.mediamarkett.sk\/product-tag\/rock\/\">Rock<\/a><\/p>\n<p><strong>Rok vydania:<\/strong> 1973<\/p>\n<p><strong>Vydavate\u013e:<\/strong> Pepita<\/p>\n<h3><strong>Stav<\/strong><\/h3>\n<p><strong>Obal:<\/strong> Excellent<\/p>\n<p><strong>Doska:<\/strong> Near mint<\/p>\n<h3>Track List<\/h3>\n<table class=\"tracklist\">\n<tbody>\n<tr>\n<td>A1<\/td>\n<td>Ringasd El Magad<\/td>\n<\/tr>\n<tr>\n<td>A2<\/td>\n<td>K\u00e9k Asszony<\/td>\n<\/tr>\n<tr>\n<td>A3<\/td>\n<td>Gyere, Gyere Ki A Hegyoldalba<\/td>\n<\/tr>\n<tr>\n<td>A4<\/td>\n<td>Visszamegyek A Falumba<\/td>\n<\/tr>\n<tr>\n<td>A5<\/td>\n<td>B\u00e1rzene<\/td>\n<\/tr>\n<tr>\n<td>B1<\/td>\n<td>\u0150 M\u00e9g Csak Most 14.<\/td>\n<\/tr>\n<tr>\n<td>B2<\/td>\n<td>Szabad\u00edts Meg<\/td>\n<\/tr>\n<tr>\n<td>B3<\/td>\n<td>Vallom\u00e1s<\/td>\n<\/tr>\n<tr>\n<td>B4<\/td>\n<td>Mondd Mire Van<\/td>\n<\/tr>\n<tr>\n<td>B5<\/td>\n<td>Mi\u00e9nk Itt A T\u00e9r<\/td>\n<\/tr>\n<\/tbody>\n<\/table>\n","protected":false},"excerpt":{"rendered":"<p>Info \u017d\u00e1ner: Rock Rok vydania: 1973 Vydavate\u013e: Pepita Stav Obal: Excellent Doska: Near mint Track List A1 Ringasd El Magad A2 K\u00e9k Asszony A3 Gyere, Gyere Ki A Hegyoldalba A4 Visszamegyek A Falumba A5 B\u00e1rzene B1 \u0150 M\u00e9g Csak Most 14. B2 Szabad\u00edts Meg B3 Vallom\u00e1s B4 Mondd Mire Van B5 Mi\u00e9nk Itt A T\u00e9r<\/p>\n","protected":false},"featured_media":131,"comment_status":"open","ping_status":"closed","template":"","meta":[],"product_brand":[],"product_cat":[20],"product_tag":[36,32],"class_list":{"0":"post-55","1":"product","2":"type-product","3":"status-publish","4":"has-post-thumbnail","6":"product_cat-platne-bazar","7":"product_tag-locomotiv-gt","8":"product_tag-rock","9":"product_shipping_class-platne","11":"first","12":"instock","13":"sale","14":"sold-individually","15":"shipping-taxable","16":"purchasable","17":"product-type-simple"},"yoast_head":"<!-- This site is optimized with the Yoast SEO plugin v26.9 - https:\/\/yoast.com\/product\/yoast-seo-wordpress\/ -->\n<title>Locomotiv GT \u2013 Bummm! (Locomotiv GT III.) - RockArena - Fan web<\/title>\n<meta name=\"robots\" content=\"index, follow, max-snippet:-1, max-image-preview:large, max-video-preview:-1\" \/>\n<link rel=\"canonical\" href=\"https:\/\/www.rockarena.sk\/?product=locomotiv-gt-bummm-locomotiv-gt-iii\" \/>\n<meta property=\"og:locale\" content=\"sk_SK\" \/>\n<meta property=\"og:type\" content=\"article\" \/>\n<meta property=\"og:title\" content=\"Locomotiv GT \u2013 Bummm! (Locomotiv GT III.) - RockArena - Fan web\" \/>\n<meta property=\"og:description\" content=\"Info \u017d\u00e1ner: Rock Rok vydania: 1973 Vydavate\u013e: Pepita Stav Obal: Excellent Doska: Near mint Track List A1 Ringasd El Magad A2 K\u00e9k Asszony A3 Gyere, Gyere Ki A Hegyoldalba A4 Visszamegyek A Falumba A5 B\u00e1rzene B1 \u0150 M\u00e9g Csak Most 14. B2 Szabad\u00edts Meg B3 Vallom\u00e1s B4 Mondd Mire Van B5 Mi\u00e9nk Itt A T\u00e9r\" \/>\n<meta property=\"og:url\" content=\"https:\/\/www.rockarena.sk\/?product=locomotiv-gt-bummm-locomotiv-gt-iii\" \/>\n<meta property=\"og:site_name\" content=\"RockArena - Fan web\" \/>\n<meta property=\"article:modified_time\" content=\"2024-05-07T11:12:18+00:00\" \/>\n<meta name=\"twitter:card\" content=\"summary_large_image\" \/>\n<script type=\"application\/ld+json\" class=\"yoast-schema-graph\">{\"@context\":\"https:\/\/schema.org\",\"@graph\":[{\"@type\":\"WebPage\",\"@id\":\"https:\/\/www.rockarena.sk\/?product=locomotiv-gt-bummm-locomotiv-gt-iii\",\"url\":\"https:\/\/www.rockarena.sk\/?product=locomotiv-gt-bummm-locomotiv-gt-iii\",\"name\":\"Locomotiv GT \u2013 Bummm! (Locomotiv GT III.) - RockArena - Fan web\",\"isPartOf\":{\"@id\":\"https:\/\/www.rockarena.sk\/#website\"},\"primaryImageOfPage\":{\"@id\":\"https:\/\/www.rockarena.sk\/?product=locomotiv-gt-bummm-locomotiv-gt-iii#primaryimage\"},\"image\":{\"@id\":\"https:\/\/www.rockarena.sk\/?product=locomotiv-gt-bummm-locomotiv-gt-iii#primaryimage\"},\"thumbnailUrl\":\"https:\/\/www.rockarena.sk\/wp-content\/uploads\/2024\/05\/Locomotiv-GT-\u2013-Bummm-Locomotiv-GT-III.-obal-pred.jpeg\",\"datePublished\":\"2024-05-07T11:11:08+00:00\",\"dateModified\":\"2024-05-07T11:12:18+00:00\",\"breadcrumb\":{\"@id\":\"https:\/\/www.rockarena.sk\/?product=locomotiv-gt-bummm-locomotiv-gt-iii#breadcrumb\"},\"inLanguage\":\"sk-SK\",\"potentialAction\":[{\"@type\":\"ReadAction\",\"target\":[\"https:\/\/www.rockarena.sk\/?product=locomotiv-gt-bummm-locomotiv-gt-iii\"]}]},{\"@type\":\"ImageObject\",\"inLanguage\":\"sk-SK\",\"@id\":\"https:\/\/www.rockarena.sk\/?product=locomotiv-gt-bummm-locomotiv-gt-iii#primaryimage\",\"url\":\"https:\/\/www.rockarena.sk\/wp-content\/uploads\/2024\/05\/Locomotiv-GT-\u2013-Bummm-Locomotiv-GT-III.-obal-pred.jpeg\",\"contentUrl\":\"https:\/\/www.rockarena.sk\/wp-content\/uploads\/2024\/05\/Locomotiv-GT-\u2013-Bummm-Locomotiv-GT-III.-obal-pred.jpeg\",\"width\":692,\"height\":699},{\"@type\":\"BreadcrumbList\",\"@id\":\"https:\/\/www.rockarena.sk\/?product=locomotiv-gt-bummm-locomotiv-gt-iii#breadcrumb\",\"itemListElement\":[{\"@type\":\"ListItem\",\"position\":1,\"name\":\"Domovsk\u00e1 str\u00e1nka\",\"item\":\"https:\/\/www.rockarena.sk\/\"},{\"@type\":\"ListItem\",\"position\":2,\"name\":\"Obchod\",\"item\":\"https:\/\/www.rockarena.sk\/\"},{\"@type\":\"ListItem\",\"position\":3,\"name\":\"Locomotiv GT \u2013 Bummm! (Locomotiv GT III.)\"}]},{\"@type\":\"WebSite\",\"@id\":\"https:\/\/www.rockarena.sk\/#website\",\"url\":\"https:\/\/www.rockarena.sk\/\",\"name\":\"RockArena - Fan web\",\"description\":\"Online baz\u00e1r LP platn\u00ed a hifi techniky\",\"publisher\":{\"@id\":\"https:\/\/www.rockarena.sk\/#organization\"},\"potentialAction\":[{\"@type\":\"SearchAction\",\"target\":{\"@type\":\"EntryPoint\",\"urlTemplate\":\"https:\/\/www.rockarena.sk\/?s={search_term_string}\"},\"query-input\":{\"@type\":\"PropertyValueSpecification\",\"valueRequired\":true,\"valueName\":\"search_term_string\"}}],\"inLanguage\":\"sk-SK\"},{\"@type\":\"Organization\",\"@id\":\"https:\/\/www.rockarena.sk\/#organization\",\"name\":\"RockArena - Fan web\",\"url\":\"https:\/\/www.rockarena.sk\/\",\"logo\":{\"@type\":\"ImageObject\",\"inLanguage\":\"sk-SK\",\"@id\":\"https:\/\/www.rockarena.sk\/#\/schema\/logo\/image\/\",\"url\":\"https:\/\/www.rockarena.sk\/wp-content\/uploads\/2024\/09\/cropped-rockarena-logo.png\",\"contentUrl\":\"https:\/\/www.rockarena.sk\/wp-content\/uploads\/2024\/09\/cropped-rockarena-logo.png\",\"width\":500,\"height\":500,\"caption\":\"RockArena - Fan web\"},\"image\":{\"@id\":\"https:\/\/www.rockarena.sk\/#\/schema\/logo\/image\/\"}}]}<\/script>\n<!-- \/ Yoast SEO plugin. -->","yoast_head_json":{"title":"Locomotiv GT \u2013 Bummm! (Locomotiv GT III.) - RockArena - Fan web","robots":{"index":"index","follow":"follow","max-snippet":"max-snippet:-1","max-image-preview":"max-image-preview:large","max-video-preview":"max-video-preview:-1"},"canonical":"https:\/\/www.rockarena.sk\/?product=locomotiv-gt-bummm-locomotiv-gt-iii","og_locale":"sk_SK","og_type":"article","og_title":"Locomotiv GT \u2013 Bummm! (Locomotiv GT III.) - RockArena - Fan web","og_description":"Info \u017d\u00e1ner: Rock Rok vydania: 1973 Vydavate\u013e: Pepita Stav Obal: Excellent Doska: Near mint Track List A1 Ringasd El Magad A2 K\u00e9k Asszony A3 Gyere, Gyere Ki A Hegyoldalba A4 Visszamegyek A Falumba A5 B\u00e1rzene B1 \u0150 M\u00e9g Csak Most 14. B2 Szabad\u00edts Meg B3 Vallom\u00e1s B4 Mondd Mire Van B5 Mi\u00e9nk Itt A T\u00e9r","og_url":"https:\/\/www.rockarena.sk\/?product=locomotiv-gt-bummm-locomotiv-gt-iii","og_site_name":"RockArena - Fan web","article_modified_time":"2024-05-07T11:12:18+00:00","twitter_card":"summary_large_image","schema":{"@context":"https:\/\/schema.org","@graph":[{"@type":"WebPage","@id":"https:\/\/www.rockarena.sk\/?product=locomotiv-gt-bummm-locomotiv-gt-iii","url":"https:\/\/www.rockarena.sk\/?product=locomotiv-gt-bummm-locomotiv-gt-iii","name":"Locomotiv GT \u2013 Bummm! (Locomotiv GT III.) - RockArena - Fan web","isPartOf":{"@id":"https:\/\/www.rockarena.sk\/#website"},"primaryImageOfPage":{"@id":"https:\/\/www.rockarena.sk\/?product=locomotiv-gt-bummm-locomotiv-gt-iii#primaryimage"},"image":{"@id":"https:\/\/www.rockarena.sk\/?product=locomotiv-gt-bummm-locomotiv-gt-iii#primaryimage"},"thumbnailUrl":"https:\/\/www.rockarena.sk\/wp-content\/uploads\/2024\/05\/Locomotiv-GT-\u2013-Bummm-Locomotiv-GT-III.-obal-pred.jpeg","datePublished":"2024-05-07T11:11:08+00:00","dateModified":"2024-05-07T11:12:18+00:00","breadcrumb":{"@id":"https:\/\/www.rockarena.sk\/?product=locomotiv-gt-bummm-locomotiv-gt-iii#breadcrumb"},"inLanguage":"sk-SK","potentialAction":[{"@type":"ReadAction","target":["https:\/\/www.rockarena.sk\/?product=locomotiv-gt-bummm-locomotiv-gt-iii"]}]},{"@type":"ImageObject","inLanguage":"sk-SK","@id":"https:\/\/www.rockarena.sk\/?product=locomotiv-gt-bummm-locomotiv-gt-iii#primaryimage","url":"https:\/\/www.rockarena.sk\/wp-content\/uploads\/2024\/05\/Locomotiv-GT-\u2013-Bummm-Locomotiv-GT-III.-obal-pred.jpeg","contentUrl":"https:\/\/www.rockarena.sk\/wp-content\/uploads\/2024\/05\/Locomotiv-GT-\u2013-Bummm-Locomotiv-GT-III.-obal-pred.jpeg","width":692,"height":699},{"@type":"BreadcrumbList","@id":"https:\/\/www.rockarena.sk\/?product=locomotiv-gt-bummm-locomotiv-gt-iii#breadcrumb","itemListElement":[{"@type":"ListItem","position":1,"name":"Domovsk\u00e1 str\u00e1nka","item":"https:\/\/www.rockarena.sk\/"},{"@type":"ListItem","position":2,"name":"Obchod","item":"https:\/\/www.rockarena.sk\/"},{"@type":"ListItem","position":3,"name":"Locomotiv GT \u2013 Bummm! (Locomotiv GT III.)"}]},{"@type":"WebSite","@id":"https:\/\/www.rockarena.sk\/#website","url":"https:\/\/www.rockarena.sk\/","name":"RockArena - Fan web","description":"Online baz\u00e1r LP platn\u00ed a hifi techniky","publisher":{"@id":"https:\/\/www.rockarena.sk\/#organization"},"potentialAction":[{"@type":"SearchAction","target":{"@type":"EntryPoint","urlTemplate":"https:\/\/www.rockarena.sk\/?s={search_term_string}"},"query-input":{"@type":"PropertyValueSpecification","valueRequired":true,"valueName":"search_term_string"}}],"inLanguage":"sk-SK"},{"@type":"Organization","@id":"https:\/\/www.rockarena.sk\/#organization","name":"RockArena - Fan web","url":"https:\/\/www.rockarena.sk\/","logo":{"@type":"ImageObject","inLanguage":"sk-SK","@id":"https:\/\/www.rockarena.sk\/#\/schema\/logo\/image\/","url":"https:\/\/www.rockarena.sk\/wp-content\/uploads\/2024\/09\/cropped-rockarena-logo.png","contentUrl":"https:\/\/www.rockarena.sk\/wp-content\/uploads\/2024\/09\/cropped-rockarena-logo.png","width":500,"height":500,"caption":"RockArena - Fan web"},"image":{"@id":"https:\/\/www.rockarena.sk\/#\/schema\/logo\/image\/"}}]}},"_links":{"self":[{"href":"https:\/\/www.rockarena.sk\/index.php?rest_route=\/wp\/v2\/product\/55","targetHints":{"allow":["GET"]}}],"collection":[{"href":"https:\/\/www.rockarena.sk\/index.php?rest_route=\/wp\/v2\/product"}],"about":[{"href":"https:\/\/www.rockarena.sk\/index.php?rest_route=\/wp\/v2\/types\/product"}],"replies":[{"embeddable":true,"href":"https:\/\/www.rockarena.sk\/index.php?rest_route=%2Fwp%2Fv2%2Fcomments&post=55"}],"wp:featuredmedia":[{"embeddable":true,"href":"https:\/\/www.rockarena.sk\/index.php?rest_route=\/wp\/v2\/media\/131"}],"wp:attachment":[{"href":"https:\/\/www.rockarena.sk\/index.php?rest_route=%2Fwp%2Fv2%2Fmedia&parent=55"}],"wp:term":[{"taxonomy":"product_brand","embeddable":true,"href":"https:\/\/www.rockarena.sk\/index.php?rest_route=%2Fwp%2Fv2%2Fproduct_brand&post=55"},{"taxonomy":"product_cat","embeddable":true,"href":"https:\/\/www.rockarena.sk\/index.php?rest_route=%2Fwp%2Fv2%2Fproduct_cat&post=55"},{"taxonomy":"product_tag","embeddable":true,"href":"https:\/\/www.rockarena.sk\/index.php?rest_route=%2Fwp%2Fv2%2Fproduct_tag&post=55"}],"curies":[{"name":"wp","href":"https:\/\/api.w.org\/{rel}","templated":true}]}}