{"id":61,"date":"2024-05-07T13:11:08","date_gmt":"2024-05-07T11:11:08","guid":{"rendered":"https:\/\/www.rockarena.sk\/?post_type=product&#038;p=61"},"modified":"2024-05-07T13:12:48","modified_gmt":"2024-05-07T11:12:48","slug":"modern-talking-in-the-middle-of-nowhere","status":"publish","type":"product","link":"https:\/\/www.rockarena.sk\/?product=modern-talking-in-the-middle-of-nowhere","title":{"rendered":"Modern Talking &#8211; In The Middle Of Nowhere"},"content":{"rendered":"<h3><strong>Info<\/strong><\/h3>\n<p><strong>\u017d\u00e1ner:<\/strong> <a href=\"https:\/\/www.mediamarkett.sk\/product-tag\/pop\/\">Pop<\/a><\/p>\n<p><strong>Rok vydania:<\/strong> 1986<\/p>\n<p><strong>Vydavate\u013e:<\/strong> Hansa Records\/Gonc<\/p>\n<h3><strong>Stav<\/strong><\/h3>\n<p><strong>Obal:<\/strong> Excellent<\/p>\n<p><strong>Doska:<\/strong> Excellent<\/p>\n<h3>Track List<\/h3>\n<p>&nbsp;<\/p>\n<table class=\"tracklist\">\n<tbody>\n<tr>\n<td>A1<\/td>\n<td>Geronimo&#8217;s Cadillac<\/td>\n<\/tr>\n<tr>\n<td>A2<\/td>\n<td>Riding on a White Swan<\/td>\n<\/tr>\n<tr>\n<td>A3<\/td>\n<td>Give Me Peace on Earth<\/td>\n<\/tr>\n<tr>\n<td>A4<\/td>\n<td>Sweet Little Sheila<\/td>\n<\/tr>\n<tr>\n<td>A5<\/td>\n<td>Ten Thousand Lonely Drums<\/td>\n<\/tr>\n<tr>\n<td>B1<\/td>\n<td>Lonely Tears in Chinatown<\/td>\n<\/tr>\n<tr>\n<td>B2<\/td>\n<td>In Shaire<\/td>\n<\/tr>\n<tr>\n<td>B3<\/td>\n<td>Stranded in the Middle of Nowhere<\/td>\n<\/tr>\n<tr>\n<td>B4<\/td>\n<td>The Angels Sing in New York City<\/td>\n<\/tr>\n<tr>\n<td>B5<\/td>\n<td>Princess of the Night<\/td>\n<\/tr>\n<\/tbody>\n<\/table>\n","protected":false},"excerpt":{"rendered":"<p>Info \u017d\u00e1ner: Pop Rok vydania: 1986 Vydavate\u013e: Hansa Records\/Gonc Stav Obal: Excellent Doska: Excellent Track List &nbsp; A1 Geronimo&#8217;s Cadillac A2 Riding on a White Swan A3 Give Me Peace on Earth A4 Sweet Little Sheila A5 Ten Thousand Lonely Drums B1 Lonely Tears in Chinatown B2 In Shaire B3 Stranded in the Middle of [&hellip;]<\/p>\n","protected":false},"featured_media":165,"comment_status":"open","ping_status":"closed","template":"","meta":[],"product_brand":[],"product_cat":[20],"product_tag":[38,28],"class_list":{"0":"post-61","1":"product","2":"type-product","3":"status-publish","4":"has-post-thumbnail","6":"product_cat-platne-bazar","7":"product_tag-modern-talking","8":"product_tag-pop","9":"product_shipping_class-platne","11":"first","12":"instock","13":"sale","14":"shipping-taxable","15":"purchasable","16":"product-type-simple"},"yoast_head":"<!-- This site is optimized with the Yoast SEO plugin v26.9 - https:\/\/yoast.com\/product\/yoast-seo-wordpress\/ -->\n<title>Modern Talking - In The Middle Of Nowhere - RockArena - Fan web<\/title>\n<meta name=\"robots\" content=\"index, follow, max-snippet:-1, max-image-preview:large, max-video-preview:-1\" \/>\n<link rel=\"canonical\" href=\"https:\/\/www.rockarena.sk\/?product=modern-talking-in-the-middle-of-nowhere\" \/>\n<meta property=\"og:locale\" content=\"sk_SK\" \/>\n<meta property=\"og:type\" content=\"article\" \/>\n<meta property=\"og:title\" content=\"Modern Talking - In The Middle Of Nowhere - RockArena - Fan web\" \/>\n<meta property=\"og:description\" content=\"Info \u017d\u00e1ner: Pop Rok vydania: 1986 Vydavate\u013e: Hansa Records\/Gonc Stav Obal: Excellent Doska: Excellent Track List &nbsp; A1 Geronimo&#8217;s Cadillac A2 Riding on a White Swan A3 Give Me Peace on Earth A4 Sweet Little Sheila A5 Ten Thousand Lonely Drums B1 Lonely Tears in Chinatown B2 In Shaire B3 Stranded in the Middle of [&hellip;]\" \/>\n<meta property=\"og:url\" content=\"https:\/\/www.rockarena.sk\/?product=modern-talking-in-the-middle-of-nowhere\" \/>\n<meta property=\"og:site_name\" content=\"RockArena - Fan web\" \/>\n<meta property=\"article:modified_time\" content=\"2024-05-07T11:12:48+00:00\" \/>\n<meta name=\"twitter:card\" content=\"summary_large_image\" \/>\n<script type=\"application\/ld+json\" class=\"yoast-schema-graph\">{\"@context\":\"https:\/\/schema.org\",\"@graph\":[{\"@type\":\"WebPage\",\"@id\":\"https:\/\/www.rockarena.sk\/?product=modern-talking-in-the-middle-of-nowhere\",\"url\":\"https:\/\/www.rockarena.sk\/?product=modern-talking-in-the-middle-of-nowhere\",\"name\":\"Modern Talking - In The Middle Of Nowhere - RockArena - Fan web\",\"isPartOf\":{\"@id\":\"https:\/\/www.rockarena.sk\/#website\"},\"primaryImageOfPage\":{\"@id\":\"https:\/\/www.rockarena.sk\/?product=modern-talking-in-the-middle-of-nowhere#primaryimage\"},\"image\":{\"@id\":\"https:\/\/www.rockarena.sk\/?product=modern-talking-in-the-middle-of-nowhere#primaryimage\"},\"thumbnailUrl\":\"https:\/\/www.rockarena.sk\/wp-content\/uploads\/2024\/05\/Modern-Talking-In-The-Middle-Of-Nowhere-obal-pred.jpeg\",\"datePublished\":\"2024-05-07T11:11:08+00:00\",\"dateModified\":\"2024-05-07T11:12:48+00:00\",\"breadcrumb\":{\"@id\":\"https:\/\/www.rockarena.sk\/?product=modern-talking-in-the-middle-of-nowhere#breadcrumb\"},\"inLanguage\":\"sk-SK\",\"potentialAction\":[{\"@type\":\"ReadAction\",\"target\":[\"https:\/\/www.rockarena.sk\/?product=modern-talking-in-the-middle-of-nowhere\"]}]},{\"@type\":\"ImageObject\",\"inLanguage\":\"sk-SK\",\"@id\":\"https:\/\/www.rockarena.sk\/?product=modern-talking-in-the-middle-of-nowhere#primaryimage\",\"url\":\"https:\/\/www.rockarena.sk\/wp-content\/uploads\/2024\/05\/Modern-Talking-In-The-Middle-Of-Nowhere-obal-pred.jpeg\",\"contentUrl\":\"https:\/\/www.rockarena.sk\/wp-content\/uploads\/2024\/05\/Modern-Talking-In-The-Middle-Of-Nowhere-obal-pred.jpeg\",\"width\":751,\"height\":766},{\"@type\":\"BreadcrumbList\",\"@id\":\"https:\/\/www.rockarena.sk\/?product=modern-talking-in-the-middle-of-nowhere#breadcrumb\",\"itemListElement\":[{\"@type\":\"ListItem\",\"position\":1,\"name\":\"Domovsk\u00e1 str\u00e1nka\",\"item\":\"https:\/\/www.rockarena.sk\/\"},{\"@type\":\"ListItem\",\"position\":2,\"name\":\"Obchod\",\"item\":\"https:\/\/www.rockarena.sk\/\"},{\"@type\":\"ListItem\",\"position\":3,\"name\":\"Modern Talking &#8211; In The Middle Of Nowhere\"}]},{\"@type\":\"WebSite\",\"@id\":\"https:\/\/www.rockarena.sk\/#website\",\"url\":\"https:\/\/www.rockarena.sk\/\",\"name\":\"RockArena - Fan web\",\"description\":\"Online baz\u00e1r LP platn\u00ed a hifi techniky\",\"publisher\":{\"@id\":\"https:\/\/www.rockarena.sk\/#organization\"},\"potentialAction\":[{\"@type\":\"SearchAction\",\"target\":{\"@type\":\"EntryPoint\",\"urlTemplate\":\"https:\/\/www.rockarena.sk\/?s={search_term_string}\"},\"query-input\":{\"@type\":\"PropertyValueSpecification\",\"valueRequired\":true,\"valueName\":\"search_term_string\"}}],\"inLanguage\":\"sk-SK\"},{\"@type\":\"Organization\",\"@id\":\"https:\/\/www.rockarena.sk\/#organization\",\"name\":\"RockArena - Fan web\",\"url\":\"https:\/\/www.rockarena.sk\/\",\"logo\":{\"@type\":\"ImageObject\",\"inLanguage\":\"sk-SK\",\"@id\":\"https:\/\/www.rockarena.sk\/#\/schema\/logo\/image\/\",\"url\":\"https:\/\/www.rockarena.sk\/wp-content\/uploads\/2024\/09\/cropped-rockarena-logo.png\",\"contentUrl\":\"https:\/\/www.rockarena.sk\/wp-content\/uploads\/2024\/09\/cropped-rockarena-logo.png\",\"width\":500,\"height\":500,\"caption\":\"RockArena - Fan web\"},\"image\":{\"@id\":\"https:\/\/www.rockarena.sk\/#\/schema\/logo\/image\/\"}}]}<\/script>\n<!-- \/ Yoast SEO plugin. -->","yoast_head_json":{"title":"Modern Talking - In The Middle Of Nowhere - RockArena - Fan web","robots":{"index":"index","follow":"follow","max-snippet":"max-snippet:-1","max-image-preview":"max-image-preview:large","max-video-preview":"max-video-preview:-1"},"canonical":"https:\/\/www.rockarena.sk\/?product=modern-talking-in-the-middle-of-nowhere","og_locale":"sk_SK","og_type":"article","og_title":"Modern Talking - In The Middle Of Nowhere - RockArena - Fan web","og_description":"Info \u017d\u00e1ner: Pop Rok vydania: 1986 Vydavate\u013e: Hansa Records\/Gonc Stav Obal: Excellent Doska: Excellent Track List &nbsp; A1 Geronimo&#8217;s Cadillac A2 Riding on a White Swan A3 Give Me Peace on Earth A4 Sweet Little Sheila A5 Ten Thousand Lonely Drums B1 Lonely Tears in Chinatown B2 In Shaire B3 Stranded in the Middle of [&hellip;]","og_url":"https:\/\/www.rockarena.sk\/?product=modern-talking-in-the-middle-of-nowhere","og_site_name":"RockArena - Fan web","article_modified_time":"2024-05-07T11:12:48+00:00","twitter_card":"summary_large_image","schema":{"@context":"https:\/\/schema.org","@graph":[{"@type":"WebPage","@id":"https:\/\/www.rockarena.sk\/?product=modern-talking-in-the-middle-of-nowhere","url":"https:\/\/www.rockarena.sk\/?product=modern-talking-in-the-middle-of-nowhere","name":"Modern Talking - In The Middle Of Nowhere - RockArena - Fan web","isPartOf":{"@id":"https:\/\/www.rockarena.sk\/#website"},"primaryImageOfPage":{"@id":"https:\/\/www.rockarena.sk\/?product=modern-talking-in-the-middle-of-nowhere#primaryimage"},"image":{"@id":"https:\/\/www.rockarena.sk\/?product=modern-talking-in-the-middle-of-nowhere#primaryimage"},"thumbnailUrl":"https:\/\/www.rockarena.sk\/wp-content\/uploads\/2024\/05\/Modern-Talking-In-The-Middle-Of-Nowhere-obal-pred.jpeg","datePublished":"2024-05-07T11:11:08+00:00","dateModified":"2024-05-07T11:12:48+00:00","breadcrumb":{"@id":"https:\/\/www.rockarena.sk\/?product=modern-talking-in-the-middle-of-nowhere#breadcrumb"},"inLanguage":"sk-SK","potentialAction":[{"@type":"ReadAction","target":["https:\/\/www.rockarena.sk\/?product=modern-talking-in-the-middle-of-nowhere"]}]},{"@type":"ImageObject","inLanguage":"sk-SK","@id":"https:\/\/www.rockarena.sk\/?product=modern-talking-in-the-middle-of-nowhere#primaryimage","url":"https:\/\/www.rockarena.sk\/wp-content\/uploads\/2024\/05\/Modern-Talking-In-The-Middle-Of-Nowhere-obal-pred.jpeg","contentUrl":"https:\/\/www.rockarena.sk\/wp-content\/uploads\/2024\/05\/Modern-Talking-In-The-Middle-Of-Nowhere-obal-pred.jpeg","width":751,"height":766},{"@type":"BreadcrumbList","@id":"https:\/\/www.rockarena.sk\/?product=modern-talking-in-the-middle-of-nowhere#breadcrumb","itemListElement":[{"@type":"ListItem","position":1,"name":"Domovsk\u00e1 str\u00e1nka","item":"https:\/\/www.rockarena.sk\/"},{"@type":"ListItem","position":2,"name":"Obchod","item":"https:\/\/www.rockarena.sk\/"},{"@type":"ListItem","position":3,"name":"Modern Talking &#8211; In The Middle Of Nowhere"}]},{"@type":"WebSite","@id":"https:\/\/www.rockarena.sk\/#website","url":"https:\/\/www.rockarena.sk\/","name":"RockArena - Fan web","description":"Online baz\u00e1r LP platn\u00ed a hifi techniky","publisher":{"@id":"https:\/\/www.rockarena.sk\/#organization"},"potentialAction":[{"@type":"SearchAction","target":{"@type":"EntryPoint","urlTemplate":"https:\/\/www.rockarena.sk\/?s={search_term_string}"},"query-input":{"@type":"PropertyValueSpecification","valueRequired":true,"valueName":"search_term_string"}}],"inLanguage":"sk-SK"},{"@type":"Organization","@id":"https:\/\/www.rockarena.sk\/#organization","name":"RockArena - Fan web","url":"https:\/\/www.rockarena.sk\/","logo":{"@type":"ImageObject","inLanguage":"sk-SK","@id":"https:\/\/www.rockarena.sk\/#\/schema\/logo\/image\/","url":"https:\/\/www.rockarena.sk\/wp-content\/uploads\/2024\/09\/cropped-rockarena-logo.png","contentUrl":"https:\/\/www.rockarena.sk\/wp-content\/uploads\/2024\/09\/cropped-rockarena-logo.png","width":500,"height":500,"caption":"RockArena - Fan web"},"image":{"@id":"https:\/\/www.rockarena.sk\/#\/schema\/logo\/image\/"}}]}},"_links":{"self":[{"href":"https:\/\/www.rockarena.sk\/index.php?rest_route=\/wp\/v2\/product\/61","targetHints":{"allow":["GET"]}}],"collection":[{"href":"https:\/\/www.rockarena.sk\/index.php?rest_route=\/wp\/v2\/product"}],"about":[{"href":"https:\/\/www.rockarena.sk\/index.php?rest_route=\/wp\/v2\/types\/product"}],"replies":[{"embeddable":true,"href":"https:\/\/www.rockarena.sk\/index.php?rest_route=%2Fwp%2Fv2%2Fcomments&post=61"}],"wp:featuredmedia":[{"embeddable":true,"href":"https:\/\/www.rockarena.sk\/index.php?rest_route=\/wp\/v2\/media\/165"}],"wp:attachment":[{"href":"https:\/\/www.rockarena.sk\/index.php?rest_route=%2Fwp%2Fv2%2Fmedia&parent=61"}],"wp:term":[{"taxonomy":"product_brand","embeddable":true,"href":"https:\/\/www.rockarena.sk\/index.php?rest_route=%2Fwp%2Fv2%2Fproduct_brand&post=61"},{"taxonomy":"product_cat","embeddable":true,"href":"https:\/\/www.rockarena.sk\/index.php?rest_route=%2Fwp%2Fv2%2Fproduct_cat&post=61"},{"taxonomy":"product_tag","embeddable":true,"href":"https:\/\/www.rockarena.sk\/index.php?rest_route=%2Fwp%2Fv2%2Fproduct_tag&post=61"}],"curies":[{"name":"wp","href":"https:\/\/api.w.org\/{rel}","templated":true}]}}