{"id":64,"date":"2024-05-07T13:11:08","date_gmt":"2024-05-07T11:11:08","guid":{"rendered":"https:\/\/www.rockarena.sk\/?post_type=product&#038;p=64"},"modified":"2025-03-15T11:22:09","modified_gmt":"2025-03-15T10:22:09","slug":"kroky-frantiska-janecka-michal-david-discopribeh","status":"publish","type":"product","link":"https:\/\/www.rockarena.sk\/?product=kroky-frantiska-janecka-michal-david-discopribeh","title":{"rendered":"Kroky Franti\u0161ka Jane\u010dka, Michal David \u200e\u2013 Discop\u0159\u00edb\u011bh"},"content":{"rendered":"<h3><strong>Info<\/strong><\/h3>\n<p><strong>\u017d\u00e1ner:<\/strong> <a href=\"https:\/\/www.mediamarkett.sk\/product-tag\/pop\/\">Pop<\/a><\/p>\n<p><strong>Rok vydania:<\/strong> 1987<\/p>\n<p><strong>Vydavate\u013e:<\/strong> Supraphon<\/p>\n<h3><strong>Stav<\/strong><\/h3>\n<p><strong>Obal:<\/strong> Excellent<\/p>\n<p><strong>Doska:<\/strong> Excellent<\/p>\n<h3>Track List<\/h3>\n<table class=\"tracklist\">\n<tbody>\n<tr>\n<td>A1<\/td>\n<td>Konto \u0160t\u011bst\u00ed<\/td>\n<\/tr>\n<tr>\n<td>A2<\/td>\n<td>Discop\u0159\u00edb\u011bh<\/td>\n<\/tr>\n<tr>\n<td>A3<\/td>\n<td>Lucie<\/td>\n<\/tr>\n<tr>\n<td>A4<\/td>\n<td>Vid\u00edm T\u011b V\u0161ude<\/td>\n<\/tr>\n<tr>\n<td>A5<\/td>\n<td>Marino, J\u00e1 To V\u00edm<\/td>\n<\/tr>\n<tr>\n<td>A6<\/td>\n<td>Je To Bl\u00edzko<\/td>\n<\/tr>\n<tr>\n<td>B1<\/td>\n<td>Zd\u00e1lo Se Mi O N\u00ed<\/td>\n<\/tr>\n<tr>\n<td>B2<\/td>\n<td>Hele, Nemachruj<\/td>\n<\/tr>\n<tr>\n<td>B3<\/td>\n<td>Sen<\/td>\n<\/tr>\n<tr>\n<td>B4<\/td>\n<td>M\u00e1ma<\/td>\n<\/tr>\n<tr>\n<td>B5<\/td>\n<td>Trhnout Se<\/td>\n<\/tr>\n<tr>\n<td>B6<\/td>\n<td>Ml\u010den\u00ed<\/td>\n<\/tr>\n<\/tbody>\n<\/table>\n","protected":false},"excerpt":{"rendered":"<p>Info \u017d\u00e1ner: Pop Rok vydania: 1987 Vydavate\u013e: Supraphon Stav Obal: Excellent Doska: Excellent Track List A1 Konto \u0160t\u011bst\u00ed A2 Discop\u0159\u00edb\u011bh A3 Lucie A4 Vid\u00edm T\u011b V\u0161ude A5 Marino, J\u00e1 To V\u00edm A6 Je To Bl\u00edzko B1 Zd\u00e1lo Se Mi O N\u00ed B2 Hele, Nemachruj B3 Sen B4 M\u00e1ma B5 Trhnout Se B6 Ml\u010den\u00ed<\/p>\n","protected":false},"featured_media":177,"comment_status":"open","ping_status":"closed","template":"","meta":[],"product_brand":[],"product_cat":[20],"product_tag":[39,40,28],"class_list":{"0":"post-64","1":"product","2":"type-product","3":"status-publish","4":"has-post-thumbnail","6":"product_cat-platne-bazar","7":"product_tag-kroky-frantiska-janecka","8":"product_tag-michal-david","9":"product_tag-pop","10":"product_shipping_class-platne","12":"first","13":"outofstock","14":"sale","15":"shipping-taxable","16":"purchasable","17":"product-type-simple"},"yoast_head":"<!-- This site is optimized with the Yoast SEO plugin v26.9 - https:\/\/yoast.com\/product\/yoast-seo-wordpress\/ -->\n<title>Kroky Franti\u0161ka Jane\u010dka, Michal David \u200e\u2013 Discop\u0159\u00edb\u011bh - RockArena - Fan web<\/title>\n<meta name=\"robots\" content=\"index, follow, max-snippet:-1, max-image-preview:large, max-video-preview:-1\" \/>\n<link rel=\"canonical\" href=\"https:\/\/www.rockarena.sk\/?product=kroky-frantiska-janecka-michal-david-discopribeh\" \/>\n<meta property=\"og:locale\" content=\"sk_SK\" \/>\n<meta property=\"og:type\" content=\"article\" \/>\n<meta property=\"og:title\" content=\"Kroky Franti\u0161ka Jane\u010dka, Michal David \u200e\u2013 Discop\u0159\u00edb\u011bh - RockArena - Fan web\" \/>\n<meta property=\"og:description\" content=\"Info \u017d\u00e1ner: Pop Rok vydania: 1987 Vydavate\u013e: Supraphon Stav Obal: Excellent Doska: Excellent Track List A1 Konto \u0160t\u011bst\u00ed A2 Discop\u0159\u00edb\u011bh A3 Lucie A4 Vid\u00edm T\u011b V\u0161ude A5 Marino, J\u00e1 To V\u00edm A6 Je To Bl\u00edzko B1 Zd\u00e1lo Se Mi O N\u00ed B2 Hele, Nemachruj B3 Sen B4 M\u00e1ma B5 Trhnout Se B6 Ml\u010den\u00ed\" \/>\n<meta property=\"og:url\" content=\"https:\/\/www.rockarena.sk\/?product=kroky-frantiska-janecka-michal-david-discopribeh\" \/>\n<meta property=\"og:site_name\" content=\"RockArena - Fan web\" \/>\n<meta property=\"article:modified_time\" content=\"2025-03-15T10:22:09+00:00\" \/>\n<meta name=\"twitter:card\" content=\"summary_large_image\" \/>\n<script type=\"application\/ld+json\" class=\"yoast-schema-graph\">{\"@context\":\"https:\/\/schema.org\",\"@graph\":[{\"@type\":\"WebPage\",\"@id\":\"https:\/\/www.rockarena.sk\/?product=kroky-frantiska-janecka-michal-david-discopribeh\",\"url\":\"https:\/\/www.rockarena.sk\/?product=kroky-frantiska-janecka-michal-david-discopribeh\",\"name\":\"Kroky Franti\u0161ka Jane\u010dka, Michal David \u200e\u2013 Discop\u0159\u00edb\u011bh - RockArena - Fan web\",\"isPartOf\":{\"@id\":\"https:\/\/www.rockarena.sk\/#website\"},\"primaryImageOfPage\":{\"@id\":\"https:\/\/www.rockarena.sk\/?product=kroky-frantiska-janecka-michal-david-discopribeh#primaryimage\"},\"image\":{\"@id\":\"https:\/\/www.rockarena.sk\/?product=kroky-frantiska-janecka-michal-david-discopribeh#primaryimage\"},\"thumbnailUrl\":\"https:\/\/www.rockarena.sk\/wp-content\/uploads\/2024\/05\/Kroky-Frantiska-Janecka-Michal-David-\u200e\u2013-Discopribeh-obal-pred.jpeg\",\"datePublished\":\"2024-05-07T11:11:08+00:00\",\"dateModified\":\"2025-03-15T10:22:09+00:00\",\"breadcrumb\":{\"@id\":\"https:\/\/www.rockarena.sk\/?product=kroky-frantiska-janecka-michal-david-discopribeh#breadcrumb\"},\"inLanguage\":\"sk-SK\",\"potentialAction\":[{\"@type\":\"ReadAction\",\"target\":[\"https:\/\/www.rockarena.sk\/?product=kroky-frantiska-janecka-michal-david-discopribeh\"]}]},{\"@type\":\"ImageObject\",\"inLanguage\":\"sk-SK\",\"@id\":\"https:\/\/www.rockarena.sk\/?product=kroky-frantiska-janecka-michal-david-discopribeh#primaryimage\",\"url\":\"https:\/\/www.rockarena.sk\/wp-content\/uploads\/2024\/05\/Kroky-Frantiska-Janecka-Michal-David-\u200e\u2013-Discopribeh-obal-pred.jpeg\",\"contentUrl\":\"https:\/\/www.rockarena.sk\/wp-content\/uploads\/2024\/05\/Kroky-Frantiska-Janecka-Michal-David-\u200e\u2013-Discopribeh-obal-pred.jpeg\",\"width\":728,\"height\":737},{\"@type\":\"BreadcrumbList\",\"@id\":\"https:\/\/www.rockarena.sk\/?product=kroky-frantiska-janecka-michal-david-discopribeh#breadcrumb\",\"itemListElement\":[{\"@type\":\"ListItem\",\"position\":1,\"name\":\"Domovsk\u00e1 str\u00e1nka\",\"item\":\"https:\/\/www.rockarena.sk\/\"},{\"@type\":\"ListItem\",\"position\":2,\"name\":\"Obchod\",\"item\":\"https:\/\/www.rockarena.sk\/\"},{\"@type\":\"ListItem\",\"position\":3,\"name\":\"Kroky Franti\u0161ka Jane\u010dka, Michal David \u200e\u2013 Discop\u0159\u00edb\u011bh\"}]},{\"@type\":\"WebSite\",\"@id\":\"https:\/\/www.rockarena.sk\/#website\",\"url\":\"https:\/\/www.rockarena.sk\/\",\"name\":\"RockArena - Fan web\",\"description\":\"Online baz\u00e1r LP platn\u00ed a hifi techniky\",\"publisher\":{\"@id\":\"https:\/\/www.rockarena.sk\/#organization\"},\"potentialAction\":[{\"@type\":\"SearchAction\",\"target\":{\"@type\":\"EntryPoint\",\"urlTemplate\":\"https:\/\/www.rockarena.sk\/?s={search_term_string}\"},\"query-input\":{\"@type\":\"PropertyValueSpecification\",\"valueRequired\":true,\"valueName\":\"search_term_string\"}}],\"inLanguage\":\"sk-SK\"},{\"@type\":\"Organization\",\"@id\":\"https:\/\/www.rockarena.sk\/#organization\",\"name\":\"RockArena - Fan web\",\"url\":\"https:\/\/www.rockarena.sk\/\",\"logo\":{\"@type\":\"ImageObject\",\"inLanguage\":\"sk-SK\",\"@id\":\"https:\/\/www.rockarena.sk\/#\/schema\/logo\/image\/\",\"url\":\"https:\/\/www.rockarena.sk\/wp-content\/uploads\/2024\/09\/cropped-rockarena-logo.png\",\"contentUrl\":\"https:\/\/www.rockarena.sk\/wp-content\/uploads\/2024\/09\/cropped-rockarena-logo.png\",\"width\":500,\"height\":500,\"caption\":\"RockArena - Fan web\"},\"image\":{\"@id\":\"https:\/\/www.rockarena.sk\/#\/schema\/logo\/image\/\"}}]}<\/script>\n<!-- \/ Yoast SEO plugin. -->","yoast_head_json":{"title":"Kroky Franti\u0161ka Jane\u010dka, Michal David \u200e\u2013 Discop\u0159\u00edb\u011bh - RockArena - Fan web","robots":{"index":"index","follow":"follow","max-snippet":"max-snippet:-1","max-image-preview":"max-image-preview:large","max-video-preview":"max-video-preview:-1"},"canonical":"https:\/\/www.rockarena.sk\/?product=kroky-frantiska-janecka-michal-david-discopribeh","og_locale":"sk_SK","og_type":"article","og_title":"Kroky Franti\u0161ka Jane\u010dka, Michal David \u200e\u2013 Discop\u0159\u00edb\u011bh - RockArena - Fan web","og_description":"Info \u017d\u00e1ner: Pop Rok vydania: 1987 Vydavate\u013e: Supraphon Stav Obal: Excellent Doska: Excellent Track List A1 Konto \u0160t\u011bst\u00ed A2 Discop\u0159\u00edb\u011bh A3 Lucie A4 Vid\u00edm T\u011b V\u0161ude A5 Marino, J\u00e1 To V\u00edm A6 Je To Bl\u00edzko B1 Zd\u00e1lo Se Mi O N\u00ed B2 Hele, Nemachruj B3 Sen B4 M\u00e1ma B5 Trhnout Se B6 Ml\u010den\u00ed","og_url":"https:\/\/www.rockarena.sk\/?product=kroky-frantiska-janecka-michal-david-discopribeh","og_site_name":"RockArena - Fan web","article_modified_time":"2025-03-15T10:22:09+00:00","twitter_card":"summary_large_image","schema":{"@context":"https:\/\/schema.org","@graph":[{"@type":"WebPage","@id":"https:\/\/www.rockarena.sk\/?product=kroky-frantiska-janecka-michal-david-discopribeh","url":"https:\/\/www.rockarena.sk\/?product=kroky-frantiska-janecka-michal-david-discopribeh","name":"Kroky Franti\u0161ka Jane\u010dka, Michal David \u200e\u2013 Discop\u0159\u00edb\u011bh - RockArena - Fan web","isPartOf":{"@id":"https:\/\/www.rockarena.sk\/#website"},"primaryImageOfPage":{"@id":"https:\/\/www.rockarena.sk\/?product=kroky-frantiska-janecka-michal-david-discopribeh#primaryimage"},"image":{"@id":"https:\/\/www.rockarena.sk\/?product=kroky-frantiska-janecka-michal-david-discopribeh#primaryimage"},"thumbnailUrl":"https:\/\/www.rockarena.sk\/wp-content\/uploads\/2024\/05\/Kroky-Frantiska-Janecka-Michal-David-\u200e\u2013-Discopribeh-obal-pred.jpeg","datePublished":"2024-05-07T11:11:08+00:00","dateModified":"2025-03-15T10:22:09+00:00","breadcrumb":{"@id":"https:\/\/www.rockarena.sk\/?product=kroky-frantiska-janecka-michal-david-discopribeh#breadcrumb"},"inLanguage":"sk-SK","potentialAction":[{"@type":"ReadAction","target":["https:\/\/www.rockarena.sk\/?product=kroky-frantiska-janecka-michal-david-discopribeh"]}]},{"@type":"ImageObject","inLanguage":"sk-SK","@id":"https:\/\/www.rockarena.sk\/?product=kroky-frantiska-janecka-michal-david-discopribeh#primaryimage","url":"https:\/\/www.rockarena.sk\/wp-content\/uploads\/2024\/05\/Kroky-Frantiska-Janecka-Michal-David-\u200e\u2013-Discopribeh-obal-pred.jpeg","contentUrl":"https:\/\/www.rockarena.sk\/wp-content\/uploads\/2024\/05\/Kroky-Frantiska-Janecka-Michal-David-\u200e\u2013-Discopribeh-obal-pred.jpeg","width":728,"height":737},{"@type":"BreadcrumbList","@id":"https:\/\/www.rockarena.sk\/?product=kroky-frantiska-janecka-michal-david-discopribeh#breadcrumb","itemListElement":[{"@type":"ListItem","position":1,"name":"Domovsk\u00e1 str\u00e1nka","item":"https:\/\/www.rockarena.sk\/"},{"@type":"ListItem","position":2,"name":"Obchod","item":"https:\/\/www.rockarena.sk\/"},{"@type":"ListItem","position":3,"name":"Kroky Franti\u0161ka Jane\u010dka, Michal David \u200e\u2013 Discop\u0159\u00edb\u011bh"}]},{"@type":"WebSite","@id":"https:\/\/www.rockarena.sk\/#website","url":"https:\/\/www.rockarena.sk\/","name":"RockArena - Fan web","description":"Online baz\u00e1r LP platn\u00ed a hifi techniky","publisher":{"@id":"https:\/\/www.rockarena.sk\/#organization"},"potentialAction":[{"@type":"SearchAction","target":{"@type":"EntryPoint","urlTemplate":"https:\/\/www.rockarena.sk\/?s={search_term_string}"},"query-input":{"@type":"PropertyValueSpecification","valueRequired":true,"valueName":"search_term_string"}}],"inLanguage":"sk-SK"},{"@type":"Organization","@id":"https:\/\/www.rockarena.sk\/#organization","name":"RockArena - Fan web","url":"https:\/\/www.rockarena.sk\/","logo":{"@type":"ImageObject","inLanguage":"sk-SK","@id":"https:\/\/www.rockarena.sk\/#\/schema\/logo\/image\/","url":"https:\/\/www.rockarena.sk\/wp-content\/uploads\/2024\/09\/cropped-rockarena-logo.png","contentUrl":"https:\/\/www.rockarena.sk\/wp-content\/uploads\/2024\/09\/cropped-rockarena-logo.png","width":500,"height":500,"caption":"RockArena - Fan web"},"image":{"@id":"https:\/\/www.rockarena.sk\/#\/schema\/logo\/image\/"}}]}},"_links":{"self":[{"href":"https:\/\/www.rockarena.sk\/index.php?rest_route=\/wp\/v2\/product\/64","targetHints":{"allow":["GET"]}}],"collection":[{"href":"https:\/\/www.rockarena.sk\/index.php?rest_route=\/wp\/v2\/product"}],"about":[{"href":"https:\/\/www.rockarena.sk\/index.php?rest_route=\/wp\/v2\/types\/product"}],"replies":[{"embeddable":true,"href":"https:\/\/www.rockarena.sk\/index.php?rest_route=%2Fwp%2Fv2%2Fcomments&post=64"}],"wp:featuredmedia":[{"embeddable":true,"href":"https:\/\/www.rockarena.sk\/index.php?rest_route=\/wp\/v2\/media\/177"}],"wp:attachment":[{"href":"https:\/\/www.rockarena.sk\/index.php?rest_route=%2Fwp%2Fv2%2Fmedia&parent=64"}],"wp:term":[{"taxonomy":"product_brand","embeddable":true,"href":"https:\/\/www.rockarena.sk\/index.php?rest_route=%2Fwp%2Fv2%2Fproduct_brand&post=64"},{"taxonomy":"product_cat","embeddable":true,"href":"https:\/\/www.rockarena.sk\/index.php?rest_route=%2Fwp%2Fv2%2Fproduct_cat&post=64"},{"taxonomy":"product_tag","embeddable":true,"href":"https:\/\/www.rockarena.sk\/index.php?rest_route=%2Fwp%2Fv2%2Fproduct_tag&post=64"}],"curies":[{"name":"wp","href":"https:\/\/api.w.org\/{rel}","templated":true}]}}