{"id":72,"date":"2024-05-07T13:11:09","date_gmt":"2024-05-07T11:11:09","guid":{"rendered":"https:\/\/www.rockarena.sk\/?post_type=product&#038;p=72"},"modified":"2024-05-07T13:13:42","modified_gmt":"2024-05-07T11:13:42","slug":"pink-floyd-the-wall","status":"publish","type":"product","link":"https:\/\/www.rockarena.sk\/?product=pink-floyd-the-wall","title":{"rendered":"Pink Floyd &#8211; The Wall"},"content":{"rendered":"<h3><strong>Info<\/strong><\/h3>\n<p><strong>\u017d\u00e1ner:<\/strong> <a href=\"https:\/\/www.mediamarkett.sk\/product-tag\/rock\/\">Rock<\/a><\/p>\n<p><strong>Rok vydania:<\/strong> 1979<\/p>\n<p><strong>Vydavate\u013e:<\/strong> Harvest Records\/EMI Records<\/p>\n<h3><strong>Stav<\/strong><\/h3>\n<p><strong>Obal:<\/strong> Excellent<\/p>\n<p><strong>Dosky:<\/strong> Excellent<\/p>\n<h3>Track List<\/h3>\n<h4>Disk 1<\/h4>\n<table class=\"tracklist\">\n<tbody>\n<tr>\n<td>A1<\/td>\n<td>In the Flesh?<\/td>\n<\/tr>\n<tr>\n<td>A2<\/td>\n<td>The Thin Ice<\/td>\n<\/tr>\n<tr>\n<td>A3<\/td>\n<td>Another Brick in the Wall (Part I)<\/td>\n<\/tr>\n<tr>\n<td>A4<\/td>\n<td>The Happiest Days of Our Lives<\/td>\n<\/tr>\n<tr>\n<td>A5<\/td>\n<td>Another Brick in the Wall (Part II)<\/td>\n<\/tr>\n<tr>\n<td>A6<\/td>\n<td>Mother<\/td>\n<\/tr>\n<tr>\n<td>B1<\/td>\n<td>Goodbye Blue Sky<\/td>\n<\/tr>\n<tr>\n<td>B2<\/td>\n<td>Empty Spaces<\/td>\n<\/tr>\n<tr>\n<td>B3<\/td>\n<td>Young Lust\u201c<\/td>\n<\/tr>\n<tr>\n<td>B4<\/td>\n<td>One of My Turns<\/td>\n<\/tr>\n<tr>\n<td>B5<\/td>\n<td>Don&#8217;t Leave Me Now<\/td>\n<\/tr>\n<tr>\n<td>B6<\/td>\n<td>Another Brick in the Wall (Part III)<\/td>\n<\/tr>\n<tr>\n<td>B7<\/td>\n<td>Goodbye Cruel World<\/td>\n<\/tr>\n<\/tbody>\n<\/table>\n<h4>Disk 2<\/h4>\n<p>&nbsp;<\/p>\n<table class=\"tracklist\">\n<tbody>\n<tr>\n<td>A1<\/td>\n<td>Hey You<\/td>\n<\/tr>\n<tr>\n<td>A2<\/td>\n<td>Is There Anybody Out There?<\/td>\n<\/tr>\n<tr>\n<td>A3<\/td>\n<td>Nobody Home<\/td>\n<\/tr>\n<tr>\n<td>A4<\/td>\n<td>Vera<\/td>\n<\/tr>\n<tr>\n<td>A5<\/td>\n<td>Bring the Boys Back Home<\/td>\n<\/tr>\n<tr>\n<td>A6<\/td>\n<td>Comfortably Numb<\/td>\n<\/tr>\n<tr>\n<td>B1<\/td>\n<td>The Show Must Go On<\/td>\n<\/tr>\n<tr>\n<td>B2<\/td>\n<td>In the Flesh<\/td>\n<\/tr>\n<tr>\n<td>B3<\/td>\n<td>Run Like Hell<\/td>\n<\/tr>\n<tr>\n<td>B4<\/td>\n<td>Waiting for the Worms<\/td>\n<\/tr>\n<tr>\n<td>B5<\/td>\n<td>Stop<\/td>\n<\/tr>\n<tr>\n<td>B6<\/td>\n<td>The Trial<\/td>\n<\/tr>\n<tr>\n<td>B7<\/td>\n<td>Outside the Wall<\/td>\n<\/tr>\n<\/tbody>\n<\/table>\n","protected":false},"excerpt":{"rendered":"<p>Info \u017d\u00e1ner: Rock Rok vydania: 1979 Vydavate\u013e: Harvest Records\/EMI Records Stav Obal: Excellent Dosky: Excellent Track List Disk 1 A1 In the Flesh? A2 The Thin Ice A3 Another Brick in the Wall (Part I) A4 The Happiest Days of Our Lives A5 Another Brick in the Wall (Part II) A6 Mother B1 Goodbye Blue [&hellip;]<\/p>\n","protected":false},"featured_media":216,"comment_status":"open","ping_status":"closed","template":"","meta":[],"product_brand":[],"product_cat":[20],"product_tag":[47,32],"class_list":{"0":"post-72","1":"product","2":"type-product","3":"status-publish","4":"has-post-thumbnail","6":"product_cat-platne-bazar","7":"product_tag-pink-floyd","8":"product_tag-rock","9":"product_shipping_class-platne","11":"first","12":"instock","13":"sale","14":"sold-individually","15":"shipping-taxable","16":"purchasable","17":"product-type-simple"},"yoast_head":"<!-- This site is optimized with the Yoast SEO plugin v26.9 - https:\/\/yoast.com\/product\/yoast-seo-wordpress\/ -->\n<title>Pink Floyd - The Wall - RockArena - Fan web<\/title>\n<meta name=\"robots\" content=\"index, follow, max-snippet:-1, max-image-preview:large, max-video-preview:-1\" \/>\n<link rel=\"canonical\" href=\"https:\/\/www.rockarena.sk\/?product=pink-floyd-the-wall\" \/>\n<meta property=\"og:locale\" content=\"sk_SK\" \/>\n<meta property=\"og:type\" content=\"article\" \/>\n<meta property=\"og:title\" content=\"Pink Floyd - The Wall - RockArena - Fan web\" \/>\n<meta property=\"og:description\" content=\"Info \u017d\u00e1ner: Rock Rok vydania: 1979 Vydavate\u013e: Harvest Records\/EMI Records Stav Obal: Excellent Dosky: Excellent Track List Disk 1 A1 In the Flesh? A2 The Thin Ice A3 Another Brick in the Wall (Part I) A4 The Happiest Days of Our Lives A5 Another Brick in the Wall (Part II) A6 Mother B1 Goodbye Blue [&hellip;]\" \/>\n<meta property=\"og:url\" content=\"https:\/\/www.rockarena.sk\/?product=pink-floyd-the-wall\" \/>\n<meta property=\"og:site_name\" content=\"RockArena - Fan web\" \/>\n<meta property=\"article:modified_time\" content=\"2024-05-07T11:13:42+00:00\" \/>\n<meta name=\"twitter:card\" content=\"summary_large_image\" \/>\n<meta name=\"twitter:label1\" content=\"Predpokladan\u00fd \u010das \u010d\u00edtania\" \/>\n\t<meta name=\"twitter:data1\" content=\"1 min\u00fata\" \/>\n<script type=\"application\/ld+json\" class=\"yoast-schema-graph\">{\"@context\":\"https:\/\/schema.org\",\"@graph\":[{\"@type\":\"WebPage\",\"@id\":\"https:\/\/www.rockarena.sk\/?product=pink-floyd-the-wall\",\"url\":\"https:\/\/www.rockarena.sk\/?product=pink-floyd-the-wall\",\"name\":\"Pink Floyd - The Wall - RockArena - Fan web\",\"isPartOf\":{\"@id\":\"https:\/\/www.rockarena.sk\/#website\"},\"primaryImageOfPage\":{\"@id\":\"https:\/\/www.rockarena.sk\/?product=pink-floyd-the-wall#primaryimage\"},\"image\":{\"@id\":\"https:\/\/www.rockarena.sk\/?product=pink-floyd-the-wall#primaryimage\"},\"thumbnailUrl\":\"https:\/\/www.rockarena.sk\/wp-content\/uploads\/2024\/05\/Pink-Floyd-The-Wall-obal-pred.jpeg\",\"datePublished\":\"2024-05-07T11:11:09+00:00\",\"dateModified\":\"2024-05-07T11:13:42+00:00\",\"breadcrumb\":{\"@id\":\"https:\/\/www.rockarena.sk\/?product=pink-floyd-the-wall#breadcrumb\"},\"inLanguage\":\"sk-SK\",\"potentialAction\":[{\"@type\":\"ReadAction\",\"target\":[\"https:\/\/www.rockarena.sk\/?product=pink-floyd-the-wall\"]}]},{\"@type\":\"ImageObject\",\"inLanguage\":\"sk-SK\",\"@id\":\"https:\/\/www.rockarena.sk\/?product=pink-floyd-the-wall#primaryimage\",\"url\":\"https:\/\/www.rockarena.sk\/wp-content\/uploads\/2024\/05\/Pink-Floyd-The-Wall-obal-pred.jpeg\",\"contentUrl\":\"https:\/\/www.rockarena.sk\/wp-content\/uploads\/2024\/05\/Pink-Floyd-The-Wall-obal-pred.jpeg\",\"width\":718,\"height\":711},{\"@type\":\"BreadcrumbList\",\"@id\":\"https:\/\/www.rockarena.sk\/?product=pink-floyd-the-wall#breadcrumb\",\"itemListElement\":[{\"@type\":\"ListItem\",\"position\":1,\"name\":\"Domovsk\u00e1 str\u00e1nka\",\"item\":\"https:\/\/www.rockarena.sk\/\"},{\"@type\":\"ListItem\",\"position\":2,\"name\":\"Obchod\",\"item\":\"https:\/\/www.rockarena.sk\/\"},{\"@type\":\"ListItem\",\"position\":3,\"name\":\"Pink Floyd &#8211; The Wall\"}]},{\"@type\":\"WebSite\",\"@id\":\"https:\/\/www.rockarena.sk\/#website\",\"url\":\"https:\/\/www.rockarena.sk\/\",\"name\":\"RockArena - Fan web\",\"description\":\"Online baz\u00e1r LP platn\u00ed a hifi techniky\",\"publisher\":{\"@id\":\"https:\/\/www.rockarena.sk\/#organization\"},\"potentialAction\":[{\"@type\":\"SearchAction\",\"target\":{\"@type\":\"EntryPoint\",\"urlTemplate\":\"https:\/\/www.rockarena.sk\/?s={search_term_string}\"},\"query-input\":{\"@type\":\"PropertyValueSpecification\",\"valueRequired\":true,\"valueName\":\"search_term_string\"}}],\"inLanguage\":\"sk-SK\"},{\"@type\":\"Organization\",\"@id\":\"https:\/\/www.rockarena.sk\/#organization\",\"name\":\"RockArena - Fan web\",\"url\":\"https:\/\/www.rockarena.sk\/\",\"logo\":{\"@type\":\"ImageObject\",\"inLanguage\":\"sk-SK\",\"@id\":\"https:\/\/www.rockarena.sk\/#\/schema\/logo\/image\/\",\"url\":\"https:\/\/www.rockarena.sk\/wp-content\/uploads\/2024\/09\/cropped-rockarena-logo.png\",\"contentUrl\":\"https:\/\/www.rockarena.sk\/wp-content\/uploads\/2024\/09\/cropped-rockarena-logo.png\",\"width\":500,\"height\":500,\"caption\":\"RockArena - Fan web\"},\"image\":{\"@id\":\"https:\/\/www.rockarena.sk\/#\/schema\/logo\/image\/\"}}]}<\/script>\n<!-- \/ Yoast SEO plugin. -->","yoast_head_json":{"title":"Pink Floyd - The Wall - RockArena - Fan web","robots":{"index":"index","follow":"follow","max-snippet":"max-snippet:-1","max-image-preview":"max-image-preview:large","max-video-preview":"max-video-preview:-1"},"canonical":"https:\/\/www.rockarena.sk\/?product=pink-floyd-the-wall","og_locale":"sk_SK","og_type":"article","og_title":"Pink Floyd - The Wall - RockArena - Fan web","og_description":"Info \u017d\u00e1ner: Rock Rok vydania: 1979 Vydavate\u013e: Harvest Records\/EMI Records Stav Obal: Excellent Dosky: Excellent Track List Disk 1 A1 In the Flesh? A2 The Thin Ice A3 Another Brick in the Wall (Part I) A4 The Happiest Days of Our Lives A5 Another Brick in the Wall (Part II) A6 Mother B1 Goodbye Blue [&hellip;]","og_url":"https:\/\/www.rockarena.sk\/?product=pink-floyd-the-wall","og_site_name":"RockArena - Fan web","article_modified_time":"2024-05-07T11:13:42+00:00","twitter_card":"summary_large_image","twitter_misc":{"Predpokladan\u00fd \u010das \u010d\u00edtania":"1 min\u00fata"},"schema":{"@context":"https:\/\/schema.org","@graph":[{"@type":"WebPage","@id":"https:\/\/www.rockarena.sk\/?product=pink-floyd-the-wall","url":"https:\/\/www.rockarena.sk\/?product=pink-floyd-the-wall","name":"Pink Floyd - The Wall - RockArena - Fan web","isPartOf":{"@id":"https:\/\/www.rockarena.sk\/#website"},"primaryImageOfPage":{"@id":"https:\/\/www.rockarena.sk\/?product=pink-floyd-the-wall#primaryimage"},"image":{"@id":"https:\/\/www.rockarena.sk\/?product=pink-floyd-the-wall#primaryimage"},"thumbnailUrl":"https:\/\/www.rockarena.sk\/wp-content\/uploads\/2024\/05\/Pink-Floyd-The-Wall-obal-pred.jpeg","datePublished":"2024-05-07T11:11:09+00:00","dateModified":"2024-05-07T11:13:42+00:00","breadcrumb":{"@id":"https:\/\/www.rockarena.sk\/?product=pink-floyd-the-wall#breadcrumb"},"inLanguage":"sk-SK","potentialAction":[{"@type":"ReadAction","target":["https:\/\/www.rockarena.sk\/?product=pink-floyd-the-wall"]}]},{"@type":"ImageObject","inLanguage":"sk-SK","@id":"https:\/\/www.rockarena.sk\/?product=pink-floyd-the-wall#primaryimage","url":"https:\/\/www.rockarena.sk\/wp-content\/uploads\/2024\/05\/Pink-Floyd-The-Wall-obal-pred.jpeg","contentUrl":"https:\/\/www.rockarena.sk\/wp-content\/uploads\/2024\/05\/Pink-Floyd-The-Wall-obal-pred.jpeg","width":718,"height":711},{"@type":"BreadcrumbList","@id":"https:\/\/www.rockarena.sk\/?product=pink-floyd-the-wall#breadcrumb","itemListElement":[{"@type":"ListItem","position":1,"name":"Domovsk\u00e1 str\u00e1nka","item":"https:\/\/www.rockarena.sk\/"},{"@type":"ListItem","position":2,"name":"Obchod","item":"https:\/\/www.rockarena.sk\/"},{"@type":"ListItem","position":3,"name":"Pink Floyd &#8211; The Wall"}]},{"@type":"WebSite","@id":"https:\/\/www.rockarena.sk\/#website","url":"https:\/\/www.rockarena.sk\/","name":"RockArena - Fan web","description":"Online baz\u00e1r LP platn\u00ed a hifi techniky","publisher":{"@id":"https:\/\/www.rockarena.sk\/#organization"},"potentialAction":[{"@type":"SearchAction","target":{"@type":"EntryPoint","urlTemplate":"https:\/\/www.rockarena.sk\/?s={search_term_string}"},"query-input":{"@type":"PropertyValueSpecification","valueRequired":true,"valueName":"search_term_string"}}],"inLanguage":"sk-SK"},{"@type":"Organization","@id":"https:\/\/www.rockarena.sk\/#organization","name":"RockArena - Fan web","url":"https:\/\/www.rockarena.sk\/","logo":{"@type":"ImageObject","inLanguage":"sk-SK","@id":"https:\/\/www.rockarena.sk\/#\/schema\/logo\/image\/","url":"https:\/\/www.rockarena.sk\/wp-content\/uploads\/2024\/09\/cropped-rockarena-logo.png","contentUrl":"https:\/\/www.rockarena.sk\/wp-content\/uploads\/2024\/09\/cropped-rockarena-logo.png","width":500,"height":500,"caption":"RockArena - Fan web"},"image":{"@id":"https:\/\/www.rockarena.sk\/#\/schema\/logo\/image\/"}}]}},"_links":{"self":[{"href":"https:\/\/www.rockarena.sk\/index.php?rest_route=\/wp\/v2\/product\/72","targetHints":{"allow":["GET"]}}],"collection":[{"href":"https:\/\/www.rockarena.sk\/index.php?rest_route=\/wp\/v2\/product"}],"about":[{"href":"https:\/\/www.rockarena.sk\/index.php?rest_route=\/wp\/v2\/types\/product"}],"replies":[{"embeddable":true,"href":"https:\/\/www.rockarena.sk\/index.php?rest_route=%2Fwp%2Fv2%2Fcomments&post=72"}],"wp:featuredmedia":[{"embeddable":true,"href":"https:\/\/www.rockarena.sk\/index.php?rest_route=\/wp\/v2\/media\/216"}],"wp:attachment":[{"href":"https:\/\/www.rockarena.sk\/index.php?rest_route=%2Fwp%2Fv2%2Fmedia&parent=72"}],"wp:term":[{"taxonomy":"product_brand","embeddable":true,"href":"https:\/\/www.rockarena.sk\/index.php?rest_route=%2Fwp%2Fv2%2Fproduct_brand&post=72"},{"taxonomy":"product_cat","embeddable":true,"href":"https:\/\/www.rockarena.sk\/index.php?rest_route=%2Fwp%2Fv2%2Fproduct_cat&post=72"},{"taxonomy":"product_tag","embeddable":true,"href":"https:\/\/www.rockarena.sk\/index.php?rest_route=%2Fwp%2Fv2%2Fproduct_tag&post=72"}],"curies":[{"name":"wp","href":"https:\/\/api.w.org\/{rel}","templated":true}]}}