{"id":93,"date":"2024-05-07T13:11:33","date_gmt":"2024-05-07T11:11:33","guid":{"rendered":"https:\/\/www.rockarena.sk\/?post_type=product&#038;p=93"},"modified":"2024-05-07T13:14:06","modified_gmt":"2024-05-07T11:14:06","slug":"hungaria-hungaria","status":"publish","type":"product","link":"https:\/\/www.rockarena.sk\/?product=hungaria-hungaria","title":{"rendered":"Hung\u00e1ria \u2013 Hung\u00e1ria"},"content":{"rendered":"<h3><strong>Info<\/strong><\/h3>\n<p><strong>\u017d\u00e1ner:<\/strong> <a href=\"https:\/\/www.mediamarkett.sk\/product-tag\/rock\/\">Rock<\/a><\/p>\n<p><strong>Rok vydania:<\/strong> 1971<\/p>\n<p><strong>Vydavate\u013e:<\/strong> Pepita<\/p>\n<h3><strong>Stav<\/strong><\/h3>\n<p><strong>Obal:<\/strong> Very good<\/p>\n<p><strong>Doska:<\/strong> Very good<\/p>\n<h3>Track List<\/h3>\n<table class=\"tracklist\">\n<tbody>\n<tr>\n<td>A1<\/td>\n<td>A L\u00e1ny, Aki Mindig \u00c9nekel<\/td>\n<\/tr>\n<tr>\n<td>A2<\/td>\n<td>A T\u00fczes Pokol L\u00e1ngjai<\/td>\n<\/tr>\n<tr>\n<td>A3<\/td>\n<td>Stefi, J\u00f6jj Ma Este Velem<\/td>\n<\/tr>\n<tr>\n<td>A4<\/td>\n<td>Ezerarc\u00fa B\u00edborhajnal<\/td>\n<\/tr>\n<tr>\n<td>A5<\/td>\n<td>Sz\u00e9d\u00fclt Vil\u00e1g<\/td>\n<\/tr>\n<tr>\n<td>A6<\/td>\n<td>A Term\u00e9szet Szava<\/td>\n<\/tr>\n<tr>\n<td>A7<\/td>\n<td>Rolli-Rock<\/td>\n<\/tr>\n<tr>\n<td>B1<\/td>\n<td>H\u00e1rom Sz\u00e9pl\u00e1ny \u00c9jszak\u00e1ja<\/td>\n<\/tr>\n<tr>\n<td>B2<\/td>\n<td>V\u00f6r\u00f6shangyaboly<\/td>\n<\/tr>\n<tr>\n<td>B3<\/td>\n<td>\u00c1lmos Vagy<\/td>\n<\/tr>\n<tr>\n<td>B4<\/td>\n<td>Az Els\u0151 Szerelem<\/td>\n<\/tr>\n<tr>\n<td>B5<\/td>\n<td>Bye, Bye Boldogs\u00e1g<\/td>\n<\/tr>\n<tr>\n<td>B6<\/td>\n<td>Ringass El, \u00c1lom<\/td>\n<\/tr>\n<\/tbody>\n<\/table>\n","protected":false},"excerpt":{"rendered":"<p>Info \u017d\u00e1ner: Rock Rok vydania: 1971 Vydavate\u013e: Pepita Stav Obal: Very good Doska: Very good Track List A1 A L\u00e1ny, Aki Mindig \u00c9nekel A2 A T\u00fczes Pokol L\u00e1ngjai A3 Stefi, J\u00f6jj Ma Este Velem A4 Ezerarc\u00fa B\u00edborhajnal A5 Sz\u00e9d\u00fclt Vil\u00e1g A6 A Term\u00e9szet Szava A7 Rolli-Rock B1 H\u00e1rom Sz\u00e9pl\u00e1ny \u00c9jszak\u00e1ja B2 V\u00f6r\u00f6shangyaboly B3 \u00c1lmos Vagy [&hellip;]<\/p>\n","protected":false},"featured_media":242,"comment_status":"open","ping_status":"closed","template":"","meta":[],"product_brand":[],"product_cat":[20],"product_tag":[51,32],"class_list":{"0":"post-93","1":"product","2":"type-product","3":"status-publish","4":"has-post-thumbnail","6":"product_cat-platne-bazar","7":"product_tag-hungaria","8":"product_tag-rock","9":"product_shipping_class-platne","11":"first","12":"instock","13":"sale","14":"sold-individually","15":"shipping-taxable","16":"purchasable","17":"product-type-simple"},"yoast_head":"<!-- This site is optimized with the Yoast SEO plugin v26.9 - https:\/\/yoast.com\/product\/yoast-seo-wordpress\/ -->\n<title>Hung\u00e1ria \u2013 Hung\u00e1ria - RockArena - Fan web<\/title>\n<meta name=\"robots\" content=\"index, follow, max-snippet:-1, max-image-preview:large, max-video-preview:-1\" \/>\n<link rel=\"canonical\" href=\"https:\/\/www.rockarena.sk\/?product=hungaria-hungaria\" \/>\n<meta property=\"og:locale\" content=\"sk_SK\" \/>\n<meta property=\"og:type\" content=\"article\" \/>\n<meta property=\"og:title\" content=\"Hung\u00e1ria \u2013 Hung\u00e1ria - RockArena - Fan web\" \/>\n<meta property=\"og:description\" content=\"Info \u017d\u00e1ner: Rock Rok vydania: 1971 Vydavate\u013e: Pepita Stav Obal: Very good Doska: Very good Track List A1 A L\u00e1ny, Aki Mindig \u00c9nekel A2 A T\u00fczes Pokol L\u00e1ngjai A3 Stefi, J\u00f6jj Ma Este Velem A4 Ezerarc\u00fa B\u00edborhajnal A5 Sz\u00e9d\u00fclt Vil\u00e1g A6 A Term\u00e9szet Szava A7 Rolli-Rock B1 H\u00e1rom Sz\u00e9pl\u00e1ny \u00c9jszak\u00e1ja B2 V\u00f6r\u00f6shangyaboly B3 \u00c1lmos Vagy [&hellip;]\" \/>\n<meta property=\"og:url\" content=\"https:\/\/www.rockarena.sk\/?product=hungaria-hungaria\" \/>\n<meta property=\"og:site_name\" content=\"RockArena - Fan web\" \/>\n<meta property=\"article:modified_time\" content=\"2024-05-07T11:14:06+00:00\" \/>\n<meta name=\"twitter:card\" content=\"summary_large_image\" \/>\n<script type=\"application\/ld+json\" class=\"yoast-schema-graph\">{\"@context\":\"https:\/\/schema.org\",\"@graph\":[{\"@type\":\"WebPage\",\"@id\":\"https:\/\/www.rockarena.sk\/?product=hungaria-hungaria\",\"url\":\"https:\/\/www.rockarena.sk\/?product=hungaria-hungaria\",\"name\":\"Hung\u00e1ria \u2013 Hung\u00e1ria - RockArena - Fan web\",\"isPartOf\":{\"@id\":\"https:\/\/www.rockarena.sk\/#website\"},\"primaryImageOfPage\":{\"@id\":\"https:\/\/www.rockarena.sk\/?product=hungaria-hungaria#primaryimage\"},\"image\":{\"@id\":\"https:\/\/www.rockarena.sk\/?product=hungaria-hungaria#primaryimage\"},\"thumbnailUrl\":\"https:\/\/www.rockarena.sk\/wp-content\/uploads\/2024\/05\/Hungaria-\u2013-Hungaria-obal-pred.jpeg\",\"datePublished\":\"2024-05-07T11:11:33+00:00\",\"dateModified\":\"2024-05-07T11:14:06+00:00\",\"breadcrumb\":{\"@id\":\"https:\/\/www.rockarena.sk\/?product=hungaria-hungaria#breadcrumb\"},\"inLanguage\":\"sk-SK\",\"potentialAction\":[{\"@type\":\"ReadAction\",\"target\":[\"https:\/\/www.rockarena.sk\/?product=hungaria-hungaria\"]}]},{\"@type\":\"ImageObject\",\"inLanguage\":\"sk-SK\",\"@id\":\"https:\/\/www.rockarena.sk\/?product=hungaria-hungaria#primaryimage\",\"url\":\"https:\/\/www.rockarena.sk\/wp-content\/uploads\/2024\/05\/Hungaria-\u2013-Hungaria-obal-pred.jpeg\",\"contentUrl\":\"https:\/\/www.rockarena.sk\/wp-content\/uploads\/2024\/05\/Hungaria-\u2013-Hungaria-obal-pred.jpeg\",\"width\":714,\"height\":728},{\"@type\":\"BreadcrumbList\",\"@id\":\"https:\/\/www.rockarena.sk\/?product=hungaria-hungaria#breadcrumb\",\"itemListElement\":[{\"@type\":\"ListItem\",\"position\":1,\"name\":\"Domovsk\u00e1 str\u00e1nka\",\"item\":\"https:\/\/www.rockarena.sk\/\"},{\"@type\":\"ListItem\",\"position\":2,\"name\":\"Obchod\",\"item\":\"https:\/\/www.rockarena.sk\/\"},{\"@type\":\"ListItem\",\"position\":3,\"name\":\"Hung\u00e1ria \u2013 Hung\u00e1ria\"}]},{\"@type\":\"WebSite\",\"@id\":\"https:\/\/www.rockarena.sk\/#website\",\"url\":\"https:\/\/www.rockarena.sk\/\",\"name\":\"RockArena - Fan web\",\"description\":\"Online baz\u00e1r LP platn\u00ed a hifi techniky\",\"publisher\":{\"@id\":\"https:\/\/www.rockarena.sk\/#organization\"},\"potentialAction\":[{\"@type\":\"SearchAction\",\"target\":{\"@type\":\"EntryPoint\",\"urlTemplate\":\"https:\/\/www.rockarena.sk\/?s={search_term_string}\"},\"query-input\":{\"@type\":\"PropertyValueSpecification\",\"valueRequired\":true,\"valueName\":\"search_term_string\"}}],\"inLanguage\":\"sk-SK\"},{\"@type\":\"Organization\",\"@id\":\"https:\/\/www.rockarena.sk\/#organization\",\"name\":\"RockArena - Fan web\",\"url\":\"https:\/\/www.rockarena.sk\/\",\"logo\":{\"@type\":\"ImageObject\",\"inLanguage\":\"sk-SK\",\"@id\":\"https:\/\/www.rockarena.sk\/#\/schema\/logo\/image\/\",\"url\":\"https:\/\/www.rockarena.sk\/wp-content\/uploads\/2024\/09\/cropped-rockarena-logo.png\",\"contentUrl\":\"https:\/\/www.rockarena.sk\/wp-content\/uploads\/2024\/09\/cropped-rockarena-logo.png\",\"width\":500,\"height\":500,\"caption\":\"RockArena - Fan web\"},\"image\":{\"@id\":\"https:\/\/www.rockarena.sk\/#\/schema\/logo\/image\/\"}}]}<\/script>\n<!-- \/ Yoast SEO plugin. -->","yoast_head_json":{"title":"Hung\u00e1ria \u2013 Hung\u00e1ria - RockArena - Fan web","robots":{"index":"index","follow":"follow","max-snippet":"max-snippet:-1","max-image-preview":"max-image-preview:large","max-video-preview":"max-video-preview:-1"},"canonical":"https:\/\/www.rockarena.sk\/?product=hungaria-hungaria","og_locale":"sk_SK","og_type":"article","og_title":"Hung\u00e1ria \u2013 Hung\u00e1ria - RockArena - Fan web","og_description":"Info \u017d\u00e1ner: Rock Rok vydania: 1971 Vydavate\u013e: Pepita Stav Obal: Very good Doska: Very good Track List A1 A L\u00e1ny, Aki Mindig \u00c9nekel A2 A T\u00fczes Pokol L\u00e1ngjai A3 Stefi, J\u00f6jj Ma Este Velem A4 Ezerarc\u00fa B\u00edborhajnal A5 Sz\u00e9d\u00fclt Vil\u00e1g A6 A Term\u00e9szet Szava A7 Rolli-Rock B1 H\u00e1rom Sz\u00e9pl\u00e1ny \u00c9jszak\u00e1ja B2 V\u00f6r\u00f6shangyaboly B3 \u00c1lmos Vagy [&hellip;]","og_url":"https:\/\/www.rockarena.sk\/?product=hungaria-hungaria","og_site_name":"RockArena - Fan web","article_modified_time":"2024-05-07T11:14:06+00:00","twitter_card":"summary_large_image","schema":{"@context":"https:\/\/schema.org","@graph":[{"@type":"WebPage","@id":"https:\/\/www.rockarena.sk\/?product=hungaria-hungaria","url":"https:\/\/www.rockarena.sk\/?product=hungaria-hungaria","name":"Hung\u00e1ria \u2013 Hung\u00e1ria - RockArena - Fan web","isPartOf":{"@id":"https:\/\/www.rockarena.sk\/#website"},"primaryImageOfPage":{"@id":"https:\/\/www.rockarena.sk\/?product=hungaria-hungaria#primaryimage"},"image":{"@id":"https:\/\/www.rockarena.sk\/?product=hungaria-hungaria#primaryimage"},"thumbnailUrl":"https:\/\/www.rockarena.sk\/wp-content\/uploads\/2024\/05\/Hungaria-\u2013-Hungaria-obal-pred.jpeg","datePublished":"2024-05-07T11:11:33+00:00","dateModified":"2024-05-07T11:14:06+00:00","breadcrumb":{"@id":"https:\/\/www.rockarena.sk\/?product=hungaria-hungaria#breadcrumb"},"inLanguage":"sk-SK","potentialAction":[{"@type":"ReadAction","target":["https:\/\/www.rockarena.sk\/?product=hungaria-hungaria"]}]},{"@type":"ImageObject","inLanguage":"sk-SK","@id":"https:\/\/www.rockarena.sk\/?product=hungaria-hungaria#primaryimage","url":"https:\/\/www.rockarena.sk\/wp-content\/uploads\/2024\/05\/Hungaria-\u2013-Hungaria-obal-pred.jpeg","contentUrl":"https:\/\/www.rockarena.sk\/wp-content\/uploads\/2024\/05\/Hungaria-\u2013-Hungaria-obal-pred.jpeg","width":714,"height":728},{"@type":"BreadcrumbList","@id":"https:\/\/www.rockarena.sk\/?product=hungaria-hungaria#breadcrumb","itemListElement":[{"@type":"ListItem","position":1,"name":"Domovsk\u00e1 str\u00e1nka","item":"https:\/\/www.rockarena.sk\/"},{"@type":"ListItem","position":2,"name":"Obchod","item":"https:\/\/www.rockarena.sk\/"},{"@type":"ListItem","position":3,"name":"Hung\u00e1ria \u2013 Hung\u00e1ria"}]},{"@type":"WebSite","@id":"https:\/\/www.rockarena.sk\/#website","url":"https:\/\/www.rockarena.sk\/","name":"RockArena - Fan web","description":"Online baz\u00e1r LP platn\u00ed a hifi techniky","publisher":{"@id":"https:\/\/www.rockarena.sk\/#organization"},"potentialAction":[{"@type":"SearchAction","target":{"@type":"EntryPoint","urlTemplate":"https:\/\/www.rockarena.sk\/?s={search_term_string}"},"query-input":{"@type":"PropertyValueSpecification","valueRequired":true,"valueName":"search_term_string"}}],"inLanguage":"sk-SK"},{"@type":"Organization","@id":"https:\/\/www.rockarena.sk\/#organization","name":"RockArena - Fan web","url":"https:\/\/www.rockarena.sk\/","logo":{"@type":"ImageObject","inLanguage":"sk-SK","@id":"https:\/\/www.rockarena.sk\/#\/schema\/logo\/image\/","url":"https:\/\/www.rockarena.sk\/wp-content\/uploads\/2024\/09\/cropped-rockarena-logo.png","contentUrl":"https:\/\/www.rockarena.sk\/wp-content\/uploads\/2024\/09\/cropped-rockarena-logo.png","width":500,"height":500,"caption":"RockArena - Fan web"},"image":{"@id":"https:\/\/www.rockarena.sk\/#\/schema\/logo\/image\/"}}]}},"_links":{"self":[{"href":"https:\/\/www.rockarena.sk\/index.php?rest_route=\/wp\/v2\/product\/93","targetHints":{"allow":["GET"]}}],"collection":[{"href":"https:\/\/www.rockarena.sk\/index.php?rest_route=\/wp\/v2\/product"}],"about":[{"href":"https:\/\/www.rockarena.sk\/index.php?rest_route=\/wp\/v2\/types\/product"}],"replies":[{"embeddable":true,"href":"https:\/\/www.rockarena.sk\/index.php?rest_route=%2Fwp%2Fv2%2Fcomments&post=93"}],"wp:featuredmedia":[{"embeddable":true,"href":"https:\/\/www.rockarena.sk\/index.php?rest_route=\/wp\/v2\/media\/242"}],"wp:attachment":[{"href":"https:\/\/www.rockarena.sk\/index.php?rest_route=%2Fwp%2Fv2%2Fmedia&parent=93"}],"wp:term":[{"taxonomy":"product_brand","embeddable":true,"href":"https:\/\/www.rockarena.sk\/index.php?rest_route=%2Fwp%2Fv2%2Fproduct_brand&post=93"},{"taxonomy":"product_cat","embeddable":true,"href":"https:\/\/www.rockarena.sk\/index.php?rest_route=%2Fwp%2Fv2%2Fproduct_cat&post=93"},{"taxonomy":"product_tag","embeddable":true,"href":"https:\/\/www.rockarena.sk\/index.php?rest_route=%2Fwp%2Fv2%2Fproduct_tag&post=93"}],"curies":[{"name":"wp","href":"https:\/\/api.w.org\/{rel}","templated":true}]}}